{"id":8197,"date":"2024-11-05T17:36:19","date_gmt":"2024-11-05T17:36:19","guid":{"rendered":"https:\/\/cbdhomehub.com?post_type=product&#038;p=8197"},"modified":"2026-01-26T12:22:09","modified_gmt":"2026-01-26T11:22:09","slug":"aceite-de-cbd-10-aislado","status":"publish","type":"product","link":"https:\/\/cbdhomehub.com\/pt\/aceite-de-cbd-10-aislado\/","title":{"rendered":"Aceite de CBD 10% Aislado"},"content":{"rendered":"<ul>\n<li style=\"text-align: left;\">Aceite de semillas de c\u00e1\u00f1amo con Cannabidiol (CBD) Aislado<\/li>\n<li style=\"text-align: left;\">Base de aceite de coco ecol\u00f3gico y aceite de semilla de c\u00e1\u00f1amo ecol\u00f3gico.<\/li>\n<li style=\"text-align: left;\">Porcentajes de CBD: 10%, 20% y 40%<\/li>\n<li style=\"text-align: left;\">Tama\u00f1os:\u00a010, 30 o 50\u202fml.<\/li>\n<li style=\"text-align: left;\">Rico en Omega 3, 6 y 9.<\/li>\n<li style=\"text-align: left;\">Ingredientes naturales certificados por la Uni\u00f3n Europea.<\/li>\n<li style=\"text-align: left;\">100% ecol\u00f3gico.<\/li>\n<li style=\"text-align: left;\">Frasco de cristal con pipeta dosificadora.<\/li>\n<li style=\"text-align: left;\">Producido en Espa\u00f1a.<\/li>\n<\/ul>","protected":false},"excerpt":{"rendered":"<p><a class=\"compraAmazon fl-button\" role=\"button\" href=\"https:\/\/amzn.to\/4hHqTnM\" target=\"_blank\" rel=\"noopener\"> <span class=\"fl-button-text\"><i class=\"fl-button-icon fl-button-icon-before fab fa-amazon\" aria-hidden=\"true\"><\/i>\u00a0\u00a0Comprar en Amazon<\/span> <\/a><\/p>\n<p>Si es tu primera vez usando Cannabidiol (CBD) Aislado, la concentraci\u00f3n del 10% es ideal para comenzar y ajustar la dosis que mejor se adapta a tus necesidades. Nuestro aceite de CBD est\u00e1 enriquecido con CBD aislado, con una calidad controlada y analizada por laboratorios externos. Adem\u00e1s, para quienes ya han usado CBD previamente, ofrecemos la opci\u00f3n de 20% o si buscas algo m\u00e1s potente, puedes optar por el 40%.<\/p>\n<p class=\"ingredientesDesc\"><a href=\"\/pt\/analisis\/\">Consultar anal\u00edtica de producto<\/a><\/p>","protected":false},"featured_media":8870,"comment_status":"open","ping_status":"closed","template":"","meta":[],"product_brand":[],"product_cat":[34,65,138,24],"product_tag":[],"class_list":{"0":"post-8197","1":"product","2":"type-product","3":"status-publish","4":"has-post-thumbnail","6":"product_cat-aceites-de-cbd","7":"product_cat-aceites-de-cbd-aislados","8":"product_cat-dolor","9":"product_cat-todos-los-productos","11":"first","12":"instock","13":"taxable","14":"shipping-taxable","15":"purchasable","16":"product-type-variable","17":"layout-style-2","18":"col-md-4 col-sm-4 col-xs-6","19":"col-lg-3","20":"product-has-gallery","21":"product-style-addtocart"},"yoast_head":"<!-- This site is optimized with the Yoast SEO plugin v25.4 - https:\/\/yoast.com\/wordpress\/plugins\/seo\/ -->\n<title>Aceite de CBD Aislado 10% - Cannabidiol - CBD HOME<\/title>\n<meta name=\"description\" content=\"Aceite de CBD de alta calidad certificada, ideal para relajaci\u00f3n y bienestar, con an\u00e1lisis de laboratorios externos para asegurar eficacia y seguridad.\" \/>\n<meta name=\"robots\" content=\"index, follow, max-snippet:-1, max-image-preview:large, max-video-preview:-1\" \/>\n<link rel=\"canonical\" href=\"https:\/\/cbdhomehub.com\/pt\/aceite-de-cbd-10-aislado\/\" \/>\n<meta property=\"og:locale\" content=\"pt_PT\" \/>\n<meta property=\"og:type\" content=\"article\" \/>\n<meta property=\"og:title\" content=\"Aceite de CBD Aislado 10% - Cannabidiol - CBD HOME\" \/>\n<meta property=\"og:description\" content=\"Aceite de CBD de alta calidad certificada, ideal para relajaci\u00f3n y bienestar, con an\u00e1lisis de laboratorios externos para asegurar eficacia y seguridad.\" \/>\n<meta property=\"og:url\" content=\"https:\/\/cbdhomehub.com\/pt\/aceite-de-cbd-10-aislado\/\" \/>\n<meta property=\"og:site_name\" content=\"CBD HOME\" \/>\n<meta property=\"article:publisher\" content=\"https:\/\/www.facebook.com\/CBD-HOME-106393425109020\" \/>\n<meta property=\"article:modified_time\" content=\"2026-01-26T11:22:09+00:00\" \/>\n<meta property=\"og:image\" content=\"https:\/\/cbdhomehub.com\/wp-content\/uploads\/2024\/11\/iso-10_-nuevo-1024x1024.png\" \/>\n\t<meta property=\"og:image:width\" content=\"1024\" \/>\n\t<meta property=\"og:image:height\" content=\"1024\" \/>\n\t<meta property=\"og:image:type\" content=\"image\/png\" \/>\n<meta name=\"twitter:card\" content=\"summary_large_image\" \/>\n<meta name=\"twitter:label1\" content=\"Tempo estimado de leitura\" \/>\n\t<meta name=\"twitter:data1\" content=\"1 minute\" \/>\n<script type=\"application\/ld+json\" class=\"yoast-schema-graph\">{\"@context\":\"https:\/\/schema.org\",\"@graph\":[{\"@type\":\"WebPage\",\"@id\":\"https:\/\/cbdhomehub.com\/aceite-de-cbd-10-aislado\/\",\"url\":\"https:\/\/cbdhomehub.com\/aceite-de-cbd-10-aislado\/\",\"name\":\"Aceite de CBD Aislado 10% - Cannabidiol - CBD HOME\",\"isPartOf\":{\"@id\":\"https:\/\/cbdhomehub.com\/#website\"},\"primaryImageOfPage\":{\"@id\":\"https:\/\/cbdhomehub.com\/aceite-de-cbd-10-aislado\/#primaryimage\"},\"image\":{\"@id\":\"https:\/\/cbdhomehub.com\/aceite-de-cbd-10-aislado\/#primaryimage\"},\"thumbnailUrl\":\"https:\/\/cbdhomehub.com\/wp-content\/uploads\/2024\/11\/iso-10_-nuevo.png\",\"datePublished\":\"2024-11-05T17:36:19+00:00\",\"dateModified\":\"2026-01-26T11:22:09+00:00\",\"description\":\"Aceite de CBD de alta calidad certificada, ideal para relajaci\u00f3n y bienestar, con an\u00e1lisis de laboratorios externos para asegurar eficacia y seguridad.\",\"breadcrumb\":{\"@id\":\"https:\/\/cbdhomehub.com\/aceite-de-cbd-10-aislado\/#breadcrumb\"},\"inLanguage\":\"pt-PT\",\"potentialAction\":[{\"@type\":\"ReadAction\",\"target\":[\"https:\/\/cbdhomehub.com\/aceite-de-cbd-10-aislado\/\"]}]},{\"@type\":\"ImageObject\",\"inLanguage\":\"pt-PT\",\"@id\":\"https:\/\/cbdhomehub.com\/aceite-de-cbd-10-aislado\/#primaryimage\",\"url\":\"https:\/\/cbdhomehub.com\/wp-content\/uploads\/2024\/11\/iso-10_-nuevo.png\",\"contentUrl\":\"https:\/\/cbdhomehub.com\/wp-content\/uploads\/2024\/11\/iso-10_-nuevo.png\",\"width\":4500,\"height\":4500},{\"@type\":\"BreadcrumbList\",\"@id\":\"https:\/\/cbdhomehub.com\/aceite-de-cbd-10-aislado\/#breadcrumb\",\"itemListElement\":[{\"@type\":\"ListItem\",\"position\":1,\"name\":\"Portada\",\"item\":\"https:\/\/cbdhomehub.com\/\"},{\"@type\":\"ListItem\",\"position\":2,\"name\":\"Tienda\",\"item\":\"https:\/\/cbdhomehub.comtienda\/\"},{\"@type\":\"ListItem\",\"position\":3,\"name\":\"Aceite de CBD 10% Aislado\"}]},{\"@type\":\"WebSite\",\"@id\":\"https:\/\/cbdhomehub.com\/#website\",\"url\":\"https:\/\/cbdhomehub.com\/\",\"name\":\"CBD HOME\",\"description\":\"Tienda de CBD N\u00ba 1 en Amazon\",\"publisher\":{\"@id\":\"https:\/\/cbdhomehub.com\/#organization\"},\"potentialAction\":[{\"@type\":\"SearchAction\",\"target\":{\"@type\":\"EntryPoint\",\"urlTemplate\":\"https:\/\/cbdhomehub.com\/?s={search_term_string}\"},\"query-input\":{\"@type\":\"PropertyValueSpecification\",\"valueRequired\":true,\"valueName\":\"search_term_string\"}}],\"inLanguage\":\"pt-PT\"},{\"@type\":\"Organization\",\"@id\":\"https:\/\/cbdhomehub.com\/#organization\",\"name\":\"CBD HOME\",\"url\":\"https:\/\/cbdhomehub.com\/\",\"logo\":{\"@type\":\"ImageObject\",\"inLanguage\":\"pt-PT\",\"@id\":\"https:\/\/cbdhomehub.com\/#\/schema\/logo\/image\/\",\"url\":\"https:\/\/cbdhomehub.comwp-content\/uploads\/2022\/05\/logo2HDnegroTM.png\",\"contentUrl\":\"https:\/\/cbdhomehub.comwp-content\/uploads\/2022\/05\/logo2HDnegroTM.png\",\"width\":4193,\"height\":646,\"caption\":\"CBD HOME\"},\"image\":{\"@id\":\"https:\/\/cbdhomehub.com\/#\/schema\/logo\/image\/\"},\"sameAs\":[\"https:\/\/www.facebook.com\/CBD-HOME-106393425109020\",\"https:\/\/www.instagram.com\/cbdhomelab\/\",\"https:\/\/www.linkedin.com\/company\/cbd-home\/about\/\"]}]}<\/script>\n<!-- \/ Yoast SEO plugin. -->","yoast_head_json":{"title":"Aceite de CBD Aislado 10% - Cannabidiol - CBD HOME","description":"Aceite de CBD de alta calidad certificada, ideal para relajaci\u00f3n y bienestar, con an\u00e1lisis de laboratorios externos para asegurar eficacia y seguridad.","robots":{"index":"index","follow":"follow","max-snippet":"max-snippet:-1","max-image-preview":"max-image-preview:large","max-video-preview":"max-video-preview:-1"},"canonical":"https:\/\/cbdhomehub.com\/pt\/aceite-de-cbd-10-aislado\/","og_locale":"pt_PT","og_type":"article","og_title":"Aceite de CBD Aislado 10% - Cannabidiol - CBD HOME","og_description":"Aceite de CBD de alta calidad certificada, ideal para relajaci\u00f3n y bienestar, con an\u00e1lisis de laboratorios externos para asegurar eficacia y seguridad.","og_url":"https:\/\/cbdhomehub.com\/pt\/aceite-de-cbd-10-aislado\/","og_site_name":"CBD HOME","article_publisher":"https:\/\/www.facebook.com\/CBD-HOME-106393425109020","article_modified_time":"2026-01-26T11:22:09+00:00","og_image":[{"width":1024,"height":1024,"url":"https:\/\/cbdhomehub.com\/wp-content\/uploads\/2024\/11\/iso-10_-nuevo-1024x1024.png","type":"image\/png"}],"twitter_card":"summary_large_image","twitter_misc":{"Tempo estimado de leitura":"1 minute"},"schema":{"@context":"https:\/\/schema.org","@graph":[{"@type":"WebPage","@id":"https:\/\/cbdhomehub.com\/aceite-de-cbd-10-aislado\/","url":"https:\/\/cbdhomehub.com\/aceite-de-cbd-10-aislado\/","name":"Aceite de CBD Aislado 10% - Cannabidiol - CBD HOME","isPartOf":{"@id":"https:\/\/cbdhomehub.com\/#website"},"primaryImageOfPage":{"@id":"https:\/\/cbdhomehub.com\/aceite-de-cbd-10-aislado\/#primaryimage"},"image":{"@id":"https:\/\/cbdhomehub.com\/aceite-de-cbd-10-aislado\/#primaryimage"},"thumbnailUrl":"https:\/\/cbdhomehub.com\/wp-content\/uploads\/2024\/11\/iso-10_-nuevo.png","datePublished":"2024-11-05T17:36:19+00:00","dateModified":"2026-01-26T11:22:09+00:00","description":"Aceite de CBD de alta calidad certificada, ideal para relajaci\u00f3n y bienestar, con an\u00e1lisis de laboratorios externos para asegurar eficacia y seguridad.","breadcrumb":{"@id":"https:\/\/cbdhomehub.com\/aceite-de-cbd-10-aislado\/#breadcrumb"},"inLanguage":"pt-PT","potentialAction":[{"@type":"ReadAction","target":["https:\/\/cbdhomehub.com\/aceite-de-cbd-10-aislado\/"]}]},{"@type":"ImageObject","inLanguage":"pt-PT","@id":"https:\/\/cbdhomehub.com\/aceite-de-cbd-10-aislado\/#primaryimage","url":"https:\/\/cbdhomehub.com\/wp-content\/uploads\/2024\/11\/iso-10_-nuevo.png","contentUrl":"https:\/\/cbdhomehub.com\/wp-content\/uploads\/2024\/11\/iso-10_-nuevo.png","width":4500,"height":4500},{"@type":"BreadcrumbList","@id":"https:\/\/cbdhomehub.com\/aceite-de-cbd-10-aislado\/#breadcrumb","itemListElement":[{"@type":"ListItem","position":1,"name":"Portada","item":"https:\/\/cbdhomehub.com\/"},{"@type":"ListItem","position":2,"name":"Tienda","item":"https:\/\/cbdhomehub.comtienda\/"},{"@type":"ListItem","position":3,"name":"Aceite de CBD 10% Aislado"}]},{"@type":"WebSite","@id":"https:\/\/cbdhomehub.com\/#website","url":"https:\/\/cbdhomehub.com\/","name":"CBD HOME","description":"Tienda de CBD N\u00ba 1 en Amazon","publisher":{"@id":"https:\/\/cbdhomehub.com\/#organization"},"potentialAction":[{"@type":"SearchAction","target":{"@type":"EntryPoint","urlTemplate":"https:\/\/cbdhomehub.com\/?s={search_term_string}"},"query-input":{"@type":"PropertyValueSpecification","valueRequired":true,"valueName":"search_term_string"}}],"inLanguage":"pt-PT"},{"@type":"Organization","@id":"https:\/\/cbdhomehub.com\/#organization","name":"CBD HOME","url":"https:\/\/cbdhomehub.com\/","logo":{"@type":"ImageObject","inLanguage":"pt-PT","@id":"https:\/\/cbdhomehub.com\/#\/schema\/logo\/image\/","url":"https:\/\/cbdhomehub.comwp-content\/uploads\/2022\/05\/logo2HDnegroTM.png","contentUrl":"https:\/\/cbdhomehub.comwp-content\/uploads\/2022\/05\/logo2HDnegroTM.png","width":4193,"height":646,"caption":"CBD HOME"},"image":{"@id":"https:\/\/cbdhomehub.com\/#\/schema\/logo\/image\/"},"sameAs":["https:\/\/www.facebook.com\/CBD-HOME-106393425109020","https:\/\/www.instagram.com\/cbdhomelab\/","https:\/\/www.linkedin.com\/company\/cbd-home\/about\/"]}]}},"jetpack_sharing_enabled":true,"_links":{"self":[{"href":"https:\/\/cbdhomehub.com\/pt\/wp-json\/wp\/v2\/product\/8197","targetHints":{"allow":["GET"]}}],"collection":[{"href":"https:\/\/cbdhomehub.com\/pt\/wp-json\/wp\/v2\/product"}],"about":[{"href":"https:\/\/cbdhomehub.com\/pt\/wp-json\/wp\/v2\/types\/product"}],"replies":[{"embeddable":true,"href":"https:\/\/cbdhomehub.com\/pt\/wp-json\/wp\/v2\/comments?post=8197"}],"wp:featuredmedia":[{"embeddable":true,"href":"https:\/\/cbdhomehub.com\/pt\/wp-json\/wp\/v2\/media\/8870"}],"wp:attachment":[{"href":"https:\/\/cbdhomehub.com\/pt\/wp-json\/wp\/v2\/media?parent=8197"}],"wp:term":[{"taxonomy":"product_brand","embeddable":true,"href":"https:\/\/cbdhomehub.com\/pt\/wp-json\/wp\/v2\/product_brand?post=8197"},{"taxonomy":"product_cat","embeddable":true,"href":"https:\/\/cbdhomehub.com\/pt\/wp-json\/wp\/v2\/product_cat?post=8197"},{"taxonomy":"product_tag","embeddable":true,"href":"https:\/\/cbdhomehub.com\/pt\/wp-json\/wp\/v2\/product_tag?post=8197"}],"curies":[{"name":"wp","href":"https:\/\/api.w.org\/{rel}","templated":true}]}}