{"id":5810,"date":"2023-10-03T10:55:11","date_gmt":"2023-10-03T10:55:11","guid":{"rendered":"https:\/\/cbdhomehub.com?page_id=5810"},"modified":"2025-01-29T12:52:40","modified_gmt":"2025-01-29T12:52:40","slug":"preguntas-frecuentes","status":"publish","type":"page","link":"https:\/\/cbdhomehub.com\/pt\/preguntas-frecuentes\/","title":{"rendered":"Perguntas frequentes"},"content":{"rendered":"<div data-elementor-type=\"wp-page\" data-elementor-id=\"5810\" class=\"elementor elementor-5810\" data-elementor-post-type=\"page\">\n\t\t\t\t<div class=\"elementor-element elementor-element-1207c01b e-flex e-con-boxed e-con e-parent\" data-id=\"1207c01b\" data-element_type=\"container\">\n\t\t\t\t\t<div class=\"e-con-inner\">\n\t\t\t\t<div class=\"elementor-element elementor-element-e146fc2 elementor-widget elementor-widget-heading\" data-id=\"e146fc2\" data-element_type=\"widget\" data-widget_type=\"heading.default\">\n\t\t\t\t<div class=\"elementor-widget-container\">\n\t\t\t\t\t<h1 class=\"elementor-heading-title elementor-size-default\">PREGUNTAS FRECUENTES<\/h1>\t\t\t\t<\/div>\n\t\t\t\t<\/div>\n\t\t\t\t<div class=\"elementor-element elementor-element-50c3a8ed elementor-widget elementor-widget-text-editor\" data-id=\"50c3a8ed\" data-element_type=\"widget\" data-widget_type=\"text-editor.default\">\n\t\t\t\t<div class=\"elementor-widget-container\"><h2>SOBRE EL CBD<\/h2>\n<h2>1.\u00bfQu\u00e9 es el CBD y de d\u00f3nde proviene?<\/h2>\n<p>CBD \u00e9 um dos muitos compostos qu\u00edmicos presentes na planta Cannabis sativa.<b>\u00a0\u00c9 um cannabinoide n\u00e3o psicoactivo<\/b>\u00a0e ao contr\u00e1rio do THC, CBD n\u00e3o altera a percep\u00e7\u00e3o, nem afeta a capacidade cognitiva.<\/p>\n<p>A planta Cannabis sativa, tamb\u00e9m conhecida como c\u00e2nhamo ou maconha \u00e9 uma planta herb\u00e1cea da fam\u00edlia Cannabaceae.<\/p>\n<h2>2.Voc\u00ea pode CBD ser viciante, causar alergias ou ser prejudicial?<\/h2>\n<p>N\u00e3o \u00e9 viciante, todos os estudos at\u00e9 o momento mostram que a depend\u00eancia observada \u00e9 a mesma para os sujeitos que consumiram CBD que nos que tomaram o placebo. Quanto \u00e0s alergias, como toda subst\u00e2ncia, n\u00e3o est\u00e1 isenta dessa possibilidade. Os registros de pessoas al\u00e9rgicas ao CBD at\u00e9 o momento n\u00e3o s\u00e3o significativos e, proporcionalmente, s\u00e3o m\u00ednimos.<\/p>\n<h2>3.O CBD pode gerar efeitos secund\u00e1rios?<\/h2>\n<p>O CBD pode gerar efeitos secund\u00e1rios, mas estes n\u00e3o v\u00e3o al\u00e9m de dores de est\u00f4mago, cansa\u00e7o excessivo, que cessam ao suspender seu consumo. Tamb\u00e9m pode ocorrer intera\u00e7\u00f5es negativas com alguns medicamentos ou com alguma patologia espec\u00edfica em determinados casos. Se voc\u00ea acha que pode estar em alguma destas situa\u00e7\u00f5es, recomendamos que consulte o seu m\u00e9dico.<\/p>\n<h2>4.Ser\u00e1 que \u00e9 seguro consumir CBD e em que quantidades ou dose?<\/h2>\n<p>S\u00ed, es totalmente seguro. Los estudios \u00abin vitro\u00bb e \u00abin vivo\u00bb reportan una muy alta seguridad y nula toxicidad. No hay una dosis espec\u00edfica. Depende de diversos factores f\u00edsicos (edad, sexo, peso, altura, capacidad de asimilaci\u00f3n, etc.) y psicol\u00f3gicos (sugesti\u00f3n, ansiedad, estr\u00e9s, predisposici\u00f3n, etc.). La mejor manera de encontrar su dosis es comenzar con dosis bajas y aumentar gradualmente hasta encontrar los efectos deseados. A pesar de esto, <strong>em Portugal s\u00f3 \u00e9 legal a venda de produtos destinados para uso externo e n\u00e3o para uso oral.<\/strong><\/p>\n<h2>5.Como \u00e9 legal a venda de CBD na Europa?<\/h2>\n<p>Sim, \u00e9 legal na maioria dos pa\u00edses europeus. Normalmente, a legisla\u00e7\u00e3o permite comercializar CBD desde que sua finalidade seja para uso externo e rotulagem assim o indique. Todos os nossos produtos contam com o r\u00f3tulo correspondente. A regula\u00e7\u00e3o varia em fun\u00e7\u00e3o do pa\u00eds de destino, onde podemos adaptar internamente a etiqueta e os componentes de nossos produtos.<\/p>\n<h2>6.\u00bfC\u00f3mo es nuestro aceite?<\/h2>\n<p>Nosso \u00f3leo de CBD favorece o descanso, diminui a ansiedade, o stress e alivia a dor por sua capacidade anti-inflamat\u00f3ria e antioxidante. O \u00f3leo de c\u00e2nhamo org\u00e2nico se combina com o Azeite de Oliva Extra-Virgem para enriquecer suas propriedades e melhorar a sua capacidade de absor\u00e7\u00e3o. O \u00f3leo de casca de lim\u00e3o completa da f\u00f3rmula para melhorar as propriedades organol\u00e9pticas.<\/p>\n<h2>7.Qual \u00e9 a evid\u00eancia cient\u00edfica por tr\u00e1s dos benef\u00edcios do CBD?<\/h2>\n<p>Em novembro de 2017, a OMS divulgou um relat\u00f3rio preliminar sobre a CBD, que inclu\u00eda as seguintes conclus\u00f5es:<\/p>\n<ul>\n<li>A CBD n\u00e3o \u00e9 viciante.<\/li>\n<li>A CBD n\u00e3o parece ter nenhum potencial de abuso ou depend\u00eancia.<\/li>\n<li>A CBD n\u00e3o tem nenhum efeito sobre a capacidade do usu\u00e1rio para dirigir ve\u00edculos ou realizar tarefas que exigem coordena\u00e7\u00e3o.<\/li>\n<li>A CBD n\u00e3o \u00e9 t\u00f3xico e n\u00e3o tem efeitos secund\u00e1rios graves.<\/li>\n<li>O CBD tem propriedades terap\u00eauticas para uma variedade de condi\u00e7\u00f5es m\u00e9dicas, incluindo a epilepsia, a ansiedade e a depress\u00e3o.<\/li>\n<\/ul>\n<p>Em resumo, a OMS reconheceu o valor terap\u00eautico do CBD e declarou que n\u00e3o h\u00e1 raz\u00f5es para banir ou classific\u00e1-lo como uma droga perigosa.<\/p>\n<h2>8.Como voc\u00ea deve armazenar a CBD e por quanto tempo?<\/h2>\n<p>Recomenda-Se guardar os produtos de CBD em locais onde n\u00e3o lhes da luz direta. Os frascos de \u00f3leo de CBD s\u00e3o opacos para proteger melhor as qualidades do CBD, ainda assim \u00e9 recomend\u00e1vel locais frescos e escuros.<\/p>\n<h2>9.Voc\u00ea pode dar positivo em um teste de drogas?<\/h2>\n<p>CBD HOME usa cannabis indica sem THC certificado em laborat\u00f3rios dos EUA e Europa, o que o torna totalmente seguro e adequado para qualquer idade, atletas de elite e outros profissionais submetidos a an\u00e1lises antidrogas<\/p><\/div>\n\t\t\t\t<\/div>\n\t\t\t\t\t<\/div>\n\t\t\t\t<\/div>\n\t\t<div class=\"elementor-element elementor-element-3fd2e68 e-flex e-con-boxed e-con e-parent\" data-id=\"3fd2e68\" data-element_type=\"container\">\n\t\t\t\t\t<div class=\"e-con-inner\">\n\t\t\t\t<div class=\"elementor-element elementor-element-e2a7bec elementor-widget elementor-widget-heading\" data-id=\"e2a7bec\" data-element_type=\"widget\" data-widget_type=\"heading.default\">\n\t\t\t\t<div class=\"elementor-widget-container\">\n\t\t\t\t\t<h2 class=\"elementor-heading-title elementor-size-default\">Envios e devolu\u00e7\u00f5es<\/h2>\t\t\t\t<\/div>\n\t\t\t\t<\/div>\n\t\t\t\t<div class=\"elementor-element elementor-element-7067315 elementor-widget elementor-widget-text-editor\" data-id=\"7067315\" data-element_type=\"widget\" data-widget_type=\"text-editor.default\">\n\t\t\t\t<div class=\"elementor-widget-container\">\n\t\t\t\t\t\t\t\t\t<h2>1.Prazos de entrega<\/h2>\n<p>Como regra geral, os pacotes s\u00e3o enviados no mesmo dia em que recebemos o pedido. Mas n\u00f3s prometemos que seja dentro de 24 horas ap\u00f3s a recep\u00e7\u00e3o do pagamento (dias \u00fateis).<\/p>\n<h2>2.Entrega dos pacotes<\/h2>\n<p>Se voc\u00ea comprar no nosso site e voc\u00ea optar por envio postal, normalmente o transportador lhe ser\u00e1 enviado um link ou sms para que voc\u00ea possa seguir a sua encomenda on-line. No caso de n\u00e3o ser assim, por favor, entre em contato com\u00a0<a href=\"mailto:info@cbdhomehub.com\">info@cbdhomehub.com<\/a>.<\/p>\n<h2>N\u00e3o consegue encontrar o que voc\u00ea est\u00e1 procurando?<\/h2>\n<p>N\u00e3o hesite em entrar em contato conosco. Envie-nos uma mensagem e entraremos em contacto consigo o mais breve poss\u00edvel.<\/p>\n<p><!-- \/wp:fl-builder\/layout --><\/p>\t\t\t\t\t\t\t\t<\/div>\n\t\t\t\t<\/div>\n\t\t\t\t\t<\/div>\n\t\t\t\t<\/div>\t\t<\/div>","protected":false},"excerpt":{"rendered":"<p>PREGUNTAS FRECUENTES Env\u00edos y devoluciones 1.Plazos de entrega Como norma general, los paquetes se env\u00edan el mismo d\u00eda laborable que&hellip;<\/p>","protected":false},"author":44,"featured_media":0,"parent":0,"menu_order":0,"comment_status":"closed","ping_status":"closed","template":"","meta":{"footnotes":""},"class_list":["post-5810","page","type-page","status-publish","hentry"],"yoast_head":"<!-- This site is optimized with the Yoast SEO plugin v25.4 - https:\/\/yoast.com\/wordpress\/plugins\/seo\/ -->\n<title>Preguntas Frecuentes - CBD HOME<\/title>\n<meta name=\"description\" content=\"En CBD Home, creemos en brindar claridad y transparencia. Por eso hemos reunido una selecci\u00f3n de preguntas frecuentes del CBD.\" \/>\n<meta name=\"robots\" content=\"index, follow, max-snippet:-1, max-image-preview:large, max-video-preview:-1\" \/>\n<link rel=\"canonical\" href=\"https:\/\/cbdhomehub.com\/pt\/preguntas-frecuentes\/\" \/>\n<meta property=\"og:locale\" content=\"pt_PT\" \/>\n<meta property=\"og:type\" content=\"article\" \/>\n<meta property=\"og:title\" content=\"Preguntas Frecuentes - CBD HOME\" \/>\n<meta property=\"og:description\" content=\"En CBD Home, creemos en brindar claridad y transparencia. Por eso hemos reunido una selecci\u00f3n de preguntas frecuentes del CBD.\" \/>\n<meta property=\"og:url\" content=\"https:\/\/cbdhomehub.com\/pt\/preguntas-frecuentes\/\" \/>\n<meta property=\"og:site_name\" content=\"CBD HOME\" \/>\n<meta property=\"article:publisher\" content=\"https:\/\/www.facebook.com\/CBD-HOME-106393425109020\" \/>\n<meta property=\"article:modified_time\" content=\"2025-01-29T12:52:40+00:00\" \/>\n<meta name=\"twitter:card\" content=\"summary_large_image\" \/>\n<meta name=\"twitter:label1\" content=\"Tempo estimado de leitura\" \/>\n\t<meta name=\"twitter:data1\" content=\"4 minutes\" \/>\n<script type=\"application\/ld+json\" class=\"yoast-schema-graph\">{\"@context\":\"https:\/\/schema.org\",\"@graph\":[{\"@type\":\"WebPage\",\"@id\":\"https:\/\/cbdhomehub.com\/preguntas-frecuentes\/\",\"url\":\"https:\/\/cbdhomehub.com\/preguntas-frecuentes\/\",\"name\":\"Preguntas Frecuentes - CBD HOME\",\"isPartOf\":{\"@id\":\"https:\/\/cbdhomehub.com\/#website\"},\"datePublished\":\"2023-10-03T10:55:11+00:00\",\"dateModified\":\"2025-01-29T12:52:40+00:00\",\"description\":\"En CBD Home, creemos en brindar claridad y transparencia. Por eso hemos reunido una selecci\u00f3n de preguntas frecuentes del CBD.\",\"breadcrumb\":{\"@id\":\"https:\/\/cbdhomehub.com\/preguntas-frecuentes\/#breadcrumb\"},\"inLanguage\":\"pt-PT\",\"potentialAction\":[{\"@type\":\"ReadAction\",\"target\":[\"https:\/\/cbdhomehub.com\/preguntas-frecuentes\/\"]}]},{\"@type\":\"BreadcrumbList\",\"@id\":\"https:\/\/cbdhomehub.com\/preguntas-frecuentes\/#breadcrumb\",\"itemListElement\":[{\"@type\":\"ListItem\",\"position\":1,\"name\":\"Portada\",\"item\":\"https:\/\/cbdhomehub.com\/\"},{\"@type\":\"ListItem\",\"position\":2,\"name\":\"Preguntas frecuentes\"}]},{\"@type\":\"WebSite\",\"@id\":\"https:\/\/cbdhomehub.com\/#website\",\"url\":\"https:\/\/cbdhomehub.com\/\",\"name\":\"CBD HOME\",\"description\":\"Tienda de CBD N\u00ba 1 en Amazon\",\"publisher\":{\"@id\":\"https:\/\/cbdhomehub.com\/#organization\"},\"potentialAction\":[{\"@type\":\"SearchAction\",\"target\":{\"@type\":\"EntryPoint\",\"urlTemplate\":\"https:\/\/cbdhomehub.com\/?s={search_term_string}\"},\"query-input\":{\"@type\":\"PropertyValueSpecification\",\"valueRequired\":true,\"valueName\":\"search_term_string\"}}],\"inLanguage\":\"pt-PT\"},{\"@type\":\"Organization\",\"@id\":\"https:\/\/cbdhomehub.com\/#organization\",\"name\":\"CBD HOME\",\"url\":\"https:\/\/cbdhomehub.com\/\",\"logo\":{\"@type\":\"ImageObject\",\"inLanguage\":\"pt-PT\",\"@id\":\"https:\/\/cbdhomehub.com\/#\/schema\/logo\/image\/\",\"url\":\"https:\/\/cbdhomehub.comwp-content\/uploads\/2022\/05\/logo2HDnegroTM.png\",\"contentUrl\":\"https:\/\/cbdhomehub.comwp-content\/uploads\/2022\/05\/logo2HDnegroTM.png\",\"width\":4193,\"height\":646,\"caption\":\"CBD HOME\"},\"image\":{\"@id\":\"https:\/\/cbdhomehub.com\/#\/schema\/logo\/image\/\"},\"sameAs\":[\"https:\/\/www.facebook.com\/CBD-HOME-106393425109020\",\"https:\/\/www.instagram.com\/cbdhomelab\/\",\"https:\/\/www.linkedin.com\/company\/cbd-home\/about\/\"]}]}<\/script>\n<!-- \/ Yoast SEO plugin. -->","yoast_head_json":{"title":"Preguntas Frecuentes - CBD HOME","description":"En CBD Home, creemos en brindar claridad y transparencia. Por eso hemos reunido una selecci\u00f3n de preguntas frecuentes del CBD.","robots":{"index":"index","follow":"follow","max-snippet":"max-snippet:-1","max-image-preview":"max-image-preview:large","max-video-preview":"max-video-preview:-1"},"canonical":"https:\/\/cbdhomehub.com\/pt\/preguntas-frecuentes\/","og_locale":"pt_PT","og_type":"article","og_title":"Preguntas Frecuentes - CBD HOME","og_description":"En CBD Home, creemos en brindar claridad y transparencia. Por eso hemos reunido una selecci\u00f3n de preguntas frecuentes del CBD.","og_url":"https:\/\/cbdhomehub.com\/pt\/preguntas-frecuentes\/","og_site_name":"CBD HOME","article_publisher":"https:\/\/www.facebook.com\/CBD-HOME-106393425109020","article_modified_time":"2025-01-29T12:52:40+00:00","twitter_card":"summary_large_image","twitter_misc":{"Tempo estimado de leitura":"4 minutes"},"schema":{"@context":"https:\/\/schema.org","@graph":[{"@type":"WebPage","@id":"https:\/\/cbdhomehub.com\/preguntas-frecuentes\/","url":"https:\/\/cbdhomehub.com\/preguntas-frecuentes\/","name":"Preguntas Frecuentes - CBD HOME","isPartOf":{"@id":"https:\/\/cbdhomehub.com\/#website"},"datePublished":"2023-10-03T10:55:11+00:00","dateModified":"2025-01-29T12:52:40+00:00","description":"En CBD Home, creemos en brindar claridad y transparencia. Por eso hemos reunido una selecci\u00f3n de preguntas frecuentes del CBD.","breadcrumb":{"@id":"https:\/\/cbdhomehub.com\/preguntas-frecuentes\/#breadcrumb"},"inLanguage":"pt-PT","potentialAction":[{"@type":"ReadAction","target":["https:\/\/cbdhomehub.com\/preguntas-frecuentes\/"]}]},{"@type":"BreadcrumbList","@id":"https:\/\/cbdhomehub.com\/preguntas-frecuentes\/#breadcrumb","itemListElement":[{"@type":"ListItem","position":1,"name":"Portada","item":"https:\/\/cbdhomehub.com\/"},{"@type":"ListItem","position":2,"name":"Preguntas frecuentes"}]},{"@type":"WebSite","@id":"https:\/\/cbdhomehub.com\/#website","url":"https:\/\/cbdhomehub.com\/","name":"CBD HOME","description":"Tienda de CBD N\u00ba 1 en Amazon","publisher":{"@id":"https:\/\/cbdhomehub.com\/#organization"},"potentialAction":[{"@type":"SearchAction","target":{"@type":"EntryPoint","urlTemplate":"https:\/\/cbdhomehub.com\/?s={search_term_string}"},"query-input":{"@type":"PropertyValueSpecification","valueRequired":true,"valueName":"search_term_string"}}],"inLanguage":"pt-PT"},{"@type":"Organization","@id":"https:\/\/cbdhomehub.com\/#organization","name":"CBD HOME","url":"https:\/\/cbdhomehub.com\/","logo":{"@type":"ImageObject","inLanguage":"pt-PT","@id":"https:\/\/cbdhomehub.com\/#\/schema\/logo\/image\/","url":"https:\/\/cbdhomehub.comwp-content\/uploads\/2022\/05\/logo2HDnegroTM.png","contentUrl":"https:\/\/cbdhomehub.comwp-content\/uploads\/2022\/05\/logo2HDnegroTM.png","width":4193,"height":646,"caption":"CBD HOME"},"image":{"@id":"https:\/\/cbdhomehub.com\/#\/schema\/logo\/image\/"},"sameAs":["https:\/\/www.facebook.com\/CBD-HOME-106393425109020","https:\/\/www.instagram.com\/cbdhomelab\/","https:\/\/www.linkedin.com\/company\/cbd-home\/about\/"]}]}},"jetpack_sharing_enabled":true,"_links":{"self":[{"href":"https:\/\/cbdhomehub.com\/pt\/wp-json\/wp\/v2\/pages\/5810","targetHints":{"allow":["GET"]}}],"collection":[{"href":"https:\/\/cbdhomehub.com\/pt\/wp-json\/wp\/v2\/pages"}],"about":[{"href":"https:\/\/cbdhomehub.com\/pt\/wp-json\/wp\/v2\/types\/page"}],"author":[{"embeddable":true,"href":"https:\/\/cbdhomehub.com\/pt\/wp-json\/wp\/v2\/users\/44"}],"replies":[{"embeddable":true,"href":"https:\/\/cbdhomehub.com\/pt\/wp-json\/wp\/v2\/comments?post=5810"}],"version-history":[{"count":14,"href":"https:\/\/cbdhomehub.com\/pt\/wp-json\/wp\/v2\/pages\/5810\/revisions"}],"predecessor-version":[{"id":9368,"href":"https:\/\/cbdhomehub.com\/pt\/wp-json\/wp\/v2\/pages\/5810\/revisions\/9368"}],"wp:attachment":[{"href":"https:\/\/cbdhomehub.com\/pt\/wp-json\/wp\/v2\/media?parent=5810"}],"curies":[{"name":"wp","href":"https:\/\/api.w.org\/{rel}","templated":true}]}}