{"id":2535,"date":"2022-05-18T07:49:49","date_gmt":"2022-05-18T07:49:49","guid":{"rendered":"https:\/\/factum-omibu.es\/cbdhome\/?page_id=2535"},"modified":"2025-01-30T11:31:53","modified_gmt":"2025-01-30T11:31:53","slug":"politicas-de-privacidad","status":"publish","type":"page","link":"https:\/\/cbdhomehub.com\/pt\/politicas-de-privacidad\/","title":{"rendered":"Pol\u00edtica de privacidade"},"content":{"rendered":"<div data-elementor-type=\"wp-page\" data-elementor-id=\"2535\" class=\"elementor elementor-2535\" data-elementor-post-type=\"page\">\n\t\t\t\t<div class=\"elementor-element elementor-element-58dc3549 e-flex e-con-boxed e-con e-parent\" data-id=\"58dc3549\" data-element_type=\"container\">\n\t\t\t\t\t<div class=\"e-con-inner\">\n\t\t\t\t<div class=\"elementor-element elementor-element-689568be elementor-widget elementor-widget-text-editor\" data-id=\"689568be\" data-element_type=\"widget\" data-widget_type=\"text-editor.default\">\n\t\t\t\t<div class=\"elementor-widget-container\"><p><strong>\u00bf<\/strong><strong>QUI\u00c9N TRATA TUS DATOS PERSONALES<\/strong><strong>?<\/strong><\/p>\n<p>El Responsable del Tratamiento (en adelante el Responsable) de tus datos personales es:<\/p>\n<ul>\n<li>CBD HOME S.L.<\/li>\n<li>NIF: B72553605<\/li>\n<li>Plaza del Campillo 7, 1\u00ba, C.P. 18009 Granada.<\/li>\n<li><a href=\"mailto:info@cbdhomehub.com\">info@cbdhomehub.com<\/a><\/li>\n<\/ul>\n<p>El Responsable ha establecido la presente Pol\u00edtica de Privacidad, la cual recoge todos los aspectos referentes al tratamiento de tus datos personales a trav\u00e9s de nuestro Sitio web <a href=\"https:\/\/cbdhomehub.com\/pt\/\">https:\/\/cbdhomehub.com<\/a> (en adelante el Sitio Web).<\/p>\n<p>Como Usuario e interesado, te informamos de la incorporaci\u00f3n de tus datos personales al tratamiento de datos denominado \u00abUSUARIOS WEB\u00bb del Registro de Actividades del Responsable.<\/p>\n<p>Los datos personales que te solicitamos a trav\u00e9s del Sitio Web son, con car\u00e1cter general, obligatorios (salvo que en el campo requerido se especifique lo contrario) para cumplir con las finalidades establecidas. Por lo tanto, si no facilitas dichos datos personales o nos los facilitas err\u00f3neamente, no podremos atender tu solicitud o prestarte el servicio de forma correcta, sin perjuicio de que pueda visualizarse libremente el contenido del Sitio Web.<\/p>\n<p>Para obtener m\u00e1s informaci\u00f3n, o aclararte cualquier duda, sobre el tratamiento de tus datos personales, puedes escribirnos a la direcci\u00f3n postal o de correo electr\u00f3nico indicadas en este apartado. Adem\u00e1s, puedes consultar la p\u00e1gina web de la AEPD (Agencia Espa\u00f1ola de Protecci\u00f3n de Datos)\u00a0<a href=\"https:\/\/www.agpd.es\/portalwebAGPD\/index-ides-idphp.php\">https:\/\/www.agpd.es\/portalwebAGPD\/index-ides-idphp.php<\/a>.<\/p>\n<p>\u00a0<\/p>\n<p><strong>2. \u00bfCON QU\u00c9 FINALIDAD TRATAMOS TUS DATOS PERSONALES?<\/strong><\/p>\n<p>Los datos personales que nos facilitas a trav\u00e9s del Sitio Web, son tratados por el Responsable para las siguientes finalidades:<\/p>\n<ul>\n<li>Gestionar tu alta y registro en el \u00e1rea privada (Mi Cuenta) del Sitio Web, donde podr\u00e1s gestionar tus datos identificativos, nombre de Usuario, direcciones de env\u00edo y facturaci\u00f3n, tel\u00e9fono, historial de pedidos, tus m\u00e9todos y datos de pago, as\u00ed como tu nombre de usuario y contrase\u00f1a.<\/li>\n<li>Gestionar la relaci\u00f3n con el Usuario como cliente, cuando \u00e9ste adquiere productos a trav\u00e9s del Sitio Web. Este tratamiento abarca toda la relaci\u00f3n comercial con los clientes, desde la gesti\u00f3n administrativa, pagos y cobros mediante los m\u00e9todos puestos a tu disposici\u00f3n.<\/li>\n<li>Atender tus consultas, solicitudes, sugerencias y quejas realizadas a trav\u00e9s del formulario de contacto del Sitio Web, de correos electr\u00f3nicos, del n\u00famero de tel\u00e9fono puesto a su disposici\u00f3n o a trav\u00e9s de nuestros perfiles en redes sociales.<\/li>\n<li>Gestionar el env\u00edo de comunicaciones comerciales por parte del Responsable con informaci\u00f3n sobre nuestros productos, descuentos y ofertas, felicitaciones o similares, cuando hayas prestado tu consentimiento expreso y te hayas suscrito a nuestra Newsletter.<\/li>\n<\/ul>\n<p>\u00a0<\/p>\n<p><strong>3. \u00bf<\/strong><strong>QU\u00c9 DATOS PERSONALES DEL USUARIO TRATAMOS<\/strong><strong>?<\/strong><\/p>\n<p>A trav\u00e9s del Sitio Web recopilamos las siguientes categor\u00edas de datos personales:<\/p>\n<ul>\n<li><strong>Datos identificativos<\/strong>: nombre, apellidos, nombre de Usuario o cualquier otro identificador similar. Si interact\u00faas con nosotros a trav\u00e9s de las redes sociales, tu nombre de usuario en redes tambi\u00e9n se incluir\u00e1 entre estos datos.<\/li>\n<li><strong>Datos de contacto:<\/strong> domicilio, n\u00famero de tel\u00e9fono, localidad, provincia, direcci\u00f3n de facturaci\u00f3n, direcci\u00f3n de env\u00edo, direcci\u00f3n de correo electr\u00f3nico y n\u00famero de tel\u00e9fono.<\/li>\n<li><strong>Datos derivados del formulario de contacto:<\/strong> informaci\u00f3n facilitada por el Usuario en el campo de Mensaje.<\/li>\n<li><strong>Datos econ\u00f3micos:<\/strong> n\u00famero de cuenta si pagas mediante transferencia bancaria, para pagos y devoluciones.<\/li>\n<li><strong>Datos de transacciones:<\/strong> datos de los pagos realizados por el Usuario, as\u00ed como los detalles de los productos que hayas adquirido.<\/li>\n<li><strong>Datos del perfil:<\/strong> nombre de usuario y contrase\u00f1a, historial de compras o pedidos realizados, preferencias, comentarios y respuestas a encuestas, adem\u00e1s de todos los datos de perfil que pudi\u00e9ramos a\u00f1adir o notas del pedido aportadas por el Usuario en el campo correspondiente.<\/li>\n<li><strong>Datos t\u00e9cnicos:<\/strong> direcci\u00f3n del protocolo de Internet (IP), datos de inicio de sesi\u00f3n, tipo y versi\u00f3n del navegador, configuraci\u00f3n de huso horario y ubicaci\u00f3n, tipo y versi\u00f3n de los plug-ins del navegador, sistema operativo y plataforma, as\u00ed como otras tecnolog\u00edas que puedas utilizar en tus dispositivos para acceder a esta p\u00e1gina web.<\/li>\n<li><strong>Datos de uso:<\/strong> informaci\u00f3n relevante sobre el uso que haces de nuestra web.<\/li>\n<li><strong>Datos de Cookies:<\/strong> informaci\u00f3n que nosotros, o terceros, recopilamos sobre ti mediante el uso de cookies y tecnolog\u00edas de rastreo similares.<\/li>\n<li><strong>Datos de marketing y comunicaci\u00f3n:<\/strong> datos sobre tus preferencias a la hora de recibir marketing directo a trav\u00e9s de nuestras comunicaciones comerciales.<\/li>\n<\/ul>\n<p>No recopilamos ning\u00fan dato personal perteneciente a categor\u00edas especiales de datos.<\/p>\n<p>\u00a0<\/p>\n<p><strong>4. \u00bf<\/strong><strong>CU\u00c1L ES LA LEGITIMACI\u00d3N PARA EL TRATAMIENTO DE TUS DATOS<\/strong><strong>?<\/strong><\/p>\n<p>El tratamiento de tus datos personales se fundamenta\u00a0en las siguientes bases legales:<\/p>\n<ul>\n<li><strong>Ejecuci\u00f3n del contrato de compraventa con nosotros y la correcta prestaci\u00f3n de servicio. <\/strong>Para gestionar el desarrollo y ejecuci\u00f3n del contrato de compraventa de aquellos productos que hayas adquirido y para comunicar tus datos personales a nuestros proveedores, siempre que sea necesario para la prestaci\u00f3n del servicio.<\/li>\n<li><strong>Tu consentimiento expreso al marcar la correspondiente casilla. <\/strong>Para registrarte y crear una cuenta privada, as\u00ed como para atender tus consultas, sugerencias o solicitudes, y para gestionar el env\u00edo de comunicaciones comerciales a trav\u00e9s de los medios indicados.<\/li>\n<li><strong>Cumplimiento de obligaciones legales por parte del Responsable. <\/strong>Para la prevenci\u00f3n de fraudes, comunicaci\u00f3n de tus datos a Administraciones P\u00fablicas y atender eventuales por parte de terceros.<\/li>\n<\/ul>\n<p>\u00a0<\/p>\n<p><strong>5. \u00bf<\/strong><strong>A QU\u00c9 DESTINATARIOS SE COMUNICAR\u00c1N TUS DATOS<\/strong><strong>?<\/strong><\/p>\n<ul>\n<li>Tus datos personales podr\u00e1n eventualmente ser comunicados a nuestros proveedores externos, cuando dicha comunicaci\u00f3n sea necesaria para la prestaci\u00f3n de servicios, en concreto:<\/li>\n<li>Nuestros proveedores de env\u00edo de paquetes y mensajer\u00eda.<\/li>\n<li>Nuestros proveedores de servicios administrativos, de gestor\u00eda, de asesoramiento fiscal y laboral y de servicios jur\u00eddicos en general.<\/li>\n<li>Nuestros proveedores de servicios de hosting, almacenamiento y procesamiento de datos, de gesti\u00f3n del env\u00edo de comunicaciones comerciales y servicios de marketing.<\/li>\n<li>Empresas propietarias de las redes sociales en las que la Entidad tiene un perfil, siempre que te comuniques con nosotros a trav\u00e9s de las mismas.<\/li>\n<li>A bancos y entidades financieras para la gesti\u00f3n de cobros y pagos de los productos que adquiere el Usuario.<\/li>\n<li>Nuestros proveedores de servicios inform\u00e1ticos, como Google para la gesti\u00f3n de correo electr\u00f3nico.<\/li>\n<li>Para el cumplimiento de obligaciones por parte del Responsable, tus datos personales podr\u00e1n ser comunicados a Administraciones P\u00fablicas, siempre que sea necesario para el cumplimiento de obligaciones legales, o para atender eventuales reclamaciones de terceros, por parte del Responsable.<\/li>\n<li>Para el env\u00edo de comunicaciones comerciales, siempre que hayas prestado tu consentimiento, tus datos ser\u00e1n comunicados a nuestros proveedores de servicios de marketing digital.<\/li>\n<\/ul>\n<p>\u00a0<\/p>\n<p>Dado que algunos de nuestros proveedores de servicios tienen car\u00e1cter global, es posible que el tratamiento de tus datos personales por su parte implique transferencias internacionales de tus datos fuera del Espacio Econ\u00f3mico Europeo. En caso de realizar transferencias internacionales nos aseguramos de que se realizan con la seguridad que exige la legislaci\u00f3n aplicable en materia de protecci\u00f3n de datos y siguiendo las indicaciones de la AEPD. Para m\u00e1s informaci\u00f3n visita el siguiente enlace <a href=\"https:\/\/www.aepd.es\/es\/derechos-y-deberes\/cumple-tus-deberes\/medidas-de-cumplimiento\/transferencias-internacionales\">https:\/\/www.aepd.es\/es\/derechos-y-deberes\/cumple-tus-deberes\/medidas-de-cumplimiento\/transferencias-internacionales<\/a><\/p>\n<p>\u00a0<\/p>\n<p><strong>6. \u00bf<\/strong><strong>CU\u00c1NTO TIEMPO CONSERVAREMOS TUS DATOS<\/strong><strong>?<\/strong><\/p>\n<p>Conservaremos tus datos como cliente el tiempo necesario para la prestaci\u00f3n del servicio. Posteriormente, sus datos personales permanecer\u00e1n bloqueados y s\u00f3lo a disposici\u00f3n de las autoridades competentes hasta que prescriban las responsabilidades que puedan derivarse del tratamiento, siendo despu\u00e9s eliminados de forma segura, o bien anonimizados de forma que podamos seguir utiliz\u00e1ndolos con fines anal\u00edticos.<\/p>\n<p>Conservaremos tus datos como Usuario registrado del Sitio Web hasta que solicites la baja o revoques tu consentimiento.<\/p>\n<p>Conservaremos tus datos para el env\u00edo de comunicaciones comerciales mientras la informaci\u00f3n que sea enviada a tu e-mail no indique ning\u00fan error en el env\u00edo o hasta que revoques tu consentimiento.<\/p>\n<p>\u00a0<\/p>\n<p><strong>7. \u00bf<\/strong><strong>QU\u00c9 DERECHOS TIENES<\/strong><strong>?<\/strong><\/p>\n<p>Puedes ejercitar los siguientes derechos, en cualquier momento y de manera gratuita:<\/p>\n<ul>\n<li>Obtener confirmaci\u00f3n acerca de si se estamos tratando datos personales que te conciernen o no.<\/li>\n<li>Acceder a tus datos personales.<\/li>\n<li>Rectificar datos inexactos o incompletos.<\/li>\n<li>Solicitar la supresi\u00f3n de tus datos.<\/li>\n<li>Revocar el consentimiento para el tratamiento de tus datos, en caso de que nos lo hayas otorgado, por ejemplo para el env\u00edo de comunicaciones comerciales.<\/li>\n<li>Solicitar la limitaci\u00f3n del tratamiento de tus datos cuando se cumpla alguna de las condiciones previstas en la normativa.<\/li>\n<li>Solicitar la portabilidad de tus datos.<\/li>\n<li>Oponerte al tratamiento de tus datos, en caso de que estemos utilizando tus datos personales para remitirte comunicaciones comerciales basadas en nuestro inter\u00e9s leg\u00edtimo.<\/li>\n<li>Interponer una reclamaci\u00f3n relativa a la protecci\u00f3n de datos personales ante la Agencia Espa\u00f1ola de Protecci\u00f3n de Datos (<a href=\"http:\/\/www.aepd.es\">aepd.es<\/a>).<\/li>\n<\/ul>\n<p>\u00a0<\/p>\n<p>Para ello, puedes ponerte en contacto con nosotros a trav\u00e9s de un escrito o correo electr\u00f3nico, dirigidos a la direcci\u00f3n f\u00edsica o de email indicadas en el apartado 1 de la presente Pol\u00edtica de Privacidad, adjuntando copia de tu documento de identidad, con la referencia \u00abProtecci\u00f3n de Datos\u00bb.<\/p>\n<p>Como Usuario debes tener en cuenta que la seguridad de los sistemas inform\u00e1ticos nunca es absoluta. Cuando se facilitan datos personales a trav\u00e9s de internet, dicha informaci\u00f3n puede ser recogida y tratada por terceros no autorizados sin tu consentimiento y tratada por terceros no autorizados.<\/p>\n<p><strong>\u00a0<\/strong><\/p>\n<p><strong>8. RESPONSABILIDAD DEL USUARIO<\/strong><\/p>\n<p>Como Usuario, al facilitarnos datos personales a trav\u00e9s de nuestros formularios, declaras que eres mayor de edad y que los datos personales que nos has facilitado son exactos, verdaderos, completos y est\u00e1n actualizados. A estos efectos, como Usuario respondes de la veracidad de todos los datos personales que nos facilitas y debes mantener convenientemente actualizada la informaci\u00f3n facilitada, de tal forma que responda a su situaci\u00f3n real.<\/p>\n<p>Adem\u00e1s, garantizas que has informado a los terceros de los que facilites sus datos personales, en caso de hacerlo, de los aspectos relativos al tratamiento de sus datos personales y contenidos en la presente Pol\u00edtica de Privacidad. Asimismo, garantizas que has obtenido su autorizaci\u00f3n expresa para facilitarnos sus datos personales con las finalidades indicadas.<\/p>\n<p>\u00a0<\/p>\n<p><strong>9. ENLACES A SITIOS WEB DE TERCEROS<\/strong><\/p>\n<p>Nuestra web puede incluir enlaces a sitios web, plug-ins y aplicaciones de terceros como redes sociales. Hacer clic en esos enlaces o habilitar esas conexiones podr\u00eda dar permiso a terceros para recopilar o compartir datos relacionados contigo. El tratamiento de datos personales que los titulares de estos sitios web realizan no est\u00e1n incluidos en el \u00e1mbito de aplicaci\u00f3n de la presente pol\u00edtica de privacidad. Por tanto, no tenemos ninguna responsabilidad o control sobre la informaci\u00f3n recopilada por terceros ni sobre la protecci\u00f3n y privacidad de la informaci\u00f3n que usted facilita a trav\u00e9s de dichos sitios web. Te recomendamos revisar detenidamente la pol\u00edtica de privacidad de todos los sitios web de terceros para conocer de qu\u00e9 forma recopilan y comparten tu informaci\u00f3n.<\/p>\n<p>\u00a0<\/p>\n<p>Tenemos perfiles en algunas de las principales redes sociales de Internet, como Instagram o Facebook. En estos casos el tratamiento de datos que realizaremos ser\u00e1 el que la red social permita a los perfiles corporativos.<\/p>\n<p>En ocasiones y siempre que no lo proh\u00edba la normativa aplicable, podremos informar a nuestros seguidores por cualquier v\u00eda que la red social correspondiente permita sobre actividades, productos y ofertas, as\u00ed como prestar un servicio personalizado de atenci\u00f3n al cliente. En ning\u00fan caso extraemos datos de las redes sociales, a menos que medie el consentimiento expreso del usuario de la red social para ello (por ejemplo, para la realizaci\u00f3n de concursos, sorteos y actividades similares).<\/p>\n<p>Igualmente, el Sitio Web no permite al Usuario comprar productos, por lo que para ello ser\u00e1s redirigido a nuestro perfil de Amazon, donde te regir\u00e1s por las condiciones de venta y pol\u00edtica de privacidad all\u00ed expuestas.<\/p>\n<p>\u00a0<\/p>\n<p><strong>10. MEDIDAS DE SEGURIDAD<\/strong><\/p>\n<p>Tratamos tus datos personales de forma confidencial y guardando el deber de secreto respecto de los mismos, adoptando en todo momento las medidas de \u00edndole t\u00e9cnica y organizativas necesarias para garantizar la seguridad de tus datos y evitar as\u00ed posibles alteraciones, p\u00e9rdidas, destrucci\u00f3n, tratamientos o accesos no autorizados, seg\u00fan el estado de la t\u00e9cnica, la naturaleza de los datos almacenados y del tratamiento de los mismos y los riesgos a los que est\u00e1n expuestos.<\/p>\n<p>Asimismo, todos nuestros proveedores encargados del tratamiento suscriben con nosotros el correspondiente contrato para asegurarnos, en la medida de lo posible, de que \u00e9stos cumplan con la normativa vigente en materia de protecci\u00f3n de datos.<\/p>\n<p>\u00a0<\/p>\n<p><strong>11. MODIFICACIONES<\/strong><\/p>\n<p>Es probable que actualicemos la presente Pol\u00edtica de Privacidad debido a cambios normativos, recomendaciones de las autoridades competentes o cambios en el tratamiento de tus datos personales. Siempre que realicemos dichas actualizaciones encontrar\u00e1s la \u00faltima versi\u00f3n de nuestra pol\u00edtica de privacidad aqu\u00ed.<\/p>\n<p>\u00a0<\/p><\/div>\n\t\t\t\t<\/div>\n\t\t\t\t\t<\/div>\n\t\t\t\t<\/div>\t\t<\/div>","protected":false},"excerpt":{"rendered":"","protected":false},"author":44,"featured_media":0,"parent":0,"menu_order":0,"comment_status":"closed","ping_status":"closed","template":"","meta":{"footnotes":""},"class_list":["post-2535","page","type-page","status-publish","hentry"],"yoast_head":"<!-- This site is optimized with the Yoast SEO plugin v25.4 - https:\/\/yoast.com\/wordpress\/plugins\/seo\/ -->\n<title>Pol\u00edticas de privacidad - CBD HOME<\/title>\n<meta name=\"robots\" content=\"index, follow, max-snippet:-1, max-image-preview:large, max-video-preview:-1\" \/>\n<link rel=\"canonical\" href=\"https:\/\/cbdhomehub.com\/pt\/politicas-de-privacidad\/\" \/>\n<meta property=\"og:locale\" content=\"pt_PT\" \/>\n<meta property=\"og:type\" content=\"article\" \/>\n<meta property=\"og:title\" content=\"Pol\u00edticas de privacidad - CBD HOME\" \/>\n<meta property=\"og:url\" content=\"https:\/\/cbdhomehub.com\/pt\/politicas-de-privacidad\/\" \/>\n<meta property=\"og:site_name\" content=\"CBD HOME\" \/>\n<meta property=\"article:publisher\" content=\"https:\/\/www.facebook.com\/CBD-HOME-106393425109020\" \/>\n<meta property=\"article:modified_time\" content=\"2025-01-30T11:31:53+00:00\" \/>\n<meta name=\"twitter:card\" content=\"summary_large_image\" \/>\n<meta name=\"twitter:label1\" content=\"Tempo estimado de leitura\" \/>\n\t<meta name=\"twitter:data1\" content=\"10 minutes\" \/>\n<script type=\"application\/ld+json\" class=\"yoast-schema-graph\">{\"@context\":\"https:\/\/schema.org\",\"@graph\":[{\"@type\":\"WebPage\",\"@id\":\"https:\/\/cbdhomehub.com\/politicas-de-privacidad\/\",\"url\":\"https:\/\/cbdhomehub.com\/politicas-de-privacidad\/\",\"name\":\"Pol\u00edticas de privacidad - CBD HOME\",\"isPartOf\":{\"@id\":\"https:\/\/cbdhomehub.com\/#website\"},\"datePublished\":\"2022-05-18T07:49:49+00:00\",\"dateModified\":\"2025-01-30T11:31:53+00:00\",\"breadcrumb\":{\"@id\":\"https:\/\/cbdhomehub.com\/politicas-de-privacidad\/#breadcrumb\"},\"inLanguage\":\"pt-PT\",\"potentialAction\":[{\"@type\":\"ReadAction\",\"target\":[\"https:\/\/cbdhomehub.com\/politicas-de-privacidad\/\"]}]},{\"@type\":\"BreadcrumbList\",\"@id\":\"https:\/\/cbdhomehub.com\/politicas-de-privacidad\/#breadcrumb\",\"itemListElement\":[{\"@type\":\"ListItem\",\"position\":1,\"name\":\"Portada\",\"item\":\"https:\/\/cbdhomehub.com\/\"},{\"@type\":\"ListItem\",\"position\":2,\"name\":\"Pol\u00edticas de privacidad\"}]},{\"@type\":\"WebSite\",\"@id\":\"https:\/\/cbdhomehub.com\/#website\",\"url\":\"https:\/\/cbdhomehub.com\/\",\"name\":\"CBD HOME\",\"description\":\"Tienda de CBD N\u00ba 1 en Amazon\",\"publisher\":{\"@id\":\"https:\/\/cbdhomehub.com\/#organization\"},\"potentialAction\":[{\"@type\":\"SearchAction\",\"target\":{\"@type\":\"EntryPoint\",\"urlTemplate\":\"https:\/\/cbdhomehub.com\/?s={search_term_string}\"},\"query-input\":{\"@type\":\"PropertyValueSpecification\",\"valueRequired\":true,\"valueName\":\"search_term_string\"}}],\"inLanguage\":\"pt-PT\"},{\"@type\":\"Organization\",\"@id\":\"https:\/\/cbdhomehub.com\/#organization\",\"name\":\"CBD HOME\",\"url\":\"https:\/\/cbdhomehub.com\/\",\"logo\":{\"@type\":\"ImageObject\",\"inLanguage\":\"pt-PT\",\"@id\":\"https:\/\/cbdhomehub.com\/#\/schema\/logo\/image\/\",\"url\":\"https:\/\/cbdhomehub.comwp-content\/uploads\/2022\/05\/logo2HDnegroTM.png\",\"contentUrl\":\"https:\/\/cbdhomehub.comwp-content\/uploads\/2022\/05\/logo2HDnegroTM.png\",\"width\":4193,\"height\":646,\"caption\":\"CBD HOME\"},\"image\":{\"@id\":\"https:\/\/cbdhomehub.com\/#\/schema\/logo\/image\/\"},\"sameAs\":[\"https:\/\/www.facebook.com\/CBD-HOME-106393425109020\",\"https:\/\/www.instagram.com\/cbdhomelab\/\",\"https:\/\/www.linkedin.com\/company\/cbd-home\/about\/\"]}]}<\/script>\n<!-- \/ Yoast SEO plugin. -->","yoast_head_json":{"title":"Pol\u00edticas de privacidad - CBD HOME","robots":{"index":"index","follow":"follow","max-snippet":"max-snippet:-1","max-image-preview":"max-image-preview:large","max-video-preview":"max-video-preview:-1"},"canonical":"https:\/\/cbdhomehub.com\/pt\/politicas-de-privacidad\/","og_locale":"pt_PT","og_type":"article","og_title":"Pol\u00edticas de privacidad - CBD HOME","og_url":"https:\/\/cbdhomehub.com\/pt\/politicas-de-privacidad\/","og_site_name":"CBD HOME","article_publisher":"https:\/\/www.facebook.com\/CBD-HOME-106393425109020","article_modified_time":"2025-01-30T11:31:53+00:00","twitter_card":"summary_large_image","twitter_misc":{"Tempo estimado de leitura":"10 minutes"},"schema":{"@context":"https:\/\/schema.org","@graph":[{"@type":"WebPage","@id":"https:\/\/cbdhomehub.com\/politicas-de-privacidad\/","url":"https:\/\/cbdhomehub.com\/politicas-de-privacidad\/","name":"Pol\u00edticas de privacidad - CBD HOME","isPartOf":{"@id":"https:\/\/cbdhomehub.com\/#website"},"datePublished":"2022-05-18T07:49:49+00:00","dateModified":"2025-01-30T11:31:53+00:00","breadcrumb":{"@id":"https:\/\/cbdhomehub.com\/politicas-de-privacidad\/#breadcrumb"},"inLanguage":"pt-PT","potentialAction":[{"@type":"ReadAction","target":["https:\/\/cbdhomehub.com\/politicas-de-privacidad\/"]}]},{"@type":"BreadcrumbList","@id":"https:\/\/cbdhomehub.com\/politicas-de-privacidad\/#breadcrumb","itemListElement":[{"@type":"ListItem","position":1,"name":"Portada","item":"https:\/\/cbdhomehub.com\/"},{"@type":"ListItem","position":2,"name":"Pol\u00edticas de privacidad"}]},{"@type":"WebSite","@id":"https:\/\/cbdhomehub.com\/#website","url":"https:\/\/cbdhomehub.com\/","name":"CBD HOME","description":"Tienda de CBD N\u00ba 1 en Amazon","publisher":{"@id":"https:\/\/cbdhomehub.com\/#organization"},"potentialAction":[{"@type":"SearchAction","target":{"@type":"EntryPoint","urlTemplate":"https:\/\/cbdhomehub.com\/?s={search_term_string}"},"query-input":{"@type":"PropertyValueSpecification","valueRequired":true,"valueName":"search_term_string"}}],"inLanguage":"pt-PT"},{"@type":"Organization","@id":"https:\/\/cbdhomehub.com\/#organization","name":"CBD HOME","url":"https:\/\/cbdhomehub.com\/","logo":{"@type":"ImageObject","inLanguage":"pt-PT","@id":"https:\/\/cbdhomehub.com\/#\/schema\/logo\/image\/","url":"https:\/\/cbdhomehub.comwp-content\/uploads\/2022\/05\/logo2HDnegroTM.png","contentUrl":"https:\/\/cbdhomehub.comwp-content\/uploads\/2022\/05\/logo2HDnegroTM.png","width":4193,"height":646,"caption":"CBD HOME"},"image":{"@id":"https:\/\/cbdhomehub.com\/#\/schema\/logo\/image\/"},"sameAs":["https:\/\/www.facebook.com\/CBD-HOME-106393425109020","https:\/\/www.instagram.com\/cbdhomelab\/","https:\/\/www.linkedin.com\/company\/cbd-home\/about\/"]}]}},"jetpack_sharing_enabled":true,"_links":{"self":[{"href":"https:\/\/cbdhomehub.com\/pt\/wp-json\/wp\/v2\/pages\/2535","targetHints":{"allow":["GET"]}}],"collection":[{"href":"https:\/\/cbdhomehub.com\/pt\/wp-json\/wp\/v2\/pages"}],"about":[{"href":"https:\/\/cbdhomehub.com\/pt\/wp-json\/wp\/v2\/types\/page"}],"author":[{"embeddable":true,"href":"https:\/\/cbdhomehub.com\/pt\/wp-json\/wp\/v2\/users\/44"}],"replies":[{"embeddable":true,"href":"https:\/\/cbdhomehub.com\/pt\/wp-json\/wp\/v2\/comments?post=2535"}],"version-history":[{"count":7,"href":"https:\/\/cbdhomehub.com\/pt\/wp-json\/wp\/v2\/pages\/2535\/revisions"}],"predecessor-version":[{"id":9437,"href":"https:\/\/cbdhomehub.com\/pt\/wp-json\/wp\/v2\/pages\/2535\/revisions\/9437"}],"wp:attachment":[{"href":"https:\/\/cbdhomehub.com\/pt\/wp-json\/wp\/v2\/media?parent=2535"}],"curies":[{"name":"wp","href":"https:\/\/api.w.org\/{rel}","templated":true}]}}