{"id":2533,"date":"2022-05-18T07:48:52","date_gmt":"2022-05-18T07:48:52","guid":{"rendered":"https:\/\/factum-omibu.es\/cbdhome\/?page_id=2533"},"modified":"2025-01-30T11:25:58","modified_gmt":"2025-01-30T11:25:58","slug":"aviso-legal","status":"publish","type":"page","link":"https:\/\/cbdhomehub.com\/pt\/aviso-legal\/","title":{"rendered":"Aviso legal"},"content":{"rendered":"<div data-elementor-type=\"wp-page\" data-elementor-id=\"2533\" class=\"elementor elementor-2533\" data-elementor-post-type=\"page\">\n\t\t\t\t<div class=\"elementor-element elementor-element-5e521b71 e-flex e-con-boxed e-con e-parent\" data-id=\"5e521b71\" data-element_type=\"container\">\n\t\t\t\t\t<div class=\"e-con-inner\">\n\t\t\t\t<div class=\"elementor-element elementor-element-2eb8a98 elementor-widget elementor-widget-text-editor\" data-id=\"2eb8a98\" data-element_type=\"widget\" data-widget_type=\"text-editor.default\">\n\t\t\t\t<div class=\"elementor-widget-container\"><p><strong>1. INTRODUCCI\u00d3N Y DATOS IDENTIFICATIVOS<\/strong><\/p>\n<p>El sitio web de Internet <a href=\"https:\/\/cbdhomehub.com\/pt\/\">https:\/\/cbdhomehub.com<\/a> (en adelante el Sitio Web) es responsabilidad de CBD HOME S.L. (en adelante la Entidad), cuyos datos a los efectos del cumplimiento de las obligaciones contenidas en el art\u00edculo 10 de la Ley 34\/2002, de 11 de julio, de Servicios de la Sociedad de la Informaci\u00f3n y Comercio Electr\u00f3nico (LSSI), son los siguientes:<\/p>\n<ul>\n<li>Nombre: CBD HOME S.L.<\/li>\n<li>NIF: B72553605<\/li>\n<li>Domicilio: Plaza del Campillo 7, 1\u00ba. 18009 Granada.<\/li>\n<\/ul>\n<p>El acceso al Sitio Web, as\u00ed como a todos sus contenidos, implican la aceptaci\u00f3n sin reservas del presente Aviso Legal, atribuyendo a toda persona que acceda al Sitio Web la condici\u00f3n de usuario (en adelante, el Usuario). En caso de que como Usuario no comprendas o no est\u00e9s de acuerdo con el contenido del presente Aviso Legal te recomendamos que abandones el Sitio Web.<\/p>\n<p>\u00a0<\/p>\n<p><strong>2. COMUNICACIONES<\/strong><\/p>\n<p>Para comunicarte con la Entidad, ponemos a tu disposici\u00f3n los siguientes medios de contacto:<\/p>\n<ul>\n<li>Email: <a href=\"mailto:info@cbdhomehub.com\">info@cbdhomehub.com<\/a><\/li>\n<li>Direcci\u00f3n postal: La indicada en el apartado anterior.<\/li>\n<\/ul>\n<p>Todas las notificaciones y comunicaciones entre el Usuario y la Entidad se considerar\u00e1n eficaces, a todos los efectos, cuando se realicen a trav\u00e9s de cualquier medio de los detallados.<\/p>\n<p>\u00a0<\/p>\n<p><strong>3. CONDICIONES DE USO DEL SITIO WEB Y RESPONSABILIDAD<\/strong><\/p>\n<p>A trav\u00e9s del Sitio Web, ponemos a disposici\u00f3n del Usuario informaci\u00f3n sobre la Entidad, los diferentes productos que ofrecemos, as\u00ed como sus caracter\u00edsticas, precios y la posibilidad de comprarlos mediante la remisi\u00f3n a la plataforma de Amazon.<\/p>\n<p>El Usuario se compromete expresamente a hacer un uso adecuado de los contenidos y servicios del Sitio Web y a no emplearlos para, entre otros:<\/p>\n<ul>\n<li>Actividades delictivas o, en general, contrarias a la ley, la moral, las buenas pr\u00e1cticas o al orden p\u00fablico,<\/li>\n<li>Introducir archivos que contengan virus, Malware, Spyware o cualquier otro programa inform\u00e1tico que pudiera causar un perjuicio o da\u00f1ar de cualquier forma cualquier terminal inform\u00e1tico de la Entidad o de terceros,<\/li>\n<li>Vulnerar la legislaci\u00f3n en materia de propiedad intelectual e industrial, as\u00ed como los derechos que ostenta la Entidad sobre los productos que oferta, sobre los contenidos, creaciones, marcas y cualquier otro material que contiene el Sitio Web,<\/li>\n<li>Reproducir, copiar, distribuir, poner a disposici\u00f3n de, o cualquier otra forma de comunicaci\u00f3n p\u00fablica, transformar o modificar las creaciones, marcas, productos y cualquier otro material que contiene el Sitio Web,<\/li>\n<li>Vulnerar la legislaci\u00f3n en materia de protecci\u00f3n de datos de car\u00e1cter personal,<\/li>\n<li>Atentar contra el honor, la intimidad personal o familiar o la propia imagen de terceras personas.<\/li>\n<li>Recabar o utilizar los datos, informaci\u00f3n o espacios que el Sitio Web pone a disposici\u00f3n del Usuario con fines publicitarios o comerciales de cualquier tipo.<\/li>\n<\/ul>\n<p>El Usuario garantiza la autenticidad y actualidad de todos aquellos datos que comunique a la Entidad y ser\u00e1 el \u00fanico responsable de las manifestaciones falsas o inexactas que realice.<\/p>\n<p>La Entidad se reserva el derecho a impedir el acceso del Usuario al Sitio Web en caso de incumplimiento de la legislaci\u00f3n vigente o por incumplimiento de los t\u00e9rminos y condiciones contemplados en el presente Aviso Legal.<\/p>\n<p>Para conocer toda la informaci\u00f3n relativa a la venta de productos de la Entidad consulta las condiciones de venta en la Store de Amazon, las cuales constituyen el contrato de compraventa cuando el Usuario cuando adquiere un producto a trav\u00e9s del Sitio Web.<\/p>\n<p>Para cuestiones relacionadas con tus datos personales consulta nuestra Pol\u00edtica de Privacidad y Pol\u00edtica de Cookies.<\/p>\n<p>\u00a0<\/p>\n<p><strong>4. EXONERACI\u00d3N DE RESPONSABILIDAD DE LA ENTIDAD<\/strong><\/p>\n<p>La Entidad no se hace responsable, ni directa ni subsidiariamente, de:<\/p>\n<ul>\n<li>La calidad del servicio de internet, la velocidad de acceso al Sitio Web, el correcto funcionamiento del mismo, ni la disponibilidad o continuidad de funcionamiento del Sitio Web,<\/li>\n<li>Los perjuicios que puedan causarse en los equipos de los usuarios por el acceso y utilizaci\u00f3n del Sitio Web,<\/li>\n<li>El incumplimiento por parte del Usuario de la ley, la moral, las buenas costumbres o el orden p\u00fablico, como consecuencia de la transmisi\u00f3n, difusi\u00f3n, almacenamiento, puesta a disposici\u00f3n, recepci\u00f3n, obtenci\u00f3n o acceso a contenidos del Sitio Web.<\/li>\n<li>Los enlaces e hiperv\u00ednculos que mediante el Sitio Web permitan al Usuario acceder a prestaciones y servicios ofrecidos por terceros no pertenecientes o ajenos al control de la Entidad, no siendo responsable la Entidad ni de la informaci\u00f3n contenida en aqu\u00e9llos, ni del tratamiento de datos que pudieran realizar, ni de cualesquiera efectos que pudieran derivarse de dicha informaci\u00f3n.<\/li>\n<li>La infracci\u00f3n de los derechos de propiedad intelectual e industrial, de los derechos al honor, a la intimidad personal y familiar y a la propia imagen, del derecho a la protecci\u00f3n de datos de car\u00e1cter personal o de cualquier otra naturaleza, pertenecientes a terceros, llevada a cabo por el Usuario, colaboradores o terceras personas.<\/li>\n<\/ul>\n<p>\u00a0<\/p>\n<p><strong>5. PROPIEDAD INTELECTUAL E INDUSTRIAL\u00a0<\/strong><\/p>\n<p>El Sitio Web est\u00e1 protegido por la legislaci\u00f3n nacional e internacional en materia de Propiedad Intelectual e Industrial, quedando prohibida la reproducci\u00f3n, distribuci\u00f3n, comunicaci\u00f3n p\u00fablica (incluyendo su modalidad de puesta a disposici\u00f3n) y transformaci\u00f3n total o parcial de el Sitio Web, de la informaci\u00f3n contenida en el mismo, de cualquiera de los elementos que lo componen y entre los que se incluyen de manera enunciativa y no limitativa, productos, obras, textos, im\u00e1genes, marcas, gr\u00e1ficos, logotipos, botones, archivos de software, combinaciones de colores, as\u00ed como la estructura, selecci\u00f3n, ordenaci\u00f3n y presentaci\u00f3n de sus contenidos, sin perjuicio de los derechos que terceras personas pudiesen tener sobre cualquiera de los elementos de la misma.<\/p>\n<p>Si cualquier Usuario o tercero considera que la Entidad est\u00e1 vulnerando sus derechos de propiedad intelectual e industrial o sus derechos de imagen a trav\u00e9s del Sitio Web, por favor, p\u00f3ngase en contacto con nosotros mediante los medios de comunicaci\u00f3n expuestos en el apartado 2. COMUNICACIONES, del presente Aviso Legal.<\/p>\n<p>\u00a0<\/p>\n<p><strong>6. MODIFICACIONES<\/strong><\/p>\n<p>La entidad se reserva el derecho a modificar, unilateralmente, en cualquier momento y sin previo aviso el presente Aviso Legal, los contenidos, productos y los precios contenidos en el Sitio Web. En estos casos se proceder\u00e1 a su publicaci\u00f3n y aviso con la m\u00e1xima antelaci\u00f3n posible.<\/p>\n<p>Igualmente, la Entidad se reserva el derecho a suspender temporalmente los servicios y venta de productos a trav\u00e9s del Sitio Web, para efectuar operaciones de mantenimiento o mejora de los mismos o por motivos de cualquier \u00edndole.<\/p>\n<p>\u00a0<\/p>\n<p><strong>7. FUERO<\/strong><\/p>\n<p>El presente Aviso Legal se encuentra sometido a la legislaci\u00f3n espa\u00f1ola vigente. Para cualquier tipo de controversia derivada de la utilizaci\u00f3n de los servicios ofrecidos, la compra de productos o de los contenidos propios del Sitio Web, las partes se someten a la jurisdicci\u00f3n y competencia de los tribunales de la ciudad de Granada, siempre y cuando ello fuese legalmente posible. En caso contrario, las partes se someter\u00e1n a los tribunales competentes seg\u00fan la legislaci\u00f3n vigente en cada momento.<\/p>\n<p>\u00a0<\/p>\n<p><strong>\u00a0<\/strong><\/p><\/div>\n\t\t\t\t<\/div>\n\t\t\t\t\t<\/div>\n\t\t\t\t<\/div>\t\t<\/div>","protected":false},"excerpt":{"rendered":"","protected":false},"author":44,"featured_media":0,"parent":0,"menu_order":0,"comment_status":"closed","ping_status":"closed","template":"","meta":{"footnotes":""},"class_list":["post-2533","page","type-page","status-publish","hentry"],"yoast_head":"<!-- This site is optimized with the Yoast SEO plugin v25.4 - https:\/\/yoast.com\/wordpress\/plugins\/seo\/ -->\n<title>Aviso legal - CBD HOME<\/title>\n<meta name=\"robots\" content=\"index, follow, max-snippet:-1, max-image-preview:large, max-video-preview:-1\" \/>\n<link rel=\"canonical\" href=\"https:\/\/cbdhomehub.com\/pt\/aviso-legal\/\" \/>\n<meta property=\"og:locale\" content=\"pt_PT\" \/>\n<meta property=\"og:type\" content=\"article\" \/>\n<meta property=\"og:title\" content=\"Aviso legal - CBD HOME\" \/>\n<meta property=\"og:url\" content=\"https:\/\/cbdhomehub.com\/pt\/aviso-legal\/\" \/>\n<meta property=\"og:site_name\" content=\"CBD HOME\" \/>\n<meta property=\"article:publisher\" content=\"https:\/\/www.facebook.com\/CBD-HOME-106393425109020\" \/>\n<meta property=\"article:modified_time\" content=\"2025-01-30T11:25:58+00:00\" \/>\n<meta name=\"twitter:card\" content=\"summary_large_image\" \/>\n<meta name=\"twitter:label1\" content=\"Tempo estimado de leitura\" \/>\n\t<meta name=\"twitter:data1\" content=\"6 minutes\" \/>\n<script type=\"application\/ld+json\" class=\"yoast-schema-graph\">{\"@context\":\"https:\/\/schema.org\",\"@graph\":[{\"@type\":\"WebPage\",\"@id\":\"https:\/\/cbdhomehub.com\/aviso-legal\/\",\"url\":\"https:\/\/cbdhomehub.com\/aviso-legal\/\",\"name\":\"Aviso legal - CBD HOME\",\"isPartOf\":{\"@id\":\"https:\/\/cbdhomehub.com\/#website\"},\"datePublished\":\"2022-05-18T07:48:52+00:00\",\"dateModified\":\"2025-01-30T11:25:58+00:00\",\"breadcrumb\":{\"@id\":\"https:\/\/cbdhomehub.com\/aviso-legal\/#breadcrumb\"},\"inLanguage\":\"pt-PT\",\"potentialAction\":[{\"@type\":\"ReadAction\",\"target\":[\"https:\/\/cbdhomehub.com\/aviso-legal\/\"]}]},{\"@type\":\"BreadcrumbList\",\"@id\":\"https:\/\/cbdhomehub.com\/aviso-legal\/#breadcrumb\",\"itemListElement\":[{\"@type\":\"ListItem\",\"position\":1,\"name\":\"Portada\",\"item\":\"https:\/\/cbdhomehub.com\/\"},{\"@type\":\"ListItem\",\"position\":2,\"name\":\"Aviso legal\"}]},{\"@type\":\"WebSite\",\"@id\":\"https:\/\/cbdhomehub.com\/#website\",\"url\":\"https:\/\/cbdhomehub.com\/\",\"name\":\"CBD HOME\",\"description\":\"Tienda de CBD N\u00ba 1 en Amazon\",\"publisher\":{\"@id\":\"https:\/\/cbdhomehub.com\/#organization\"},\"potentialAction\":[{\"@type\":\"SearchAction\",\"target\":{\"@type\":\"EntryPoint\",\"urlTemplate\":\"https:\/\/cbdhomehub.com\/?s={search_term_string}\"},\"query-input\":{\"@type\":\"PropertyValueSpecification\",\"valueRequired\":true,\"valueName\":\"search_term_string\"}}],\"inLanguage\":\"pt-PT\"},{\"@type\":\"Organization\",\"@id\":\"https:\/\/cbdhomehub.com\/#organization\",\"name\":\"CBD HOME\",\"url\":\"https:\/\/cbdhomehub.com\/\",\"logo\":{\"@type\":\"ImageObject\",\"inLanguage\":\"pt-PT\",\"@id\":\"https:\/\/cbdhomehub.com\/#\/schema\/logo\/image\/\",\"url\":\"https:\/\/cbdhomehub.comwp-content\/uploads\/2022\/05\/logo2HDnegroTM.png\",\"contentUrl\":\"https:\/\/cbdhomehub.comwp-content\/uploads\/2022\/05\/logo2HDnegroTM.png\",\"width\":4193,\"height\":646,\"caption\":\"CBD HOME\"},\"image\":{\"@id\":\"https:\/\/cbdhomehub.com\/#\/schema\/logo\/image\/\"},\"sameAs\":[\"https:\/\/www.facebook.com\/CBD-HOME-106393425109020\",\"https:\/\/www.instagram.com\/cbdhomelab\/\",\"https:\/\/www.linkedin.com\/company\/cbd-home\/about\/\"]}]}<\/script>\n<!-- \/ Yoast SEO plugin. -->","yoast_head_json":{"title":"Aviso legal - CBD HOME","robots":{"index":"index","follow":"follow","max-snippet":"max-snippet:-1","max-image-preview":"max-image-preview:large","max-video-preview":"max-video-preview:-1"},"canonical":"https:\/\/cbdhomehub.com\/pt\/aviso-legal\/","og_locale":"pt_PT","og_type":"article","og_title":"Aviso legal - CBD HOME","og_url":"https:\/\/cbdhomehub.com\/pt\/aviso-legal\/","og_site_name":"CBD HOME","article_publisher":"https:\/\/www.facebook.com\/CBD-HOME-106393425109020","article_modified_time":"2025-01-30T11:25:58+00:00","twitter_card":"summary_large_image","twitter_misc":{"Tempo estimado de leitura":"6 minutes"},"schema":{"@context":"https:\/\/schema.org","@graph":[{"@type":"WebPage","@id":"https:\/\/cbdhomehub.com\/aviso-legal\/","url":"https:\/\/cbdhomehub.com\/aviso-legal\/","name":"Aviso legal - CBD HOME","isPartOf":{"@id":"https:\/\/cbdhomehub.com\/#website"},"datePublished":"2022-05-18T07:48:52+00:00","dateModified":"2025-01-30T11:25:58+00:00","breadcrumb":{"@id":"https:\/\/cbdhomehub.com\/aviso-legal\/#breadcrumb"},"inLanguage":"pt-PT","potentialAction":[{"@type":"ReadAction","target":["https:\/\/cbdhomehub.com\/aviso-legal\/"]}]},{"@type":"BreadcrumbList","@id":"https:\/\/cbdhomehub.com\/aviso-legal\/#breadcrumb","itemListElement":[{"@type":"ListItem","position":1,"name":"Portada","item":"https:\/\/cbdhomehub.com\/"},{"@type":"ListItem","position":2,"name":"Aviso legal"}]},{"@type":"WebSite","@id":"https:\/\/cbdhomehub.com\/#website","url":"https:\/\/cbdhomehub.com\/","name":"CBD HOME","description":"Tienda de CBD N\u00ba 1 en Amazon","publisher":{"@id":"https:\/\/cbdhomehub.com\/#organization"},"potentialAction":[{"@type":"SearchAction","target":{"@type":"EntryPoint","urlTemplate":"https:\/\/cbdhomehub.com\/?s={search_term_string}"},"query-input":{"@type":"PropertyValueSpecification","valueRequired":true,"valueName":"search_term_string"}}],"inLanguage":"pt-PT"},{"@type":"Organization","@id":"https:\/\/cbdhomehub.com\/#organization","name":"CBD HOME","url":"https:\/\/cbdhomehub.com\/","logo":{"@type":"ImageObject","inLanguage":"pt-PT","@id":"https:\/\/cbdhomehub.com\/#\/schema\/logo\/image\/","url":"https:\/\/cbdhomehub.comwp-content\/uploads\/2022\/05\/logo2HDnegroTM.png","contentUrl":"https:\/\/cbdhomehub.comwp-content\/uploads\/2022\/05\/logo2HDnegroTM.png","width":4193,"height":646,"caption":"CBD HOME"},"image":{"@id":"https:\/\/cbdhomehub.com\/#\/schema\/logo\/image\/"},"sameAs":["https:\/\/www.facebook.com\/CBD-HOME-106393425109020","https:\/\/www.instagram.com\/cbdhomelab\/","https:\/\/www.linkedin.com\/company\/cbd-home\/about\/"]}]}},"jetpack_sharing_enabled":true,"_links":{"self":[{"href":"https:\/\/cbdhomehub.com\/pt\/wp-json\/wp\/v2\/pages\/2533","targetHints":{"allow":["GET"]}}],"collection":[{"href":"https:\/\/cbdhomehub.com\/pt\/wp-json\/wp\/v2\/pages"}],"about":[{"href":"https:\/\/cbdhomehub.com\/pt\/wp-json\/wp\/v2\/types\/page"}],"author":[{"embeddable":true,"href":"https:\/\/cbdhomehub.com\/pt\/wp-json\/wp\/v2\/users\/44"}],"replies":[{"embeddable":true,"href":"https:\/\/cbdhomehub.com\/pt\/wp-json\/wp\/v2\/comments?post=2533"}],"version-history":[{"count":9,"href":"https:\/\/cbdhomehub.com\/pt\/wp-json\/wp\/v2\/pages\/2533\/revisions"}],"predecessor-version":[{"id":9434,"href":"https:\/\/cbdhomehub.com\/pt\/wp-json\/wp\/v2\/pages\/2533\/revisions\/9434"}],"wp:attachment":[{"href":"https:\/\/cbdhomehub.com\/pt\/wp-json\/wp\/v2\/media?parent=2533"}],"curies":[{"name":"wp","href":"https:\/\/api.w.org\/{rel}","templated":true}]}}