{"id":7849,"date":"2024-08-30T16:36:41","date_gmt":"2024-08-30T16:36:41","guid":{"rendered":"https:\/\/cbdhomehub.com?post_type=product&#038;p=7849"},"modified":"2026-01-26T12:22:03","modified_gmt":"2026-01-26T11:22:03","slug":"perlas-cbd-con-melatonina","status":"publish","type":"product","link":"https:\/\/cbdhomehub.com\/it\/perlas-cbd-con-melatonina\/","title":{"rendered":"Perlas CBD con Melatonina"},"content":{"rendered":"<ul>\n<li style=\"text-align: left;\">Perlas CBD con Melatonina<\/li>\n<li style=\"text-align: left;\">Base de aceite de oliva<\/li>\n<li style=\"text-align: left;\">Cantidad de CBD: 1 perla contiene 100mg de CBD.<\/li>\n<li style=\"text-align: left;\">Contenido: 90 perlas.<\/li>\n<li style=\"text-align: left;\">Rico en Omega 3 y 6.<\/li>\n<li style=\"text-align: left;\">Ingredientes naturales certificados por la Uni\u00f3n Europea.<\/li>\n<li style=\"text-align: left;\">100% ecol\u00f3gico.<\/li>\n<li style=\"text-align: left;\">Producido en Espa\u00f1a.<\/li>\n<li style=\"text-align: left;\">Frasco de cristal con cuchara dosificadora.<\/li>\n<li>EAN: 8437025296637<\/li>\n<\/ul>","protected":false},"excerpt":{"rendered":"<p><a class=\"compraAmazon fl-button\" role=\"button\" href=\"https:\/\/amzn.to\/4aNaOKI\" target=\"_blank\" rel=\"noopener\"> <span class=\"fl-button-text\"><i class=\"fl-button-icon fl-button-icon-before fab fa-amazon\" aria-hidden=\"true\"><\/i>\u00a0\u00a0Comprar en Amazon<\/span> <\/a><\/p>\n<p>Descubre CBD HOME Pearls, una soluci\u00f3n innovadora para tu bienestar general. Este producto exclusivo contiene 90 perlas de CBD con Melatonina, cada una enriquecida con 100 mg de CBD puro certificado, ofreciendo una alta concentraci\u00f3n del 40% de CBD. Una de las caracter\u00edsticas m\u00e1s innovadoras de CBD HOME Pearls es que cada perla contiene la cantidad recomendada de CBD, lo que simplifica su uso y asegura que los usuarios reciban la cantidad adecuada. Esta presentaci\u00f3n es \u00fanica en el mercado, ofreciendo una soluci\u00f3n conveniente y eficaz.<\/p>\n<p class=\"ingredientesDesc\"><a href=\"\/it\/analisis\/\">Consultar anal\u00edtica de producto<\/a><\/p>","protected":false},"featured_media":8182,"comment_status":"open","ping_status":"closed","template":"","meta":[],"product_brand":[],"product_cat":[89,24],"product_tag":[],"class_list":{"0":"post-7849","1":"product","2":"type-product","3":"status-publish","4":"has-post-thumbnail","6":"product_cat-perlas","7":"product_cat-todos-los-productos","9":"first","10":"outofstock","11":"taxable","12":"shipping-taxable","13":"purchasable","14":"product-type-simple","15":"layout-style-2","16":"col-md-4 col-sm-4 col-xs-6","17":"col-lg-3","18":"product-has-gallery","19":"product-style-addtocart"},"yoast_head":"<!-- This site is optimized with the Yoast SEO plugin v25.4 - https:\/\/yoast.com\/wordpress\/plugins\/seo\/ -->\n<title>Perlas CBD con Melatonina - CBD HOME<\/title>\n<meta name=\"description\" content=\"Con 90 perlas de CBD y Melatonina de alta calidad, fabricadas en la UE y dise\u00f1adas para proporcionar los beneficios del CBD de una manera f\u00e1cil y c\u00f3moda.\" \/>\n<meta name=\"robots\" content=\"index, follow, max-snippet:-1, max-image-preview:large, max-video-preview:-1\" \/>\n<link rel=\"canonical\" href=\"https:\/\/cbdhomehub.com\/it\/perlas-cbd-con-melatonina\/\" \/>\n<meta property=\"og:locale\" content=\"it_IT\" \/>\n<meta property=\"og:type\" content=\"article\" \/>\n<meta property=\"og:title\" content=\"Perlas CBD con Melatonina - CBD HOME\" \/>\n<meta property=\"og:description\" content=\"Con 90 perlas de CBD y Melatonina de alta calidad, fabricadas en la UE y dise\u00f1adas para proporcionar los beneficios del CBD de una manera f\u00e1cil y c\u00f3moda.\" \/>\n<meta property=\"og:url\" content=\"https:\/\/cbdhomehub.com\/it\/perlas-cbd-con-melatonina\/\" \/>\n<meta property=\"og:site_name\" content=\"CBD HOME\" \/>\n<meta property=\"article:publisher\" content=\"https:\/\/www.facebook.com\/CBD-HOME-106393425109020\" \/>\n<meta property=\"article:modified_time\" content=\"2026-01-26T11:22:03+00:00\" \/>\n<meta property=\"og:image\" content=\"https:\/\/cbdhomehub.com\/wp-content\/uploads\/2024\/08\/B0DBRDDGSW.MAIN_.png\" \/>\n\t<meta property=\"og:image:width\" content=\"1080\" \/>\n\t<meta property=\"og:image:height\" content=\"1080\" \/>\n\t<meta property=\"og:image:type\" content=\"image\/png\" \/>\n<meta name=\"twitter:card\" content=\"summary_large_image\" \/>\n<meta name=\"twitter:label1\" content=\"Tempo di lettura stimato\" \/>\n\t<meta name=\"twitter:data1\" content=\"1 minuto\" \/>\n<script type=\"application\/ld+json\" class=\"yoast-schema-graph\">{\"@context\":\"https:\/\/schema.org\",\"@graph\":[{\"@type\":\"WebPage\",\"@id\":\"https:\/\/cbdhomehub.com\/perlas-cbd-con-melatonina\/\",\"url\":\"https:\/\/cbdhomehub.com\/perlas-cbd-con-melatonina\/\",\"name\":\"Perlas CBD con Melatonina - CBD HOME\",\"isPartOf\":{\"@id\":\"https:\/\/cbdhomehub.com\/#website\"},\"primaryImageOfPage\":{\"@id\":\"https:\/\/cbdhomehub.com\/perlas-cbd-con-melatonina\/#primaryimage\"},\"image\":{\"@id\":\"https:\/\/cbdhomehub.com\/perlas-cbd-con-melatonina\/#primaryimage\"},\"thumbnailUrl\":\"https:\/\/cbdhomehub.com\/wp-content\/uploads\/2024\/08\/B0DBRDDGSW.MAIN_.png\",\"datePublished\":\"2024-08-30T16:36:41+00:00\",\"dateModified\":\"2026-01-26T11:22:03+00:00\",\"description\":\"Con 90 perlas de CBD y Melatonina de alta calidad, fabricadas en la UE y dise\u00f1adas para proporcionar los beneficios del CBD de una manera f\u00e1cil y c\u00f3moda.\",\"breadcrumb\":{\"@id\":\"https:\/\/cbdhomehub.com\/perlas-cbd-con-melatonina\/#breadcrumb\"},\"inLanguage\":\"it-IT\",\"potentialAction\":[{\"@type\":\"ReadAction\",\"target\":[\"https:\/\/cbdhomehub.com\/perlas-cbd-con-melatonina\/\"]}]},{\"@type\":\"ImageObject\",\"inLanguage\":\"it-IT\",\"@id\":\"https:\/\/cbdhomehub.com\/perlas-cbd-con-melatonina\/#primaryimage\",\"url\":\"https:\/\/cbdhomehub.com\/wp-content\/uploads\/2024\/08\/B0DBRDDGSW.MAIN_.png\",\"contentUrl\":\"https:\/\/cbdhomehub.com\/wp-content\/uploads\/2024\/08\/B0DBRDDGSW.MAIN_.png\",\"width\":1080,\"height\":1080},{\"@type\":\"BreadcrumbList\",\"@id\":\"https:\/\/cbdhomehub.com\/perlas-cbd-con-melatonina\/#breadcrumb\",\"itemListElement\":[{\"@type\":\"ListItem\",\"position\":1,\"name\":\"Portada\",\"item\":\"https:\/\/cbdhomehub.com\/\"},{\"@type\":\"ListItem\",\"position\":2,\"name\":\"Tienda\",\"item\":\"https:\/\/cbdhomehub.comtienda\/\"},{\"@type\":\"ListItem\",\"position\":3,\"name\":\"Perlas CBD con Melatonina\"}]},{\"@type\":\"WebSite\",\"@id\":\"https:\/\/cbdhomehub.com\/#website\",\"url\":\"https:\/\/cbdhomehub.com\/\",\"name\":\"CBD HOME\",\"description\":\"Tienda de CBD N\u00ba 1 en Amazon\",\"publisher\":{\"@id\":\"https:\/\/cbdhomehub.com\/#organization\"},\"potentialAction\":[{\"@type\":\"SearchAction\",\"target\":{\"@type\":\"EntryPoint\",\"urlTemplate\":\"https:\/\/cbdhomehub.com\/?s={search_term_string}\"},\"query-input\":{\"@type\":\"PropertyValueSpecification\",\"valueRequired\":true,\"valueName\":\"search_term_string\"}}],\"inLanguage\":\"it-IT\"},{\"@type\":\"Organization\",\"@id\":\"https:\/\/cbdhomehub.com\/#organization\",\"name\":\"CBD HOME\",\"url\":\"https:\/\/cbdhomehub.com\/\",\"logo\":{\"@type\":\"ImageObject\",\"inLanguage\":\"it-IT\",\"@id\":\"https:\/\/cbdhomehub.com\/#\/schema\/logo\/image\/\",\"url\":\"https:\/\/cbdhomehub.comwp-content\/uploads\/2022\/05\/logo2HDnegroTM.png\",\"contentUrl\":\"https:\/\/cbdhomehub.comwp-content\/uploads\/2022\/05\/logo2HDnegroTM.png\",\"width\":4193,\"height\":646,\"caption\":\"CBD HOME\"},\"image\":{\"@id\":\"https:\/\/cbdhomehub.com\/#\/schema\/logo\/image\/\"},\"sameAs\":[\"https:\/\/www.facebook.com\/CBD-HOME-106393425109020\",\"https:\/\/www.instagram.com\/cbdhomelab\/\",\"https:\/\/www.linkedin.com\/company\/cbd-home\/about\/\"]}]}<\/script>\n<!-- \/ Yoast SEO plugin. -->","yoast_head_json":{"title":"Perlas CBD con Melatonina - CBD HOME","description":"Con 90 perlas de CBD y Melatonina de alta calidad, fabricadas en la UE y dise\u00f1adas para proporcionar los beneficios del CBD de una manera f\u00e1cil y c\u00f3moda.","robots":{"index":"index","follow":"follow","max-snippet":"max-snippet:-1","max-image-preview":"max-image-preview:large","max-video-preview":"max-video-preview:-1"},"canonical":"https:\/\/cbdhomehub.com\/it\/perlas-cbd-con-melatonina\/","og_locale":"it_IT","og_type":"article","og_title":"Perlas CBD con Melatonina - CBD HOME","og_description":"Con 90 perlas de CBD y Melatonina de alta calidad, fabricadas en la UE y dise\u00f1adas para proporcionar los beneficios del CBD de una manera f\u00e1cil y c\u00f3moda.","og_url":"https:\/\/cbdhomehub.com\/it\/perlas-cbd-con-melatonina\/","og_site_name":"CBD HOME","article_publisher":"https:\/\/www.facebook.com\/CBD-HOME-106393425109020","article_modified_time":"2026-01-26T11:22:03+00:00","og_image":[{"width":1080,"height":1080,"url":"https:\/\/cbdhomehub.com\/wp-content\/uploads\/2024\/08\/B0DBRDDGSW.MAIN_.png","type":"image\/png"}],"twitter_card":"summary_large_image","twitter_misc":{"Tempo di lettura stimato":"1 minuto"},"schema":{"@context":"https:\/\/schema.org","@graph":[{"@type":"WebPage","@id":"https:\/\/cbdhomehub.com\/perlas-cbd-con-melatonina\/","url":"https:\/\/cbdhomehub.com\/perlas-cbd-con-melatonina\/","name":"Perlas CBD con Melatonina - CBD HOME","isPartOf":{"@id":"https:\/\/cbdhomehub.com\/#website"},"primaryImageOfPage":{"@id":"https:\/\/cbdhomehub.com\/perlas-cbd-con-melatonina\/#primaryimage"},"image":{"@id":"https:\/\/cbdhomehub.com\/perlas-cbd-con-melatonina\/#primaryimage"},"thumbnailUrl":"https:\/\/cbdhomehub.com\/wp-content\/uploads\/2024\/08\/B0DBRDDGSW.MAIN_.png","datePublished":"2024-08-30T16:36:41+00:00","dateModified":"2026-01-26T11:22:03+00:00","description":"Con 90 perlas de CBD y Melatonina de alta calidad, fabricadas en la UE y dise\u00f1adas para proporcionar los beneficios del CBD de una manera f\u00e1cil y c\u00f3moda.","breadcrumb":{"@id":"https:\/\/cbdhomehub.com\/perlas-cbd-con-melatonina\/#breadcrumb"},"inLanguage":"it-IT","potentialAction":[{"@type":"ReadAction","target":["https:\/\/cbdhomehub.com\/perlas-cbd-con-melatonina\/"]}]},{"@type":"ImageObject","inLanguage":"it-IT","@id":"https:\/\/cbdhomehub.com\/perlas-cbd-con-melatonina\/#primaryimage","url":"https:\/\/cbdhomehub.com\/wp-content\/uploads\/2024\/08\/B0DBRDDGSW.MAIN_.png","contentUrl":"https:\/\/cbdhomehub.com\/wp-content\/uploads\/2024\/08\/B0DBRDDGSW.MAIN_.png","width":1080,"height":1080},{"@type":"BreadcrumbList","@id":"https:\/\/cbdhomehub.com\/perlas-cbd-con-melatonina\/#breadcrumb","itemListElement":[{"@type":"ListItem","position":1,"name":"Portada","item":"https:\/\/cbdhomehub.com\/"},{"@type":"ListItem","position":2,"name":"Tienda","item":"https:\/\/cbdhomehub.comtienda\/"},{"@type":"ListItem","position":3,"name":"Perlas CBD con Melatonina"}]},{"@type":"WebSite","@id":"https:\/\/cbdhomehub.com\/#website","url":"https:\/\/cbdhomehub.com\/","name":"CBD HOME","description":"Tienda de CBD N\u00ba 1 en Amazon","publisher":{"@id":"https:\/\/cbdhomehub.com\/#organization"},"potentialAction":[{"@type":"SearchAction","target":{"@type":"EntryPoint","urlTemplate":"https:\/\/cbdhomehub.com\/?s={search_term_string}"},"query-input":{"@type":"PropertyValueSpecification","valueRequired":true,"valueName":"search_term_string"}}],"inLanguage":"it-IT"},{"@type":"Organization","@id":"https:\/\/cbdhomehub.com\/#organization","name":"CBD HOME","url":"https:\/\/cbdhomehub.com\/","logo":{"@type":"ImageObject","inLanguage":"it-IT","@id":"https:\/\/cbdhomehub.com\/#\/schema\/logo\/image\/","url":"https:\/\/cbdhomehub.comwp-content\/uploads\/2022\/05\/logo2HDnegroTM.png","contentUrl":"https:\/\/cbdhomehub.comwp-content\/uploads\/2022\/05\/logo2HDnegroTM.png","width":4193,"height":646,"caption":"CBD HOME"},"image":{"@id":"https:\/\/cbdhomehub.com\/#\/schema\/logo\/image\/"},"sameAs":["https:\/\/www.facebook.com\/CBD-HOME-106393425109020","https:\/\/www.instagram.com\/cbdhomelab\/","https:\/\/www.linkedin.com\/company\/cbd-home\/about\/"]}]}},"jetpack_sharing_enabled":true,"_links":{"self":[{"href":"https:\/\/cbdhomehub.com\/it\/wp-json\/wp\/v2\/product\/7849","targetHints":{"allow":["GET"]}}],"collection":[{"href":"https:\/\/cbdhomehub.com\/it\/wp-json\/wp\/v2\/product"}],"about":[{"href":"https:\/\/cbdhomehub.com\/it\/wp-json\/wp\/v2\/types\/product"}],"replies":[{"embeddable":true,"href":"https:\/\/cbdhomehub.com\/it\/wp-json\/wp\/v2\/comments?post=7849"}],"wp:featuredmedia":[{"embeddable":true,"href":"https:\/\/cbdhomehub.com\/it\/wp-json\/wp\/v2\/media\/8182"}],"wp:attachment":[{"href":"https:\/\/cbdhomehub.com\/it\/wp-json\/wp\/v2\/media?parent=7849"}],"wp:term":[{"taxonomy":"product_brand","embeddable":true,"href":"https:\/\/cbdhomehub.com\/it\/wp-json\/wp\/v2\/product_brand?post=7849"},{"taxonomy":"product_cat","embeddable":true,"href":"https:\/\/cbdhomehub.com\/it\/wp-json\/wp\/v2\/product_cat?post=7849"},{"taxonomy":"product_tag","embeddable":true,"href":"https:\/\/cbdhomehub.com\/it\/wp-json\/wp\/v2\/product_tag?post=7849"}],"curies":[{"name":"wp","href":"https:\/\/api.w.org\/{rel}","templated":true}]}}