{"id":7322,"date":"2024-04-02T09:04:45","date_gmt":"2024-04-02T09:04:45","guid":{"rendered":"https:\/\/cbdhomehub.com?post_type=product&#038;p=7322"},"modified":"2026-01-26T12:21:52","modified_gmt":"2026-01-26T11:21:52","slug":"aceite-your-days-sintomas-menstruales","status":"publish","type":"product","link":"https:\/\/cbdhomehub.com\/it\/aceite-your-days-sintomas-menstruales\/","title":{"rendered":"Aceite Your Days S\u00edntomas Menstruales"},"content":{"rendered":"<ul>\n<li style=\"text-align: left;\">Aceite de Arg\u00e1n, Aceite de coco, C\u00farcuma, CBD y CBG.<\/li>\n<li style=\"text-align: left;\">Base de aceite de coco ecol\u00f3gico<\/li>\n<li style=\"text-align: left;\">Porcentaje de CBD: 20%<\/li>\n<li style=\"text-align: left;\">Tama\u00f1o: 10\u202fml.<\/li>\n<li style=\"text-align: left;\">Rico en Omega 3, 6 y 9.<\/li>\n<li style=\"text-align: left;\">Ingredientes naturales certificados por la Uni\u00f3n Europea.<\/li>\n<li style=\"text-align: left;\">100% ecol\u00f3gico.<\/li>\n<li style=\"text-align: left;\">Frasco de cristal con pipeta dosificadora.<\/li>\n<li style=\"text-align: left;\">Producido en Espa\u00f1a.<\/li>\n<li>EAN: 8437025296576<\/li>\n<\/ul>","protected":false},"excerpt":{"rendered":"<p><a class=\"compraAmazon fl-button\" role=\"button\" href=\"https:\/\/amzn.to\/4f0qnk1\" target=\"_blank\" rel=\"noopener\"> <span class=\"fl-button-text\"><i class=\"fl-button-icon fl-button-icon-before fab fa-amazon\" aria-hidden=\"true\"><\/i>\u00a0\u00a0Comprar en Amazon<\/span> <\/a><\/p>\n<p>Este aceite\u00a0de Arg\u00e1n, en formato de 10 ml, con Cannabidiol (CBD), Cannabigerol (CBG) y C\u00farcuma est\u00e1 formulado para aliviar los dolores menstruales de manera natural. El CBD y el CBG act\u00faan juntos para reducir la inflamaci\u00f3n, mientras que el aceite de arg\u00e1n nutre e hidrata la piel. La c\u00farcuma potencia el alivio de las molestias. Ideal para mujeres que buscan una soluci\u00f3n eficaz y respetuosa con el cuerpo, este aceite ofrece un confort integral durante el ciclo menstrual.<\/p>\n<p class=\"ingredientesDesc\"><a href=\"\/it\/analisis\/\">Consultar anal\u00edtica de producto<\/a><\/p>","protected":false},"featured_media":8892,"comment_status":"open","ping_status":"closed","template":"","meta":[],"product_brand":[],"product_cat":[34,82,81,140,24],"product_tag":[],"class_list":{"0":"post-7322","1":"product","2":"type-product","3":"status-publish","4":"has-post-thumbnail","6":"product_cat-aceites-de-cbd","7":"product_cat-aceites-de-cbd-combinados","8":"product_cat-aceites-de-cbd-cbg","9":"product_cat-menstrual","10":"product_cat-todos-los-productos","12":"first","13":"instock","14":"taxable","15":"shipping-taxable","16":"purchasable","17":"product-type-simple","18":"layout-style-2","19":"col-md-4 col-sm-4 col-xs-6","20":"col-lg-3","21":"product-has-gallery","22":"product-style-addtocart"},"yoast_head":"<!-- This site is optimized with the Yoast SEO plugin v25.4 - https:\/\/yoast.com\/wordpress\/plugins\/seo\/ -->\n<title>Aceite Your Days S\u00edntomas Menstruales - CBD HOME<\/title>\n<meta name=\"description\" content=\"Actua directamente sobre los receptores de dolor en el cuerpo, ayudando a reducir la intensidad de los c\u00f3licos y los dolores menstruales.\" \/>\n<meta name=\"robots\" content=\"index, follow, max-snippet:-1, max-image-preview:large, max-video-preview:-1\" \/>\n<link rel=\"canonical\" href=\"https:\/\/cbdhomehub.com\/it\/aceite-your-days-sintomas-menstruales\/\" \/>\n<meta property=\"og:locale\" content=\"it_IT\" \/>\n<meta property=\"og:type\" content=\"article\" \/>\n<meta property=\"og:title\" content=\"Aceite Your Days S\u00edntomas Menstruales - CBD HOME\" \/>\n<meta property=\"og:description\" content=\"Actua directamente sobre los receptores de dolor en el cuerpo, ayudando a reducir la intensidad de los c\u00f3licos y los dolores menstruales.\" \/>\n<meta property=\"og:url\" content=\"https:\/\/cbdhomehub.com\/it\/aceite-your-days-sintomas-menstruales\/\" \/>\n<meta property=\"og:site_name\" content=\"CBD HOME\" \/>\n<meta property=\"article:publisher\" content=\"https:\/\/www.facebook.com\/CBD-HOME-106393425109020\" \/>\n<meta property=\"article:modified_time\" content=\"2026-01-26T11:21:52+00:00\" \/>\n<meta property=\"og:image\" content=\"https:\/\/cbdhomehub.com\/wp-content\/uploads\/2024\/04\/Mentruals-delante-10-ml-1024x1024.png\" \/>\n\t<meta property=\"og:image:width\" content=\"1024\" \/>\n\t<meta property=\"og:image:height\" content=\"1024\" \/>\n\t<meta property=\"og:image:type\" content=\"image\/png\" \/>\n<meta name=\"twitter:card\" content=\"summary_large_image\" \/>\n<meta name=\"twitter:label1\" content=\"Tempo di lettura stimato\" \/>\n\t<meta name=\"twitter:data1\" content=\"1 minuto\" \/>\n<script type=\"application\/ld+json\" class=\"yoast-schema-graph\">{\"@context\":\"https:\/\/schema.org\",\"@graph\":[{\"@type\":\"WebPage\",\"@id\":\"https:\/\/cbdhomehub.com\/aceite-your-days-sintomas-menstruales\/\",\"url\":\"https:\/\/cbdhomehub.com\/aceite-your-days-sintomas-menstruales\/\",\"name\":\"Aceite Your Days S\u00edntomas Menstruales - CBD HOME\",\"isPartOf\":{\"@id\":\"https:\/\/cbdhomehub.com\/#website\"},\"primaryImageOfPage\":{\"@id\":\"https:\/\/cbdhomehub.com\/aceite-your-days-sintomas-menstruales\/#primaryimage\"},\"image\":{\"@id\":\"https:\/\/cbdhomehub.com\/aceite-your-days-sintomas-menstruales\/#primaryimage\"},\"thumbnailUrl\":\"https:\/\/cbdhomehub.com\/wp-content\/uploads\/2024\/04\/Mentruals-delante-10-ml.png\",\"datePublished\":\"2024-04-02T09:04:45+00:00\",\"dateModified\":\"2026-01-26T11:21:52+00:00\",\"description\":\"Actua directamente sobre los receptores de dolor en el cuerpo, ayudando a reducir la intensidad de los c\u00f3licos y los dolores menstruales.\",\"breadcrumb\":{\"@id\":\"https:\/\/cbdhomehub.com\/aceite-your-days-sintomas-menstruales\/#breadcrumb\"},\"inLanguage\":\"it-IT\",\"potentialAction\":[{\"@type\":\"ReadAction\",\"target\":[\"https:\/\/cbdhomehub.com\/aceite-your-days-sintomas-menstruales\/\"]}]},{\"@type\":\"ImageObject\",\"inLanguage\":\"it-IT\",\"@id\":\"https:\/\/cbdhomehub.com\/aceite-your-days-sintomas-menstruales\/#primaryimage\",\"url\":\"https:\/\/cbdhomehub.com\/wp-content\/uploads\/2024\/04\/Mentruals-delante-10-ml.png\",\"contentUrl\":\"https:\/\/cbdhomehub.com\/wp-content\/uploads\/2024\/04\/Mentruals-delante-10-ml.png\",\"width\":4500,\"height\":4500},{\"@type\":\"BreadcrumbList\",\"@id\":\"https:\/\/cbdhomehub.com\/aceite-your-days-sintomas-menstruales\/#breadcrumb\",\"itemListElement\":[{\"@type\":\"ListItem\",\"position\":1,\"name\":\"Portada\",\"item\":\"https:\/\/cbdhomehub.com\/\"},{\"@type\":\"ListItem\",\"position\":2,\"name\":\"Tienda\",\"item\":\"https:\/\/cbdhomehub.comtienda\/\"},{\"@type\":\"ListItem\",\"position\":3,\"name\":\"Aceite Your Days S\u00edntomas Menstruales\"}]},{\"@type\":\"WebSite\",\"@id\":\"https:\/\/cbdhomehub.com\/#website\",\"url\":\"https:\/\/cbdhomehub.com\/\",\"name\":\"CBD HOME\",\"description\":\"Tienda de CBD N\u00ba 1 en Amazon\",\"publisher\":{\"@id\":\"https:\/\/cbdhomehub.com\/#organization\"},\"potentialAction\":[{\"@type\":\"SearchAction\",\"target\":{\"@type\":\"EntryPoint\",\"urlTemplate\":\"https:\/\/cbdhomehub.com\/?s={search_term_string}\"},\"query-input\":{\"@type\":\"PropertyValueSpecification\",\"valueRequired\":true,\"valueName\":\"search_term_string\"}}],\"inLanguage\":\"it-IT\"},{\"@type\":\"Organization\",\"@id\":\"https:\/\/cbdhomehub.com\/#organization\",\"name\":\"CBD HOME\",\"url\":\"https:\/\/cbdhomehub.com\/\",\"logo\":{\"@type\":\"ImageObject\",\"inLanguage\":\"it-IT\",\"@id\":\"https:\/\/cbdhomehub.com\/#\/schema\/logo\/image\/\",\"url\":\"https:\/\/cbdhomehub.comwp-content\/uploads\/2022\/05\/logo2HDnegroTM.png\",\"contentUrl\":\"https:\/\/cbdhomehub.comwp-content\/uploads\/2022\/05\/logo2HDnegroTM.png\",\"width\":4193,\"height\":646,\"caption\":\"CBD HOME\"},\"image\":{\"@id\":\"https:\/\/cbdhomehub.com\/#\/schema\/logo\/image\/\"},\"sameAs\":[\"https:\/\/www.facebook.com\/CBD-HOME-106393425109020\",\"https:\/\/www.instagram.com\/cbdhomelab\/\",\"https:\/\/www.linkedin.com\/company\/cbd-home\/about\/\"]}]}<\/script>\n<!-- \/ Yoast SEO plugin. -->","yoast_head_json":{"title":"Aceite Your Days S\u00edntomas Menstruales - CBD HOME","description":"Actua directamente sobre los receptores de dolor en el cuerpo, ayudando a reducir la intensidad de los c\u00f3licos y los dolores menstruales.","robots":{"index":"index","follow":"follow","max-snippet":"max-snippet:-1","max-image-preview":"max-image-preview:large","max-video-preview":"max-video-preview:-1"},"canonical":"https:\/\/cbdhomehub.com\/it\/aceite-your-days-sintomas-menstruales\/","og_locale":"it_IT","og_type":"article","og_title":"Aceite Your Days S\u00edntomas Menstruales - CBD HOME","og_description":"Actua directamente sobre los receptores de dolor en el cuerpo, ayudando a reducir la intensidad de los c\u00f3licos y los dolores menstruales.","og_url":"https:\/\/cbdhomehub.com\/it\/aceite-your-days-sintomas-menstruales\/","og_site_name":"CBD HOME","article_publisher":"https:\/\/www.facebook.com\/CBD-HOME-106393425109020","article_modified_time":"2026-01-26T11:21:52+00:00","og_image":[{"width":1024,"height":1024,"url":"https:\/\/cbdhomehub.com\/wp-content\/uploads\/2024\/04\/Mentruals-delante-10-ml-1024x1024.png","type":"image\/png"}],"twitter_card":"summary_large_image","twitter_misc":{"Tempo di lettura stimato":"1 minuto"},"schema":{"@context":"https:\/\/schema.org","@graph":[{"@type":"WebPage","@id":"https:\/\/cbdhomehub.com\/aceite-your-days-sintomas-menstruales\/","url":"https:\/\/cbdhomehub.com\/aceite-your-days-sintomas-menstruales\/","name":"Aceite Your Days S\u00edntomas Menstruales - CBD HOME","isPartOf":{"@id":"https:\/\/cbdhomehub.com\/#website"},"primaryImageOfPage":{"@id":"https:\/\/cbdhomehub.com\/aceite-your-days-sintomas-menstruales\/#primaryimage"},"image":{"@id":"https:\/\/cbdhomehub.com\/aceite-your-days-sintomas-menstruales\/#primaryimage"},"thumbnailUrl":"https:\/\/cbdhomehub.com\/wp-content\/uploads\/2024\/04\/Mentruals-delante-10-ml.png","datePublished":"2024-04-02T09:04:45+00:00","dateModified":"2026-01-26T11:21:52+00:00","description":"Actua directamente sobre los receptores de dolor en el cuerpo, ayudando a reducir la intensidad de los c\u00f3licos y los dolores menstruales.","breadcrumb":{"@id":"https:\/\/cbdhomehub.com\/aceite-your-days-sintomas-menstruales\/#breadcrumb"},"inLanguage":"it-IT","potentialAction":[{"@type":"ReadAction","target":["https:\/\/cbdhomehub.com\/aceite-your-days-sintomas-menstruales\/"]}]},{"@type":"ImageObject","inLanguage":"it-IT","@id":"https:\/\/cbdhomehub.com\/aceite-your-days-sintomas-menstruales\/#primaryimage","url":"https:\/\/cbdhomehub.com\/wp-content\/uploads\/2024\/04\/Mentruals-delante-10-ml.png","contentUrl":"https:\/\/cbdhomehub.com\/wp-content\/uploads\/2024\/04\/Mentruals-delante-10-ml.png","width":4500,"height":4500},{"@type":"BreadcrumbList","@id":"https:\/\/cbdhomehub.com\/aceite-your-days-sintomas-menstruales\/#breadcrumb","itemListElement":[{"@type":"ListItem","position":1,"name":"Portada","item":"https:\/\/cbdhomehub.com\/"},{"@type":"ListItem","position":2,"name":"Tienda","item":"https:\/\/cbdhomehub.comtienda\/"},{"@type":"ListItem","position":3,"name":"Aceite Your Days S\u00edntomas Menstruales"}]},{"@type":"WebSite","@id":"https:\/\/cbdhomehub.com\/#website","url":"https:\/\/cbdhomehub.com\/","name":"CBD HOME","description":"Tienda de CBD N\u00ba 1 en Amazon","publisher":{"@id":"https:\/\/cbdhomehub.com\/#organization"},"potentialAction":[{"@type":"SearchAction","target":{"@type":"EntryPoint","urlTemplate":"https:\/\/cbdhomehub.com\/?s={search_term_string}"},"query-input":{"@type":"PropertyValueSpecification","valueRequired":true,"valueName":"search_term_string"}}],"inLanguage":"it-IT"},{"@type":"Organization","@id":"https:\/\/cbdhomehub.com\/#organization","name":"CBD HOME","url":"https:\/\/cbdhomehub.com\/","logo":{"@type":"ImageObject","inLanguage":"it-IT","@id":"https:\/\/cbdhomehub.com\/#\/schema\/logo\/image\/","url":"https:\/\/cbdhomehub.comwp-content\/uploads\/2022\/05\/logo2HDnegroTM.png","contentUrl":"https:\/\/cbdhomehub.comwp-content\/uploads\/2022\/05\/logo2HDnegroTM.png","width":4193,"height":646,"caption":"CBD HOME"},"image":{"@id":"https:\/\/cbdhomehub.com\/#\/schema\/logo\/image\/"},"sameAs":["https:\/\/www.facebook.com\/CBD-HOME-106393425109020","https:\/\/www.instagram.com\/cbdhomelab\/","https:\/\/www.linkedin.com\/company\/cbd-home\/about\/"]}]}},"jetpack_sharing_enabled":true,"_links":{"self":[{"href":"https:\/\/cbdhomehub.com\/it\/wp-json\/wp\/v2\/product\/7322","targetHints":{"allow":["GET"]}}],"collection":[{"href":"https:\/\/cbdhomehub.com\/it\/wp-json\/wp\/v2\/product"}],"about":[{"href":"https:\/\/cbdhomehub.com\/it\/wp-json\/wp\/v2\/types\/product"}],"replies":[{"embeddable":true,"href":"https:\/\/cbdhomehub.com\/it\/wp-json\/wp\/v2\/comments?post=7322"}],"wp:featuredmedia":[{"embeddable":true,"href":"https:\/\/cbdhomehub.com\/it\/wp-json\/wp\/v2\/media\/8892"}],"wp:attachment":[{"href":"https:\/\/cbdhomehub.com\/it\/wp-json\/wp\/v2\/media?parent=7322"}],"wp:term":[{"taxonomy":"product_brand","embeddable":true,"href":"https:\/\/cbdhomehub.com\/it\/wp-json\/wp\/v2\/product_brand?post=7322"},{"taxonomy":"product_cat","embeddable":true,"href":"https:\/\/cbdhomehub.com\/it\/wp-json\/wp\/v2\/product_cat?post=7322"},{"taxonomy":"product_tag","embeddable":true,"href":"https:\/\/cbdhomehub.com\/it\/wp-json\/wp\/v2\/product_tag?post=7322"}],"curies":[{"name":"wp","href":"https:\/\/api.w.org\/{rel}","templated":true}]}}