{"id":5390,"date":"2023-08-17T10:26:06","date_gmt":"2023-08-17T10:26:06","guid":{"rendered":"https:\/\/cbdhomehub.com?post_type=product&#038;p=5390"},"modified":"2026-01-14T19:35:05","modified_gmt":"2026-01-14T18:35:05","slug":"champu-mascotas-con-cbd","status":"publish","type":"product","link":"https:\/\/cbdhomehub.com\/it\/champu-mascotas-con-cbd\/","title":{"rendered":"Shampoo per Animali domestici con CBD"},"content":{"rendered":"<ul>\n<li style=\"text-align: left;\">Champ\u00fa Mascotas con Cannabidiol (CBD)<\/li>\n<li style=\"text-align: left;\">Tama\u00f1o: 250\u202fml.<\/li>\n<li style=\"text-align: left;\">Extracto de \u00c1rnica, jugo de Hoja de Aloe Vera, extracto de Hip\u00e9rico<\/li>\n<li style=\"text-align: left;\">Ingredientes naturales certificados por la Uni\u00f3n Europea.<\/li>\n<li style=\"text-align: left;\">Producido en Espa\u00f1a.<\/li>\n<li style=\"text-align: left;\">EAN: 8437019861230<\/li>\n<\/ul>","protected":false},"excerpt":{"rendered":"<p><a class=\"compraAmazon fl-button\" role=\"button\" href=\"https:\/\/amzn.to\/3PHOWGK\" target=\"_blank\" rel=\"noopener\"> <span class=\"fl-button-text\"><i class=\"fl-button-icon fl-button-icon-before fab fa-amazon\" aria-hidden=\"true\"><\/i>\u00a0\u00a0Comprar en Amazon<\/span> <\/a><\/p>\n<p>Este Champ\u00fa para Animales con CBD, en formato de 250 ml,\u00a0 est\u00e1 formulado para limpiar y cuidar suavemente la piel y el pelaje de las mascotas. Con ingredientes naturales como extracto de \u00c1rnica y Aloe Vera, ayuda a calmar la piel irritada, mientras que el CBD contribuye a reducir la inflamaci\u00f3n y promueve una piel saludable. El extracto de Hip\u00e9rico y los agentes limpiadores suaves aseguran una limpieza eficaz sin irritar, dejando el pelaje limpio, brillante y fresco. Ideal para el cuidado regular de mascotas con piel sensible o propensa a irritaciones.<\/p>\n<p class=\"ingredientesDesc\"><a href=\"\/it\/analisis\/\">Consultar anal\u00edtica de producto<\/a><\/p>","protected":false},"featured_media":5392,"comment_status":"open","ping_status":"closed","template":"","meta":[],"product_brand":[],"product_cat":[40,38,24],"product_tag":[],"class_list":{"0":"post-5390","1":"product","2":"type-product","3":"status-publish","4":"has-post-thumbnail","6":"product_cat-champu","7":"product_cat-mascotas","8":"product_cat-todos-los-productos","10":"first","11":"instock","12":"taxable","13":"shipping-taxable","14":"purchasable","15":"product-type-simple","16":"layout-style-2","17":"col-md-4 col-sm-4 col-xs-6","18":"col-lg-3","19":"product-has-gallery","20":"product-style-addtocart"},"yoast_head":"<!-- This site is optimized with the Yoast SEO plugin v25.4 - https:\/\/yoast.com\/wordpress\/plugins\/seo\/ -->\n<title>Champ\u00fa Mascotas con CBD - CBD HOME<\/title>\n<meta name=\"description\" content=\"Champ\u00fa desarrollado para el cuidado de nuestras mascotas, este champ\u00fa calmar\u00e1 la piel y fortalecer\u00e1 su pelaje con los ingredientes m\u00e1s naturales.\" \/>\n<meta name=\"robots\" content=\"index, follow, max-snippet:-1, max-image-preview:large, max-video-preview:-1\" \/>\n<link rel=\"canonical\" href=\"https:\/\/cbdhomehub.com\/it\/champu-mascotas-con-cbd\/\" \/>\n<meta property=\"og:locale\" content=\"it_IT\" \/>\n<meta property=\"og:type\" content=\"article\" \/>\n<meta property=\"og:title\" content=\"Champ\u00fa Mascotas con CBD - CBD HOME\" \/>\n<meta property=\"og:description\" content=\"Champ\u00fa desarrollado para el cuidado de nuestras mascotas, este champ\u00fa calmar\u00e1 la piel y fortalecer\u00e1 su pelaje con los ingredientes m\u00e1s naturales.\" \/>\n<meta property=\"og:url\" content=\"https:\/\/cbdhomehub.com\/it\/champu-mascotas-con-cbd\/\" \/>\n<meta property=\"og:site_name\" content=\"CBD HOME\" \/>\n<meta property=\"article:publisher\" content=\"https:\/\/www.facebook.com\/CBD-HOME-106393425109020\" \/>\n<meta property=\"article:modified_time\" content=\"2026-01-14T18:35:05+00:00\" \/>\n<meta property=\"og:image\" content=\"https:\/\/cbdhomehub.com\/wp-content\/uploads\/2023\/08\/Champu-Cannabidiol.png\" \/>\n\t<meta property=\"og:image:width\" content=\"1080\" \/>\n\t<meta property=\"og:image:height\" content=\"1080\" \/>\n\t<meta property=\"og:image:type\" content=\"image\/png\" \/>\n<meta name=\"twitter:card\" content=\"summary_large_image\" \/>\n<meta name=\"twitter:label1\" content=\"Tempo di lettura stimato\" \/>\n\t<meta name=\"twitter:data1\" content=\"1 minuto\" \/>\n<script type=\"application\/ld+json\" class=\"yoast-schema-graph\">{\"@context\":\"https:\/\/schema.org\",\"@graph\":[{\"@type\":\"WebPage\",\"@id\":\"https:\/\/cbdhomehub.com\/champu-mascotas-con-cbd\/\",\"url\":\"https:\/\/cbdhomehub.com\/champu-mascotas-con-cbd\/\",\"name\":\"Champ\u00fa Mascotas con CBD - CBD HOME\",\"isPartOf\":{\"@id\":\"https:\/\/cbdhomehub.com\/#website\"},\"primaryImageOfPage\":{\"@id\":\"https:\/\/cbdhomehub.com\/champu-mascotas-con-cbd\/#primaryimage\"},\"image\":{\"@id\":\"https:\/\/cbdhomehub.com\/champu-mascotas-con-cbd\/#primaryimage\"},\"thumbnailUrl\":\"https:\/\/cbdhomehub.com\/wp-content\/uploads\/2023\/08\/Champu-Cannabidiol.png\",\"datePublished\":\"2023-08-17T10:26:06+00:00\",\"dateModified\":\"2026-01-14T18:35:05+00:00\",\"description\":\"Champ\u00fa desarrollado para el cuidado de nuestras mascotas, este champ\u00fa calmar\u00e1 la piel y fortalecer\u00e1 su pelaje con los ingredientes m\u00e1s naturales.\",\"breadcrumb\":{\"@id\":\"https:\/\/cbdhomehub.com\/champu-mascotas-con-cbd\/#breadcrumb\"},\"inLanguage\":\"it-IT\",\"potentialAction\":[{\"@type\":\"ReadAction\",\"target\":[\"https:\/\/cbdhomehub.com\/champu-mascotas-con-cbd\/\"]}]},{\"@type\":\"ImageObject\",\"inLanguage\":\"it-IT\",\"@id\":\"https:\/\/cbdhomehub.com\/champu-mascotas-con-cbd\/#primaryimage\",\"url\":\"https:\/\/cbdhomehub.com\/wp-content\/uploads\/2023\/08\/Champu-Cannabidiol.png\",\"contentUrl\":\"https:\/\/cbdhomehub.com\/wp-content\/uploads\/2023\/08\/Champu-Cannabidiol.png\",\"width\":1080,\"height\":1080},{\"@type\":\"BreadcrumbList\",\"@id\":\"https:\/\/cbdhomehub.com\/champu-mascotas-con-cbd\/#breadcrumb\",\"itemListElement\":[{\"@type\":\"ListItem\",\"position\":1,\"name\":\"Portada\",\"item\":\"https:\/\/cbdhomehub.com\/\"},{\"@type\":\"ListItem\",\"position\":2,\"name\":\"Tienda\",\"item\":\"https:\/\/cbdhomehub.comtienda\/\"},{\"@type\":\"ListItem\",\"position\":3,\"name\":\"Champ\u00fa Mascotas con CBD\"}]},{\"@type\":\"WebSite\",\"@id\":\"https:\/\/cbdhomehub.com\/#website\",\"url\":\"https:\/\/cbdhomehub.com\/\",\"name\":\"CBD HOME\",\"description\":\"Tienda de CBD N\u00ba 1 en Amazon\",\"publisher\":{\"@id\":\"https:\/\/cbdhomehub.com\/#organization\"},\"potentialAction\":[{\"@type\":\"SearchAction\",\"target\":{\"@type\":\"EntryPoint\",\"urlTemplate\":\"https:\/\/cbdhomehub.com\/?s={search_term_string}\"},\"query-input\":{\"@type\":\"PropertyValueSpecification\",\"valueRequired\":true,\"valueName\":\"search_term_string\"}}],\"inLanguage\":\"it-IT\"},{\"@type\":\"Organization\",\"@id\":\"https:\/\/cbdhomehub.com\/#organization\",\"name\":\"CBD HOME\",\"url\":\"https:\/\/cbdhomehub.com\/\",\"logo\":{\"@type\":\"ImageObject\",\"inLanguage\":\"it-IT\",\"@id\":\"https:\/\/cbdhomehub.com\/#\/schema\/logo\/image\/\",\"url\":\"https:\/\/cbdhomehub.comwp-content\/uploads\/2022\/05\/logo2HDnegroTM.png\",\"contentUrl\":\"https:\/\/cbdhomehub.comwp-content\/uploads\/2022\/05\/logo2HDnegroTM.png\",\"width\":4193,\"height\":646,\"caption\":\"CBD HOME\"},\"image\":{\"@id\":\"https:\/\/cbdhomehub.com\/#\/schema\/logo\/image\/\"},\"sameAs\":[\"https:\/\/www.facebook.com\/CBD-HOME-106393425109020\",\"https:\/\/www.instagram.com\/cbdhomelab\/\",\"https:\/\/www.linkedin.com\/company\/cbd-home\/about\/\"]}]}<\/script>\n<!-- \/ Yoast SEO plugin. -->","yoast_head_json":{"title":"Champ\u00fa Mascotas con CBD - CBD HOME","description":"Champ\u00fa desarrollado para el cuidado de nuestras mascotas, este champ\u00fa calmar\u00e1 la piel y fortalecer\u00e1 su pelaje con los ingredientes m\u00e1s naturales.","robots":{"index":"index","follow":"follow","max-snippet":"max-snippet:-1","max-image-preview":"max-image-preview:large","max-video-preview":"max-video-preview:-1"},"canonical":"https:\/\/cbdhomehub.com\/it\/champu-mascotas-con-cbd\/","og_locale":"it_IT","og_type":"article","og_title":"Champ\u00fa Mascotas con CBD - CBD HOME","og_description":"Champ\u00fa desarrollado para el cuidado de nuestras mascotas, este champ\u00fa calmar\u00e1 la piel y fortalecer\u00e1 su pelaje con los ingredientes m\u00e1s naturales.","og_url":"https:\/\/cbdhomehub.com\/it\/champu-mascotas-con-cbd\/","og_site_name":"CBD HOME","article_publisher":"https:\/\/www.facebook.com\/CBD-HOME-106393425109020","article_modified_time":"2026-01-14T18:35:05+00:00","og_image":[{"width":1080,"height":1080,"url":"https:\/\/cbdhomehub.com\/wp-content\/uploads\/2023\/08\/Champu-Cannabidiol.png","type":"image\/png"}],"twitter_card":"summary_large_image","twitter_misc":{"Tempo di lettura stimato":"1 minuto"},"schema":{"@context":"https:\/\/schema.org","@graph":[{"@type":"WebPage","@id":"https:\/\/cbdhomehub.com\/champu-mascotas-con-cbd\/","url":"https:\/\/cbdhomehub.com\/champu-mascotas-con-cbd\/","name":"Champ\u00fa Mascotas con CBD - CBD HOME","isPartOf":{"@id":"https:\/\/cbdhomehub.com\/#website"},"primaryImageOfPage":{"@id":"https:\/\/cbdhomehub.com\/champu-mascotas-con-cbd\/#primaryimage"},"image":{"@id":"https:\/\/cbdhomehub.com\/champu-mascotas-con-cbd\/#primaryimage"},"thumbnailUrl":"https:\/\/cbdhomehub.com\/wp-content\/uploads\/2023\/08\/Champu-Cannabidiol.png","datePublished":"2023-08-17T10:26:06+00:00","dateModified":"2026-01-14T18:35:05+00:00","description":"Champ\u00fa desarrollado para el cuidado de nuestras mascotas, este champ\u00fa calmar\u00e1 la piel y fortalecer\u00e1 su pelaje con los ingredientes m\u00e1s naturales.","breadcrumb":{"@id":"https:\/\/cbdhomehub.com\/champu-mascotas-con-cbd\/#breadcrumb"},"inLanguage":"it-IT","potentialAction":[{"@type":"ReadAction","target":["https:\/\/cbdhomehub.com\/champu-mascotas-con-cbd\/"]}]},{"@type":"ImageObject","inLanguage":"it-IT","@id":"https:\/\/cbdhomehub.com\/champu-mascotas-con-cbd\/#primaryimage","url":"https:\/\/cbdhomehub.com\/wp-content\/uploads\/2023\/08\/Champu-Cannabidiol.png","contentUrl":"https:\/\/cbdhomehub.com\/wp-content\/uploads\/2023\/08\/Champu-Cannabidiol.png","width":1080,"height":1080},{"@type":"BreadcrumbList","@id":"https:\/\/cbdhomehub.com\/champu-mascotas-con-cbd\/#breadcrumb","itemListElement":[{"@type":"ListItem","position":1,"name":"Portada","item":"https:\/\/cbdhomehub.com\/"},{"@type":"ListItem","position":2,"name":"Tienda","item":"https:\/\/cbdhomehub.comtienda\/"},{"@type":"ListItem","position":3,"name":"Champ\u00fa Mascotas con CBD"}]},{"@type":"WebSite","@id":"https:\/\/cbdhomehub.com\/#website","url":"https:\/\/cbdhomehub.com\/","name":"CBD HOME","description":"Tienda de CBD N\u00ba 1 en Amazon","publisher":{"@id":"https:\/\/cbdhomehub.com\/#organization"},"potentialAction":[{"@type":"SearchAction","target":{"@type":"EntryPoint","urlTemplate":"https:\/\/cbdhomehub.com\/?s={search_term_string}"},"query-input":{"@type":"PropertyValueSpecification","valueRequired":true,"valueName":"search_term_string"}}],"inLanguage":"it-IT"},{"@type":"Organization","@id":"https:\/\/cbdhomehub.com\/#organization","name":"CBD HOME","url":"https:\/\/cbdhomehub.com\/","logo":{"@type":"ImageObject","inLanguage":"it-IT","@id":"https:\/\/cbdhomehub.com\/#\/schema\/logo\/image\/","url":"https:\/\/cbdhomehub.comwp-content\/uploads\/2022\/05\/logo2HDnegroTM.png","contentUrl":"https:\/\/cbdhomehub.comwp-content\/uploads\/2022\/05\/logo2HDnegroTM.png","width":4193,"height":646,"caption":"CBD HOME"},"image":{"@id":"https:\/\/cbdhomehub.com\/#\/schema\/logo\/image\/"},"sameAs":["https:\/\/www.facebook.com\/CBD-HOME-106393425109020","https:\/\/www.instagram.com\/cbdhomelab\/","https:\/\/www.linkedin.com\/company\/cbd-home\/about\/"]}]}},"jetpack_sharing_enabled":true,"_links":{"self":[{"href":"https:\/\/cbdhomehub.com\/it\/wp-json\/wp\/v2\/product\/5390","targetHints":{"allow":["GET"]}}],"collection":[{"href":"https:\/\/cbdhomehub.com\/it\/wp-json\/wp\/v2\/product"}],"about":[{"href":"https:\/\/cbdhomehub.com\/it\/wp-json\/wp\/v2\/types\/product"}],"replies":[{"embeddable":true,"href":"https:\/\/cbdhomehub.com\/it\/wp-json\/wp\/v2\/comments?post=5390"}],"wp:featuredmedia":[{"embeddable":true,"href":"https:\/\/cbdhomehub.com\/it\/wp-json\/wp\/v2\/media\/5392"}],"wp:attachment":[{"href":"https:\/\/cbdhomehub.com\/it\/wp-json\/wp\/v2\/media?parent=5390"}],"wp:term":[{"taxonomy":"product_brand","embeddable":true,"href":"https:\/\/cbdhomehub.com\/it\/wp-json\/wp\/v2\/product_brand?post=5390"},{"taxonomy":"product_cat","embeddable":true,"href":"https:\/\/cbdhomehub.com\/it\/wp-json\/wp\/v2\/product_cat?post=5390"},{"taxonomy":"product_tag","embeddable":true,"href":"https:\/\/cbdhomehub.com\/it\/wp-json\/wp\/v2\/product_tag?post=5390"}],"curies":[{"name":"wp","href":"https:\/\/api.w.org\/{rel}","templated":true}]}}