{"id":5367,"date":"2023-08-17T12:02:31","date_gmt":"2023-08-17T12:02:31","guid":{"rendered":"https:\/\/cbdhomehub.com?post_type=product&#038;p=5367"},"modified":"2026-01-26T12:21:45","modified_gmt":"2026-01-26T11:21:45","slug":"cannabidiol-melatonina","status":"publish","type":"product","link":"https:\/\/cbdhomehub.com\/it\/cannabidiol-melatonina\/","title":{"rendered":"Aceite de Cannabidiol y Melatonina"},"content":{"rendered":"<ul>\n<li style=\"text-align: left;\">Aceite de semillas de c\u00e1\u00f1amo con Cannabidiol (CBD) Aislado y\u00a0Melatonina<\/li>\n<li style=\"text-align: left;\">Base de aceite de coco ecol\u00f3gico y aceite de semilla de c\u00e1\u00f1amo ecol\u00f3gico.<\/li>\n<li style=\"text-align: left;\">Porcentajes de CBD: 10%, 20% y 40%<\/li>\n<li style=\"text-align: left;\">Tama\u00f1os:\u00a010, 30 o 50\u202fml.<\/li>\n<li style=\"text-align: left;\">Rico en Omega 3, 6 y 9.<\/li>\n<li style=\"text-align: left;\">Ingredientes naturales certificados por la Uni\u00f3n Europea.<\/li>\n<li style=\"text-align: left;\">100% ecol\u00f3gico.<\/li>\n<li style=\"text-align: left;\">Frasco de cristal con pipeta dosificadora.<\/li>\n<li style=\"text-align: left;\">Producido en Espa\u00f1a.<\/li>\n<\/ul>","protected":false},"excerpt":{"rendered":"<p><a class=\"compraAmazon fl-button\" role=\"button\" href=\"https:\/\/amzn.to\/4gq6lz1\" target=\"_blank\" rel=\"noopener\"> <span class=\"fl-button-text\"><i class=\"fl-button-icon fl-button-icon-before fab fa-amazon\" aria-hidden=\"true\"><\/i>\u00a0\u00a0Comprar en Amazon<\/span> <\/a><\/p>\n<p>El Aceite de Cannabidiol y Melatonina es una f\u00f3rmula dise\u00f1ada para ayudar con el descanso. La melatonina es una hormona que regula el ciclo del sue\u00f1o, ayudando a conciliarlo m\u00e1s f\u00e1cilmente y mejorando la calidad del descanso. Combinada con los beneficios del CBD, este aceite es ideal para quienes desean una soluci\u00f3n natural que favorezca una rutina de descanso equilibrada y saludable.<\/p>\n<p class=\"ingredientesDesc\"><a href=\"\/it\/analisis\/\">Consultar anal\u00edtica de producto<\/a><\/p>","protected":false},"featured_media":8924,"comment_status":"open","ping_status":"closed","template":"","meta":[],"product_brand":[],"product_cat":[34,82,141,136,24],"product_tag":[],"class_list":{"0":"post-5367","1":"product","2":"type-product","3":"status-publish","4":"has-post-thumbnail","6":"product_cat-aceites-de-cbd","7":"product_cat-aceites-de-cbd-combinados","8":"product_cat-aceites-de-cbd-melatonina","9":"product_cat-sueno","10":"product_cat-todos-los-productos","12":"first","13":"instock","14":"taxable","15":"shipping-taxable","16":"purchasable","17":"product-type-variable","18":"layout-style-2","19":"col-md-4 col-sm-4 col-xs-6","20":"col-lg-3","21":"product-has-gallery","22":"product-style-addtocart"},"yoast_head":"<!-- This site is optimized with the Yoast SEO plugin v25.4 - https:\/\/yoast.com\/wordpress\/plugins\/seo\/ -->\n<title>Aceite de CBD - Cannabidiol y Melatonina - CBD HOME<\/title>\n<meta name=\"description\" content=\"El aceite de CBD de Cannabidiol y Melatonina es nuestra f\u00f3rmula farmac\u00e9utica m\u00e1s potente para favorecer el descanso, disminuir la ansiedad y el estr\u00e9s.\" \/>\n<meta name=\"robots\" content=\"index, follow, max-snippet:-1, max-image-preview:large, max-video-preview:-1\" \/>\n<link rel=\"canonical\" href=\"https:\/\/cbdhomehub.com\/it\/cannabidiol-melatonina\/\" \/>\n<meta property=\"og:locale\" content=\"it_IT\" \/>\n<meta property=\"og:type\" content=\"article\" \/>\n<meta property=\"og:title\" content=\"Aceite de CBD - Cannabidiol y Melatonina - CBD HOME\" \/>\n<meta property=\"og:description\" content=\"El aceite de CBD de Cannabidiol y Melatonina es nuestra f\u00f3rmula farmac\u00e9utica m\u00e1s potente para favorecer el descanso, disminuir la ansiedad y el estr\u00e9s.\" \/>\n<meta property=\"og:url\" content=\"https:\/\/cbdhomehub.com\/it\/cannabidiol-melatonina\/\" \/>\n<meta property=\"og:site_name\" content=\"CBD HOME\" \/>\n<meta property=\"article:publisher\" content=\"https:\/\/www.facebook.com\/CBD-HOME-106393425109020\" \/>\n<meta property=\"article:modified_time\" content=\"2026-01-26T11:21:45+00:00\" \/>\n<meta property=\"og:image\" content=\"https:\/\/cbdhomehub.com\/wp-content\/uploads\/2023\/08\/40_-mlatonina-nuevo-1024x1024.png\" \/>\n\t<meta property=\"og:image:width\" content=\"1024\" \/>\n\t<meta property=\"og:image:height\" content=\"1024\" \/>\n\t<meta property=\"og:image:type\" content=\"image\/png\" \/>\n<meta name=\"twitter:card\" content=\"summary_large_image\" \/>\n<meta name=\"twitter:label1\" content=\"Tempo di lettura stimato\" \/>\n\t<meta name=\"twitter:data1\" content=\"1 minuto\" \/>\n<script type=\"application\/ld+json\" class=\"yoast-schema-graph\">{\"@context\":\"https:\/\/schema.org\",\"@graph\":[{\"@type\":\"WebPage\",\"@id\":\"https:\/\/cbdhomehub.com\/cannabidiol-melatonina\/\",\"url\":\"https:\/\/cbdhomehub.com\/cannabidiol-melatonina\/\",\"name\":\"Aceite de CBD - Cannabidiol y Melatonina - CBD HOME\",\"isPartOf\":{\"@id\":\"https:\/\/cbdhomehub.com\/#website\"},\"primaryImageOfPage\":{\"@id\":\"https:\/\/cbdhomehub.com\/cannabidiol-melatonina\/#primaryimage\"},\"image\":{\"@id\":\"https:\/\/cbdhomehub.com\/cannabidiol-melatonina\/#primaryimage\"},\"thumbnailUrl\":\"https:\/\/cbdhomehub.com\/wp-content\/uploads\/2023\/08\/40_-mlatonina-nuevo.png\",\"datePublished\":\"2023-08-17T12:02:31+00:00\",\"dateModified\":\"2026-01-26T11:21:45+00:00\",\"description\":\"El aceite de CBD de Cannabidiol y Melatonina es nuestra f\u00f3rmula farmac\u00e9utica m\u00e1s potente para favorecer el descanso, disminuir la ansiedad y el estr\u00e9s.\",\"breadcrumb\":{\"@id\":\"https:\/\/cbdhomehub.com\/cannabidiol-melatonina\/#breadcrumb\"},\"inLanguage\":\"it-IT\",\"potentialAction\":[{\"@type\":\"ReadAction\",\"target\":[\"https:\/\/cbdhomehub.com\/cannabidiol-melatonina\/\"]}]},{\"@type\":\"ImageObject\",\"inLanguage\":\"it-IT\",\"@id\":\"https:\/\/cbdhomehub.com\/cannabidiol-melatonina\/#primaryimage\",\"url\":\"https:\/\/cbdhomehub.com\/wp-content\/uploads\/2023\/08\/40_-mlatonina-nuevo.png\",\"contentUrl\":\"https:\/\/cbdhomehub.com\/wp-content\/uploads\/2023\/08\/40_-mlatonina-nuevo.png\",\"width\":4500,\"height\":4500},{\"@type\":\"BreadcrumbList\",\"@id\":\"https:\/\/cbdhomehub.com\/cannabidiol-melatonina\/#breadcrumb\",\"itemListElement\":[{\"@type\":\"ListItem\",\"position\":1,\"name\":\"Portada\",\"item\":\"https:\/\/cbdhomehub.com\/\"},{\"@type\":\"ListItem\",\"position\":2,\"name\":\"Tienda\",\"item\":\"https:\/\/cbdhomehub.comtienda\/\"},{\"@type\":\"ListItem\",\"position\":3,\"name\":\"Aceite de Cannabidiol y Melatonina\"}]},{\"@type\":\"WebSite\",\"@id\":\"https:\/\/cbdhomehub.com\/#website\",\"url\":\"https:\/\/cbdhomehub.com\/\",\"name\":\"CBD HOME\",\"description\":\"Tienda de CBD N\u00ba 1 en Amazon\",\"publisher\":{\"@id\":\"https:\/\/cbdhomehub.com\/#organization\"},\"potentialAction\":[{\"@type\":\"SearchAction\",\"target\":{\"@type\":\"EntryPoint\",\"urlTemplate\":\"https:\/\/cbdhomehub.com\/?s={search_term_string}\"},\"query-input\":{\"@type\":\"PropertyValueSpecification\",\"valueRequired\":true,\"valueName\":\"search_term_string\"}}],\"inLanguage\":\"it-IT\"},{\"@type\":\"Organization\",\"@id\":\"https:\/\/cbdhomehub.com\/#organization\",\"name\":\"CBD HOME\",\"url\":\"https:\/\/cbdhomehub.com\/\",\"logo\":{\"@type\":\"ImageObject\",\"inLanguage\":\"it-IT\",\"@id\":\"https:\/\/cbdhomehub.com\/#\/schema\/logo\/image\/\",\"url\":\"https:\/\/cbdhomehub.comwp-content\/uploads\/2022\/05\/logo2HDnegroTM.png\",\"contentUrl\":\"https:\/\/cbdhomehub.comwp-content\/uploads\/2022\/05\/logo2HDnegroTM.png\",\"width\":4193,\"height\":646,\"caption\":\"CBD HOME\"},\"image\":{\"@id\":\"https:\/\/cbdhomehub.com\/#\/schema\/logo\/image\/\"},\"sameAs\":[\"https:\/\/www.facebook.com\/CBD-HOME-106393425109020\",\"https:\/\/www.instagram.com\/cbdhomelab\/\",\"https:\/\/www.linkedin.com\/company\/cbd-home\/about\/\"]}]}<\/script>\n<!-- \/ Yoast SEO plugin. -->","yoast_head_json":{"title":"Aceite de CBD - Cannabidiol y Melatonina - CBD HOME","description":"El aceite de CBD de Cannabidiol y Melatonina es nuestra f\u00f3rmula farmac\u00e9utica m\u00e1s potente para favorecer el descanso, disminuir la ansiedad y el estr\u00e9s.","robots":{"index":"index","follow":"follow","max-snippet":"max-snippet:-1","max-image-preview":"max-image-preview:large","max-video-preview":"max-video-preview:-1"},"canonical":"https:\/\/cbdhomehub.com\/it\/cannabidiol-melatonina\/","og_locale":"it_IT","og_type":"article","og_title":"Aceite de CBD - Cannabidiol y Melatonina - CBD HOME","og_description":"El aceite de CBD de Cannabidiol y Melatonina es nuestra f\u00f3rmula farmac\u00e9utica m\u00e1s potente para favorecer el descanso, disminuir la ansiedad y el estr\u00e9s.","og_url":"https:\/\/cbdhomehub.com\/it\/cannabidiol-melatonina\/","og_site_name":"CBD HOME","article_publisher":"https:\/\/www.facebook.com\/CBD-HOME-106393425109020","article_modified_time":"2026-01-26T11:21:45+00:00","og_image":[{"width":1024,"height":1024,"url":"https:\/\/cbdhomehub.com\/wp-content\/uploads\/2023\/08\/40_-mlatonina-nuevo-1024x1024.png","type":"image\/png"}],"twitter_card":"summary_large_image","twitter_misc":{"Tempo di lettura stimato":"1 minuto"},"schema":{"@context":"https:\/\/schema.org","@graph":[{"@type":"WebPage","@id":"https:\/\/cbdhomehub.com\/cannabidiol-melatonina\/","url":"https:\/\/cbdhomehub.com\/cannabidiol-melatonina\/","name":"Aceite de CBD - Cannabidiol y Melatonina - CBD HOME","isPartOf":{"@id":"https:\/\/cbdhomehub.com\/#website"},"primaryImageOfPage":{"@id":"https:\/\/cbdhomehub.com\/cannabidiol-melatonina\/#primaryimage"},"image":{"@id":"https:\/\/cbdhomehub.com\/cannabidiol-melatonina\/#primaryimage"},"thumbnailUrl":"https:\/\/cbdhomehub.com\/wp-content\/uploads\/2023\/08\/40_-mlatonina-nuevo.png","datePublished":"2023-08-17T12:02:31+00:00","dateModified":"2026-01-26T11:21:45+00:00","description":"El aceite de CBD de Cannabidiol y Melatonina es nuestra f\u00f3rmula farmac\u00e9utica m\u00e1s potente para favorecer el descanso, disminuir la ansiedad y el estr\u00e9s.","breadcrumb":{"@id":"https:\/\/cbdhomehub.com\/cannabidiol-melatonina\/#breadcrumb"},"inLanguage":"it-IT","potentialAction":[{"@type":"ReadAction","target":["https:\/\/cbdhomehub.com\/cannabidiol-melatonina\/"]}]},{"@type":"ImageObject","inLanguage":"it-IT","@id":"https:\/\/cbdhomehub.com\/cannabidiol-melatonina\/#primaryimage","url":"https:\/\/cbdhomehub.com\/wp-content\/uploads\/2023\/08\/40_-mlatonina-nuevo.png","contentUrl":"https:\/\/cbdhomehub.com\/wp-content\/uploads\/2023\/08\/40_-mlatonina-nuevo.png","width":4500,"height":4500},{"@type":"BreadcrumbList","@id":"https:\/\/cbdhomehub.com\/cannabidiol-melatonina\/#breadcrumb","itemListElement":[{"@type":"ListItem","position":1,"name":"Portada","item":"https:\/\/cbdhomehub.com\/"},{"@type":"ListItem","position":2,"name":"Tienda","item":"https:\/\/cbdhomehub.comtienda\/"},{"@type":"ListItem","position":3,"name":"Aceite de Cannabidiol y Melatonina"}]},{"@type":"WebSite","@id":"https:\/\/cbdhomehub.com\/#website","url":"https:\/\/cbdhomehub.com\/","name":"CBD HOME","description":"Tienda de CBD N\u00ba 1 en Amazon","publisher":{"@id":"https:\/\/cbdhomehub.com\/#organization"},"potentialAction":[{"@type":"SearchAction","target":{"@type":"EntryPoint","urlTemplate":"https:\/\/cbdhomehub.com\/?s={search_term_string}"},"query-input":{"@type":"PropertyValueSpecification","valueRequired":true,"valueName":"search_term_string"}}],"inLanguage":"it-IT"},{"@type":"Organization","@id":"https:\/\/cbdhomehub.com\/#organization","name":"CBD HOME","url":"https:\/\/cbdhomehub.com\/","logo":{"@type":"ImageObject","inLanguage":"it-IT","@id":"https:\/\/cbdhomehub.com\/#\/schema\/logo\/image\/","url":"https:\/\/cbdhomehub.comwp-content\/uploads\/2022\/05\/logo2HDnegroTM.png","contentUrl":"https:\/\/cbdhomehub.comwp-content\/uploads\/2022\/05\/logo2HDnegroTM.png","width":4193,"height":646,"caption":"CBD HOME"},"image":{"@id":"https:\/\/cbdhomehub.com\/#\/schema\/logo\/image\/"},"sameAs":["https:\/\/www.facebook.com\/CBD-HOME-106393425109020","https:\/\/www.instagram.com\/cbdhomelab\/","https:\/\/www.linkedin.com\/company\/cbd-home\/about\/"]}]}},"jetpack_sharing_enabled":true,"_links":{"self":[{"href":"https:\/\/cbdhomehub.com\/it\/wp-json\/wp\/v2\/product\/5367","targetHints":{"allow":["GET"]}}],"collection":[{"href":"https:\/\/cbdhomehub.com\/it\/wp-json\/wp\/v2\/product"}],"about":[{"href":"https:\/\/cbdhomehub.com\/it\/wp-json\/wp\/v2\/types\/product"}],"replies":[{"embeddable":true,"href":"https:\/\/cbdhomehub.com\/it\/wp-json\/wp\/v2\/comments?post=5367"}],"wp:featuredmedia":[{"embeddable":true,"href":"https:\/\/cbdhomehub.com\/it\/wp-json\/wp\/v2\/media\/8924"}],"wp:attachment":[{"href":"https:\/\/cbdhomehub.com\/it\/wp-json\/wp\/v2\/media?parent=5367"}],"wp:term":[{"taxonomy":"product_brand","embeddable":true,"href":"https:\/\/cbdhomehub.com\/it\/wp-json\/wp\/v2\/product_brand?post=5367"},{"taxonomy":"product_cat","embeddable":true,"href":"https:\/\/cbdhomehub.com\/it\/wp-json\/wp\/v2\/product_cat?post=5367"},{"taxonomy":"product_tag","embeddable":true,"href":"https:\/\/cbdhomehub.com\/it\/wp-json\/wp\/v2\/product_tag?post=5367"}],"curies":[{"name":"wp","href":"https:\/\/api.w.org\/{rel}","templated":true}]}}