{"id":12399,"date":"2026-01-19T16:53:58","date_gmt":"2026-01-19T15:53:58","guid":{"rendered":"https:\/\/cbdhomehub.com\/?post_type=product&#038;p=12399"},"modified":"2026-02-16T09:32:50","modified_gmt":"2026-02-16T08:32:50","slug":"aceite-de-cbd-20-cbg-20-harpagofito-curcuma","status":"publish","type":"product","link":"https:\/\/cbdhomehub.com\/it\/aceite-de-cbd-20-cbg-20-harpagofito-curcuma\/","title":{"rendered":"Aceite de CBD 20% + CBG 20% + Harpagofito + C\u00farcuma"},"content":{"rendered":"<ul>\n<li style=\"text-align: left;\">Aceite de semillas de c\u00e1\u00f1amo con Cannabidiol (CBD) + Cannabigerol (CBG) + Harpagofito y C\u00farcuma<\/li>\n<li style=\"text-align: left;\">Base de aceite de coco ecol\u00f3gico y aceite de semilla de c\u00e1\u00f1amo ecol\u00f3gico.<\/li>\n<li style=\"text-align: left;\">Porcentaje de CBD: 20%.<\/li>\n<li>Porcentaje de CBG: 20%.<\/li>\n<li style=\"text-align: left;\">Tama\u00f1o: 10<\/li>\n<li style=\"text-align: left;\">Rico en Omega 3, 6 y 9.<\/li>\n<li style=\"text-align: left;\">Ingredientes naturales certificados por la Uni\u00f3n Europea.<\/li>\n<li style=\"text-align: left;\">100% ecol\u00f3gico.<\/li>\n<li style=\"text-align: left;\">Frasco de cristal con pipeta dosificadora.<\/li>\n<li style=\"text-align: left;\">Producido en Espa\u00f1a.<\/li>\n<\/ul>","protected":false},"excerpt":{"rendered":"<p><a class=\"compraAmazon fl-button\" role=\"button\" href=\"https:\/\/amzn.to\/49It5Zz\" target=\"_blank\" rel=\"noopener\"> <span class=\"fl-button-text\"><i class=\"fl-button-icon fl-button-icon-before fab fa-amazon\" aria-hidden=\"true\"><\/i>\u00a0\u00a0Comprar en Amazon<\/span> <\/a><\/p>\n<p>Nuestro aceite de CBD 20% + CBG 20% + Harpagofito + C\u00farcuma est\u00e1 pensado para para favorecer el bienestar articular y la movilidad. El Harpagofito apoya el confort de las articulaciones, mientras que la C\u00farcuma aporta propiedades antioxidantes. El CBG complementa la f\u00f3rmula contribuyendo al equilibrio corporal y a una sensaci\u00f3n de mayor confort f\u00edsico. Una f\u00f3rmula natural y cuidadosamente elaborada para quienes buscan equilibrio y bienestar de forma consciente y natural.<\/p>\n<p class=\"ingredientesDesc\"><a href=\"\/it\/analisis\/\">Consultar anal\u00edtica de producto<\/a><\/p>","protected":false},"featured_media":12400,"comment_status":"open","ping_status":"closed","template":"","meta":[],"product_brand":[],"product_cat":[34,82,24],"product_tag":[],"class_list":{"0":"post-12399","1":"product","2":"type-product","3":"status-publish","4":"has-post-thumbnail","6":"product_cat-aceites-de-cbd","7":"product_cat-aceites-de-cbd-combinados","8":"product_cat-todos-los-productos","10":"first","11":"instock","12":"taxable","13":"shipping-taxable","14":"purchasable","15":"product-type-simple","16":"layout-style-2","17":"col-md-4 col-sm-4 col-xs-6","18":"col-lg-3","19":"product-has-gallery","20":"product-style-addtocart"},"yoast_head":"<!-- This site is optimized with the Yoast SEO plugin v25.4 - https:\/\/yoast.com\/wordpress\/plugins\/seo\/ -->\n<title>Aceite de CBD + CBG + Harpagofito + C\u00farcuma - CBD HOME<\/title>\n<meta name=\"description\" content=\"Nuestro aceite de CBD 20% + CBG 20% + Harpagofito + C\u00farcuma est\u00e1 pensado para para favorecer el bienestar articular y la movilidad.\" \/>\n<meta name=\"robots\" content=\"index, follow, max-snippet:-1, max-image-preview:large, max-video-preview:-1\" \/>\n<link rel=\"canonical\" href=\"https:\/\/cbdhomehub.com\/it\/aceite-de-cbd-20-cbg-20-harpagofito-curcuma\/\" \/>\n<meta property=\"og:locale\" content=\"it_IT\" \/>\n<meta property=\"og:type\" content=\"article\" \/>\n<meta property=\"og:title\" content=\"Aceite de CBD + CBG + Harpagofito + C\u00farcuma - CBD HOME\" \/>\n<meta property=\"og:description\" content=\"Nuestro aceite de CBD 20% + CBG 20% + Harpagofito + C\u00farcuma est\u00e1 pensado para para favorecer el bienestar articular y la movilidad.\" \/>\n<meta property=\"og:url\" content=\"https:\/\/cbdhomehub.com\/it\/aceite-de-cbd-20-cbg-20-harpagofito-curcuma\/\" \/>\n<meta property=\"og:site_name\" content=\"CBD HOME\" \/>\n<meta property=\"article:publisher\" content=\"https:\/\/www.facebook.com\/CBD-HOME-106393425109020\" \/>\n<meta property=\"article:modified_time\" content=\"2026-02-16T08:32:50+00:00\" \/>\n<meta property=\"og:image\" content=\"https:\/\/cbdhomehub.com\/wp-content\/uploads\/2026\/01\/GOTERO-HARPAGOFITO-CURCUMA-CBD-CBG-scaled.png\" \/>\n\t<meta property=\"og:image:width\" content=\"2560\" \/>\n\t<meta property=\"og:image:height\" content=\"2560\" \/>\n\t<meta property=\"og:image:type\" content=\"image\/png\" \/>\n<meta name=\"twitter:card\" content=\"summary_large_image\" \/>\n<meta name=\"twitter:label1\" content=\"Tempo di lettura stimato\" \/>\n\t<meta name=\"twitter:data1\" content=\"1 minuto\" \/>\n<script type=\"application\/ld+json\" class=\"yoast-schema-graph\">{\"@context\":\"https:\/\/schema.org\",\"@graph\":[{\"@type\":\"WebPage\",\"@id\":\"https:\/\/cbdhomehub.com\/aceite-de-cbd-20-cbg-20-harpagofito-curcuma\/\",\"url\":\"https:\/\/cbdhomehub.com\/aceite-de-cbd-20-cbg-20-harpagofito-curcuma\/\",\"name\":\"Aceite de CBD + CBG + Harpagofito + C\u00farcuma - CBD HOME\",\"isPartOf\":{\"@id\":\"https:\/\/cbdhomehub.com\/#website\"},\"primaryImageOfPage\":{\"@id\":\"https:\/\/cbdhomehub.com\/aceite-de-cbd-20-cbg-20-harpagofito-curcuma\/#primaryimage\"},\"image\":{\"@id\":\"https:\/\/cbdhomehub.com\/aceite-de-cbd-20-cbg-20-harpagofito-curcuma\/#primaryimage\"},\"thumbnailUrl\":\"https:\/\/cbdhomehub.com\/wp-content\/uploads\/2026\/01\/GOTERO-HARPAGOFITO-CURCUMA-CBD-CBG-scaled.png\",\"datePublished\":\"2026-01-19T15:53:58+00:00\",\"dateModified\":\"2026-02-16T08:32:50+00:00\",\"description\":\"Nuestro aceite de CBD 20% + CBG 20% + Harpagofito + C\u00farcuma est\u00e1 pensado para para favorecer el bienestar articular y la movilidad.\",\"breadcrumb\":{\"@id\":\"https:\/\/cbdhomehub.com\/aceite-de-cbd-20-cbg-20-harpagofito-curcuma\/#breadcrumb\"},\"inLanguage\":\"it-IT\",\"potentialAction\":[{\"@type\":\"ReadAction\",\"target\":[\"https:\/\/cbdhomehub.com\/aceite-de-cbd-20-cbg-20-harpagofito-curcuma\/\"]}]},{\"@type\":\"ImageObject\",\"inLanguage\":\"it-IT\",\"@id\":\"https:\/\/cbdhomehub.com\/aceite-de-cbd-20-cbg-20-harpagofito-curcuma\/#primaryimage\",\"url\":\"https:\/\/cbdhomehub.com\/wp-content\/uploads\/2026\/01\/GOTERO-HARPAGOFITO-CURCUMA-CBD-CBG-scaled.png\",\"contentUrl\":\"https:\/\/cbdhomehub.com\/wp-content\/uploads\/2026\/01\/GOTERO-HARPAGOFITO-CURCUMA-CBD-CBG-scaled.png\",\"width\":2560,\"height\":2560},{\"@type\":\"BreadcrumbList\",\"@id\":\"https:\/\/cbdhomehub.com\/aceite-de-cbd-20-cbg-20-harpagofito-curcuma\/#breadcrumb\",\"itemListElement\":[{\"@type\":\"ListItem\",\"position\":1,\"name\":\"Portada\",\"item\":\"https:\/\/cbdhomehub.com\/\"},{\"@type\":\"ListItem\",\"position\":2,\"name\":\"Tienda\",\"item\":\"https:\/\/cbdhomehub.comtienda\/\"},{\"@type\":\"ListItem\",\"position\":3,\"name\":\"Aceite de CBD 20% + CBG 20% + Harpagofito + C\u00farcuma\"}]},{\"@type\":\"WebSite\",\"@id\":\"https:\/\/cbdhomehub.com\/#website\",\"url\":\"https:\/\/cbdhomehub.com\/\",\"name\":\"CBD HOME\",\"description\":\"Tienda de CBD N\u00ba 1 en Amazon\",\"publisher\":{\"@id\":\"https:\/\/cbdhomehub.com\/#organization\"},\"potentialAction\":[{\"@type\":\"SearchAction\",\"target\":{\"@type\":\"EntryPoint\",\"urlTemplate\":\"https:\/\/cbdhomehub.com\/?s={search_term_string}\"},\"query-input\":{\"@type\":\"PropertyValueSpecification\",\"valueRequired\":true,\"valueName\":\"search_term_string\"}}],\"inLanguage\":\"it-IT\"},{\"@type\":\"Organization\",\"@id\":\"https:\/\/cbdhomehub.com\/#organization\",\"name\":\"CBD HOME\",\"url\":\"https:\/\/cbdhomehub.com\/\",\"logo\":{\"@type\":\"ImageObject\",\"inLanguage\":\"it-IT\",\"@id\":\"https:\/\/cbdhomehub.com\/#\/schema\/logo\/image\/\",\"url\":\"https:\/\/cbdhomehub.comwp-content\/uploads\/2022\/05\/logo2HDnegroTM.png\",\"contentUrl\":\"https:\/\/cbdhomehub.comwp-content\/uploads\/2022\/05\/logo2HDnegroTM.png\",\"width\":4193,\"height\":646,\"caption\":\"CBD HOME\"},\"image\":{\"@id\":\"https:\/\/cbdhomehub.com\/#\/schema\/logo\/image\/\"},\"sameAs\":[\"https:\/\/www.facebook.com\/CBD-HOME-106393425109020\",\"https:\/\/www.instagram.com\/cbdhomelab\/\",\"https:\/\/www.linkedin.com\/company\/cbd-home\/about\/\"]}]}<\/script>\n<!-- \/ Yoast SEO plugin. -->","yoast_head_json":{"title":"Aceite de CBD + CBG + Harpagofito + C\u00farcuma - CBD HOME","description":"Nuestro aceite de CBD 20% + CBG 20% + Harpagofito + C\u00farcuma est\u00e1 pensado para para favorecer el bienestar articular y la movilidad.","robots":{"index":"index","follow":"follow","max-snippet":"max-snippet:-1","max-image-preview":"max-image-preview:large","max-video-preview":"max-video-preview:-1"},"canonical":"https:\/\/cbdhomehub.com\/it\/aceite-de-cbd-20-cbg-20-harpagofito-curcuma\/","og_locale":"it_IT","og_type":"article","og_title":"Aceite de CBD + CBG + Harpagofito + C\u00farcuma - CBD HOME","og_description":"Nuestro aceite de CBD 20% + CBG 20% + Harpagofito + C\u00farcuma est\u00e1 pensado para para favorecer el bienestar articular y la movilidad.","og_url":"https:\/\/cbdhomehub.com\/it\/aceite-de-cbd-20-cbg-20-harpagofito-curcuma\/","og_site_name":"CBD HOME","article_publisher":"https:\/\/www.facebook.com\/CBD-HOME-106393425109020","article_modified_time":"2026-02-16T08:32:50+00:00","og_image":[{"width":2560,"height":2560,"url":"https:\/\/cbdhomehub.com\/wp-content\/uploads\/2026\/01\/GOTERO-HARPAGOFITO-CURCUMA-CBD-CBG-scaled.png","type":"image\/png"}],"twitter_card":"summary_large_image","twitter_misc":{"Tempo di lettura stimato":"1 minuto"},"schema":{"@context":"https:\/\/schema.org","@graph":[{"@type":"WebPage","@id":"https:\/\/cbdhomehub.com\/aceite-de-cbd-20-cbg-20-harpagofito-curcuma\/","url":"https:\/\/cbdhomehub.com\/aceite-de-cbd-20-cbg-20-harpagofito-curcuma\/","name":"Aceite de CBD + CBG + Harpagofito + C\u00farcuma - CBD HOME","isPartOf":{"@id":"https:\/\/cbdhomehub.com\/#website"},"primaryImageOfPage":{"@id":"https:\/\/cbdhomehub.com\/aceite-de-cbd-20-cbg-20-harpagofito-curcuma\/#primaryimage"},"image":{"@id":"https:\/\/cbdhomehub.com\/aceite-de-cbd-20-cbg-20-harpagofito-curcuma\/#primaryimage"},"thumbnailUrl":"https:\/\/cbdhomehub.com\/wp-content\/uploads\/2026\/01\/GOTERO-HARPAGOFITO-CURCUMA-CBD-CBG-scaled.png","datePublished":"2026-01-19T15:53:58+00:00","dateModified":"2026-02-16T08:32:50+00:00","description":"Nuestro aceite de CBD 20% + CBG 20% + Harpagofito + C\u00farcuma est\u00e1 pensado para para favorecer el bienestar articular y la movilidad.","breadcrumb":{"@id":"https:\/\/cbdhomehub.com\/aceite-de-cbd-20-cbg-20-harpagofito-curcuma\/#breadcrumb"},"inLanguage":"it-IT","potentialAction":[{"@type":"ReadAction","target":["https:\/\/cbdhomehub.com\/aceite-de-cbd-20-cbg-20-harpagofito-curcuma\/"]}]},{"@type":"ImageObject","inLanguage":"it-IT","@id":"https:\/\/cbdhomehub.com\/aceite-de-cbd-20-cbg-20-harpagofito-curcuma\/#primaryimage","url":"https:\/\/cbdhomehub.com\/wp-content\/uploads\/2026\/01\/GOTERO-HARPAGOFITO-CURCUMA-CBD-CBG-scaled.png","contentUrl":"https:\/\/cbdhomehub.com\/wp-content\/uploads\/2026\/01\/GOTERO-HARPAGOFITO-CURCUMA-CBD-CBG-scaled.png","width":2560,"height":2560},{"@type":"BreadcrumbList","@id":"https:\/\/cbdhomehub.com\/aceite-de-cbd-20-cbg-20-harpagofito-curcuma\/#breadcrumb","itemListElement":[{"@type":"ListItem","position":1,"name":"Portada","item":"https:\/\/cbdhomehub.com\/"},{"@type":"ListItem","position":2,"name":"Tienda","item":"https:\/\/cbdhomehub.comtienda\/"},{"@type":"ListItem","position":3,"name":"Aceite de CBD 20% + CBG 20% + Harpagofito + C\u00farcuma"}]},{"@type":"WebSite","@id":"https:\/\/cbdhomehub.com\/#website","url":"https:\/\/cbdhomehub.com\/","name":"CBD HOME","description":"Tienda de CBD N\u00ba 1 en Amazon","publisher":{"@id":"https:\/\/cbdhomehub.com\/#organization"},"potentialAction":[{"@type":"SearchAction","target":{"@type":"EntryPoint","urlTemplate":"https:\/\/cbdhomehub.com\/?s={search_term_string}"},"query-input":{"@type":"PropertyValueSpecification","valueRequired":true,"valueName":"search_term_string"}}],"inLanguage":"it-IT"},{"@type":"Organization","@id":"https:\/\/cbdhomehub.com\/#organization","name":"CBD HOME","url":"https:\/\/cbdhomehub.com\/","logo":{"@type":"ImageObject","inLanguage":"it-IT","@id":"https:\/\/cbdhomehub.com\/#\/schema\/logo\/image\/","url":"https:\/\/cbdhomehub.comwp-content\/uploads\/2022\/05\/logo2HDnegroTM.png","contentUrl":"https:\/\/cbdhomehub.comwp-content\/uploads\/2022\/05\/logo2HDnegroTM.png","width":4193,"height":646,"caption":"CBD HOME"},"image":{"@id":"https:\/\/cbdhomehub.com\/#\/schema\/logo\/image\/"},"sameAs":["https:\/\/www.facebook.com\/CBD-HOME-106393425109020","https:\/\/www.instagram.com\/cbdhomelab\/","https:\/\/www.linkedin.com\/company\/cbd-home\/about\/"]}]}},"jetpack_sharing_enabled":true,"_links":{"self":[{"href":"https:\/\/cbdhomehub.com\/it\/wp-json\/wp\/v2\/product\/12399","targetHints":{"allow":["GET"]}}],"collection":[{"href":"https:\/\/cbdhomehub.com\/it\/wp-json\/wp\/v2\/product"}],"about":[{"href":"https:\/\/cbdhomehub.com\/it\/wp-json\/wp\/v2\/types\/product"}],"replies":[{"embeddable":true,"href":"https:\/\/cbdhomehub.com\/it\/wp-json\/wp\/v2\/comments?post=12399"}],"wp:featuredmedia":[{"embeddable":true,"href":"https:\/\/cbdhomehub.com\/it\/wp-json\/wp\/v2\/media\/12400"}],"wp:attachment":[{"href":"https:\/\/cbdhomehub.com\/it\/wp-json\/wp\/v2\/media?parent=12399"}],"wp:term":[{"taxonomy":"product_brand","embeddable":true,"href":"https:\/\/cbdhomehub.com\/it\/wp-json\/wp\/v2\/product_brand?post=12399"},{"taxonomy":"product_cat","embeddable":true,"href":"https:\/\/cbdhomehub.com\/it\/wp-json\/wp\/v2\/product_cat?post=12399"},{"taxonomy":"product_tag","embeddable":true,"href":"https:\/\/cbdhomehub.com\/it\/wp-json\/wp\/v2\/product_tag?post=12399"}],"curies":[{"name":"wp","href":"https:\/\/api.w.org\/{rel}","templated":true}]}}