{"id":6542,"date":"2023-12-04T19:17:32","date_gmt":"2023-12-04T19:17:32","guid":{"rendered":"https:\/\/cbdhomehub.com?page_id=6542"},"modified":"2025-03-12T11:51:21","modified_gmt":"2025-03-12T11:51:21","slug":"analisis","status":"publish","type":"page","link":"https:\/\/cbdhomehub.com\/it\/analisis\/","title":{"rendered":"An\u00e1lisis"},"content":{"rendered":"<div data-elementor-type=\"wp-page\" data-elementor-id=\"6542\" class=\"elementor elementor-6542\" data-elementor-post-type=\"page\">\n\t\t\t\t<div class=\"elementor-element elementor-element-50038d15 e-flex e-con-boxed e-con e-parent\" data-id=\"50038d15\" data-element_type=\"container\">\n\t\t\t\t\t<div class=\"e-con-inner\">\n\t\t\t\t<div class=\"elementor-element elementor-element-6a21ddc elementor-widget elementor-widget-heading\" data-id=\"6a21ddc\" data-element_type=\"widget\" data-widget_type=\"heading.default\">\n\t\t\t\t<div class=\"elementor-widget-container\">\n\t\t\t\t\t<h1 class=\"elementor-heading-title elementor-size-default\">Analisi e i certificati dei nostri prodotti<\/h1>\t\t\t\t<\/div>\n\t\t\t\t<\/div>\n\t\t\t\t<div class=\"elementor-element elementor-element-3d71bfbf elementor-widget elementor-widget-text-editor\" data-id=\"3d71bfbf\" data-element_type=\"widget\" data-widget_type=\"text-editor.default\">\n\t\t\t\t<div class=\"elementor-widget-container\"><p>Compromiso con la Calidad y la Transparencia<\/p>\n<p>En CBD HOME, nuestra prioridad es ofrecerte productos de CBD de la m\u00e1s alta calidad, respaldados por un compromiso inquebrantable con la transparencia y la seguridad. Creemos que la pureza y la precisi\u00f3n son fundamentales, por lo que sometemos cada uno de nuestros productos a rigurosos controles de calidad.<\/p>\n<p>Para ello, colaboramos con <strong>CETAEX (Centro Tecnol\u00f3gico Agroalimentario Extremadura)<\/strong>, una entidad de referencia en investigaci\u00f3n y an\u00e1lisis agroalimentario. Contar con las anal\u00edticas de esta empresa garantiza que nuestros productos han sido evaluados por un laboratorio independiente, especializado y acreditado, lo que refuerza la fiabilidad de los resultados.<\/p>\n<p>Gracias a estos an\u00e1lisis exhaustivos comprobamos:<br \/>\u2714 La concentraci\u00f3n exacta de CBD.<br \/>\u2714 La pureza de los ingredientes.<br \/>\u2714 La ausencia de pesticidas, metales pesados y otros contaminantes.<br \/>\u2714 El cumplimiento de los est\u00e1ndares regulatorios m\u00e1s exigentes.<\/p>\n<p>Te invitamos a consultar los informes detallados de cada producto, garantizando as\u00ed que recibes un CBD seguro, eficaz y certificado. En CBD HOME, nuestra transparencia es tu tranquilidad.<\/p>\n<div class=\"fl-row fl-row-full-width fl-row-bg-none fl-node-av23oy9xt7sc fl-row-default-height fl-row-align-center\" data-node=\"av23oy9xt7sc\">\n<div class=\"fl-row-content-wrap\">\n<div class=\"fl-row-content fl-row-fixed-width fl-node-content\">\n<div class=\"fl-col-group fl-node-tv2b3wjy0pk5\" data-node=\"tv2b3wjy0pk5\">\n<div class=\"fl-col fl-node-ta5jp1smrug0\" data-node=\"ta5jp1smrug0\">\n<div class=\"fl-col-content fl-node-content\">\n<div class=\"fl-module fl-module-rich-text fl-node-pw8ivoe2stfr\" data-node=\"pw8ivoe2stfr\">\n<div class=\"fl-module-content fl-node-content\">\n<div class=\"fl-rich-text\">\n<p>* Todos los datos confidenciales est\u00e1n protegidos conforme a las normativas vigentes de privacidad y protecci\u00f3n de datos.<\/p>\n<\/div>\n<\/div>\n<\/div>\n<\/div>\n<\/div>\n<\/div>\n<\/div>\n<\/div>\n<\/div><\/div>\n\t\t\t\t<\/div>\n\t\t\t\t\t<\/div>\n\t\t\t\t<\/div>\n\t\t<div class=\"elementor-element elementor-element-f04443f e-flex e-con-boxed e-con e-parent\" data-id=\"f04443f\" data-element_type=\"container\" data-settings=\"{&quot;background_background&quot;:&quot;classic&quot;}\">\n\t\t\t\t\t<div class=\"e-con-inner\">\n\t\t<div class=\"elementor-element elementor-element-dfbfd67 e-con-full e-flex e-con e-child\" data-id=\"dfbfd67\" data-element_type=\"container\">\n\t\t\t\t<div class=\"elementor-element elementor-element-6072c77 elementor-widget elementor-widget-heading\" data-id=\"6072c77\" data-element_type=\"widget\" data-widget_type=\"heading.default\">\n\t\t\t\t<div class=\"elementor-widget-container\">\n\t\t\t\t\t<h2 class=\"elementor-heading-title elementor-size-default\">Productos analizados por<\/h2>\t\t\t\t<\/div>\n\t\t\t\t<\/div>\n\t\t\t\t<\/div>\n\t\t<div class=\"elementor-element elementor-element-8c7d8f4 e-con-full e-flex e-con e-child\" data-id=\"8c7d8f4\" data-element_type=\"container\">\n\t\t\t\t<div class=\"elementor-element elementor-element-d0581ad elementor-widget elementor-widget-image\" data-id=\"d0581ad\" data-element_type=\"widget\" data-widget_type=\"image.default\">\n\t\t\t\t<div class=\"elementor-widget-container\">\n\t\t\t\t\t\t\t\t\t\t\t\t\t\t\t<img fetchpriority=\"high\" decoding=\"async\" width=\"482\" height=\"200\" src=\"https:\/\/cbdhomehub.com\/wp-content\/uploads\/2025\/02\/logo-cetaex-b.png\" class=\"attachment-large size-large wp-image-10217\" alt=\"\" \/>\t\t\t\t\t\t\t\t\t\t\t\t\t\t\t<\/div>\n\t\t\t\t<\/div>\n\t\t\t\t<\/div>\n\t\t\t\t\t<\/div>\n\t\t\t\t<\/div>\n\t\t<div class=\"elementor-element elementor-element-2fcdb8be e-flex e-con-boxed e-con e-parent\" data-id=\"2fcdb8be\" data-element_type=\"container\">\n\t\t\t\t\t<div class=\"e-con-inner\">\n\t\t<div class=\"elementor-element elementor-element-67cf2194 e-flex e-con-boxed e-con e-child\" data-id=\"67cf2194\" data-element_type=\"container\">\n\t\t\t\t\t<div class=\"e-con-inner\">\n\t\t<div class=\"elementor-element elementor-element-73c1783d e-con-full e-flex e-con e-child\" data-id=\"73c1783d\" data-element_type=\"container\" data-settings=\"{&quot;background_background&quot;:&quot;classic&quot;}\">\n\t\t\t\t<div class=\"elementor-element elementor-element-60d0655a elementor-widget elementor-widget-heading\" data-id=\"60d0655a\" data-element_type=\"widget\" data-widget_type=\"heading.default\">\n\t\t\t\t<div class=\"elementor-widget-container\">\n\t\t\t\t\t<h2 class=\"elementor-heading-title elementor-size-default\">An\u00e1lisis de bases de aceites:<\/h2>\t\t\t\t<\/div>\n\t\t\t\t<\/div>\n\t\t\t\t<div class=\"elementor-element elementor-element-459917ef link-analisis elementor-widget elementor-widget-text-editor\" data-id=\"459917ef\" data-element_type=\"widget\" data-widget_type=\"text-editor.default\">\n\t\t\t\t<div class=\"elementor-widget-container\">\n\t\t\t\t\t\t\t\t\t<p><a href=\"https:\/\/cbdhomehub.com\/wp-content\/uploads\/2023\/12\/COA-AV-CANAMO-ECO-818F23317-1M.pdf\" target=\"_blank\" rel=\"noopener\">L&#039;olio di canapa biologico<\/a><\/p>\n<p><a href=\"https:\/\/cbdhomehub.com\/wp-content\/uploads\/2023\/12\/COA-AV-COCO-FRACCIONADO-ECO.pdf\" target=\"_blank\" rel=\"noopener\">Olio di cocco frazionato<\/a><\/p>\n<p><a href=\"https:\/\/cbdhomehub.com\/wp-content\/uploads\/2024\/03\/CBD-ISOLATE-I01WG141.pdf\" target=\"_blank\" rel=\"noopener\">Control de calidad<\/a><\/p>\t\t\t\t\t\t\t\t<\/div>\n\t\t\t\t<\/div>\n\t\t\t\t<\/div>\n\t\t<div class=\"elementor-element elementor-element-72029f6 e-con-full e-flex e-con e-child\" data-id=\"72029f6\" data-element_type=\"container\" data-settings=\"{&quot;background_background&quot;:&quot;classic&quot;}\">\n\t\t\t\t<div class=\"elementor-element elementor-element-77b8c18 elementor-widget elementor-widget-heading\" data-id=\"77b8c18\" data-element_type=\"widget\" data-widget_type=\"heading.default\">\n\t\t\t\t<div class=\"elementor-widget-container\">\n\t\t\t\t\t<h2 class=\"elementor-heading-title elementor-size-default\">An\u00e1lisis de materias primas:<\/h2>\t\t\t\t<\/div>\n\t\t\t\t<\/div>\n\t\t\t\t<div class=\"elementor-element elementor-element-a954115 link-analisis elementor-widget elementor-widget-text-editor\" data-id=\"a954115\" data-element_type=\"widget\" data-widget_type=\"text-editor.default\">\n\t\t\t\t<div class=\"elementor-widget-container\">\n\t\t\t\t\t\t\t\t\t<p><a href=\"https:\/\/cbdhomehub.com\/wp-content\/uploads\/2025\/02\/COA-Aislado.pdf\" target=\"_blank\" rel=\"noopener\">CBD Aislado<\/a><\/p>\n<p><a href=\"https:\/\/cbdhomehub.com\/wp-content\/uploads\/2025\/02\/COA-Full-Spectrum.pdf\" target=\"_blank\" rel=\"noopener\">Spettro Completo<\/a><\/p>\n<p><a href=\"https:\/\/cbdhomehub.com\/wp-content\/uploads\/2025\/02\/COA-CBG.pdf\" target=\"_blank\" rel=\"noopener\">CBG<\/a><\/p>\t\t\t\t\t\t\t\t<\/div>\n\t\t\t\t<\/div>\n\t\t\t\t<\/div>\n\t\t\t\t\t<\/div>\n\t\t\t\t<\/div>\n\t\t\t\t\t<\/div>\n\t\t\t\t<\/div>\n\t\t<div class=\"elementor-element elementor-element-5144174 e-flex e-con-boxed e-con e-parent\" data-id=\"5144174\" data-element_type=\"container\">\n\t\t\t\t\t<div class=\"e-con-inner\">\n\t\t<div class=\"elementor-element elementor-element-32d0c27 e-flex e-con-boxed e-con e-child\" data-id=\"32d0c27\" data-element_type=\"container\">\n\t\t\t\t\t<div class=\"e-con-inner\">\n\t\t<div class=\"elementor-element elementor-element-388f6b0 e-con-full e-flex e-con e-child\" data-id=\"388f6b0\" data-element_type=\"container\" data-settings=\"{&quot;background_background&quot;:&quot;classic&quot;}\">\n\t\t\t\t<div class=\"elementor-element elementor-element-4c77332 elementor-widget elementor-widget-heading\" data-id=\"4c77332\" data-element_type=\"widget\" data-widget_type=\"heading.default\">\n\t\t\t\t<div class=\"elementor-widget-container\">\n\t\t\t\t\t<h2 class=\"elementor-heading-title elementor-size-default\">An\u00e1lisis de aceites Aislados:<\/h2>\t\t\t\t<\/div>\n\t\t\t\t<\/div>\n\t\t\t\t<div class=\"elementor-element elementor-element-04007d2 link-analisis elementor-widget elementor-widget-text-editor\" data-id=\"04007d2\" data-element_type=\"widget\" data-widget_type=\"text-editor.default\">\n\t\t\t\t<div class=\"elementor-widget-container\">\n\t\t\t\t\t\t\t\t\t<p><a href=\"https:\/\/cbdhomehub.com\/wp-content\/uploads\/2025\/02\/AISLADO_10.pdf\" target=\"_blank\" rel=\"noopener\">Aislado 10%<\/a><\/p>\n<p><a href=\"https:\/\/cbdhomehub.com\/wp-content\/uploads\/2025\/02\/AISLADO_20.pdf\" target=\"_blank\" rel=\"noopener\">Aislado 20%<\/a><\/p>\n<p><a href=\"https:\/\/cbdhomehub.com\/wp-content\/uploads\/2025\/02\/AISLADO_40.pdf\" target=\"_blank\" rel=\"noopener\">Aislado 40%<\/a><\/p>\t\t\t\t\t\t\t\t<\/div>\n\t\t\t\t<\/div>\n\t\t\t\t<\/div>\n\t\t<div class=\"elementor-element elementor-element-da8ffb7 e-con-full e-flex e-con e-child\" data-id=\"da8ffb7\" data-element_type=\"container\" data-settings=\"{&quot;background_background&quot;:&quot;classic&quot;}\">\n\t\t\t\t<div class=\"elementor-element elementor-element-6622f25 elementor-widget elementor-widget-heading\" data-id=\"6622f25\" data-element_type=\"widget\" data-widget_type=\"heading.default\">\n\t\t\t\t<div class=\"elementor-widget-container\">\n\t\t\t\t\t<h2 class=\"elementor-heading-title elementor-size-default\">An\u00e1lisis de aceites Full Spectrum:<\/h2>\t\t\t\t<\/div>\n\t\t\t\t<\/div>\n\t\t\t\t<div class=\"elementor-element elementor-element-f8d29f8 link-analisis elementor-widget elementor-widget-text-editor\" data-id=\"f8d29f8\" data-element_type=\"widget\" data-widget_type=\"text-editor.default\">\n\t\t\t\t<div class=\"elementor-widget-container\">\n\t\t\t\t\t\t\t\t\t<p><a href=\"https:\/\/cbdhomehub.com\/wp-content\/uploads\/2025\/02\/FULL_10.pdf\" target=\"_blank\" rel=\"noopener\">Full Spectrum 10%<\/a><\/p>\n<p><a href=\"https:\/\/cbdhomehub.com\/wp-content\/uploads\/2025\/02\/FULL_20.pdf\" target=\"_blank\" rel=\"noopener\">Full Spectrum 20%<\/a><\/p>\n<p><a href=\"https:\/\/cbdhomehub.com\/wp-content\/uploads\/2025\/02\/FULL_40.pdf\" target=\"_blank\" rel=\"noopener\">Full Spectrum 40%<\/a><\/p>\t\t\t\t\t\t\t\t<\/div>\n\t\t\t\t<\/div>\n\t\t\t\t<\/div>\n\t\t\t\t\t<\/div>\n\t\t\t\t<\/div>\n\t\t\t\t\t<\/div>\n\t\t\t\t<\/div>\n\t\t<div class=\"elementor-element elementor-element-120d3e9 e-flex e-con-boxed e-con e-parent\" data-id=\"120d3e9\" data-element_type=\"container\">\n\t\t\t\t\t<div class=\"e-con-inner\">\n\t\t<div class=\"elementor-element elementor-element-ade23a7 e-flex e-con-boxed e-con e-child\" data-id=\"ade23a7\" data-element_type=\"container\">\n\t\t\t\t\t<div class=\"e-con-inner\">\n\t\t<div class=\"elementor-element elementor-element-db96b63 e-con-full e-flex e-con e-child\" data-id=\"db96b63\" data-element_type=\"container\" data-settings=\"{&quot;background_background&quot;:&quot;classic&quot;}\">\n\t\t\t\t<div class=\"elementor-element elementor-element-0b42ec4 elementor-widget elementor-widget-heading\" data-id=\"0b42ec4\" data-element_type=\"widget\" data-widget_type=\"heading.default\">\n\t\t\t\t<div class=\"elementor-widget-container\">\n\t\t\t\t\t<h2 class=\"elementor-heading-title elementor-size-default\">An\u00e1lisis de aceites Melatonina:<\/h2>\t\t\t\t<\/div>\n\t\t\t\t<\/div>\n\t\t\t\t<div class=\"elementor-element elementor-element-d8999c0 link-analisis elementor-widget elementor-widget-text-editor\" data-id=\"d8999c0\" data-element_type=\"widget\" data-widget_type=\"text-editor.default\">\n\t\t\t\t<div class=\"elementor-widget-container\">\n\t\t\t\t\t\t\t\t\t<p><a href=\"https:\/\/cbdhomehub.com\/wp-content\/uploads\/2025\/02\/MELATONINA_10.pdf\" target=\"_blank\" rel=\"noopener\">Melatonina 10%<\/a><\/p>\n<p><a href=\"https:\/\/cbdhomehub.com\/wp-content\/uploads\/2025\/02\/MELATONINA_20.pdf\" target=\"_blank\" rel=\"noopener\">Melatonina 20%<\/a><\/p>\n<p><a href=\"https:\/\/cbdhomehub.com\/wp-content\/uploads\/2025\/02\/MELATONINA_40.pdf\" target=\"_blank\" rel=\"noopener\">Melatonina 40%<\/a><\/p>\t\t\t\t\t\t\t\t<\/div>\n\t\t\t\t<\/div>\n\t\t\t\t<\/div>\n\t\t<div class=\"elementor-element elementor-element-c9f652e e-con-full e-flex e-con e-child\" data-id=\"c9f652e\" data-element_type=\"container\" data-settings=\"{&quot;background_background&quot;:&quot;classic&quot;}\">\n\t\t\t\t<div class=\"elementor-element elementor-element-2234c88 elementor-widget elementor-widget-heading\" data-id=\"2234c88\" data-element_type=\"widget\" data-widget_type=\"heading.default\">\n\t\t\t\t<div class=\"elementor-widget-container\">\n\t\t\t\t\t<h2 class=\"elementor-heading-title elementor-size-default\">An\u00e1lisis de aceites CBN:<\/h2>\t\t\t\t<\/div>\n\t\t\t\t<\/div>\n\t\t\t\t<div class=\"elementor-element elementor-element-6a320f0 link-analisis elementor-widget elementor-widget-text-editor\" data-id=\"6a320f0\" data-element_type=\"widget\" data-widget_type=\"text-editor.default\">\n\t\t\t\t<div class=\"elementor-widget-container\">\n\t\t\t\t\t\t\t\t\t<p><a href=\"https:\/\/cbdhomehub.com\/wp-content\/uploads\/2025\/02\/CBD_15_CBN_5.pdf\" target=\"_blank\" rel=\"noopener\">CBD 15 CBN 5<\/a><\/p>\n<p><a href=\"https:\/\/cbdhomehub.com\/wp-content\/uploads\/2025\/02\/CBD_30_CBN_10.pdf\" target=\"_blank\" rel=\"noopener\">CBD 30 CBN 10<\/a><\/p>\t\t\t\t\t\t\t\t<\/div>\n\t\t\t\t<\/div>\n\t\t\t\t<\/div>\n\t\t\t\t\t<\/div>\n\t\t\t\t<\/div>\n\t\t\t\t\t<\/div>\n\t\t\t\t<\/div>\n\t\t<div class=\"elementor-element elementor-element-2906e07 e-flex e-con-boxed e-con e-parent\" data-id=\"2906e07\" data-element_type=\"container\">\n\t\t\t\t\t<div class=\"e-con-inner\">\n\t\t<div class=\"elementor-element elementor-element-bf61979 e-flex e-con-boxed e-con e-child\" data-id=\"bf61979\" data-element_type=\"container\">\n\t\t\t\t\t<div class=\"e-con-inner\">\n\t\t<div class=\"elementor-element elementor-element-ec57f54 e-con-full e-flex e-con e-child\" data-id=\"ec57f54\" data-element_type=\"container\" data-settings=\"{&quot;background_background&quot;:&quot;classic&quot;}\">\n\t\t\t\t<div class=\"elementor-element elementor-element-08b7211 elementor-widget elementor-widget-heading\" data-id=\"08b7211\" data-element_type=\"widget\" data-widget_type=\"heading.default\">\n\t\t\t\t<div class=\"elementor-widget-container\">\n\t\t\t\t\t<h2 class=\"elementor-heading-title elementor-size-default\">An\u00e1lisis de aceites CBG:<\/h2>\t\t\t\t<\/div>\n\t\t\t\t<\/div>\n\t\t\t\t<div class=\"elementor-element elementor-element-4956c55 link-analisis elementor-widget elementor-widget-text-editor\" data-id=\"4956c55\" data-element_type=\"widget\" data-widget_type=\"text-editor.default\">\n\t\t\t\t<div class=\"elementor-widget-container\">\n\t\t\t\t\t\t\t\t\t<p><a href=\"https:\/\/cbdhomehub.com\/wp-content\/uploads\/2025\/02\/CBD_15_CBG_5.pdf\" target=\"_blank\" rel=\"noopener\">CBD 15 CBG 5<\/a><\/p>\n<p><a href=\"https:\/\/cbdhomehub.com\/wp-content\/uploads\/2025\/02\/CBD_30_CBG_10.pdf\" target=\"_blank\" rel=\"noopener\">CBD 30 CBG 10<\/a><\/p>\t\t\t\t\t\t\t\t<\/div>\n\t\t\t\t<\/div>\n\t\t\t\t<\/div>\n\t\t<div class=\"elementor-element elementor-element-eb67d0f e-con-full e-flex e-con e-child\" data-id=\"eb67d0f\" data-element_type=\"container\" data-settings=\"{&quot;background_background&quot;:&quot;classic&quot;}\">\n\t\t\t\t<div class=\"elementor-element elementor-element-be612dd elementor-widget elementor-widget-heading\" data-id=\"be612dd\" data-element_type=\"widget\" data-widget_type=\"heading.default\">\n\t\t\t\t<div class=\"elementor-widget-container\">\n\t\t\t\t\t<h2 class=\"elementor-heading-title elementor-size-default\">An\u00e1lisis de aceites Combinados:<\/h2>\t\t\t\t<\/div>\n\t\t\t\t<\/div>\n\t\t\t\t<div class=\"elementor-element elementor-element-4e1a3e3 link-analisis elementor-widget elementor-widget-text-editor\" data-id=\"4e1a3e3\" data-element_type=\"widget\" data-widget_type=\"text-editor.default\">\n\t\t\t\t<div class=\"elementor-widget-container\">\n\t\t\t\t\t\t\t\t\t<p><a href=\"https:\/\/cbdhomehub.com\/wp-content\/uploads\/2025\/02\/ASHWAGANDHA_20.pdf\" target=\"_blank\" rel=\"noopener\">Aswaghanda 20%<\/a><\/p>\n<p><a href=\"https:\/\/cbdhomehub.com\/wp-content\/uploads\/2025\/02\/CURCUMA_20.pdf\" target=\"_blank\" rel=\"noopener\">C\u00farcuma 20%<\/a><\/p>\n<p><a href=\"https:\/\/cbdhomehub.com\/wp-content\/uploads\/2025\/02\/ROSA_MOSQUETA.pdf\" target=\"_blank\" rel=\"noopener\">Rosa Mosqueta<\/a><\/p>\t\t\t\t\t\t\t\t<\/div>\n\t\t\t\t<\/div>\n\t\t\t\t<\/div>\n\t\t\t\t\t<\/div>\n\t\t\t\t<\/div>\n\t\t\t\t\t<\/div>\n\t\t\t\t<\/div>\t\t<\/div>","protected":false},"excerpt":{"rendered":"<p>An\u00e1lsis y certificados de nuestros productos Productos analizados por An\u00e1lisis de bases de aceites: Aceite de c\u00e1\u00f1amo ecol\u00f3gico Aceite de&hellip;<\/p>","protected":false},"author":44,"featured_media":0,"parent":0,"menu_order":0,"comment_status":"closed","ping_status":"closed","template":"","meta":{"footnotes":""},"class_list":["post-6542","page","type-page","status-publish","hentry"],"yoast_head":"<!-- This site is optimized with the Yoast SEO plugin v25.4 - https:\/\/yoast.com\/wordpress\/plugins\/seo\/ -->\n<title>Ana\u00edticas de nuestros productos - CBD HOME<\/title>\n<meta name=\"description\" content=\"Creemos en la importancia de la calidad y la pureza, por lo que realizamos rigurosos an\u00e1lisis para garantizar la excelencia en los productos.\" \/>\n<meta name=\"robots\" content=\"index, follow, max-snippet:-1, max-image-preview:large, max-video-preview:-1\" \/>\n<link rel=\"canonical\" href=\"https:\/\/cbdhomehub.com\/it\/analisis\/\" \/>\n<meta property=\"og:locale\" content=\"it_IT\" \/>\n<meta property=\"og:type\" content=\"article\" \/>\n<meta property=\"og:title\" content=\"Ana\u00edticas de nuestros productos - CBD HOME\" \/>\n<meta property=\"og:description\" content=\"Creemos en la importancia de la calidad y la pureza, por lo que realizamos rigurosos an\u00e1lisis para garantizar la excelencia en los productos.\" \/>\n<meta property=\"og:url\" content=\"https:\/\/cbdhomehub.com\/it\/analisis\/\" \/>\n<meta property=\"og:site_name\" content=\"CBD HOME\" \/>\n<meta property=\"article:publisher\" content=\"https:\/\/www.facebook.com\/CBD-HOME-106393425109020\" \/>\n<meta property=\"article:modified_time\" content=\"2025-03-12T11:51:21+00:00\" \/>\n<meta property=\"og:image\" content=\"https:\/\/cbdhomehub.com\/wp-content\/uploads\/2025\/02\/logo-cetaex-b.png\" \/>\n<meta name=\"twitter:card\" content=\"summary_large_image\" \/>\n<meta name=\"twitter:label1\" content=\"Tempo di lettura stimato\" \/>\n\t<meta name=\"twitter:data1\" content=\"2 minuti\" \/>\n<script type=\"application\/ld+json\" class=\"yoast-schema-graph\">{\"@context\":\"https:\/\/schema.org\",\"@graph\":[{\"@type\":\"WebPage\",\"@id\":\"https:\/\/cbdhomehub.com\/analisis\/\",\"url\":\"https:\/\/cbdhomehub.com\/analisis\/\",\"name\":\"Ana\u00edticas de nuestros productos - CBD HOME\",\"isPartOf\":{\"@id\":\"https:\/\/cbdhomehub.com\/#website\"},\"primaryImageOfPage\":{\"@id\":\"https:\/\/cbdhomehub.com\/analisis\/#primaryimage\"},\"image\":{\"@id\":\"https:\/\/cbdhomehub.com\/analisis\/#primaryimage\"},\"thumbnailUrl\":\"https:\/\/cbdhomehub.com\/wp-content\/uploads\/2025\/02\/logo-cetaex-b.png\",\"datePublished\":\"2023-12-04T19:17:32+00:00\",\"dateModified\":\"2025-03-12T11:51:21+00:00\",\"description\":\"Creemos en la importancia de la calidad y la pureza, por lo que realizamos rigurosos an\u00e1lisis para garantizar la excelencia en los productos.\",\"breadcrumb\":{\"@id\":\"https:\/\/cbdhomehub.com\/analisis\/#breadcrumb\"},\"inLanguage\":\"it-IT\",\"potentialAction\":[{\"@type\":\"ReadAction\",\"target\":[\"https:\/\/cbdhomehub.com\/analisis\/\"]}]},{\"@type\":\"ImageObject\",\"inLanguage\":\"it-IT\",\"@id\":\"https:\/\/cbdhomehub.com\/analisis\/#primaryimage\",\"url\":\"https:\/\/cbdhomehub.com\/wp-content\/uploads\/2025\/02\/logo-cetaex-b.png\",\"contentUrl\":\"https:\/\/cbdhomehub.com\/wp-content\/uploads\/2025\/02\/logo-cetaex-b.png\"},{\"@type\":\"BreadcrumbList\",\"@id\":\"https:\/\/cbdhomehub.com\/analisis\/#breadcrumb\",\"itemListElement\":[{\"@type\":\"ListItem\",\"position\":1,\"name\":\"Portada\",\"item\":\"https:\/\/cbdhomehub.com\/\"},{\"@type\":\"ListItem\",\"position\":2,\"name\":\"An\u00e1lisis\"}]},{\"@type\":\"WebSite\",\"@id\":\"https:\/\/cbdhomehub.com\/#website\",\"url\":\"https:\/\/cbdhomehub.com\/\",\"name\":\"CBD HOME\",\"description\":\"Tienda de CBD N\u00ba 1 en Amazon\",\"publisher\":{\"@id\":\"https:\/\/cbdhomehub.com\/#organization\"},\"potentialAction\":[{\"@type\":\"SearchAction\",\"target\":{\"@type\":\"EntryPoint\",\"urlTemplate\":\"https:\/\/cbdhomehub.com\/?s={search_term_string}\"},\"query-input\":{\"@type\":\"PropertyValueSpecification\",\"valueRequired\":true,\"valueName\":\"search_term_string\"}}],\"inLanguage\":\"it-IT\"},{\"@type\":\"Organization\",\"@id\":\"https:\/\/cbdhomehub.com\/#organization\",\"name\":\"CBD HOME\",\"url\":\"https:\/\/cbdhomehub.com\/\",\"logo\":{\"@type\":\"ImageObject\",\"inLanguage\":\"it-IT\",\"@id\":\"https:\/\/cbdhomehub.com\/#\/schema\/logo\/image\/\",\"url\":\"https:\/\/cbdhomehub.comwp-content\/uploads\/2022\/05\/logo2HDnegroTM.png\",\"contentUrl\":\"https:\/\/cbdhomehub.comwp-content\/uploads\/2022\/05\/logo2HDnegroTM.png\",\"width\":4193,\"height\":646,\"caption\":\"CBD HOME\"},\"image\":{\"@id\":\"https:\/\/cbdhomehub.com\/#\/schema\/logo\/image\/\"},\"sameAs\":[\"https:\/\/www.facebook.com\/CBD-HOME-106393425109020\",\"https:\/\/www.instagram.com\/cbdhomelab\/\",\"https:\/\/www.linkedin.com\/company\/cbd-home\/about\/\"]}]}<\/script>\n<!-- \/ Yoast SEO plugin. -->","yoast_head_json":{"title":"Ana\u00edticas de nuestros productos - CBD HOME","description":"Creemos en la importancia de la calidad y la pureza, por lo que realizamos rigurosos an\u00e1lisis para garantizar la excelencia en los productos.","robots":{"index":"index","follow":"follow","max-snippet":"max-snippet:-1","max-image-preview":"max-image-preview:large","max-video-preview":"max-video-preview:-1"},"canonical":"https:\/\/cbdhomehub.com\/it\/analisis\/","og_locale":"it_IT","og_type":"article","og_title":"Ana\u00edticas de nuestros productos - CBD HOME","og_description":"Creemos en la importancia de la calidad y la pureza, por lo que realizamos rigurosos an\u00e1lisis para garantizar la excelencia en los productos.","og_url":"https:\/\/cbdhomehub.com\/it\/analisis\/","og_site_name":"CBD HOME","article_publisher":"https:\/\/www.facebook.com\/CBD-HOME-106393425109020","article_modified_time":"2025-03-12T11:51:21+00:00","og_image":[{"url":"https:\/\/cbdhomehub.com\/wp-content\/uploads\/2025\/02\/logo-cetaex-b.png","type":"","width":"","height":""}],"twitter_card":"summary_large_image","twitter_misc":{"Tempo di lettura stimato":"2 minuti"},"schema":{"@context":"https:\/\/schema.org","@graph":[{"@type":"WebPage","@id":"https:\/\/cbdhomehub.com\/analisis\/","url":"https:\/\/cbdhomehub.com\/analisis\/","name":"Ana\u00edticas de nuestros productos - CBD HOME","isPartOf":{"@id":"https:\/\/cbdhomehub.com\/#website"},"primaryImageOfPage":{"@id":"https:\/\/cbdhomehub.com\/analisis\/#primaryimage"},"image":{"@id":"https:\/\/cbdhomehub.com\/analisis\/#primaryimage"},"thumbnailUrl":"https:\/\/cbdhomehub.com\/wp-content\/uploads\/2025\/02\/logo-cetaex-b.png","datePublished":"2023-12-04T19:17:32+00:00","dateModified":"2025-03-12T11:51:21+00:00","description":"Creemos en la importancia de la calidad y la pureza, por lo que realizamos rigurosos an\u00e1lisis para garantizar la excelencia en los productos.","breadcrumb":{"@id":"https:\/\/cbdhomehub.com\/analisis\/#breadcrumb"},"inLanguage":"it-IT","potentialAction":[{"@type":"ReadAction","target":["https:\/\/cbdhomehub.com\/analisis\/"]}]},{"@type":"ImageObject","inLanguage":"it-IT","@id":"https:\/\/cbdhomehub.com\/analisis\/#primaryimage","url":"https:\/\/cbdhomehub.com\/wp-content\/uploads\/2025\/02\/logo-cetaex-b.png","contentUrl":"https:\/\/cbdhomehub.com\/wp-content\/uploads\/2025\/02\/logo-cetaex-b.png"},{"@type":"BreadcrumbList","@id":"https:\/\/cbdhomehub.com\/analisis\/#breadcrumb","itemListElement":[{"@type":"ListItem","position":1,"name":"Portada","item":"https:\/\/cbdhomehub.com\/"},{"@type":"ListItem","position":2,"name":"An\u00e1lisis"}]},{"@type":"WebSite","@id":"https:\/\/cbdhomehub.com\/#website","url":"https:\/\/cbdhomehub.com\/","name":"CBD HOME","description":"Tienda de CBD N\u00ba 1 en Amazon","publisher":{"@id":"https:\/\/cbdhomehub.com\/#organization"},"potentialAction":[{"@type":"SearchAction","target":{"@type":"EntryPoint","urlTemplate":"https:\/\/cbdhomehub.com\/?s={search_term_string}"},"query-input":{"@type":"PropertyValueSpecification","valueRequired":true,"valueName":"search_term_string"}}],"inLanguage":"it-IT"},{"@type":"Organization","@id":"https:\/\/cbdhomehub.com\/#organization","name":"CBD HOME","url":"https:\/\/cbdhomehub.com\/","logo":{"@type":"ImageObject","inLanguage":"it-IT","@id":"https:\/\/cbdhomehub.com\/#\/schema\/logo\/image\/","url":"https:\/\/cbdhomehub.comwp-content\/uploads\/2022\/05\/logo2HDnegroTM.png","contentUrl":"https:\/\/cbdhomehub.comwp-content\/uploads\/2022\/05\/logo2HDnegroTM.png","width":4193,"height":646,"caption":"CBD HOME"},"image":{"@id":"https:\/\/cbdhomehub.com\/#\/schema\/logo\/image\/"},"sameAs":["https:\/\/www.facebook.com\/CBD-HOME-106393425109020","https:\/\/www.instagram.com\/cbdhomelab\/","https:\/\/www.linkedin.com\/company\/cbd-home\/about\/"]}]}},"jetpack_sharing_enabled":true,"_links":{"self":[{"href":"https:\/\/cbdhomehub.com\/it\/wp-json\/wp\/v2\/pages\/6542","targetHints":{"allow":["GET"]}}],"collection":[{"href":"https:\/\/cbdhomehub.com\/it\/wp-json\/wp\/v2\/pages"}],"about":[{"href":"https:\/\/cbdhomehub.com\/it\/wp-json\/wp\/v2\/types\/page"}],"author":[{"embeddable":true,"href":"https:\/\/cbdhomehub.com\/it\/wp-json\/wp\/v2\/users\/44"}],"replies":[{"embeddable":true,"href":"https:\/\/cbdhomehub.com\/it\/wp-json\/wp\/v2\/comments?post=6542"}],"version-history":[{"count":111,"href":"https:\/\/cbdhomehub.com\/it\/wp-json\/wp\/v2\/pages\/6542\/revisions"}],"predecessor-version":[{"id":10415,"href":"https:\/\/cbdhomehub.com\/it\/wp-json\/wp\/v2\/pages\/6542\/revisions\/10415"}],"wp:attachment":[{"href":"https:\/\/cbdhomehub.com\/it\/wp-json\/wp\/v2\/media?parent=6542"}],"curies":[{"name":"wp","href":"https:\/\/api.w.org\/{rel}","templated":true}]}}