{"id":5810,"date":"2023-10-03T10:55:11","date_gmt":"2023-10-03T10:55:11","guid":{"rendered":"https:\/\/cbdhomehub.com?page_id=5810"},"modified":"2025-01-29T12:52:40","modified_gmt":"2025-01-29T12:52:40","slug":"preguntas-frecuentes","status":"publish","type":"page","link":"https:\/\/cbdhomehub.com\/it\/preguntas-frecuentes\/","title":{"rendered":"Domande frequenti"},"content":{"rendered":"<div data-elementor-type=\"wp-page\" data-elementor-id=\"5810\" class=\"elementor elementor-5810\" data-elementor-post-type=\"page\">\n\t\t\t\t<div class=\"elementor-element elementor-element-1207c01b e-flex e-con-boxed e-con e-parent\" data-id=\"1207c01b\" data-element_type=\"container\">\n\t\t\t\t\t<div class=\"e-con-inner\">\n\t\t\t\t<div class=\"elementor-element elementor-element-e146fc2 elementor-widget elementor-widget-heading\" data-id=\"e146fc2\" data-element_type=\"widget\" data-widget_type=\"heading.default\">\n\t\t\t\t<div class=\"elementor-widget-container\">\n\t\t\t\t\t<h1 class=\"elementor-heading-title elementor-size-default\">PREGUNTAS FRECUENTES<\/h1>\t\t\t\t<\/div>\n\t\t\t\t<\/div>\n\t\t\t\t<div class=\"elementor-element elementor-element-50c3a8ed elementor-widget elementor-widget-text-editor\" data-id=\"50c3a8ed\" data-element_type=\"widget\" data-widget_type=\"text-editor.default\">\n\t\t\t\t<div class=\"elementor-widget-container\"><h2>SOBRE EL CBD<\/h2>\n<h2>1.\u00bfQu\u00e9 es el CBD y de d\u00f3nde proviene?<\/h2>\n<p>CBD \u00e8 uno dei molti composti chimici presenti nella pianta di Cannabis sativa.<b>\u00a0Si tratta di un non-psicotrope cannabinoidi<\/b>\u00a0e a differenza di THC, CBD, non altera la percezione o influenzare la capacit\u00e0 cognitiva.<\/p>\n<p>La pianta di Cannabis sativa, conosciuta comunemente come la canapa o marijuana, \u00e8 una pianta erbacea della famiglia delle Cannabaceae.<\/p>\n<h2>2.Pu\u00f2 CBD essere coinvolgente, causa di allergie o dannoso?<\/h2>\n<p>Non \u00e8 coinvolgente, tutti gli studi fino ad oggi mostrano che la dipendenza da osservare, \u00e8 la stessa in soggetti che hanno consumato CBD rispetto a quelli che avevano assunto placebo. In termini di allergie, come tutte le sostanze, non \u00e8 senza questa possibilit\u00e0. Il record di persone che sono allergici al CBD fino al momento in cui non sono significativi e, in proporzione, sono minime.<\/p>\n<h2>3.Non CBD pu\u00f2 causare effetti collaterali?<\/h2>\n<p>Il CBD pu\u00f2 causare effetti collaterali, ma questi non vanno al di l\u00e0 di dolori di stomaco e stanchezza eccessiva, cessa di sospendere il suo consumo. \u00c8 anche possibile produrre interazioni negative con alcuni farmaci, o con qualsiasi condizione molto specifici, in alcuni casi. Se credi che si pu\u00f2 essere in una qualsiasi di queste situazioni, si consiglia di consultare il proprio medico.<\/p>\n<h2>4.\u00c8 sicuro di consumare CBD e in che quantit\u00e0 o dose?<\/h2>\n<p>S\u00ed, es totalmente seguro. Los estudios \u00abin vitro\u00bb e \u00abin vivo\u00bb reportan una muy alta seguridad y nula toxicidad. No hay una dosis espec\u00edfica. Depende de diversos factores f\u00edsicos (edad, sexo, peso, altura, capacidad de asimilaci\u00f3n, etc.) y psicol\u00f3gicos (sugesti\u00f3n, ansiedad, estr\u00e9s, predisposici\u00f3n, etc.). La mejor manera de encontrar su dosis es comenzar con dosis bajas y aumentar gradualmente hasta encontrar los efectos deseados. A pesar de esto, <strong>in Spagna \u00e8 legale solo la vendita di prodotti inteso solo per uso esterno e non per uso orale.<\/strong><\/p>\n<h2>5.E &#039; legale vendere CBD in Europa?<\/h2>\n<p>S\u00ec, \u00e8 legale nella maggior parte dei paesi europei. Normalmente, la normativa consente la commercializzazione CBD purch\u00e9 destinati ad un uso esterno e l&#039;etichetta ti dice di farlo. Tutti i nostri prodotti sono etichettati. Il regolamento variano a seconda del paese di destinazione, dove siamo in grado di adattare internamente sui tag, come i componenti dei nostri prodotti.<\/p>\n<h2>6.\u00bfC\u00f3mo es nuestro aceite?<\/h2>\n<p>Il nostro olio di CBD favorisce il rilassamento, riduce l&#039;ansia, lo stress e allevia il dolore per la sua capacit\u00e0 di anti-infiammatorie e antiossidanti. L&#039;olio di canapa biologico \u00e8 combinato con l&#039;olio Extra Vergine di Oliva per arricchire la vostra propriet\u00e0 e migliorare la sua capacit\u00e0 di assorbimento. La buccia di olio di limone completa la formula per migliorare le propriet\u00e0 organolettiche.<\/p>\n<h2>7.Che cosa \u00e8 l&#039;evidenza scientifica sui benefici della CBD?<\/h2>\n<p>Nel novembre del 2017, l&#039;OMS ha pubblicato un rapporto preliminare sul CBD, che sono le seguenti conclusioni:<\/p>\n<ul>\n<li>Il CBD non \u00e8 coinvolgente.<\/li>\n<li>Il CBD non sembrano avere alcun potenziale di abuso o dipendenza.<\/li>\n<li>Il CBD ha alcun effetto sulla capacit\u00e0 dell&#039;utente di guidare un veicolo o eseguire compiti che richiedono il coordinamento.<\/li>\n<li>Il CBD non \u00e8 tossico e non hanno gravi effetti collaterali.<\/li>\n<li>Il CBD ha propriet\u00e0 terapeutiche per una variet\u00e0 di condizioni mediche, tra cui l&#039;epilessia, l&#039;ansia e la depressione.<\/li>\n<\/ul>\n<p>In sintesi, il CHE ha riconosciuto il valore terapeutico del CBD, e ha dichiarato che non vi \u00e8 alcuna ragione per vietare o classificare come una droga pericolosa.<\/p>\n<h2>8.Come si deve memorizzare il CBD e per quanto tempo?<\/h2>\n<p>Si consiglia di conservare i propri prodotti di CBD in luoghi in cui potrebbero non essere di luce diretta. Vasetti di olio di CBD sono opache per proteggere al meglio le qualit\u00e0 della CBD, anche cos\u00ec, si consiglia di luoghi freschi e bui.<\/p>\n<h2>9.Puoi dare positivo su un&#039;analisi di stupefacenti?<\/h2>\n<p>CBD HOME utilizza il cannabidiolo THC-free certificate labs negli usa e in Europa, che lo rende totalmente sicuro e adatto per tutte le et\u00e0, gli atleti d&#039;elite e di altri professionisti sottoposti ad analisi di droga<\/p><\/div>\n\t\t\t\t<\/div>\n\t\t\t\t\t<\/div>\n\t\t\t\t<\/div>\n\t\t<div class=\"elementor-element elementor-element-3fd2e68 e-flex e-con-boxed e-con e-parent\" data-id=\"3fd2e68\" data-element_type=\"container\">\n\t\t\t\t\t<div class=\"e-con-inner\">\n\t\t\t\t<div class=\"elementor-element elementor-element-e2a7bec elementor-widget elementor-widget-heading\" data-id=\"e2a7bec\" data-element_type=\"widget\" data-widget_type=\"heading.default\">\n\t\t\t\t<div class=\"elementor-widget-container\">\n\t\t\t\t\t<h2 class=\"elementor-heading-title elementor-size-default\">Spedizioni e resi<\/h2>\t\t\t\t<\/div>\n\t\t\t\t<\/div>\n\t\t\t\t<div class=\"elementor-element elementor-element-7067315 elementor-widget elementor-widget-text-editor\" data-id=\"7067315\" data-element_type=\"widget\" data-widget_type=\"text-editor.default\">\n\t\t\t\t<div class=\"elementor-widget-container\">\n\t\t\t\t\t\t\t\t\t<h2>1.Tempi di consegna<\/h2>\n<p>Come regola generale, i pacchetti sono spediti lo stesso giorno lavorativo in cui viene ricevuta la richiesta. Ma promettiamo che sia entro 24 ore dalla ricezione del pagamento (giorni lavorativi).<\/p>\n<h2>2.La consegna dei pacchi<\/h2>\n<p>Se lo shopping sul nostro sito web e selezionare la consegna postale, di norma il corriere invier\u00e0 un link o un sms in modo che \u00e8 possibile seguire il vostro ordine on-line. Se non, si prega di contattare con\u00a0<a href=\"mailto:info@cbdhomehub.com\">info@cbdhomehub.com<\/a>.<\/p>\n<h2>Non riesci a trovare quello che stai cercando?<\/h2>\n<p>Non esitate a mettervi in contatto con noi. Invia un messaggio e ti contatteremo il pi\u00f9 presto possibile.<\/p>\n<p><!-- \/wp:fl-builder\/layout --><\/p>\t\t\t\t\t\t\t\t<\/div>\n\t\t\t\t<\/div>\n\t\t\t\t\t<\/div>\n\t\t\t\t<\/div>\t\t<\/div>","protected":false},"excerpt":{"rendered":"<p>PREGUNTAS FRECUENTES Env\u00edos y devoluciones 1.Plazos de entrega Como norma general, los paquetes se env\u00edan el mismo d\u00eda laborable que&hellip;<\/p>","protected":false},"author":44,"featured_media":0,"parent":0,"menu_order":0,"comment_status":"closed","ping_status":"closed","template":"","meta":{"footnotes":""},"class_list":["post-5810","page","type-page","status-publish","hentry"],"yoast_head":"<!-- This site is optimized with the Yoast SEO plugin v25.4 - https:\/\/yoast.com\/wordpress\/plugins\/seo\/ -->\n<title>Preguntas Frecuentes - CBD HOME<\/title>\n<meta name=\"description\" content=\"En CBD Home, creemos en brindar claridad y transparencia. Por eso hemos reunido una selecci\u00f3n de preguntas frecuentes del CBD.\" \/>\n<meta name=\"robots\" content=\"index, follow, max-snippet:-1, max-image-preview:large, max-video-preview:-1\" \/>\n<link rel=\"canonical\" href=\"https:\/\/cbdhomehub.com\/it\/preguntas-frecuentes\/\" \/>\n<meta property=\"og:locale\" content=\"it_IT\" \/>\n<meta property=\"og:type\" content=\"article\" \/>\n<meta property=\"og:title\" content=\"Preguntas Frecuentes - CBD HOME\" \/>\n<meta property=\"og:description\" content=\"En CBD Home, creemos en brindar claridad y transparencia. Por eso hemos reunido una selecci\u00f3n de preguntas frecuentes del CBD.\" \/>\n<meta property=\"og:url\" content=\"https:\/\/cbdhomehub.com\/it\/preguntas-frecuentes\/\" \/>\n<meta property=\"og:site_name\" content=\"CBD HOME\" \/>\n<meta property=\"article:publisher\" content=\"https:\/\/www.facebook.com\/CBD-HOME-106393425109020\" \/>\n<meta property=\"article:modified_time\" content=\"2025-01-29T12:52:40+00:00\" \/>\n<meta name=\"twitter:card\" content=\"summary_large_image\" \/>\n<meta name=\"twitter:label1\" content=\"Tempo di lettura stimato\" \/>\n\t<meta name=\"twitter:data1\" content=\"4 minuti\" \/>\n<script type=\"application\/ld+json\" class=\"yoast-schema-graph\">{\"@context\":\"https:\/\/schema.org\",\"@graph\":[{\"@type\":\"WebPage\",\"@id\":\"https:\/\/cbdhomehub.com\/preguntas-frecuentes\/\",\"url\":\"https:\/\/cbdhomehub.com\/preguntas-frecuentes\/\",\"name\":\"Preguntas Frecuentes - CBD HOME\",\"isPartOf\":{\"@id\":\"https:\/\/cbdhomehub.com\/#website\"},\"datePublished\":\"2023-10-03T10:55:11+00:00\",\"dateModified\":\"2025-01-29T12:52:40+00:00\",\"description\":\"En CBD Home, creemos en brindar claridad y transparencia. Por eso hemos reunido una selecci\u00f3n de preguntas frecuentes del CBD.\",\"breadcrumb\":{\"@id\":\"https:\/\/cbdhomehub.com\/preguntas-frecuentes\/#breadcrumb\"},\"inLanguage\":\"it-IT\",\"potentialAction\":[{\"@type\":\"ReadAction\",\"target\":[\"https:\/\/cbdhomehub.com\/preguntas-frecuentes\/\"]}]},{\"@type\":\"BreadcrumbList\",\"@id\":\"https:\/\/cbdhomehub.com\/preguntas-frecuentes\/#breadcrumb\",\"itemListElement\":[{\"@type\":\"ListItem\",\"position\":1,\"name\":\"Portada\",\"item\":\"https:\/\/cbdhomehub.com\/\"},{\"@type\":\"ListItem\",\"position\":2,\"name\":\"Preguntas frecuentes\"}]},{\"@type\":\"WebSite\",\"@id\":\"https:\/\/cbdhomehub.com\/#website\",\"url\":\"https:\/\/cbdhomehub.com\/\",\"name\":\"CBD HOME\",\"description\":\"Tienda de CBD N\u00ba 1 en Amazon\",\"publisher\":{\"@id\":\"https:\/\/cbdhomehub.com\/#organization\"},\"potentialAction\":[{\"@type\":\"SearchAction\",\"target\":{\"@type\":\"EntryPoint\",\"urlTemplate\":\"https:\/\/cbdhomehub.com\/?s={search_term_string}\"},\"query-input\":{\"@type\":\"PropertyValueSpecification\",\"valueRequired\":true,\"valueName\":\"search_term_string\"}}],\"inLanguage\":\"it-IT\"},{\"@type\":\"Organization\",\"@id\":\"https:\/\/cbdhomehub.com\/#organization\",\"name\":\"CBD HOME\",\"url\":\"https:\/\/cbdhomehub.com\/\",\"logo\":{\"@type\":\"ImageObject\",\"inLanguage\":\"it-IT\",\"@id\":\"https:\/\/cbdhomehub.com\/#\/schema\/logo\/image\/\",\"url\":\"https:\/\/cbdhomehub.comwp-content\/uploads\/2022\/05\/logo2HDnegroTM.png\",\"contentUrl\":\"https:\/\/cbdhomehub.comwp-content\/uploads\/2022\/05\/logo2HDnegroTM.png\",\"width\":4193,\"height\":646,\"caption\":\"CBD HOME\"},\"image\":{\"@id\":\"https:\/\/cbdhomehub.com\/#\/schema\/logo\/image\/\"},\"sameAs\":[\"https:\/\/www.facebook.com\/CBD-HOME-106393425109020\",\"https:\/\/www.instagram.com\/cbdhomelab\/\",\"https:\/\/www.linkedin.com\/company\/cbd-home\/about\/\"]}]}<\/script>\n<!-- \/ Yoast SEO plugin. -->","yoast_head_json":{"title":"Preguntas Frecuentes - CBD HOME","description":"En CBD Home, creemos en brindar claridad y transparencia. Por eso hemos reunido una selecci\u00f3n de preguntas frecuentes del CBD.","robots":{"index":"index","follow":"follow","max-snippet":"max-snippet:-1","max-image-preview":"max-image-preview:large","max-video-preview":"max-video-preview:-1"},"canonical":"https:\/\/cbdhomehub.com\/it\/preguntas-frecuentes\/","og_locale":"it_IT","og_type":"article","og_title":"Preguntas Frecuentes - CBD HOME","og_description":"En CBD Home, creemos en brindar claridad y transparencia. Por eso hemos reunido una selecci\u00f3n de preguntas frecuentes del CBD.","og_url":"https:\/\/cbdhomehub.com\/it\/preguntas-frecuentes\/","og_site_name":"CBD HOME","article_publisher":"https:\/\/www.facebook.com\/CBD-HOME-106393425109020","article_modified_time":"2025-01-29T12:52:40+00:00","twitter_card":"summary_large_image","twitter_misc":{"Tempo di lettura stimato":"4 minuti"},"schema":{"@context":"https:\/\/schema.org","@graph":[{"@type":"WebPage","@id":"https:\/\/cbdhomehub.com\/preguntas-frecuentes\/","url":"https:\/\/cbdhomehub.com\/preguntas-frecuentes\/","name":"Preguntas Frecuentes - CBD HOME","isPartOf":{"@id":"https:\/\/cbdhomehub.com\/#website"},"datePublished":"2023-10-03T10:55:11+00:00","dateModified":"2025-01-29T12:52:40+00:00","description":"En CBD Home, creemos en brindar claridad y transparencia. Por eso hemos reunido una selecci\u00f3n de preguntas frecuentes del CBD.","breadcrumb":{"@id":"https:\/\/cbdhomehub.com\/preguntas-frecuentes\/#breadcrumb"},"inLanguage":"it-IT","potentialAction":[{"@type":"ReadAction","target":["https:\/\/cbdhomehub.com\/preguntas-frecuentes\/"]}]},{"@type":"BreadcrumbList","@id":"https:\/\/cbdhomehub.com\/preguntas-frecuentes\/#breadcrumb","itemListElement":[{"@type":"ListItem","position":1,"name":"Portada","item":"https:\/\/cbdhomehub.com\/"},{"@type":"ListItem","position":2,"name":"Preguntas frecuentes"}]},{"@type":"WebSite","@id":"https:\/\/cbdhomehub.com\/#website","url":"https:\/\/cbdhomehub.com\/","name":"CBD HOME","description":"Tienda de CBD N\u00ba 1 en Amazon","publisher":{"@id":"https:\/\/cbdhomehub.com\/#organization"},"potentialAction":[{"@type":"SearchAction","target":{"@type":"EntryPoint","urlTemplate":"https:\/\/cbdhomehub.com\/?s={search_term_string}"},"query-input":{"@type":"PropertyValueSpecification","valueRequired":true,"valueName":"search_term_string"}}],"inLanguage":"it-IT"},{"@type":"Organization","@id":"https:\/\/cbdhomehub.com\/#organization","name":"CBD HOME","url":"https:\/\/cbdhomehub.com\/","logo":{"@type":"ImageObject","inLanguage":"it-IT","@id":"https:\/\/cbdhomehub.com\/#\/schema\/logo\/image\/","url":"https:\/\/cbdhomehub.comwp-content\/uploads\/2022\/05\/logo2HDnegroTM.png","contentUrl":"https:\/\/cbdhomehub.comwp-content\/uploads\/2022\/05\/logo2HDnegroTM.png","width":4193,"height":646,"caption":"CBD HOME"},"image":{"@id":"https:\/\/cbdhomehub.com\/#\/schema\/logo\/image\/"},"sameAs":["https:\/\/www.facebook.com\/CBD-HOME-106393425109020","https:\/\/www.instagram.com\/cbdhomelab\/","https:\/\/www.linkedin.com\/company\/cbd-home\/about\/"]}]}},"jetpack_sharing_enabled":true,"_links":{"self":[{"href":"https:\/\/cbdhomehub.com\/it\/wp-json\/wp\/v2\/pages\/5810","targetHints":{"allow":["GET"]}}],"collection":[{"href":"https:\/\/cbdhomehub.com\/it\/wp-json\/wp\/v2\/pages"}],"about":[{"href":"https:\/\/cbdhomehub.com\/it\/wp-json\/wp\/v2\/types\/page"}],"author":[{"embeddable":true,"href":"https:\/\/cbdhomehub.com\/it\/wp-json\/wp\/v2\/users\/44"}],"replies":[{"embeddable":true,"href":"https:\/\/cbdhomehub.com\/it\/wp-json\/wp\/v2\/comments?post=5810"}],"version-history":[{"count":14,"href":"https:\/\/cbdhomehub.com\/it\/wp-json\/wp\/v2\/pages\/5810\/revisions"}],"predecessor-version":[{"id":9368,"href":"https:\/\/cbdhomehub.com\/it\/wp-json\/wp\/v2\/pages\/5810\/revisions\/9368"}],"wp:attachment":[{"href":"https:\/\/cbdhomehub.com\/it\/wp-json\/wp\/v2\/media?parent=5810"}],"curies":[{"name":"wp","href":"https:\/\/api.w.org\/{rel}","templated":true}]}}