{"id":4954,"date":"2023-08-07T08:58:06","date_gmt":"2023-08-07T08:58:06","guid":{"rendered":"https:\/\/cbdhomehub.com?page_id=4954"},"modified":"2025-02-26T16:41:54","modified_gmt":"2025-02-26T16:41:54","slug":"empresas","status":"publish","type":"page","link":"https:\/\/cbdhomehub.com\/it\/empresas\/","title":{"rendered":"Aziende"},"content":{"rendered":"<div data-elementor-type=\"wp-page\" data-elementor-id=\"4954\" class=\"elementor elementor-4954\" data-elementor-post-type=\"page\">\n\t\t\t\t<div class=\"elementor-element elementor-element-0a9e9a0 e-flex e-con-boxed e-con e-parent\" data-id=\"0a9e9a0\" data-element_type=\"container\">\n\t\t\t\t\t<div class=\"e-con-inner\">\n\t\t\t\t<div class=\"elementor-element elementor-element-4d25b7d elementor-widget elementor-widget-heading\" data-id=\"4d25b7d\" data-element_type=\"widget\" data-widget_type=\"heading.default\">\n\t\t\t\t<div class=\"elementor-widget-container\">\n\t\t\t\t\t<h1 class=\"elementor-heading-title elementor-size-default\">Sei un&#039;azienda o lavoratore autonomo?\n<\/h1>\t\t\t\t<\/div>\n\t\t\t\t<\/div>\n\t\t\t\t<div class=\"elementor-element elementor-element-3cf3ace elementor-widget elementor-widget-heading\" data-id=\"3cf3ace\" data-element_type=\"widget\" data-widget_type=\"heading.default\">\n\t\t\t\t<div class=\"elementor-widget-container\">\n\t\t\t\t\t<h2 class=\"elementor-heading-title elementor-size-default\">Crea tu propia l\u00ednea de productos de CBD con nosotros<\/h2>\t\t\t\t<\/div>\n\t\t\t\t<\/div>\n\t\t\t\t\t<\/div>\n\t\t\t\t<\/div>\n\t\t<div class=\"elementor-element elementor-element-1964967 e-flex e-con-boxed e-con e-parent\" data-id=\"1964967\" data-element_type=\"container\">\n\t\t\t\t\t<div class=\"e-con-inner\">\n\t\t<div class=\"elementor-element elementor-element-3d7ede3 e-con-full e-flex e-con e-child\" data-id=\"3d7ede3\" data-element_type=\"container\">\n\t\t\t\t<div class=\"elementor-element elementor-element-326a93c elementor-widget elementor-widget-image\" data-id=\"326a93c\" data-element_type=\"widget\" data-widget_type=\"image.default\">\n\t\t\t\t<div class=\"elementor-widget-container\">\n\t\t\t\t\t\t\t\t\t\t\t\t\t\t\t<img fetchpriority=\"high\" decoding=\"async\" width=\"640\" height=\"427\" src=\"https:\/\/cbdhomehub.com\/wp-content\/uploads\/2023\/09\/crystalweed-cannabis-o8C9Og3MSkg-unsplash-1024x683.jpg\" class=\"attachment-large size-large wp-image-5684\" alt=\"\" srcset=\"https:\/\/cbdhomehub.com\/wp-content\/uploads\/2023\/09\/crystalweed-cannabis-o8C9Og3MSkg-unsplash-1024x683.jpg 1024w, https:\/\/cbdhomehub.com\/wp-content\/uploads\/2023\/09\/crystalweed-cannabis-o8C9Og3MSkg-unsplash-scaled-1500x1000.jpg 1500w, https:\/\/cbdhomehub.com\/wp-content\/uploads\/2023\/09\/crystalweed-cannabis-o8C9Og3MSkg-unsplash-300x200.jpg 300w, https:\/\/cbdhomehub.com\/wp-content\/uploads\/2023\/09\/crystalweed-cannabis-o8C9Og3MSkg-unsplash-768x512.jpg 768w, https:\/\/cbdhomehub.com\/wp-content\/uploads\/2023\/09\/crystalweed-cannabis-o8C9Og3MSkg-unsplash-1536x1024.jpg 1536w, https:\/\/cbdhomehub.com\/wp-content\/uploads\/2023\/09\/crystalweed-cannabis-o8C9Og3MSkg-unsplash-2048x1365.jpg 2048w\" sizes=\"(max-width: 640px) 100vw, 640px\" \/>\t\t\t\t\t\t\t\t\t\t\t\t\t\t\t<\/div>\n\t\t\t\t<\/div>\n\t\t\t\t<\/div>\n\t\t<div class=\"elementor-element elementor-element-f5e03da e-con-full e-flex e-con e-child\" data-id=\"f5e03da\" data-element_type=\"container\">\n\t\t\t\t<div class=\"elementor-element elementor-element-6e47973 elementor-widget elementor-widget-heading\" data-id=\"6e47973\" data-element_type=\"widget\" data-widget_type=\"heading.default\">\n\t\t\t\t<div class=\"elementor-widget-container\">\n\t\t\t\t\t<h2 class=\"elementor-heading-title elementor-size-default\">1. Distribuci\u00f3n o venta en punto f\u00edsico<\/h2>\t\t\t\t<\/div>\n\t\t\t\t<\/div>\n\t\t\t\t<div class=\"elementor-element elementor-element-4c21798 elementor-widget elementor-widget-text-editor\" data-id=\"4c21798\" data-element_type=\"widget\" data-widget_type=\"text-editor.default\">\n\t\t\t\t<div class=\"elementor-widget-container\">\n\t\t\t\t\t\t\t\t\t<p>Abbiamo prezzi molto competitivi per voi per vendere il nostro marchio nel tuo negozio o distribuire i nostri prodotti. Consultazione prezzi senza compromessi.<\/p>\t\t\t\t\t\t\t\t<\/div>\n\t\t\t\t<\/div>\n\t\t\t\t<div class=\"elementor-element elementor-element-44eea82 elementor-widget elementor-widget-heading\" data-id=\"44eea82\" data-element_type=\"widget\" data-widget_type=\"heading.default\">\n\t\t\t\t<div class=\"elementor-widget-container\">\n\t\t\t\t\t<h2 class=\"elementor-heading-title elementor-size-default\">2. Fabricaci\u00f3n a terceros<\/h2>\t\t\t\t<\/div>\n\t\t\t\t<\/div>\n\t\t\t\t<div class=\"elementor-element elementor-element-f1095d1 elementor-widget elementor-widget-text-editor\" data-id=\"f1095d1\" data-element_type=\"widget\" data-widget_type=\"text-editor.default\">\n\t\t\t\t<div class=\"elementor-widget-container\">\n\t\t\t\t\t\t\t\t\t<p>Crea la tua linea di prodotti cosmetici, alimentazione, con noi.<\/p>\t\t\t\t\t\t\t\t<\/div>\n\t\t\t\t<\/div>\n\t\t\t\t<\/div>\n\t\t\t\t\t<\/div>\n\t\t\t\t<\/div>\n\t\t<div class=\"elementor-element elementor-element-1c99c02 e-flex e-con-boxed e-con e-parent\" data-id=\"1c99c02\" data-element_type=\"container\">\n\t\t\t\t\t<div class=\"e-con-inner\">\n\t\t\t\t<div class=\"elementor-element elementor-element-ed3b5c8 elementor-widget elementor-widget-text-editor\" data-id=\"ed3b5c8\" data-element_type=\"widget\" data-widget_type=\"text-editor.default\">\n\t\t\t\t<div class=\"elementor-widget-container\">\n\t\t\t\t\t\t\t\t\t<p><strong>CBD HOME<\/strong>\u00a0\u00e8 specializzata nella produzione di terze parti per anni, e la nostra esperienza in diversi mercati, ci d\u00e0 la flessibilit\u00e0 per offrire ai nostri clienti una vasta tipologia di opzioni, dal packaging alla composizione, andando da un minimo di ordini con poche unit\u00e0 per ordini con un volume di grandi dimensioni.<\/p>\n<p>Immagazziniamo proprio marchio di riconosciuto prestigio e produciamo per grande distribuzione a marchio proprio.<\/p>\n<p>Abbiamo pi\u00f9 di 40 fornitori di materie prime.<\/p>\t\t\t\t\t\t\t\t<\/div>\n\t\t\t\t<\/div>\n\t\t\t\t\t<\/div>\n\t\t\t\t<\/div>\n\t\t<div class=\"elementor-element elementor-element-80d8c5a e-flex e-con-boxed e-con e-parent\" data-id=\"80d8c5a\" data-element_type=\"container\">\n\t\t\t\t\t<div class=\"e-con-inner\">\n\t\t<div class=\"elementor-element elementor-element-d5f69ad e-flex e-con-boxed e-con e-child\" data-id=\"d5f69ad\" data-element_type=\"container\">\n\t\t\t\t\t<div class=\"e-con-inner\">\n\t\t<div class=\"elementor-element elementor-element-81d1bda e-con-full e-flex e-con e-child\" data-id=\"81d1bda\" data-element_type=\"container\" data-settings=\"{&quot;background_background&quot;:&quot;classic&quot;}\">\n\t\t\t\t<div class=\"elementor-element elementor-element-8b1f15b elementor-widget elementor-widget-heading\" data-id=\"8b1f15b\" data-element_type=\"widget\" data-widget_type=\"heading.default\">\n\t\t\t\t<div class=\"elementor-widget-container\">\n\t\t\t\t\t<h2 class=\"elementor-heading-title elementor-size-default\">Etiquetas cosm\u00e9ticas propias<\/h2>\t\t\t\t<\/div>\n\t\t\t\t<\/div>\n\t\t\t\t<div class=\"elementor-element elementor-element-fd1d4be elementor-widget elementor-widget-text-editor\" data-id=\"fd1d4be\" data-element_type=\"widget\" data-widget_type=\"text-editor.default\">\n\t\t\t\t<div class=\"elementor-widget-container\">\n\t\t\t\t\t\t\t\t\t<ul><li>Formulazioni disponibili<\/li><li>Disponibile sotto il proprio marchio<\/li><\/ul>\t\t\t\t\t\t\t\t<\/div>\n\t\t\t\t<\/div>\n\t\t\t\t<\/div>\n\t\t<div class=\"elementor-element elementor-element-a89129b e-con-full e-flex e-con e-child\" data-id=\"a89129b\" data-element_type=\"container\" data-settings=\"{&quot;background_background&quot;:&quot;classic&quot;}\">\n\t\t\t\t<div class=\"elementor-element elementor-element-76a8684 elementor-widget elementor-widget-heading\" data-id=\"76a8684\" data-element_type=\"widget\" data-widget_type=\"heading.default\">\n\t\t\t\t<div class=\"elementor-widget-container\">\n\t\t\t\t\t<h2 class=\"elementor-heading-title elementor-size-default\">Dise\u00f1o personalizado<\/h2>\t\t\t\t<\/div>\n\t\t\t\t<\/div>\n\t\t\t\t<div class=\"elementor-element elementor-element-7825714 elementor-widget elementor-widget-text-editor\" data-id=\"7825714\" data-element_type=\"widget\" data-widget_type=\"text-editor.default\">\n\t\t\t\t<div class=\"elementor-widget-container\">\n\t\t\t\t\t\t\t\t\t<ul><li>Sviluppo di prodotti su misura<\/li><li>Beni naturali e convenzionali<\/li><li>Ingredienti innovativi<\/li><li>Grandi opzioni di packaging<\/li><li>Ampia formulazione Formulazione standard o personalizzati formulazione)<\/li><\/ul>\t\t\t\t\t\t\t\t<\/div>\n\t\t\t\t<\/div>\n\t\t\t\t<\/div>\n\t\t\t\t\t<\/div>\n\t\t\t\t<\/div>\n\t\t\t\t\t<\/div>\n\t\t\t\t<\/div>\n\t\t<div class=\"elementor-element elementor-element-d83a053 e-flex e-con-boxed e-con e-parent\" data-id=\"d83a053\" data-element_type=\"container\">\n\t\t\t\t\t<div class=\"e-con-inner\">\n\t\t\t\t<div class=\"elementor-element elementor-element-546b4d0 elementor-widget elementor-widget-text-editor\" data-id=\"546b4d0\" data-element_type=\"widget\" data-widget_type=\"text-editor.default\">\n\t\t\t\t<div class=\"elementor-widget-container\">\n\t\t\t\t\t\t\t\t\t<p style=\"text-align: center;\">Si vuole convincere ancora di pi\u00f9, si pu\u00f2 venire a vedere la nostra fabbrica.<\/p><p style=\"text-align: center;\">Siamo a vostra completa disposizione<\/p>\t\t\t\t\t\t\t\t<\/div>\n\t\t\t\t<\/div>\n\t\t\t\t\t<\/div>\n\t\t\t\t<\/div>\n\t\t\t\t<\/div>","protected":false},"excerpt":{"rendered":"<p>\u00bfEres empresa o aut\u00f3nomo? Crea tu propia l\u00ednea de productos de CBD con nosotros 1. Distribuci\u00f3n o venta en punto&hellip;<\/p>","protected":false},"author":44,"featured_media":0,"parent":0,"menu_order":0,"comment_status":"closed","ping_status":"closed","template":"","meta":{"footnotes":""},"class_list":["post-4954","page","type-page","status-publish","hentry"],"yoast_head":"<!-- This site is optimized with the Yoast SEO plugin v25.4 - https:\/\/yoast.com\/wordpress\/plugins\/seo\/ -->\n<title>Empresas - CBD HOME<\/title>\n<meta name=\"robots\" content=\"index, follow, max-snippet:-1, max-image-preview:large, max-video-preview:-1\" \/>\n<link rel=\"canonical\" href=\"https:\/\/cbdhomehub.com\/it\/empresas\/\" \/>\n<meta property=\"og:locale\" content=\"it_IT\" \/>\n<meta property=\"og:type\" content=\"article\" \/>\n<meta property=\"og:title\" content=\"Empresas - CBD HOME\" \/>\n<meta property=\"og:description\" content=\"\u00bfEres empresa o aut\u00f3nomo? Crea tu propia l\u00ednea de productos de CBD con nosotros 1. Distribuci\u00f3n o venta en punto&hellip;\" \/>\n<meta property=\"og:url\" content=\"https:\/\/cbdhomehub.com\/it\/empresas\/\" \/>\n<meta property=\"og:site_name\" content=\"CBD HOME\" \/>\n<meta property=\"article:publisher\" content=\"https:\/\/www.facebook.com\/CBD-HOME-106393425109020\" \/>\n<meta property=\"article:modified_time\" content=\"2025-02-26T16:41:54+00:00\" \/>\n<meta property=\"og:image\" content=\"https:\/\/cbdhomehub.com\/wp-content\/uploads\/2023\/09\/crystalweed-cannabis-o8C9Og3MSkg-unsplash-scaled.jpg\" \/>\n\t<meta property=\"og:image:width\" content=\"2560\" \/>\n\t<meta property=\"og:image:height\" content=\"1707\" \/>\n\t<meta property=\"og:image:type\" content=\"image\/jpeg\" \/>\n<meta name=\"twitter:card\" content=\"summary_large_image\" \/>\n<meta name=\"twitter:label1\" content=\"Tempo di lettura stimato\" \/>\n\t<meta name=\"twitter:data1\" content=\"2 minuti\" \/>\n<script type=\"application\/ld+json\" class=\"yoast-schema-graph\">{\"@context\":\"https:\/\/schema.org\",\"@graph\":[{\"@type\":\"WebPage\",\"@id\":\"https:\/\/cbdhomehub.com\/empresas\/\",\"url\":\"https:\/\/cbdhomehub.com\/empresas\/\",\"name\":\"Empresas - CBD HOME\",\"isPartOf\":{\"@id\":\"https:\/\/cbdhomehub.com\/#website\"},\"primaryImageOfPage\":{\"@id\":\"https:\/\/cbdhomehub.com\/empresas\/#primaryimage\"},\"image\":{\"@id\":\"https:\/\/cbdhomehub.com\/empresas\/#primaryimage\"},\"thumbnailUrl\":\"https:\/\/cbdhomehub.com\/wp-content\/uploads\/2023\/09\/crystalweed-cannabis-o8C9Og3MSkg-unsplash-1024x683.jpg\",\"datePublished\":\"2023-08-07T08:58:06+00:00\",\"dateModified\":\"2025-02-26T16:41:54+00:00\",\"breadcrumb\":{\"@id\":\"https:\/\/cbdhomehub.com\/empresas\/#breadcrumb\"},\"inLanguage\":\"it-IT\",\"potentialAction\":[{\"@type\":\"ReadAction\",\"target\":[\"https:\/\/cbdhomehub.com\/empresas\/\"]}]},{\"@type\":\"ImageObject\",\"inLanguage\":\"it-IT\",\"@id\":\"https:\/\/cbdhomehub.com\/empresas\/#primaryimage\",\"url\":\"https:\/\/cbdhomehub.com\/wp-content\/uploads\/2023\/09\/crystalweed-cannabis-o8C9Og3MSkg-unsplash-1024x683.jpg\",\"contentUrl\":\"https:\/\/cbdhomehub.com\/wp-content\/uploads\/2023\/09\/crystalweed-cannabis-o8C9Og3MSkg-unsplash-1024x683.jpg\"},{\"@type\":\"BreadcrumbList\",\"@id\":\"https:\/\/cbdhomehub.com\/empresas\/#breadcrumb\",\"itemListElement\":[{\"@type\":\"ListItem\",\"position\":1,\"name\":\"Portada\",\"item\":\"https:\/\/cbdhomehub.com\/\"},{\"@type\":\"ListItem\",\"position\":2,\"name\":\"Empresas\"}]},{\"@type\":\"WebSite\",\"@id\":\"https:\/\/cbdhomehub.com\/#website\",\"url\":\"https:\/\/cbdhomehub.com\/\",\"name\":\"CBD HOME\",\"description\":\"Tienda de CBD N\u00ba 1 en Amazon\",\"publisher\":{\"@id\":\"https:\/\/cbdhomehub.com\/#organization\"},\"potentialAction\":[{\"@type\":\"SearchAction\",\"target\":{\"@type\":\"EntryPoint\",\"urlTemplate\":\"https:\/\/cbdhomehub.com\/?s={search_term_string}\"},\"query-input\":{\"@type\":\"PropertyValueSpecification\",\"valueRequired\":true,\"valueName\":\"search_term_string\"}}],\"inLanguage\":\"it-IT\"},{\"@type\":\"Organization\",\"@id\":\"https:\/\/cbdhomehub.com\/#organization\",\"name\":\"CBD HOME\",\"url\":\"https:\/\/cbdhomehub.com\/\",\"logo\":{\"@type\":\"ImageObject\",\"inLanguage\":\"it-IT\",\"@id\":\"https:\/\/cbdhomehub.com\/#\/schema\/logo\/image\/\",\"url\":\"https:\/\/cbdhomehub.comwp-content\/uploads\/2022\/05\/logo2HDnegroTM.png\",\"contentUrl\":\"https:\/\/cbdhomehub.comwp-content\/uploads\/2022\/05\/logo2HDnegroTM.png\",\"width\":4193,\"height\":646,\"caption\":\"CBD HOME\"},\"image\":{\"@id\":\"https:\/\/cbdhomehub.com\/#\/schema\/logo\/image\/\"},\"sameAs\":[\"https:\/\/www.facebook.com\/CBD-HOME-106393425109020\",\"https:\/\/www.instagram.com\/cbdhomelab\/\",\"https:\/\/www.linkedin.com\/company\/cbd-home\/about\/\"]}]}<\/script>\n<!-- \/ Yoast SEO plugin. -->","yoast_head_json":{"title":"Empresas - CBD HOME","robots":{"index":"index","follow":"follow","max-snippet":"max-snippet:-1","max-image-preview":"max-image-preview:large","max-video-preview":"max-video-preview:-1"},"canonical":"https:\/\/cbdhomehub.com\/it\/empresas\/","og_locale":"it_IT","og_type":"article","og_title":"Empresas - CBD HOME","og_description":"\u00bfEres empresa o aut\u00f3nomo? Crea tu propia l\u00ednea de productos de CBD con nosotros 1. Distribuci\u00f3n o venta en punto&hellip;","og_url":"https:\/\/cbdhomehub.com\/it\/empresas\/","og_site_name":"CBD HOME","article_publisher":"https:\/\/www.facebook.com\/CBD-HOME-106393425109020","article_modified_time":"2025-02-26T16:41:54+00:00","og_image":[{"width":2560,"height":1707,"url":"https:\/\/cbdhomehub.com\/wp-content\/uploads\/2023\/09\/crystalweed-cannabis-o8C9Og3MSkg-unsplash-scaled.jpg","type":"image\/jpeg"}],"twitter_card":"summary_large_image","twitter_misc":{"Tempo di lettura stimato":"2 minuti"},"schema":{"@context":"https:\/\/schema.org","@graph":[{"@type":"WebPage","@id":"https:\/\/cbdhomehub.com\/empresas\/","url":"https:\/\/cbdhomehub.com\/empresas\/","name":"Empresas - CBD HOME","isPartOf":{"@id":"https:\/\/cbdhomehub.com\/#website"},"primaryImageOfPage":{"@id":"https:\/\/cbdhomehub.com\/empresas\/#primaryimage"},"image":{"@id":"https:\/\/cbdhomehub.com\/empresas\/#primaryimage"},"thumbnailUrl":"https:\/\/cbdhomehub.com\/wp-content\/uploads\/2023\/09\/crystalweed-cannabis-o8C9Og3MSkg-unsplash-1024x683.jpg","datePublished":"2023-08-07T08:58:06+00:00","dateModified":"2025-02-26T16:41:54+00:00","breadcrumb":{"@id":"https:\/\/cbdhomehub.com\/empresas\/#breadcrumb"},"inLanguage":"it-IT","potentialAction":[{"@type":"ReadAction","target":["https:\/\/cbdhomehub.com\/empresas\/"]}]},{"@type":"ImageObject","inLanguage":"it-IT","@id":"https:\/\/cbdhomehub.com\/empresas\/#primaryimage","url":"https:\/\/cbdhomehub.com\/wp-content\/uploads\/2023\/09\/crystalweed-cannabis-o8C9Og3MSkg-unsplash-1024x683.jpg","contentUrl":"https:\/\/cbdhomehub.com\/wp-content\/uploads\/2023\/09\/crystalweed-cannabis-o8C9Og3MSkg-unsplash-1024x683.jpg"},{"@type":"BreadcrumbList","@id":"https:\/\/cbdhomehub.com\/empresas\/#breadcrumb","itemListElement":[{"@type":"ListItem","position":1,"name":"Portada","item":"https:\/\/cbdhomehub.com\/"},{"@type":"ListItem","position":2,"name":"Empresas"}]},{"@type":"WebSite","@id":"https:\/\/cbdhomehub.com\/#website","url":"https:\/\/cbdhomehub.com\/","name":"CBD HOME","description":"Tienda de CBD N\u00ba 1 en Amazon","publisher":{"@id":"https:\/\/cbdhomehub.com\/#organization"},"potentialAction":[{"@type":"SearchAction","target":{"@type":"EntryPoint","urlTemplate":"https:\/\/cbdhomehub.com\/?s={search_term_string}"},"query-input":{"@type":"PropertyValueSpecification","valueRequired":true,"valueName":"search_term_string"}}],"inLanguage":"it-IT"},{"@type":"Organization","@id":"https:\/\/cbdhomehub.com\/#organization","name":"CBD HOME","url":"https:\/\/cbdhomehub.com\/","logo":{"@type":"ImageObject","inLanguage":"it-IT","@id":"https:\/\/cbdhomehub.com\/#\/schema\/logo\/image\/","url":"https:\/\/cbdhomehub.comwp-content\/uploads\/2022\/05\/logo2HDnegroTM.png","contentUrl":"https:\/\/cbdhomehub.comwp-content\/uploads\/2022\/05\/logo2HDnegroTM.png","width":4193,"height":646,"caption":"CBD HOME"},"image":{"@id":"https:\/\/cbdhomehub.com\/#\/schema\/logo\/image\/"},"sameAs":["https:\/\/www.facebook.com\/CBD-HOME-106393425109020","https:\/\/www.instagram.com\/cbdhomelab\/","https:\/\/www.linkedin.com\/company\/cbd-home\/about\/"]}]}},"jetpack_sharing_enabled":true,"_links":{"self":[{"href":"https:\/\/cbdhomehub.com\/it\/wp-json\/wp\/v2\/pages\/4954","targetHints":{"allow":["GET"]}}],"collection":[{"href":"https:\/\/cbdhomehub.com\/it\/wp-json\/wp\/v2\/pages"}],"about":[{"href":"https:\/\/cbdhomehub.com\/it\/wp-json\/wp\/v2\/types\/page"}],"author":[{"embeddable":true,"href":"https:\/\/cbdhomehub.com\/it\/wp-json\/wp\/v2\/users\/44"}],"replies":[{"embeddable":true,"href":"https:\/\/cbdhomehub.com\/it\/wp-json\/wp\/v2\/comments?post=4954"}],"version-history":[{"count":18,"href":"https:\/\/cbdhomehub.com\/it\/wp-json\/wp\/v2\/pages\/4954\/revisions"}],"predecessor-version":[{"id":10393,"href":"https:\/\/cbdhomehub.com\/it\/wp-json\/wp\/v2\/pages\/4954\/revisions\/10393"}],"wp:attachment":[{"href":"https:\/\/cbdhomehub.com\/it\/wp-json\/wp\/v2\/media?parent=4954"}],"curies":[{"name":"wp","href":"https:\/\/api.w.org\/{rel}","templated":true}]}}