{"id":2537,"date":"2022-05-18T07:50:39","date_gmt":"2022-05-18T07:50:39","guid":{"rendered":"https:\/\/factum-omibu.es\/cbdhome\/?page_id=2537"},"modified":"2025-01-30T11:33:01","modified_gmt":"2025-01-30T11:33:01","slug":"politica-de-cookies","status":"publish","type":"page","link":"https:\/\/cbdhomehub.com\/it\/politica-de-cookies\/","title":{"rendered":"Cookie policy"},"content":{"rendered":"<div data-elementor-type=\"wp-page\" data-elementor-id=\"2537\" class=\"elementor elementor-2537\" data-elementor-post-type=\"page\">\n\t\t\t\t<div class=\"elementor-element elementor-element-7ef4067d e-flex e-con-boxed e-con e-parent\" data-id=\"7ef4067d\" data-element_type=\"container\">\n\t\t\t\t\t<div class=\"e-con-inner\">\n\t\t\t\t<div class=\"elementor-element elementor-element-54d73668 elementor-widget elementor-widget-text-editor\" data-id=\"54d73668\" data-element_type=\"widget\" data-widget_type=\"text-editor.default\">\n\t\t\t\t<div class=\"elementor-widget-container\"><h2>INTRODUCCI\u00d3N<\/h2>\n<p>La presente Pol\u00edtica de Cookies tiene por finalidad informarte de todos los aspectos relativos al uso de Cookies a trav\u00e9s del sitio web https:\/\/cbdhomehub.com (en adelante el Sitio Web), cumpliendo as\u00ed con la Ley 34\/2002, de 11 de julio, de Servicios de la Sociedad de la Informaci\u00f3n y Comercio Electr\u00f3nico (LSSI -CE).<\/p>\n<p>Puedes consultarnos cualquier duda sobre el uso de las Cookies en el Sitio Web, dirigi\u00e9ndonos un correo electr\u00f3nico, con el asunto Protecci\u00f3n de \u00abDatos\u00bb, a la direcci\u00f3n: <a href=\"mailto:info@cbdhomehub.com\">info@cbdhomehub.com<\/a><\/p>\n<h2>\u00bfQU\u00c9 SON LAS COOKIES?<\/h2>\n<p>Las Cookies son ficheros que se descargan en tu terminal o en el dispositivo que est\u00e9s utilizando (smartphone, tablet, televisi\u00f3n conectada\u2026.) cuando accedes a determinadas p\u00e1ginas web o aplicaciones.<\/p>\n<p>Las cookies permiten, entre otras cosas, recopilar informaci\u00f3n estad\u00edstica, facilitar ciertas funcionalidades t\u00e9cnicas, almacenar y recuperar informaci\u00f3n sobre los h\u00e1bitos de navegaci\u00f3n o preferencias del Usuario o de su terminal y, dependiendo de la informaci\u00f3n que contengan y de la forma en que utilice su equipo, pueden utilizarse para reconocer al Usuario y mejorar el servicio ofrecido.<\/p>\n<h2>\u00bfQU\u00c9 TIPO DE COOKIES HAY?<\/h2>\n<p><strong>Seg\u00fan la entidad que las gestione:<\/strong><\/p>\n<ul>\n<li>Propias: Aquellas que se env\u00edan al terminal del Usuario desde un equipo o dominio gestionado por el propio editor y desde el que se presta el servicio solicitado por el Usuario.<\/li>\n<li>De terceros: Aquellas que se env\u00edan al terminal del usuario desde un equipo o dominio que no es gestionado por el editor, sino por otra entidad que trata los datos obtenidos a trav\u00e9s de las cookies.<\/li>\n<\/ul>\n<p><strong>Seg\u00fan su finalidad:<\/strong><\/p>\n<p>T\u00e9cnicas: Aquellas que permiten al Usuario la navegaci\u00f3n a trav\u00e9s de una p\u00e1gina web, plataforma o aplicaci\u00f3n y la utilizaci\u00f3n de las diferentes opciones o servicios que en ella existan, incluyendo aquellas que el editor utiliza para permitir la gesti\u00f3n y operativa de la p\u00e1gina web y habilitar sus funciones y servicios, como, por ejemplo, controlar el tr\u00e1fico y la comunicaci\u00f3n de datos, identificar la sesi\u00f3n, acceder a partes de acceso restringido, recordar los elementos que integran un pedido, realizar el proceso de compra de un pedido, gestionar el pago, controlar el fraude vinculado a la seguridad del servicio, realizar la solicitud de inscripci\u00f3n o participaci\u00f3n en un evento, contar visitas a efectos de la facturaci\u00f3n de licencias del software con el que funciona el servicio (sitio web, plataforma o aplicaci\u00f3n), utilizar elementos de seguridad durante la navegaci\u00f3n, almacenar contenidos para la difusi\u00f3n de v\u00eddeos o sonido, habilitar contenidos din\u00e1micos (por ejemplo, animaci\u00f3n de carga de un texto o imagen) o compartir contenidos a trav\u00e9s de redes sociales. Las cookies t\u00e9cnicas est\u00e1n exceptuadas del cumplimiento de las obligaciones establecidas en el art\u00edculo 22.2 de la LSSI cuando permitan prestar el servicio solicitado por el usuario. Sin embargo, si estas cookies se utilizan tambi\u00e9n para finalidades no exentas (por ejemplo, para fines publicitarios comportamentales), quedar\u00e1n sujetas a dichas obligaciones.<br \/>De preferencias: Aquellas que permiten recordar informaci\u00f3n para que el Usuario acceda al servicio con determinadas caracter\u00edsticas que pueden diferenciar su experiencia de la de otros usuarios, como, por ejemplo, el idioma, el n\u00famero de resultados a mostrar cuando el usuario realiza una b\u00fasqueda, el aspecto o contenido del servicio en funci\u00f3n del tipo de navegador a trav\u00e9s del cual el usuario accede al servicio o de la regi\u00f3n desde la que accede al servicio, etc.<br \/>De an\u00e1lisis: Aquellas que permiten el seguimiento y an\u00e1lisis del comportamiento de los usuarios de los sitios web a los que est\u00e1n vinculadas, incluida la cuantificaci\u00f3n de los impactos de los anuncios. La informaci\u00f3n recogida mediante este tipo de cookies se utiliza en la medici\u00f3n de la actividad de los sitios web, aplicaci\u00f3n o plataforma, con el fin de introducir mejoras en funci\u00f3n del an\u00e1lisis de los datos de uso que hacen los usuarios del servicio.<br \/>De publicidad comportamental: son aquellas que almacenan informaci\u00f3n del comportamiento de los usuarios obtenida a trav\u00e9s de la observaci\u00f3n continuada de sus h\u00e1bitos de navegaci\u00f3n, lo que permite desarrollar un perfil espec\u00edfico para mostrar publicidad en funci\u00f3n del mismo.<\/p>\n<p><strong>Seg\u00fan el plazo de tiempo que permanecen activadas:<\/strong><\/p>\n<ul>\n<li>De sesi\u00f3n: Aquellas dise\u00f1adas para recabar y almacenar datos mientras el usuario accede a una p\u00e1gina web. Se suelen emplear para almacenar informaci\u00f3n que solo interesa conservar para la prestaci\u00f3n del servicio solicitado por el usuario en una sola ocasi\u00f3n (por ejemplo, una lista de productos adquiridos) y desaparecen al terminar la sesi\u00f3n.<\/li>\n<li>Persistentes: Aquellas en las que los datos siguen almacenados en el terminal y pueden ser accedidos y tratados durante un periodo definido por el responsable de la cookie, y que puede ir de unos minutos a varios a\u00f1os.<\/li>\n<\/ul>\n<h2>\u00bfQU\u00c9 COOKIES UTILIZAMOS Y CON QU\u00c9 FINALIDAD?<\/h2>\n<p>Las Cookies utilizadas en el Sitio Web son las siguientes:<\/p>\n<p>NOMBRE PROVEEDOR FINALIDAD CADUCIDAD TIPO<br \/>viewed_cookie_policy WORDPRESS Se utiliza para almacenar si el usuario ha dado su consentimiento o no para el uso de cookies. No almacena ning\u00fan dato personal. 11 MESES NECESARIA<br \/>cookielawinfo-checkbox-necessary WORDPRESS Se utiliza para almacenar el consentimiento del usuario para las cookies en la categor\u00eda \u00abNecesario\u00bb. 11 MESES NECESARIA<br \/>cookielawinfo-checkbox-functional WORDPRESS Se utiliza para registrar el consentimiento del usuario para las cookies en la categor\u00eda \u00abFuncional\u00bb. 11 MESES NECESARIA<br \/>cookielawinfo-checkbox-performance WORDPRESS Se utiliza para almacenar el consentimiento del usuario para las cookies en la categor\u00eda \u00abRendimiento\u00bb. 11 MESES NECESARIA<br \/>cookielawinfo-checkbox-analytics WORDPRESS Se utiliza para almacenar el consentimiento del usuario para las cookies en la categor\u00eda \u00abAn\u00e1lisis\u00bb. 11 MESES NECESARIA<br \/>cookielawinfo-checkbox-others WORDPRESS Se utiliza para almacenar el consentimiento del usuario para las cookies en la categor\u00eda \u00abOtro. 11 MESES NECESARIA<\/p>\n<h2>\u00bfCU\u00c1L ES LA LEGITIMACI\u00d3N PARA EL TRATAMIENTO DE TUS DATOS?<\/h2>\n<p>La base jur\u00eddica que legitima el tratamiento de tus datos personales es el consentimiento expreso que nos prestas cuando permites el uso de Cookies del Sitio Web.<\/p>\n<h2>\u00bfA QU\u00c9 DESTINATARIOS SE COMUNICAR\u00c1N TUS DATOS?<\/h2>\n<p>Los datos obtenidos a trav\u00e9s del Uso de Cookies no ser\u00e1n comunicados, salvo que dicha comunicaci\u00f3n se deba al cumplimiento de obligaciones legales o que solicitemos tu consentimiento expreso para ello.<\/p>\n<p>No obstante, es posible que, debido a la utilizaci\u00f3n de plug-ins y complementos de terceros ajenos, puedan realizarse comunicaciones de datos a los terceros especificados como PROVEEDOR en la tabla de cookies del apartado 4.<\/p>\n<h3>\u00bfQU\u00c9 DERECHOS TIENES?<\/h3>\n<p>Puedes visitar la <a href=\"https:\/\/cbdhomehub.compoliticas-de-privacidad\/\">Pol\u00edtica de Privacidad<\/a> para conocer qu\u00e9 derechos puedes ejercitar en relaci\u00f3n con el tratamiento de tus datos personales.<\/p>\n<h3>INFORMACI\u00d3N SOBRE C\u00d3MO ACEPTAR, DENEGAR O REVOCAR EL CONSENTIMIENTO PARA EL USO DE COOKIES<\/h3>\n<p>Cuando accedes al Sitio Web, puedes permitir o bloquear el uso de distintos tipos de Cookies, en bloque, mediante el panel de configuraci\u00f3n que contiene la primera capa de informaci\u00f3n.<\/p>\n<p>Este panel de configuraci\u00f3n diferencia entre:<br \/>Cookies Necesarias: (Cookies T\u00e9cnicas). Las cookies necesarias son absolutamente esenciales para que el sitio web funcione correctamente. Esta categor\u00eda s\u00f3lo incluye cookies que garantizan funcionalidades b\u00e1sicas y caracter\u00edsticas de seguridad del sitio web. Estas cookies no almacenan ninguna informaci\u00f3n personal.<br \/>Cookies Funcionales: Ayudan a realizar ciertas funcionalidades, como compartir el contenido del sitio web en plataformas de redes sociales, recopilar comentarios y otras caracter\u00edsticas de terceros.<br \/>Cookies de Rendimiento: Se utilizan para comprender y analizar los \u00edndices de rendimiento clave del sitio web, lo que ayuda a brindar una mejor experiencia de usuario a los visitantes.<br \/>Cookies Publicitarias: Se utilizan para proporcionar a los visitantes anuncios y campa\u00f1as de marketing relevantes. Estas cookies rastrean a los visitantes en los sitios web y recopilan informaci\u00f3n para proporcionar anuncios personalizados.<br \/>Cookies Anal\u00edticas: (Cookies de an\u00e1lisis). Las cookies anal\u00edticas se utilizan para determinar el uso de un sitio, pueden rastrear a un usuario individual, pero solo en la medida en que permitan a los usuarios viajar a trav\u00e9s del sitio. No se utilizan para segmentar anuncios (cookies de marketing).<br \/>Otras Cookies: Otras cookies no categorizadas son las que se est\u00e1n analizando y a\u00fan no se han clasificado en una categor\u00eda<\/p>\n<p>Para permitir o bloquear el uso de Cookies, selecciona que tipo de cookies quieres habilitar y pulsa sobre el bot\u00f3n \u00abConfigurar Cookies\u00bb, selecci\u00f3nalas y pulsa sobre el bot\u00f3n \u00abGuardar y aceptar\u00bb.<\/p>\n<p>Puedes permitir la instalaci\u00f3n de todas las Cookies que utilizamos haciendo clic en el bot\u00f3n \u00abAceptar todas\u00bb.<\/p>\n<p>Tambi\u00e9n puedes hacer clic en \u00abPol\u00edtica de Cookies\u00bb para obtener informaci\u00f3n sobre las Cookies del Sitio Web. En cualquier caso, las Cookies t\u00e9cnicas o necesarias siempre se instalar\u00e1n, dado que sin ellas no es posible una correcta navegaci\u00f3n y uso del Sitio Web.<\/p>\n<p>Adem\u00e1s, puedes gestionar (permitir, bloquear o eliminar) las Cookies, en cualquier momento, a trav\u00e9s del navegador que est\u00e9s utilizando pulsando en los siguientes enlaces:<\/p>\n<p>Chrome: http:\/\/support.google.com\/chrome\/bin\/answer.py?hl=e s&amp;answer=95647<br \/>Explorer: https:\/\/support.microsoft.com\/es-es\/help\/17442\/windows-internet-explorer-delete-manage-cookies<br \/>Edge: support.microsoft.com\/es-es\/help\/4468242\/microsoft-edge-browsing-data-and-privacy-microsoft-privacy<br \/>Firefox: http:\/\/support.mozilla.org\/es\/kb\/habilitar-y-deshabilitar-cookies-que-los-sitios-we<br \/>Safari: https:\/\/support.apple.com\/kb\/PH19214?viewlocale=es_ES&amp;locale=es_ES<br \/>Opera:http:\/\/help.opera.com\/Windows\/11.50\/es-ES\/cookies.html<\/p>\n<p>Puedes inhabilitar Google Analytics a trav\u00e9s del siguiente enlace: https:\/\/tools.google.com\/dlpage\/gaoptout?hl=es<\/p>\n<p>Adem\u00e1s, existen herramientas de terceros, que permiten a los usuarios detectar las cookies en cada sitio web que visita y gestionar su desactivaci\u00f3n, como Ghostery, puedes descargar la extensi\u00f3n a trav\u00e9s del siguiente enlace: https:\/\/www.ghostery.com\/.<\/p>\n<h3>MODIFICACIONES<\/h3>\n<p>La presente Pol\u00edtica de Cookies puede ser objeto de actualizaciones. En caso de que las modificaciones realizadas modifiquen la finalidad de las Cookies, se solicitar\u00e1 de nuevo su consentimiento.<br \/>Le invitamos a consultar esta pol\u00edtica para conocer de forma suficiente qu\u00e9 cookies utilizamos, c\u00f3mo y para qu\u00e9 usamos las cookies.<br \/>Siempre que realicemos dichas actualizaciones, encontrar\u00e1s la \u00faltima versi\u00f3n de nuestra Pol\u00edtica de Cookies aqu\u00ed.<\/p><\/div>\n\t\t\t\t<\/div>\n\t\t\t\t\t<\/div>\n\t\t\t\t<\/div>\t\t<\/div>","protected":false},"excerpt":{"rendered":"","protected":false},"author":44,"featured_media":0,"parent":0,"menu_order":0,"comment_status":"closed","ping_status":"closed","template":"","meta":{"footnotes":""},"class_list":["post-2537","page","type-page","status-publish","hentry"],"yoast_head":"<!-- This site is optimized with the Yoast SEO plugin v25.4 - https:\/\/yoast.com\/wordpress\/plugins\/seo\/ -->\n<title>Pol\u00edtica de cookies - CBD HOME<\/title>\n<meta name=\"robots\" content=\"index, follow, max-snippet:-1, max-image-preview:large, max-video-preview:-1\" \/>\n<link rel=\"canonical\" href=\"https:\/\/cbdhomehub.com\/it\/politica-de-cookies\/\" \/>\n<meta property=\"og:locale\" content=\"it_IT\" \/>\n<meta property=\"og:type\" content=\"article\" \/>\n<meta property=\"og:title\" content=\"Pol\u00edtica de cookies - CBD HOME\" \/>\n<meta property=\"og:url\" content=\"https:\/\/cbdhomehub.com\/it\/politica-de-cookies\/\" \/>\n<meta property=\"og:site_name\" content=\"CBD HOME\" \/>\n<meta property=\"article:publisher\" content=\"https:\/\/www.facebook.com\/CBD-HOME-106393425109020\" \/>\n<meta property=\"article:modified_time\" content=\"2025-01-30T11:33:01+00:00\" \/>\n<meta name=\"twitter:card\" content=\"summary_large_image\" \/>\n<meta name=\"twitter:label1\" content=\"Tempo di lettura stimato\" \/>\n\t<meta name=\"twitter:data1\" content=\"8 minuti\" \/>\n<script type=\"application\/ld+json\" class=\"yoast-schema-graph\">{\"@context\":\"https:\/\/schema.org\",\"@graph\":[{\"@type\":\"WebPage\",\"@id\":\"https:\/\/cbdhomehub.com\/politica-de-cookies\/\",\"url\":\"https:\/\/cbdhomehub.com\/politica-de-cookies\/\",\"name\":\"Pol\u00edtica de cookies - CBD HOME\",\"isPartOf\":{\"@id\":\"https:\/\/cbdhomehub.com\/#website\"},\"datePublished\":\"2022-05-18T07:50:39+00:00\",\"dateModified\":\"2025-01-30T11:33:01+00:00\",\"breadcrumb\":{\"@id\":\"https:\/\/cbdhomehub.com\/politica-de-cookies\/#breadcrumb\"},\"inLanguage\":\"it-IT\",\"potentialAction\":[{\"@type\":\"ReadAction\",\"target\":[\"https:\/\/cbdhomehub.com\/politica-de-cookies\/\"]}]},{\"@type\":\"BreadcrumbList\",\"@id\":\"https:\/\/cbdhomehub.com\/politica-de-cookies\/#breadcrumb\",\"itemListElement\":[{\"@type\":\"ListItem\",\"position\":1,\"name\":\"Portada\",\"item\":\"https:\/\/cbdhomehub.com\/\"},{\"@type\":\"ListItem\",\"position\":2,\"name\":\"Pol\u00edtica de cookies\"}]},{\"@type\":\"WebSite\",\"@id\":\"https:\/\/cbdhomehub.com\/#website\",\"url\":\"https:\/\/cbdhomehub.com\/\",\"name\":\"CBD HOME\",\"description\":\"Tienda de CBD N\u00ba 1 en Amazon\",\"publisher\":{\"@id\":\"https:\/\/cbdhomehub.com\/#organization\"},\"potentialAction\":[{\"@type\":\"SearchAction\",\"target\":{\"@type\":\"EntryPoint\",\"urlTemplate\":\"https:\/\/cbdhomehub.com\/?s={search_term_string}\"},\"query-input\":{\"@type\":\"PropertyValueSpecification\",\"valueRequired\":true,\"valueName\":\"search_term_string\"}}],\"inLanguage\":\"it-IT\"},{\"@type\":\"Organization\",\"@id\":\"https:\/\/cbdhomehub.com\/#organization\",\"name\":\"CBD HOME\",\"url\":\"https:\/\/cbdhomehub.com\/\",\"logo\":{\"@type\":\"ImageObject\",\"inLanguage\":\"it-IT\",\"@id\":\"https:\/\/cbdhomehub.com\/#\/schema\/logo\/image\/\",\"url\":\"https:\/\/cbdhomehub.comwp-content\/uploads\/2022\/05\/logo2HDnegroTM.png\",\"contentUrl\":\"https:\/\/cbdhomehub.comwp-content\/uploads\/2022\/05\/logo2HDnegroTM.png\",\"width\":4193,\"height\":646,\"caption\":\"CBD HOME\"},\"image\":{\"@id\":\"https:\/\/cbdhomehub.com\/#\/schema\/logo\/image\/\"},\"sameAs\":[\"https:\/\/www.facebook.com\/CBD-HOME-106393425109020\",\"https:\/\/www.instagram.com\/cbdhomelab\/\",\"https:\/\/www.linkedin.com\/company\/cbd-home\/about\/\"]}]}<\/script>\n<!-- \/ Yoast SEO plugin. -->","yoast_head_json":{"title":"Pol\u00edtica de cookies - CBD HOME","robots":{"index":"index","follow":"follow","max-snippet":"max-snippet:-1","max-image-preview":"max-image-preview:large","max-video-preview":"max-video-preview:-1"},"canonical":"https:\/\/cbdhomehub.com\/it\/politica-de-cookies\/","og_locale":"it_IT","og_type":"article","og_title":"Pol\u00edtica de cookies - CBD HOME","og_url":"https:\/\/cbdhomehub.com\/it\/politica-de-cookies\/","og_site_name":"CBD HOME","article_publisher":"https:\/\/www.facebook.com\/CBD-HOME-106393425109020","article_modified_time":"2025-01-30T11:33:01+00:00","twitter_card":"summary_large_image","twitter_misc":{"Tempo di lettura stimato":"8 minuti"},"schema":{"@context":"https:\/\/schema.org","@graph":[{"@type":"WebPage","@id":"https:\/\/cbdhomehub.com\/politica-de-cookies\/","url":"https:\/\/cbdhomehub.com\/politica-de-cookies\/","name":"Pol\u00edtica de cookies - CBD HOME","isPartOf":{"@id":"https:\/\/cbdhomehub.com\/#website"},"datePublished":"2022-05-18T07:50:39+00:00","dateModified":"2025-01-30T11:33:01+00:00","breadcrumb":{"@id":"https:\/\/cbdhomehub.com\/politica-de-cookies\/#breadcrumb"},"inLanguage":"it-IT","potentialAction":[{"@type":"ReadAction","target":["https:\/\/cbdhomehub.com\/politica-de-cookies\/"]}]},{"@type":"BreadcrumbList","@id":"https:\/\/cbdhomehub.com\/politica-de-cookies\/#breadcrumb","itemListElement":[{"@type":"ListItem","position":1,"name":"Portada","item":"https:\/\/cbdhomehub.com\/"},{"@type":"ListItem","position":2,"name":"Pol\u00edtica de cookies"}]},{"@type":"WebSite","@id":"https:\/\/cbdhomehub.com\/#website","url":"https:\/\/cbdhomehub.com\/","name":"CBD HOME","description":"Tienda de CBD N\u00ba 1 en Amazon","publisher":{"@id":"https:\/\/cbdhomehub.com\/#organization"},"potentialAction":[{"@type":"SearchAction","target":{"@type":"EntryPoint","urlTemplate":"https:\/\/cbdhomehub.com\/?s={search_term_string}"},"query-input":{"@type":"PropertyValueSpecification","valueRequired":true,"valueName":"search_term_string"}}],"inLanguage":"it-IT"},{"@type":"Organization","@id":"https:\/\/cbdhomehub.com\/#organization","name":"CBD HOME","url":"https:\/\/cbdhomehub.com\/","logo":{"@type":"ImageObject","inLanguage":"it-IT","@id":"https:\/\/cbdhomehub.com\/#\/schema\/logo\/image\/","url":"https:\/\/cbdhomehub.comwp-content\/uploads\/2022\/05\/logo2HDnegroTM.png","contentUrl":"https:\/\/cbdhomehub.comwp-content\/uploads\/2022\/05\/logo2HDnegroTM.png","width":4193,"height":646,"caption":"CBD HOME"},"image":{"@id":"https:\/\/cbdhomehub.com\/#\/schema\/logo\/image\/"},"sameAs":["https:\/\/www.facebook.com\/CBD-HOME-106393425109020","https:\/\/www.instagram.com\/cbdhomelab\/","https:\/\/www.linkedin.com\/company\/cbd-home\/about\/"]}]}},"jetpack_sharing_enabled":true,"_links":{"self":[{"href":"https:\/\/cbdhomehub.com\/it\/wp-json\/wp\/v2\/pages\/2537","targetHints":{"allow":["GET"]}}],"collection":[{"href":"https:\/\/cbdhomehub.com\/it\/wp-json\/wp\/v2\/pages"}],"about":[{"href":"https:\/\/cbdhomehub.com\/it\/wp-json\/wp\/v2\/types\/page"}],"author":[{"embeddable":true,"href":"https:\/\/cbdhomehub.com\/it\/wp-json\/wp\/v2\/users\/44"}],"replies":[{"embeddable":true,"href":"https:\/\/cbdhomehub.com\/it\/wp-json\/wp\/v2\/comments?post=2537"}],"version-history":[{"count":5,"href":"https:\/\/cbdhomehub.com\/it\/wp-json\/wp\/v2\/pages\/2537\/revisions"}],"predecessor-version":[{"id":9440,"href":"https:\/\/cbdhomehub.com\/it\/wp-json\/wp\/v2\/pages\/2537\/revisions\/9440"}],"wp:attachment":[{"href":"https:\/\/cbdhomehub.com\/it\/wp-json\/wp\/v2\/media?parent=2537"}],"curies":[{"name":"wp","href":"https:\/\/api.w.org\/{rel}","templated":true}]}}