{"id":5287,"date":"2023-08-17T12:02:31","date_gmt":"2023-08-17T12:02:31","guid":{"rendered":"https:\/\/cbdhomehub.com?post_type=product&#038;p=5287"},"modified":"2026-01-26T12:21:46","modified_gmt":"2026-01-26T11:21:46","slug":"cbd-cbn-melatonina","status":"publish","type":"product","link":"https:\/\/cbdhomehub.com\/fr\/cbd-cbn-melatonina\/","title":{"rendered":"L&#039;huile de CBD + CBN + M\u00e9latonine"},"content":{"rendered":"<ul>\n<li style=\"text-align: left;\">Aceite de semillas de c\u00e1\u00f1amo con Cannabidiol (CBD)<\/li>\n<li style=\"text-align: left;\">CBN y Melatonina<\/li>\n<li style=\"text-align: left;\">Porcentajes de CBD y CBN: 15% CBD + 5% CBN \u00f3 30% CBD + 10% CBN<\/li>\n<li style=\"text-align: left;\">Tama\u00f1os: 10 y 30\u202fml.<\/li>\n<li style=\"text-align: left;\">Base de aceite de coco ecol\u00f3gico y aceite de semilla de c\u00e1\u00f1amo ecol\u00f3gico.<\/li>\n<li style=\"text-align: left;\">Rico en Omega 3, 6 y 9.<\/li>\n<li style=\"text-align: left;\">Ingredientes naturales certificados por la Uni\u00f3n Europea.<\/li>\n<li style=\"text-align: left;\">100% ecol\u00f3gico.<\/li>\n<li style=\"text-align: left;\">Frasco de cristal con pipeta dosificadora.<\/li>\n<li style=\"text-align: left;\">Producido en Espa\u00f1a.<\/li>\n<\/ul>","protected":false},"excerpt":{"rendered":"<p><a class=\"compraAmazon fl-button\" role=\"button\" href=\"https:\/\/amzn.to\/4aIvT9a\" target=\"_blank\" rel=\"noopener\"> <span class=\"fl-button-text\"><i class=\"fl-button-icon fl-button-icon-before fab fa-amazon\" aria-hidden=\"true\"><\/i>\u00a0\u00a0Comprar en Amazon<\/span> <\/a><\/p>\n<p>El Aceite de Cannabidiol (CBD), Cannabinol (CBN) y Melatonina combina lo mejor de estos ingredientes para favorecer un sue\u00f1o reparador. El CBD ayuda a reducir la ansiedad y promueve la relajaci\u00f3n, mientras que el CBN puede mejorar la calidad del sue\u00f1o. La melatonina, por su parte, regula el ciclo del sue\u00f1o, facilitando su inicio y mantenimiento. Juntos, ofrecen una soluci\u00f3n eficaz para un descanso profundo y equilibrado, ideal para tu rutina nocturna.<\/p>\n<p class=\"ingredientesDesc\"><a href=\"\/fr\/analisis\/\">Consultar anal\u00edtica de producto<\/a><\/p>","protected":false},"featured_media":8934,"comment_status":"open","ping_status":"closed","template":"","meta":[],"product_brand":[],"product_cat":[34,82,67,136,24],"product_tag":[],"class_list":{"0":"post-5287","1":"product","2":"type-product","3":"status-publish","4":"has-post-thumbnail","6":"product_cat-aceites-de-cbd","7":"product_cat-aceites-de-cbd-combinados","8":"product_cat-aceites-de-cbd-cbn","9":"product_cat-sueno","10":"product_cat-todos-los-productos","12":"first","13":"instock","14":"taxable","15":"shipping-taxable","16":"purchasable","17":"product-type-variable","18":"layout-style-2","19":"col-md-4 col-sm-4 col-xs-6","20":"col-lg-3","21":"product-has-gallery","22":"product-style-addtocart"},"yoast_head":"<!-- This site is optimized with the Yoast SEO plugin v25.4 - https:\/\/yoast.com\/wordpress\/plugins\/seo\/ -->\n<title>Aceite de CBD + CBN + Melatonina - CBD HOME<\/title>\n<meta name=\"robots\" content=\"index, follow, max-snippet:-1, max-image-preview:large, max-video-preview:-1\" \/>\n<link rel=\"canonical\" href=\"https:\/\/cbdhomehub.com\/fr\/cbd-cbn-melatonina\/\" \/>\n<meta property=\"og:locale\" content=\"fr_FR\" \/>\n<meta property=\"og:type\" content=\"article\" \/>\n<meta property=\"og:title\" content=\"Aceite de CBD + CBN + Melatonina - CBD HOME\" \/>\n<meta property=\"og:description\" content=\"\u00a0\u00a0Comprar en Amazon   El Aceite de Cannabidiol (CBD), Cannabinol (CBN) y Melatonina combina lo mejor de estos ingredientes para favorecer un sue\u00f1o reparador. El CBD ayuda a reducir la ansiedad y promueve la relajaci\u00f3n, mientras que el CBN puede mejorar la calidad del sue\u00f1o. La melatonina, por su parte, regula el ciclo del sue\u00f1o, facilitando su inicio y mantenimiento. Juntos, ofrecen una soluci\u00f3n eficaz para un descanso profundo y equilibrado, ideal para tu rutina nocturna. Consultar anal\u00edtica de producto\" \/>\n<meta property=\"og:url\" content=\"https:\/\/cbdhomehub.com\/fr\/cbd-cbn-melatonina\/\" \/>\n<meta property=\"og:site_name\" content=\"CBD HOME\" \/>\n<meta property=\"article:publisher\" content=\"https:\/\/www.facebook.com\/CBD-HOME-106393425109020\" \/>\n<meta property=\"article:modified_time\" content=\"2026-01-26T11:21:46+00:00\" \/>\n<meta property=\"og:image\" content=\"https:\/\/cbdhomehub.com\/wp-content\/uploads\/2023\/08\/cbn-30-10-nuevo-1024x1024.png\" \/>\n\t<meta property=\"og:image:width\" content=\"1024\" \/>\n\t<meta property=\"og:image:height\" content=\"1024\" \/>\n\t<meta property=\"og:image:type\" content=\"image\/png\" \/>\n<meta name=\"twitter:card\" content=\"summary_large_image\" \/>\n<meta name=\"twitter:label1\" content=\"Dur\u00e9e de lecture estim\u00e9e\" \/>\n\t<meta name=\"twitter:data1\" content=\"1 minute\" \/>\n<script type=\"application\/ld+json\" class=\"yoast-schema-graph\">{\"@context\":\"https:\/\/schema.org\",\"@graph\":[{\"@type\":\"WebPage\",\"@id\":\"https:\/\/cbdhomehub.com\/cbd-cbn-melatonina\/\",\"url\":\"https:\/\/cbdhomehub.com\/cbd-cbn-melatonina\/\",\"name\":\"Aceite de CBD + CBN + Melatonina - CBD HOME\",\"isPartOf\":{\"@id\":\"https:\/\/cbdhomehub.com\/#website\"},\"primaryImageOfPage\":{\"@id\":\"https:\/\/cbdhomehub.com\/cbd-cbn-melatonina\/#primaryimage\"},\"image\":{\"@id\":\"https:\/\/cbdhomehub.com\/cbd-cbn-melatonina\/#primaryimage\"},\"thumbnailUrl\":\"https:\/\/cbdhomehub.com\/wp-content\/uploads\/2023\/08\/cbn-30-10-nuevo.png\",\"datePublished\":\"2023-08-17T12:02:31+00:00\",\"dateModified\":\"2026-01-26T11:21:46+00:00\",\"breadcrumb\":{\"@id\":\"https:\/\/cbdhomehub.com\/cbd-cbn-melatonina\/#breadcrumb\"},\"inLanguage\":\"fr-FR\",\"potentialAction\":[{\"@type\":\"ReadAction\",\"target\":[\"https:\/\/cbdhomehub.com\/cbd-cbn-melatonina\/\"]}]},{\"@type\":\"ImageObject\",\"inLanguage\":\"fr-FR\",\"@id\":\"https:\/\/cbdhomehub.com\/cbd-cbn-melatonina\/#primaryimage\",\"url\":\"https:\/\/cbdhomehub.com\/wp-content\/uploads\/2023\/08\/cbn-30-10-nuevo.png\",\"contentUrl\":\"https:\/\/cbdhomehub.com\/wp-content\/uploads\/2023\/08\/cbn-30-10-nuevo.png\",\"width\":4500,\"height\":4500},{\"@type\":\"BreadcrumbList\",\"@id\":\"https:\/\/cbdhomehub.com\/cbd-cbn-melatonina\/#breadcrumb\",\"itemListElement\":[{\"@type\":\"ListItem\",\"position\":1,\"name\":\"Portada\",\"item\":\"https:\/\/cbdhomehub.com\/\"},{\"@type\":\"ListItem\",\"position\":2,\"name\":\"Tienda\",\"item\":\"https:\/\/cbdhomehub.comtienda\/\"},{\"@type\":\"ListItem\",\"position\":3,\"name\":\"Aceite de CBD + CBN + Melatonina\"}]},{\"@type\":\"WebSite\",\"@id\":\"https:\/\/cbdhomehub.com\/#website\",\"url\":\"https:\/\/cbdhomehub.com\/\",\"name\":\"CBD HOME\",\"description\":\"Tienda de CBD N\u00ba 1 en Amazon\",\"publisher\":{\"@id\":\"https:\/\/cbdhomehub.com\/#organization\"},\"potentialAction\":[{\"@type\":\"SearchAction\",\"target\":{\"@type\":\"EntryPoint\",\"urlTemplate\":\"https:\/\/cbdhomehub.com\/?s={search_term_string}\"},\"query-input\":{\"@type\":\"PropertyValueSpecification\",\"valueRequired\":true,\"valueName\":\"search_term_string\"}}],\"inLanguage\":\"fr-FR\"},{\"@type\":\"Organization\",\"@id\":\"https:\/\/cbdhomehub.com\/#organization\",\"name\":\"CBD HOME\",\"url\":\"https:\/\/cbdhomehub.com\/\",\"logo\":{\"@type\":\"ImageObject\",\"inLanguage\":\"fr-FR\",\"@id\":\"https:\/\/cbdhomehub.com\/#\/schema\/logo\/image\/\",\"url\":\"https:\/\/cbdhomehub.comwp-content\/uploads\/2022\/05\/logo2HDnegroTM.png\",\"contentUrl\":\"https:\/\/cbdhomehub.comwp-content\/uploads\/2022\/05\/logo2HDnegroTM.png\",\"width\":4193,\"height\":646,\"caption\":\"CBD HOME\"},\"image\":{\"@id\":\"https:\/\/cbdhomehub.com\/#\/schema\/logo\/image\/\"},\"sameAs\":[\"https:\/\/www.facebook.com\/CBD-HOME-106393425109020\",\"https:\/\/www.instagram.com\/cbdhomelab\/\",\"https:\/\/www.linkedin.com\/company\/cbd-home\/about\/\"]}]}<\/script>\n<!-- \/ Yoast SEO plugin. -->","yoast_head_json":{"title":"Aceite de CBD + CBN + Melatonina - CBD HOME","robots":{"index":"index","follow":"follow","max-snippet":"max-snippet:-1","max-image-preview":"max-image-preview:large","max-video-preview":"max-video-preview:-1"},"canonical":"https:\/\/cbdhomehub.com\/fr\/cbd-cbn-melatonina\/","og_locale":"fr_FR","og_type":"article","og_title":"Aceite de CBD + CBN + Melatonina - CBD HOME","og_description":"\u00a0\u00a0Comprar en Amazon   El Aceite de Cannabidiol (CBD), Cannabinol (CBN) y Melatonina combina lo mejor de estos ingredientes para favorecer un sue\u00f1o reparador. El CBD ayuda a reducir la ansiedad y promueve la relajaci\u00f3n, mientras que el CBN puede mejorar la calidad del sue\u00f1o. La melatonina, por su parte, regula el ciclo del sue\u00f1o, facilitando su inicio y mantenimiento. Juntos, ofrecen una soluci\u00f3n eficaz para un descanso profundo y equilibrado, ideal para tu rutina nocturna. Consultar anal\u00edtica de producto","og_url":"https:\/\/cbdhomehub.com\/fr\/cbd-cbn-melatonina\/","og_site_name":"CBD HOME","article_publisher":"https:\/\/www.facebook.com\/CBD-HOME-106393425109020","article_modified_time":"2026-01-26T11:21:46+00:00","og_image":[{"width":1024,"height":1024,"url":"https:\/\/cbdhomehub.com\/wp-content\/uploads\/2023\/08\/cbn-30-10-nuevo-1024x1024.png","type":"image\/png"}],"twitter_card":"summary_large_image","twitter_misc":{"Dur\u00e9e de lecture estim\u00e9e":"1 minute"},"schema":{"@context":"https:\/\/schema.org","@graph":[{"@type":"WebPage","@id":"https:\/\/cbdhomehub.com\/cbd-cbn-melatonina\/","url":"https:\/\/cbdhomehub.com\/cbd-cbn-melatonina\/","name":"Aceite de CBD + CBN + Melatonina - CBD HOME","isPartOf":{"@id":"https:\/\/cbdhomehub.com\/#website"},"primaryImageOfPage":{"@id":"https:\/\/cbdhomehub.com\/cbd-cbn-melatonina\/#primaryimage"},"image":{"@id":"https:\/\/cbdhomehub.com\/cbd-cbn-melatonina\/#primaryimage"},"thumbnailUrl":"https:\/\/cbdhomehub.com\/wp-content\/uploads\/2023\/08\/cbn-30-10-nuevo.png","datePublished":"2023-08-17T12:02:31+00:00","dateModified":"2026-01-26T11:21:46+00:00","breadcrumb":{"@id":"https:\/\/cbdhomehub.com\/cbd-cbn-melatonina\/#breadcrumb"},"inLanguage":"fr-FR","potentialAction":[{"@type":"ReadAction","target":["https:\/\/cbdhomehub.com\/cbd-cbn-melatonina\/"]}]},{"@type":"ImageObject","inLanguage":"fr-FR","@id":"https:\/\/cbdhomehub.com\/cbd-cbn-melatonina\/#primaryimage","url":"https:\/\/cbdhomehub.com\/wp-content\/uploads\/2023\/08\/cbn-30-10-nuevo.png","contentUrl":"https:\/\/cbdhomehub.com\/wp-content\/uploads\/2023\/08\/cbn-30-10-nuevo.png","width":4500,"height":4500},{"@type":"BreadcrumbList","@id":"https:\/\/cbdhomehub.com\/cbd-cbn-melatonina\/#breadcrumb","itemListElement":[{"@type":"ListItem","position":1,"name":"Portada","item":"https:\/\/cbdhomehub.com\/"},{"@type":"ListItem","position":2,"name":"Tienda","item":"https:\/\/cbdhomehub.comtienda\/"},{"@type":"ListItem","position":3,"name":"Aceite de CBD + CBN + Melatonina"}]},{"@type":"WebSite","@id":"https:\/\/cbdhomehub.com\/#website","url":"https:\/\/cbdhomehub.com\/","name":"CBD HOME","description":"Tienda de CBD N\u00ba 1 en Amazon","publisher":{"@id":"https:\/\/cbdhomehub.com\/#organization"},"potentialAction":[{"@type":"SearchAction","target":{"@type":"EntryPoint","urlTemplate":"https:\/\/cbdhomehub.com\/?s={search_term_string}"},"query-input":{"@type":"PropertyValueSpecification","valueRequired":true,"valueName":"search_term_string"}}],"inLanguage":"fr-FR"},{"@type":"Organization","@id":"https:\/\/cbdhomehub.com\/#organization","name":"CBD HOME","url":"https:\/\/cbdhomehub.com\/","logo":{"@type":"ImageObject","inLanguage":"fr-FR","@id":"https:\/\/cbdhomehub.com\/#\/schema\/logo\/image\/","url":"https:\/\/cbdhomehub.comwp-content\/uploads\/2022\/05\/logo2HDnegroTM.png","contentUrl":"https:\/\/cbdhomehub.comwp-content\/uploads\/2022\/05\/logo2HDnegroTM.png","width":4193,"height":646,"caption":"CBD HOME"},"image":{"@id":"https:\/\/cbdhomehub.com\/#\/schema\/logo\/image\/"},"sameAs":["https:\/\/www.facebook.com\/CBD-HOME-106393425109020","https:\/\/www.instagram.com\/cbdhomelab\/","https:\/\/www.linkedin.com\/company\/cbd-home\/about\/"]}]}},"jetpack_sharing_enabled":true,"_links":{"self":[{"href":"https:\/\/cbdhomehub.com\/fr\/wp-json\/wp\/v2\/product\/5287","targetHints":{"allow":["GET"]}}],"collection":[{"href":"https:\/\/cbdhomehub.com\/fr\/wp-json\/wp\/v2\/product"}],"about":[{"href":"https:\/\/cbdhomehub.com\/fr\/wp-json\/wp\/v2\/types\/product"}],"replies":[{"embeddable":true,"href":"https:\/\/cbdhomehub.com\/fr\/wp-json\/wp\/v2\/comments?post=5287"}],"wp:featuredmedia":[{"embeddable":true,"href":"https:\/\/cbdhomehub.com\/fr\/wp-json\/wp\/v2\/media\/8934"}],"wp:attachment":[{"href":"https:\/\/cbdhomehub.com\/fr\/wp-json\/wp\/v2\/media?parent=5287"}],"wp:term":[{"taxonomy":"product_brand","embeddable":true,"href":"https:\/\/cbdhomehub.com\/fr\/wp-json\/wp\/v2\/product_brand?post=5287"},{"taxonomy":"product_cat","embeddable":true,"href":"https:\/\/cbdhomehub.com\/fr\/wp-json\/wp\/v2\/product_cat?post=5287"},{"taxonomy":"product_tag","embeddable":true,"href":"https:\/\/cbdhomehub.com\/fr\/wp-json\/wp\/v2\/product_tag?post=5287"}],"curies":[{"name":"wp","href":"https:\/\/api.w.org\/{rel}","templated":true}]}}