{"id":4968,"date":"2023-07-20T08:50:20","date_gmt":"2023-07-20T08:50:20","guid":{"rendered":"https:\/\/cbdhomehub.com?post_type=product&#038;p=4968"},"modified":"2025-06-25T11:09:29","modified_gmt":"2025-06-25T11:09:29","slug":"champu-anticaida-hombre-con-cbd","status":"publish","type":"product","link":"https:\/\/cbdhomehub.com\/fr\/champu-anticaida-hombre-con-cbd\/","title":{"rendered":"Shampooing anti-Perte de cheveux Homme avec la CDB"},"content":{"rendered":"<ul>\n<li style=\"text-align: left;\">Champ\u00fa Antica\u00edda Hombre con Cannabidiol (CBD)<\/li>\n<li style=\"text-align: left;\">Redesnyl, Cegaba, Cannabidiol, Cafeina y factores de crecimiento.<\/li>\n<li style=\"text-align: left;\">Apto para todo tipo de cabello<\/li>\n<li style=\"text-align: left;\">250 mililitros<\/li>\n<li style=\"text-align: left;\">100% ingredientes naturales testados y certificados por la Uni\u00f3n Europea.<\/li>\n<li style=\"text-align: left;\">F\u00f3rmula farmac\u00e9utica<\/li>\n<li style=\"text-align: left;\">Producido en Espa\u00f1a.<\/li>\n<li style=\"text-align: left;\">EAN: 8437025296019<\/li>\n<\/ul>","protected":false},"excerpt":{"rendered":"<p><a class=\"compraAmazon fl-button\" role=\"button\" href=\"https:\/\/amzn.to\/3F4YruI\" target=\"_blank\" rel=\"noopener\"> <span class=\"fl-button-text\"><i class=\"fl-button-icon fl-button-icon-before fab fa-amazon\" aria-hidden=\"true\"><\/i>\u00a0\u00a0Comprar en Amazon<\/span> <\/a><\/p>\n<p>Este Champ\u00fa Antica\u00edda para Hombre, en formato de 250 ml,\u00a0 es un tratamiento\u00a0 que combina CBD, Redensyl, Cegaba, Cafe\u00edna y factores de crecimiento para fortalecer el cabello y prevenir su ca\u00edda. El CBD cuida el cuero cabelludo, mientras Redensyl y Cegaba estimulan el crecimiento de cabello nuevo. La cafe\u00edna mejora la circulaci\u00f3n, revitalizando el cabello y aportando m\u00e1s densidad y fuerza.<\/p>\n<p class=\"ingredientesDesc\"><a href=\"\/fr\/analisis\/\">Consultar anal\u00edtica de producto<\/a><\/p>","protected":false},"featured_media":7906,"comment_status":"open","ping_status":"closed","template":"","meta":[],"product_brand":[],"product_cat":[41,42,24],"product_tag":[],"class_list":{"0":"post-4968","1":"product","2":"type-product","3":"status-publish","4":"has-post-thumbnail","6":"product_cat-cabello","7":"product_cat-para-el","8":"product_cat-todos-los-productos","10":"first","11":"instock","12":"taxable","13":"shipping-taxable","14":"purchasable","15":"product-type-simple","16":"layout-style-2","17":"col-md-4 col-sm-4 col-xs-6","18":"col-lg-3","19":"product-has-gallery","20":"product-style-addtocart"},"yoast_head":"<!-- This site is optimized with the Yoast SEO plugin v25.4 - https:\/\/yoast.com\/wordpress\/plugins\/seo\/ -->\n<title>Champ\u00fa Antica\u00edda Hombre con CBD - CBD HOME<\/title>\n<meta name=\"description\" content=\"El champ\u00fa de Hombre Antica\u00edda, es una f\u00f3rmula farmac\u00e9utica con CBD, Cegaba, Redensil y Factores de Crecimiento. Un producto dise\u00f1ado para la ca\u00edda del pelo.\" \/>\n<meta name=\"robots\" content=\"index, follow, max-snippet:-1, max-image-preview:large, max-video-preview:-1\" \/>\n<link rel=\"canonical\" href=\"https:\/\/cbdhomehub.com\/fr\/champu-anticaida-hombre-con-cbd\/\" \/>\n<meta property=\"og:locale\" content=\"fr_FR\" \/>\n<meta property=\"og:type\" content=\"article\" \/>\n<meta property=\"og:title\" content=\"Champ\u00fa Antica\u00edda Hombre con CBD - CBD HOME\" \/>\n<meta property=\"og:description\" content=\"El champ\u00fa de Hombre Antica\u00edda, es una f\u00f3rmula farmac\u00e9utica con CBD, Cegaba, Redensil y Factores de Crecimiento. Un producto dise\u00f1ado para la ca\u00edda del pelo.\" \/>\n<meta property=\"og:url\" content=\"https:\/\/cbdhomehub.com\/fr\/champu-anticaida-hombre-con-cbd\/\" \/>\n<meta property=\"og:site_name\" content=\"CBD HOME\" \/>\n<meta property=\"article:publisher\" content=\"https:\/\/www.facebook.com\/CBD-HOME-106393425109020\" \/>\n<meta property=\"article:modified_time\" content=\"2025-06-25T11:09:29+00:00\" \/>\n<meta property=\"og:image\" content=\"https:\/\/cbdhomehub.com\/wp-content\/uploads\/2023\/07\/champu-hombre-1.jpeg\" \/>\n\t<meta property=\"og:image:width\" content=\"1600\" \/>\n\t<meta property=\"og:image:height\" content=\"1600\" \/>\n\t<meta property=\"og:image:type\" content=\"image\/jpeg\" \/>\n<meta name=\"twitter:card\" content=\"summary_large_image\" \/>\n<meta name=\"twitter:label1\" content=\"Dur\u00e9e de lecture estim\u00e9e\" \/>\n\t<meta name=\"twitter:data1\" content=\"1 minute\" \/>\n<script type=\"application\/ld+json\" class=\"yoast-schema-graph\">{\"@context\":\"https:\/\/schema.org\",\"@graph\":[{\"@type\":\"WebPage\",\"@id\":\"https:\/\/cbdhomehub.com\/champu-anticaida-hombre-con-cbd\/\",\"url\":\"https:\/\/cbdhomehub.com\/champu-anticaida-hombre-con-cbd\/\",\"name\":\"Champ\u00fa Antica\u00edda Hombre con CBD - CBD HOME\",\"isPartOf\":{\"@id\":\"https:\/\/cbdhomehub.com\/#website\"},\"primaryImageOfPage\":{\"@id\":\"https:\/\/cbdhomehub.com\/champu-anticaida-hombre-con-cbd\/#primaryimage\"},\"image\":{\"@id\":\"https:\/\/cbdhomehub.com\/champu-anticaida-hombre-con-cbd\/#primaryimage\"},\"thumbnailUrl\":\"https:\/\/cbdhomehub.com\/wp-content\/uploads\/2023\/07\/champu-hombre-1.jpeg\",\"datePublished\":\"2023-07-20T08:50:20+00:00\",\"dateModified\":\"2025-06-25T11:09:29+00:00\",\"description\":\"El champ\u00fa de Hombre Antica\u00edda, es una f\u00f3rmula farmac\u00e9utica con CBD, Cegaba, Redensil y Factores de Crecimiento. Un producto dise\u00f1ado para la ca\u00edda del pelo.\",\"breadcrumb\":{\"@id\":\"https:\/\/cbdhomehub.com\/champu-anticaida-hombre-con-cbd\/#breadcrumb\"},\"inLanguage\":\"fr-FR\",\"potentialAction\":[{\"@type\":\"ReadAction\",\"target\":[\"https:\/\/cbdhomehub.com\/champu-anticaida-hombre-con-cbd\/\"]}]},{\"@type\":\"ImageObject\",\"inLanguage\":\"fr-FR\",\"@id\":\"https:\/\/cbdhomehub.com\/champu-anticaida-hombre-con-cbd\/#primaryimage\",\"url\":\"https:\/\/cbdhomehub.com\/wp-content\/uploads\/2023\/07\/champu-hombre-1.jpeg\",\"contentUrl\":\"https:\/\/cbdhomehub.com\/wp-content\/uploads\/2023\/07\/champu-hombre-1.jpeg\",\"width\":1600,\"height\":1600},{\"@type\":\"BreadcrumbList\",\"@id\":\"https:\/\/cbdhomehub.com\/champu-anticaida-hombre-con-cbd\/#breadcrumb\",\"itemListElement\":[{\"@type\":\"ListItem\",\"position\":1,\"name\":\"Portada\",\"item\":\"https:\/\/cbdhomehub.com\/\"},{\"@type\":\"ListItem\",\"position\":2,\"name\":\"Tienda\",\"item\":\"https:\/\/cbdhomehub.comtienda\/\"},{\"@type\":\"ListItem\",\"position\":3,\"name\":\"Champ\u00fa Antica\u00edda Hombre con CBD\"}]},{\"@type\":\"WebSite\",\"@id\":\"https:\/\/cbdhomehub.com\/#website\",\"url\":\"https:\/\/cbdhomehub.com\/\",\"name\":\"CBD HOME\",\"description\":\"Tienda de CBD N\u00ba 1 en Amazon\",\"publisher\":{\"@id\":\"https:\/\/cbdhomehub.com\/#organization\"},\"potentialAction\":[{\"@type\":\"SearchAction\",\"target\":{\"@type\":\"EntryPoint\",\"urlTemplate\":\"https:\/\/cbdhomehub.com\/?s={search_term_string}\"},\"query-input\":{\"@type\":\"PropertyValueSpecification\",\"valueRequired\":true,\"valueName\":\"search_term_string\"}}],\"inLanguage\":\"fr-FR\"},{\"@type\":\"Organization\",\"@id\":\"https:\/\/cbdhomehub.com\/#organization\",\"name\":\"CBD HOME\",\"url\":\"https:\/\/cbdhomehub.com\/\",\"logo\":{\"@type\":\"ImageObject\",\"inLanguage\":\"fr-FR\",\"@id\":\"https:\/\/cbdhomehub.com\/#\/schema\/logo\/image\/\",\"url\":\"https:\/\/cbdhomehub.comwp-content\/uploads\/2022\/05\/logo2HDnegroTM.png\",\"contentUrl\":\"https:\/\/cbdhomehub.comwp-content\/uploads\/2022\/05\/logo2HDnegroTM.png\",\"width\":4193,\"height\":646,\"caption\":\"CBD HOME\"},\"image\":{\"@id\":\"https:\/\/cbdhomehub.com\/#\/schema\/logo\/image\/\"},\"sameAs\":[\"https:\/\/www.facebook.com\/CBD-HOME-106393425109020\",\"https:\/\/www.instagram.com\/cbdhomelab\/\",\"https:\/\/www.linkedin.com\/company\/cbd-home\/about\/\"]}]}<\/script>\n<!-- \/ Yoast SEO plugin. -->","yoast_head_json":{"title":"Champ\u00fa Antica\u00edda Hombre con CBD - CBD HOME","description":"El champ\u00fa de Hombre Antica\u00edda, es una f\u00f3rmula farmac\u00e9utica con CBD, Cegaba, Redensil y Factores de Crecimiento. Un producto dise\u00f1ado para la ca\u00edda del pelo.","robots":{"index":"index","follow":"follow","max-snippet":"max-snippet:-1","max-image-preview":"max-image-preview:large","max-video-preview":"max-video-preview:-1"},"canonical":"https:\/\/cbdhomehub.com\/fr\/champu-anticaida-hombre-con-cbd\/","og_locale":"fr_FR","og_type":"article","og_title":"Champ\u00fa Antica\u00edda Hombre con CBD - CBD HOME","og_description":"El champ\u00fa de Hombre Antica\u00edda, es una f\u00f3rmula farmac\u00e9utica con CBD, Cegaba, Redensil y Factores de Crecimiento. Un producto dise\u00f1ado para la ca\u00edda del pelo.","og_url":"https:\/\/cbdhomehub.com\/fr\/champu-anticaida-hombre-con-cbd\/","og_site_name":"CBD HOME","article_publisher":"https:\/\/www.facebook.com\/CBD-HOME-106393425109020","article_modified_time":"2025-06-25T11:09:29+00:00","og_image":[{"width":1600,"height":1600,"url":"https:\/\/cbdhomehub.com\/wp-content\/uploads\/2023\/07\/champu-hombre-1.jpeg","type":"image\/jpeg"}],"twitter_card":"summary_large_image","twitter_misc":{"Dur\u00e9e de lecture estim\u00e9e":"1 minute"},"schema":{"@context":"https:\/\/schema.org","@graph":[{"@type":"WebPage","@id":"https:\/\/cbdhomehub.com\/champu-anticaida-hombre-con-cbd\/","url":"https:\/\/cbdhomehub.com\/champu-anticaida-hombre-con-cbd\/","name":"Champ\u00fa Antica\u00edda Hombre con CBD - CBD HOME","isPartOf":{"@id":"https:\/\/cbdhomehub.com\/#website"},"primaryImageOfPage":{"@id":"https:\/\/cbdhomehub.com\/champu-anticaida-hombre-con-cbd\/#primaryimage"},"image":{"@id":"https:\/\/cbdhomehub.com\/champu-anticaida-hombre-con-cbd\/#primaryimage"},"thumbnailUrl":"https:\/\/cbdhomehub.com\/wp-content\/uploads\/2023\/07\/champu-hombre-1.jpeg","datePublished":"2023-07-20T08:50:20+00:00","dateModified":"2025-06-25T11:09:29+00:00","description":"El champ\u00fa de Hombre Antica\u00edda, es una f\u00f3rmula farmac\u00e9utica con CBD, Cegaba, Redensil y Factores de Crecimiento. Un producto dise\u00f1ado para la ca\u00edda del pelo.","breadcrumb":{"@id":"https:\/\/cbdhomehub.com\/champu-anticaida-hombre-con-cbd\/#breadcrumb"},"inLanguage":"fr-FR","potentialAction":[{"@type":"ReadAction","target":["https:\/\/cbdhomehub.com\/champu-anticaida-hombre-con-cbd\/"]}]},{"@type":"ImageObject","inLanguage":"fr-FR","@id":"https:\/\/cbdhomehub.com\/champu-anticaida-hombre-con-cbd\/#primaryimage","url":"https:\/\/cbdhomehub.com\/wp-content\/uploads\/2023\/07\/champu-hombre-1.jpeg","contentUrl":"https:\/\/cbdhomehub.com\/wp-content\/uploads\/2023\/07\/champu-hombre-1.jpeg","width":1600,"height":1600},{"@type":"BreadcrumbList","@id":"https:\/\/cbdhomehub.com\/champu-anticaida-hombre-con-cbd\/#breadcrumb","itemListElement":[{"@type":"ListItem","position":1,"name":"Portada","item":"https:\/\/cbdhomehub.com\/"},{"@type":"ListItem","position":2,"name":"Tienda","item":"https:\/\/cbdhomehub.comtienda\/"},{"@type":"ListItem","position":3,"name":"Champ\u00fa Antica\u00edda Hombre con CBD"}]},{"@type":"WebSite","@id":"https:\/\/cbdhomehub.com\/#website","url":"https:\/\/cbdhomehub.com\/","name":"CBD HOME","description":"Tienda de CBD N\u00ba 1 en Amazon","publisher":{"@id":"https:\/\/cbdhomehub.com\/#organization"},"potentialAction":[{"@type":"SearchAction","target":{"@type":"EntryPoint","urlTemplate":"https:\/\/cbdhomehub.com\/?s={search_term_string}"},"query-input":{"@type":"PropertyValueSpecification","valueRequired":true,"valueName":"search_term_string"}}],"inLanguage":"fr-FR"},{"@type":"Organization","@id":"https:\/\/cbdhomehub.com\/#organization","name":"CBD HOME","url":"https:\/\/cbdhomehub.com\/","logo":{"@type":"ImageObject","inLanguage":"fr-FR","@id":"https:\/\/cbdhomehub.com\/#\/schema\/logo\/image\/","url":"https:\/\/cbdhomehub.comwp-content\/uploads\/2022\/05\/logo2HDnegroTM.png","contentUrl":"https:\/\/cbdhomehub.comwp-content\/uploads\/2022\/05\/logo2HDnegroTM.png","width":4193,"height":646,"caption":"CBD HOME"},"image":{"@id":"https:\/\/cbdhomehub.com\/#\/schema\/logo\/image\/"},"sameAs":["https:\/\/www.facebook.com\/CBD-HOME-106393425109020","https:\/\/www.instagram.com\/cbdhomelab\/","https:\/\/www.linkedin.com\/company\/cbd-home\/about\/"]}]}},"jetpack_sharing_enabled":true,"_links":{"self":[{"href":"https:\/\/cbdhomehub.com\/fr\/wp-json\/wp\/v2\/product\/4968","targetHints":{"allow":["GET"]}}],"collection":[{"href":"https:\/\/cbdhomehub.com\/fr\/wp-json\/wp\/v2\/product"}],"about":[{"href":"https:\/\/cbdhomehub.com\/fr\/wp-json\/wp\/v2\/types\/product"}],"replies":[{"embeddable":true,"href":"https:\/\/cbdhomehub.com\/fr\/wp-json\/wp\/v2\/comments?post=4968"}],"wp:featuredmedia":[{"embeddable":true,"href":"https:\/\/cbdhomehub.com\/fr\/wp-json\/wp\/v2\/media\/7906"}],"wp:attachment":[{"href":"https:\/\/cbdhomehub.com\/fr\/wp-json\/wp\/v2\/media?parent=4968"}],"wp:term":[{"taxonomy":"product_brand","embeddable":true,"href":"https:\/\/cbdhomehub.com\/fr\/wp-json\/wp\/v2\/product_brand?post=4968"},{"taxonomy":"product_cat","embeddable":true,"href":"https:\/\/cbdhomehub.com\/fr\/wp-json\/wp\/v2\/product_cat?post=4968"},{"taxonomy":"product_tag","embeddable":true,"href":"https:\/\/cbdhomehub.com\/fr\/wp-json\/wp\/v2\/product_tag?post=4968"}],"curies":[{"name":"wp","href":"https:\/\/api.w.org\/{rel}","templated":true}]}}