{"id":6059,"date":"2023-10-26T14:20:54","date_gmt":"2023-10-26T14:20:54","guid":{"rendered":"https:\/\/cbdhomehub.com?page_id=6059"},"modified":"2025-02-27T09:28:09","modified_gmt":"2025-02-27T09:28:09","slug":"tree-nation-y-cbd-home","status":"publish","type":"page","link":"https:\/\/cbdhomehub.com\/fr\/tree-nation-y-cbd-home\/","title":{"rendered":"Tree-Nation et de la CDB HOME"},"content":{"rendered":"<div data-elementor-type=\"wp-page\" data-elementor-id=\"6059\" class=\"elementor elementor-6059\" data-elementor-post-type=\"page\">\n\t\t\t\t<div class=\"elementor-element elementor-element-3ecca0a elementor-hidden-tablet elementor-hidden-mobile e-flex e-con-boxed e-con e-parent\" data-id=\"3ecca0a\" data-element_type=\"container\">\n\t\t\t\t\t<div class=\"e-con-inner\">\n\t\t\t\t<div class=\"elementor-element elementor-element-8dcf3b3 img-tree-nat elementor-widget elementor-widget-sober-banner\" data-id=\"8dcf3b3\" data-element_type=\"widget\" data-widget_type=\"sober-banner.default\">\n\t\t\t\t<div class=\"elementor-widget-container\">\n\t\t\t\t\t\t\t<div class=\"sober-banner-image sober-banner--elementor sober-banner-image--hover-none sober-banner-image--button-visible-always\">\n\t\t\t<a class=\"sober-banner-image__link\">\t\t\t\t<img decoding=\"async\" src=\"https:\/\/cbdhomehub.com\/wp-content\/uploads\/2025\/02\/tree-nation-banner.png\" title=\"\" alt=\"\" loading=\"lazy\" \/>\n\t\t\t\t<div class=\"sober-banner-image__content\">\n\t\t\t\t\t\n\t\t\t\t\t\t\t\t\t\t\t<div class=\"sober-banner-image__title\">TREE-NATION et de la CDB HOME<\/div>\n\t\t\t\t\t\n\t\t\t\t\t\t\t\t\t\t\t<div class=\"sober-banner-image__description\">\u00c0 la reforestation de la plan\u00e8te<\/div>\n\t\t\t\t\t\n\t\t\t\t\t<div class=\"sober-banner-image__buttons\">\n\t\t\t\t\t\t\t\t\t\t\t\t\t\t\t\t\t<\/div>\n\t\t\t\t<\/div>\n\t\t\t<\/a>\t\t<\/div>\n\t\t\t\t\t\t<\/div>\n\t\t\t\t<\/div>\n\t\t\t\t\t<\/div>\n\t\t\t\t<\/div>\n\t\t<div class=\"elementor-element elementor-element-2f102ea elementor-hidden-desktop e-flex e-con-boxed e-con e-parent\" data-id=\"2f102ea\" data-element_type=\"container\">\n\t\t\t\t\t<div class=\"e-con-inner\">\n\t\t\t\t<div class=\"elementor-element elementor-element-63a65c8 elementor-widget elementor-widget-heading\" data-id=\"63a65c8\" data-element_type=\"widget\" data-widget_type=\"heading.default\">\n\t\t\t\t<div class=\"elementor-widget-container\">\n\t\t\t\t\t<h2 class=\"elementor-heading-title elementor-size-default\">TREE-NATION et de la CDB HOME<\/h2>\t\t\t\t<\/div>\n\t\t\t\t<\/div>\n\t\t\t\t<div class=\"elementor-element elementor-element-659d88e elementor-widget elementor-widget-text-editor\" data-id=\"659d88e\" data-element_type=\"widget\" data-widget_type=\"text-editor.default\">\n\t\t\t\t<div class=\"elementor-widget-container\">\n\t\t\t\t\t\t\t\t\t<p>\u00c0 la reforestation de la plan\u00e8te<\/p>\t\t\t\t\t\t\t\t<\/div>\n\t\t\t\t<\/div>\n\t\t\t\t<div class=\"elementor-element elementor-element-a993feb elementor-widget elementor-widget-image\" data-id=\"a993feb\" data-element_type=\"widget\" data-widget_type=\"image.default\">\n\t\t\t\t<div class=\"elementor-widget-container\">\n\t\t\t\t\t\t\t\t\t\t\t\t\t\t\t<img decoding=\"async\" src=\"https:\/\/cbdhomehub.com\/wp-content\/uploads\/2025\/01\/2mar28mar_cannabidiol_plant_coming_out_of_a_hand_b579d3e9-6081-4717-aebb-c8d14e72700a.png\" title=\"\" alt=\"\" loading=\"lazy\" \/>\t\t\t\t\t\t\t\t\t\t\t\t\t\t\t<\/div>\n\t\t\t\t<\/div>\n\t\t\t\t\t<\/div>\n\t\t\t\t<\/div>\n\t\t<div class=\"elementor-element elementor-element-a9065b9 e-flex e-con-boxed e-con e-parent\" data-id=\"a9065b9\" data-element_type=\"container\">\n\t\t\t\t\t<div class=\"e-con-inner\">\n\t\t\t\t<div class=\"elementor-element elementor-element-9061c56 elementor-widget elementor-widget-heading\" data-id=\"9061c56\" data-element_type=\"widget\" data-widget_type=\"heading.default\">\n\t\t\t\t<div class=\"elementor-widget-container\">\n\t\t\t\t\t<h2 class=\"elementor-heading-title elementor-size-default\">Prendre soin de la plan\u00e8te<\/h2>\t\t\t\t<\/div>\n\t\t\t\t<\/div>\n\t\t\t\t<div class=\"elementor-element elementor-element-02e09e7 elementor-widget elementor-widget-text-editor\" data-id=\"02e09e7\" data-element_type=\"widget\" data-widget_type=\"text-editor.default\">\n\t\t\t\t<div class=\"elementor-widget-container\">\n\t\t\t\t\t\t\t\t\t<p>CBD Home s&#039;engage profond\u00e9ment afin de sensibiliser la soci\u00e9t\u00e9 sur l&#039;importance vitale de notre plan\u00e8te. Dans cet effort, nous avons \u00e9tabli un partenariat avec\u00a0<a href=\"https:\/\/tree-nation.com\/es\/quienes-somos\">Tree-Nation<\/a>\u00a0pour mener \u00e0 bien une initiative importante: la plantation d&#039;arbres.<\/p>\n<p>Cette collaboration vise non seulement \u00e0 planter des arbres, mais aussi pour contrer notre empreinte carbone. Nous sommes fermement d\u00e9di\u00e9 \u00e0 la prise de mesures concr\u00e8tes pour la pr\u00e9servation de notre environnement et de construire un avenir plus durable pour les g\u00e9n\u00e9rations \u00e0 venir.<\/p>\t\t\t\t\t\t\t\t<\/div>\n\t\t\t\t<\/div>\n\t\t\t\t<div class=\"elementor-element elementor-element-87638c2 elementor-widget elementor-widget-image\" data-id=\"87638c2\" data-element_type=\"widget\" data-widget_type=\"image.default\">\n\t\t\t\t<div class=\"elementor-widget-container\">\n\t\t\t\t\t\t\t\t\t\t\t\t\t\t\t<img decoding=\"async\" src=\"https:\/\/cbdhomehub.com\/wp-content\/uploads\/2023\/10\/One-product-is-a-new-tree-in-the-world-solid.png\" title=\"\" alt=\"\" loading=\"lazy\" \/>\t\t\t\t\t\t\t\t\t\t\t\t\t\t\t<\/div>\n\t\t\t\t<\/div>\n\t\t\t\t\t<\/div>\n\t\t\t\t<\/div>\n\t\t<div class=\"elementor-element elementor-element-c69c5bf e-flex e-con-boxed e-con e-parent\" data-id=\"c69c5bf\" data-element_type=\"container\">\n\t\t\t\t\t<div class=\"e-con-inner\">\n\t\t\t\t<div class=\"elementor-element elementor-element-5aec9d8 elementor-widget elementor-widget-heading\" data-id=\"5aec9d8\" data-element_type=\"widget\" data-widget_type=\"heading.default\">\n\t\t\t\t<div class=\"elementor-widget-container\">\n\t\t\t\t\t<h2 class=\"elementor-heading-title elementor-size-default\">Comment \u00e7a fonctionne?<\/h2>\t\t\t\t<\/div>\n\t\t\t\t<\/div>\n\t\t\t\t<div class=\"elementor-element elementor-element-5ab2978 elementor-widget elementor-widget-text-editor\" data-id=\"5ab2978\" data-element_type=\"widget\" data-widget_type=\"text-editor.default\">\n\t\t\t\t<div class=\"elementor-widget-container\">\n\t\t\t\t\t\t\t\t\t<p>Le fonctionnement est tr\u00e8s simple, pour chaque achat que vous faites avec nous un impact positif sur le monde. Nous don d&#039;une partie des revenus pour le reboisement, une initiative que nous sommes actuellement en train de prendre place \u00e0 Madagascar et en Tanzanie.<\/p>\n<p>Chaque fois que vous effectuez un achat, vous \u00eates directement en contribuant \u00e0 la revitalisation de ces \u00e9cosyst\u00e8mes vitaux, contribuant \u00e0 la conservation de la biodiversit\u00e9, et d&#039;att\u00e9nuer le changement climatique. Votre soutien n&#039;est pas seulement bon pour votre sant\u00e9, mais aussi pour rendre le monde un meilleur endroit. Merci de faire partie de cette mission importante!<\/p>\t\t\t\t\t\t\t\t<\/div>\n\t\t\t\t<\/div>\n\t\t\t\t<div class=\"elementor-element elementor-element-31c0746 elementor-widget elementor-widget-image\" data-id=\"31c0746\" data-element_type=\"widget\" data-widget_type=\"image.default\">\n\t\t\t\t<div class=\"elementor-widget-container\">\n\t\t\t\t\t\t\t\t\t\t\t\t\t\t\t<img fetchpriority=\"high\" decoding=\"async\" width=\"640\" height=\"297\" src=\"https:\/\/cbdhomehub.com\/wp-content\/uploads\/2025\/01\/2brian-garrity-TeK76JR3JPA-unsplash-scaled-1-1080x502.jpg\" class=\"attachment-large size-large wp-image-9342\" alt=\"\" srcset=\"https:\/\/cbdhomehub.com\/wp-content\/uploads\/2025\/01\/2brian-garrity-TeK76JR3JPA-unsplash-scaled-1-1080x502.jpg 1080w, https:\/\/cbdhomehub.com\/wp-content\/uploads\/2025\/01\/2brian-garrity-TeK76JR3JPA-unsplash-scaled-1-500x232.jpg 500w, https:\/\/cbdhomehub.com\/wp-content\/uploads\/2025\/01\/2brian-garrity-TeK76JR3JPA-unsplash-scaled-1-768x357.jpg 768w, https:\/\/cbdhomehub.com\/wp-content\/uploads\/2025\/01\/2brian-garrity-TeK76JR3JPA-unsplash-scaled-1-1536x713.jpg 1536w, https:\/\/cbdhomehub.com\/wp-content\/uploads\/2025\/01\/2brian-garrity-TeK76JR3JPA-unsplash-scaled-1-2048x951.jpg 2048w, https:\/\/cbdhomehub.com\/wp-content\/uploads\/2025\/01\/2brian-garrity-TeK76JR3JPA-unsplash-scaled-1-1500x697.jpg 1500w\" sizes=\"(max-width: 640px) 100vw, 640px\" \/>\t\t\t\t\t\t\t\t\t\t\t\t\t\t\t<\/div>\n\t\t\t\t<\/div>\n\t\t\t\t\t<\/div>\n\t\t\t\t<\/div>\n\t\t<div class=\"elementor-element elementor-element-1ae0b96 e-flex e-con-boxed e-con e-parent\" data-id=\"1ae0b96\" data-element_type=\"container\">\n\t\t\t\t\t<div class=\"e-con-inner\">\n\t\t\t\t<div class=\"elementor-element elementor-element-6d4726e elementor-align-center elementor-widget elementor-widget-button\" data-id=\"6d4726e\" data-element_type=\"widget\" data-widget_type=\"button.default\">\n\t\t\t\t<div class=\"elementor-widget-container\">\n\t\t\t\t\t\t\t\t\t<div class=\"elementor-button-wrapper\">\n\t\t\t\t\t<a class=\"elementor-button elementor-button-link elementor-size-sm\" href=\"https:\/\/tree-nation.com\/es\/perfil\/cbd-home\" target=\"_blank\">\n\t\t\t\t\t\t<span class=\"elementor-button-content-wrapper\">\n\t\t\t\t\t\t\t\t\t<span class=\"elementor-button-text\">Conoce nuestro bosque<\/span>\n\t\t\t\t\t<\/span>\n\t\t\t\t\t<\/a>\n\t\t\t\t<\/div>\n\t\t\t\t\t\t\t\t<\/div>\n\t\t\t\t<\/div>\n\t\t\t\t\t<\/div>\n\t\t\t\t<\/div>\n\t\t\t\t<\/div>","protected":false},"excerpt":{"rendered":"<p>TREE-NATION y CBD HOME Reforestando el planeta TREE-NATION y CBD HOME Reforestando el planeta Cuidemos juntos el planeta CBD Home&hellip;<\/p>","protected":false},"author":44,"featured_media":0,"parent":0,"menu_order":0,"comment_status":"closed","ping_status":"closed","template":"","meta":{"footnotes":""},"class_list":["post-6059","page","type-page","status-publish","hentry"],"yoast_head":"<!-- This site is optimized with the Yoast SEO plugin v25.4 - https:\/\/yoast.com\/wordpress\/plugins\/seo\/ -->\n<title>Tree-Nation y CBD Home - CBD HOME<\/title>\n<meta name=\"robots\" content=\"index, follow, max-snippet:-1, max-image-preview:large, max-video-preview:-1\" \/>\n<link rel=\"canonical\" href=\"https:\/\/cbdhomehub.com\/fr\/tree-nation-y-cbd-home\/\" \/>\n<meta property=\"og:locale\" content=\"fr_FR\" \/>\n<meta property=\"og:type\" content=\"article\" \/>\n<meta property=\"og:title\" content=\"Tree-Nation y CBD Home - CBD HOME\" \/>\n<meta property=\"og:description\" content=\"TREE-NATION y CBD HOME Reforestando el planeta TREE-NATION y CBD HOME Reforestando el planeta Cuidemos juntos el planeta CBD Home&hellip;\" \/>\n<meta property=\"og:url\" content=\"https:\/\/cbdhomehub.com\/fr\/tree-nation-y-cbd-home\/\" \/>\n<meta property=\"og:site_name\" content=\"CBD HOME\" \/>\n<meta property=\"article:publisher\" content=\"https:\/\/www.facebook.com\/CBD-HOME-106393425109020\" \/>\n<meta property=\"article:modified_time\" content=\"2025-02-27T09:28:09+00:00\" \/>\n<meta property=\"og:image\" content=\"https:\/\/cbdhomehub.com\/wp-content\/uploads\/2025\/02\/tree-nation-banner.png\" \/>\n<meta name=\"twitter:card\" content=\"summary_large_image\" \/>\n<meta name=\"twitter:label1\" content=\"Dur\u00e9e de lecture estim\u00e9e\" \/>\n\t<meta name=\"twitter:data1\" content=\"2 minutes\" \/>\n<script type=\"application\/ld+json\" class=\"yoast-schema-graph\">{\"@context\":\"https:\/\/schema.org\",\"@graph\":[{\"@type\":\"WebPage\",\"@id\":\"https:\/\/cbdhomehub.com\/tree-nation-y-cbd-home\/\",\"url\":\"https:\/\/cbdhomehub.com\/tree-nation-y-cbd-home\/\",\"name\":\"Tree-Nation y CBD Home - CBD HOME\",\"isPartOf\":{\"@id\":\"https:\/\/cbdhomehub.com\/#website\"},\"primaryImageOfPage\":{\"@id\":\"https:\/\/cbdhomehub.com\/tree-nation-y-cbd-home\/#primaryimage\"},\"image\":{\"@id\":\"https:\/\/cbdhomehub.com\/tree-nation-y-cbd-home\/#primaryimage\"},\"thumbnailUrl\":\"https:\/\/cbdhomehub.com\/wp-content\/uploads\/2025\/02\/tree-nation-banner.png\",\"datePublished\":\"2023-10-26T14:20:54+00:00\",\"dateModified\":\"2025-02-27T09:28:09+00:00\",\"breadcrumb\":{\"@id\":\"https:\/\/cbdhomehub.com\/tree-nation-y-cbd-home\/#breadcrumb\"},\"inLanguage\":\"fr-FR\",\"potentialAction\":[{\"@type\":\"ReadAction\",\"target\":[\"https:\/\/cbdhomehub.com\/tree-nation-y-cbd-home\/\"]}]},{\"@type\":\"ImageObject\",\"inLanguage\":\"fr-FR\",\"@id\":\"https:\/\/cbdhomehub.com\/tree-nation-y-cbd-home\/#primaryimage\",\"url\":\"https:\/\/cbdhomehub.com\/wp-content\/uploads\/2025\/02\/tree-nation-banner.png\",\"contentUrl\":\"https:\/\/cbdhomehub.com\/wp-content\/uploads\/2025\/02\/tree-nation-banner.png\"},{\"@type\":\"BreadcrumbList\",\"@id\":\"https:\/\/cbdhomehub.com\/tree-nation-y-cbd-home\/#breadcrumb\",\"itemListElement\":[{\"@type\":\"ListItem\",\"position\":1,\"name\":\"Portada\",\"item\":\"https:\/\/cbdhomehub.com\/\"},{\"@type\":\"ListItem\",\"position\":2,\"name\":\"Tree-Nation y CBD Home\"}]},{\"@type\":\"WebSite\",\"@id\":\"https:\/\/cbdhomehub.com\/#website\",\"url\":\"https:\/\/cbdhomehub.com\/\",\"name\":\"CBD HOME\",\"description\":\"Tienda de CBD N\u00ba 1 en Amazon\",\"publisher\":{\"@id\":\"https:\/\/cbdhomehub.com\/#organization\"},\"potentialAction\":[{\"@type\":\"SearchAction\",\"target\":{\"@type\":\"EntryPoint\",\"urlTemplate\":\"https:\/\/cbdhomehub.com\/?s={search_term_string}\"},\"query-input\":{\"@type\":\"PropertyValueSpecification\",\"valueRequired\":true,\"valueName\":\"search_term_string\"}}],\"inLanguage\":\"fr-FR\"},{\"@type\":\"Organization\",\"@id\":\"https:\/\/cbdhomehub.com\/#organization\",\"name\":\"CBD HOME\",\"url\":\"https:\/\/cbdhomehub.com\/\",\"logo\":{\"@type\":\"ImageObject\",\"inLanguage\":\"fr-FR\",\"@id\":\"https:\/\/cbdhomehub.com\/#\/schema\/logo\/image\/\",\"url\":\"https:\/\/cbdhomehub.comwp-content\/uploads\/2022\/05\/logo2HDnegroTM.png\",\"contentUrl\":\"https:\/\/cbdhomehub.comwp-content\/uploads\/2022\/05\/logo2HDnegroTM.png\",\"width\":4193,\"height\":646,\"caption\":\"CBD HOME\"},\"image\":{\"@id\":\"https:\/\/cbdhomehub.com\/#\/schema\/logo\/image\/\"},\"sameAs\":[\"https:\/\/www.facebook.com\/CBD-HOME-106393425109020\",\"https:\/\/www.instagram.com\/cbdhomelab\/\",\"https:\/\/www.linkedin.com\/company\/cbd-home\/about\/\"]}]}<\/script>\n<!-- \/ Yoast SEO plugin. -->","yoast_head_json":{"title":"Tree-Nation y CBD Home - CBD HOME","robots":{"index":"index","follow":"follow","max-snippet":"max-snippet:-1","max-image-preview":"max-image-preview:large","max-video-preview":"max-video-preview:-1"},"canonical":"https:\/\/cbdhomehub.com\/fr\/tree-nation-y-cbd-home\/","og_locale":"fr_FR","og_type":"article","og_title":"Tree-Nation y CBD Home - CBD HOME","og_description":"TREE-NATION y CBD HOME Reforestando el planeta TREE-NATION y CBD HOME Reforestando el planeta Cuidemos juntos el planeta CBD Home&hellip;","og_url":"https:\/\/cbdhomehub.com\/fr\/tree-nation-y-cbd-home\/","og_site_name":"CBD HOME","article_publisher":"https:\/\/www.facebook.com\/CBD-HOME-106393425109020","article_modified_time":"2025-02-27T09:28:09+00:00","og_image":[{"url":"https:\/\/cbdhomehub.com\/wp-content\/uploads\/2025\/02\/tree-nation-banner.png","type":"","width":"","height":""}],"twitter_card":"summary_large_image","twitter_misc":{"Dur\u00e9e de lecture estim\u00e9e":"2 minutes"},"schema":{"@context":"https:\/\/schema.org","@graph":[{"@type":"WebPage","@id":"https:\/\/cbdhomehub.com\/tree-nation-y-cbd-home\/","url":"https:\/\/cbdhomehub.com\/tree-nation-y-cbd-home\/","name":"Tree-Nation y CBD Home - CBD HOME","isPartOf":{"@id":"https:\/\/cbdhomehub.com\/#website"},"primaryImageOfPage":{"@id":"https:\/\/cbdhomehub.com\/tree-nation-y-cbd-home\/#primaryimage"},"image":{"@id":"https:\/\/cbdhomehub.com\/tree-nation-y-cbd-home\/#primaryimage"},"thumbnailUrl":"https:\/\/cbdhomehub.com\/wp-content\/uploads\/2025\/02\/tree-nation-banner.png","datePublished":"2023-10-26T14:20:54+00:00","dateModified":"2025-02-27T09:28:09+00:00","breadcrumb":{"@id":"https:\/\/cbdhomehub.com\/tree-nation-y-cbd-home\/#breadcrumb"},"inLanguage":"fr-FR","potentialAction":[{"@type":"ReadAction","target":["https:\/\/cbdhomehub.com\/tree-nation-y-cbd-home\/"]}]},{"@type":"ImageObject","inLanguage":"fr-FR","@id":"https:\/\/cbdhomehub.com\/tree-nation-y-cbd-home\/#primaryimage","url":"https:\/\/cbdhomehub.com\/wp-content\/uploads\/2025\/02\/tree-nation-banner.png","contentUrl":"https:\/\/cbdhomehub.com\/wp-content\/uploads\/2025\/02\/tree-nation-banner.png"},{"@type":"BreadcrumbList","@id":"https:\/\/cbdhomehub.com\/tree-nation-y-cbd-home\/#breadcrumb","itemListElement":[{"@type":"ListItem","position":1,"name":"Portada","item":"https:\/\/cbdhomehub.com\/"},{"@type":"ListItem","position":2,"name":"Tree-Nation y CBD Home"}]},{"@type":"WebSite","@id":"https:\/\/cbdhomehub.com\/#website","url":"https:\/\/cbdhomehub.com\/","name":"CBD HOME","description":"Tienda de CBD N\u00ba 1 en Amazon","publisher":{"@id":"https:\/\/cbdhomehub.com\/#organization"},"potentialAction":[{"@type":"SearchAction","target":{"@type":"EntryPoint","urlTemplate":"https:\/\/cbdhomehub.com\/?s={search_term_string}"},"query-input":{"@type":"PropertyValueSpecification","valueRequired":true,"valueName":"search_term_string"}}],"inLanguage":"fr-FR"},{"@type":"Organization","@id":"https:\/\/cbdhomehub.com\/#organization","name":"CBD HOME","url":"https:\/\/cbdhomehub.com\/","logo":{"@type":"ImageObject","inLanguage":"fr-FR","@id":"https:\/\/cbdhomehub.com\/#\/schema\/logo\/image\/","url":"https:\/\/cbdhomehub.comwp-content\/uploads\/2022\/05\/logo2HDnegroTM.png","contentUrl":"https:\/\/cbdhomehub.comwp-content\/uploads\/2022\/05\/logo2HDnegroTM.png","width":4193,"height":646,"caption":"CBD HOME"},"image":{"@id":"https:\/\/cbdhomehub.com\/#\/schema\/logo\/image\/"},"sameAs":["https:\/\/www.facebook.com\/CBD-HOME-106393425109020","https:\/\/www.instagram.com\/cbdhomelab\/","https:\/\/www.linkedin.com\/company\/cbd-home\/about\/"]}]}},"jetpack_sharing_enabled":true,"_links":{"self":[{"href":"https:\/\/cbdhomehub.com\/fr\/wp-json\/wp\/v2\/pages\/6059","targetHints":{"allow":["GET"]}}],"collection":[{"href":"https:\/\/cbdhomehub.com\/fr\/wp-json\/wp\/v2\/pages"}],"about":[{"href":"https:\/\/cbdhomehub.com\/fr\/wp-json\/wp\/v2\/types\/page"}],"author":[{"embeddable":true,"href":"https:\/\/cbdhomehub.com\/fr\/wp-json\/wp\/v2\/users\/44"}],"replies":[{"embeddable":true,"href":"https:\/\/cbdhomehub.com\/fr\/wp-json\/wp\/v2\/comments?post=6059"}],"version-history":[{"count":61,"href":"https:\/\/cbdhomehub.com\/fr\/wp-json\/wp\/v2\/pages\/6059\/revisions"}],"predecessor-version":[{"id":10424,"href":"https:\/\/cbdhomehub.com\/fr\/wp-json\/wp\/v2\/pages\/6059\/revisions\/10424"}],"wp:attachment":[{"href":"https:\/\/cbdhomehub.com\/fr\/wp-json\/wp\/v2\/media?parent=6059"}],"curies":[{"name":"wp","href":"https:\/\/api.w.org\/{rel}","templated":true}]}}