{"id":5810,"date":"2023-10-03T10:55:11","date_gmt":"2023-10-03T10:55:11","guid":{"rendered":"https:\/\/cbdhomehub.com?page_id=5810"},"modified":"2025-01-29T12:52:40","modified_gmt":"2025-01-29T12:52:40","slug":"preguntas-frecuentes","status":"publish","type":"page","link":"https:\/\/cbdhomehub.com\/fr\/preguntas-frecuentes\/","title":{"rendered":"Foire aux questions"},"content":{"rendered":"<div data-elementor-type=\"wp-page\" data-elementor-id=\"5810\" class=\"elementor elementor-5810\" data-elementor-post-type=\"page\">\n\t\t\t\t<div class=\"elementor-element elementor-element-1207c01b e-flex e-con-boxed e-con e-parent\" data-id=\"1207c01b\" data-element_type=\"container\">\n\t\t\t\t\t<div class=\"e-con-inner\">\n\t\t\t\t<div class=\"elementor-element elementor-element-e146fc2 elementor-widget elementor-widget-heading\" data-id=\"e146fc2\" data-element_type=\"widget\" data-widget_type=\"heading.default\">\n\t\t\t\t<div class=\"elementor-widget-container\">\n\t\t\t\t\t<h1 class=\"elementor-heading-title elementor-size-default\">PREGUNTAS FRECUENTES<\/h1>\t\t\t\t<\/div>\n\t\t\t\t<\/div>\n\t\t\t\t<div class=\"elementor-element elementor-element-50c3a8ed elementor-widget elementor-widget-text-editor\" data-id=\"50c3a8ed\" data-element_type=\"widget\" data-widget_type=\"text-editor.default\">\n\t\t\t\t<div class=\"elementor-widget-container\"><h2>SOBRE EL CBD<\/h2>\n<h2>1.\u00bfQu\u00e9 es el CBD y de d\u00f3nde proviene?<\/h2>\n<p>La CBD est l'un des nombreux compos\u00e9s chimiques pr\u00e9sents dans la plante de Cannabis sativa.<b>\u00a0C&#039;est un non-psychotropes cannabino\u00efdes<\/b>\u00a0et \u00e0 la diff\u00e9rence de THC, le CBD ne modifie pas la perception ou affecter la capacit\u00e9 cognitive.<\/p>\n<p>La plante de Cannabis sativa, commun\u00e9ment connu comme le chanvre ou de la marijuana est une plante herbac\u00e9e de la famille des Cannabaceae.<\/p>\n<h2>2.Peut CBD \u00eatre addictif, provoquer des allergies ou nuisible?<\/h2>\n<p>Il n'est pas addictif, toutes les \u00e9tudes montrent que la d\u00e9pendance observ\u00e9e est la m\u00eame chez les sujets qui ont consomm\u00e9 de la CBD que chez ceux qui avaient pris un placebo. En termes d'allergies, que toute la substance, n'est pas sans cette possibilit\u00e9. Les enregistrements des personnes qui sont allergiques \u00e0 la CBD jusqu'\u00e0 ce que le moment ils ne sont pas importantes et que, proportionnellement, sont minimes.<\/p>\n<h2>3.Ne CBD peut provoquer des effets secondaires?<\/h2>\n<p>Le CBD peut provoquer des effets ind\u00e9sirables, mais ils ne vont pas au-del\u00e0 de douleurs \u00e0 l'estomac et de fatigue excessive, de cesser de suspendre sa consommation. Vous pouvez \u00e9galement produire des interactions n\u00e9gatives avec d'autres m\u00e9dicaments, ou avec une condition tr\u00e8s sp\u00e9cifique dans certains cas. Si vous croyez que vous pouvez \u00eatre dans une de ces situations, nous vous recommandons de consulter votre m\u00e9decin.<\/p>\n<h2>4.Est-il s\u00e9curitaire de consommer de la CBD et dans ce montant ou de la dose?<\/h2>\n<p>S\u00ed, es totalmente seguro. Los estudios \u00abin vitro\u00bb e \u00abin vivo\u00bb reportan una muy alta seguridad y nula toxicidad. No hay una dosis espec\u00edfica. Depende de diversos factores f\u00edsicos (edad, sexo, peso, altura, capacidad de asimilaci\u00f3n, etc.) y psicol\u00f3gicos (sugesti\u00f3n, ansiedad, estr\u00e9s, predisposici\u00f3n, etc.). La mejor manera de encontrar su dosis es comenzar con dosis bajas y aumentar gradualmente hasta encontrar los efectos deseados. A pesar de esto, <strong>en Espagne, il est seulement l\u00e9gal de la vente de produits destin\u00e9s \u00e0 l&#039;usage externe seulement, et non pour une utilisation par voie orale.<\/strong><\/p>\n<h2>5.Est-il l\u00e9gal de vendre de la CBD en Europe?<\/h2>\n<p>Oui, il est l\u00e9gal dans la plupart des pays europ\u00e9ens. Normalement, la l\u00e9gislation permet la commercialisation de la CBD \u00e0 condition qu'ils soient destin\u00e9s \u00e0 un usage externe et l'\u00e9tiquette vous indique de le faire. Tous nos produits sont \u00e9tiquet\u00e9s en cons\u00e9quence. La r\u00e9glementation varie selon le pays de destination, o\u00f9 nous pouvons nous adapter \u00e0 l'interne sur le tag que les composants de nos produits.<\/p>\n<h2>6.\u00bfC\u00f3mo es nuestro aceite?<\/h2>\n<p>Notre huile de CBD favorise la relaxation, diminue l&#039;anxi\u00e9t\u00e9, le stress et soulage la douleur par sa capacit\u00e9 d&#039;anti-inflammatoires et antioxydantes. L&#039;huile de chanvre bio est combin\u00e9 avec de l&#039;Huile d&#039;Olive Extra Vierge pour enrichir votre propri\u00e9t\u00e9 et d&#039;am\u00e9liorer sa capacit\u00e9 d&#039;absorption. L&#039;huile de la peau de citron compl\u00e8te la formule pour am\u00e9liorer les propri\u00e9t\u00e9s organoleptiques.<\/p>\n<h2>7.Quelles sont les preuves scientifiques derri\u00e8re les avantages de la CBD?<\/h2>\n<p>En novembre 2017, l'OMS a publi\u00e9 un rapport pr\u00e9liminaire sur la CBD, qui comprenait les conclusions suivantes:<\/p>\n<ul>\n<li>Le CBD n&#039;est pas addictif.<\/li>\n<li>La CDB ne semble pas avoir de risque d&#039;abus ou de d\u00e9pendance.<\/li>\n<li>Le CDB n&#039;a pas d&#039;effet sur la capacit\u00e9 de l&#039;utilisateur \u00e0 conduire un v\u00e9hicule ou d&#039;effectuer des t\u00e2ches qui demandent de la coordination.<\/li>\n<li>La CDB est non-toxique et ne pas avoir des effets secondaires graves.<\/li>\n<li>La CDB a des propri\u00e9t\u00e9s th\u00e9rapeutiques pour une vari\u00e9t\u00e9 de conditions m\u00e9dicales, y compris l&#039;\u00e9pilepsie, l&#039;anxi\u00e9t\u00e9 et la d\u00e9pression.<\/li>\n<\/ul>\n<p>En r\u00e9sum\u00e9, l'OMS a reconnu la valeur th\u00e9rapeutique de la CBD, et a d\u00e9clar\u00e9 qu'il n'y a pas de raison de l'interdire ou de le classer comme une drogue dangereuse.<\/p>\n<h2>8.Comment devriez-vous magasin de la CBD et pour combien de temps?<\/h2>\n<p>Il est recommand\u00e9 de stocker leurs produits de la CBD dans des endroits o\u00f9 ils ne seront pas de la lumi\u00e8re directe. Des jarres d'huile de CBD sont opaques afin de mieux prot\u00e9ger les qualit\u00e9s de la CDB, de m\u00eame il est recommand\u00e9 pour un endroit frais et sombre.<\/p>\n<h2>9.Pouvez-vous donner positive sur une analyse de stup\u00e9fiants?<\/h2>\n<p>CBD HOME utilise le cannabidiol THC-gratuit des laboratoires certifi\u00e9s aux \u00e9tats-unis et l&#039;Europe, ce qui le rend totalement s\u00fbr et adapt\u00e9 \u00e0 tout \u00e2ge, les athl\u00e8tes d&#039;\u00e9lite, et d&#039;autres professionnels soumis \u00e0 l&#039;analyse de la drogue<\/p><\/div>\n\t\t\t\t<\/div>\n\t\t\t\t\t<\/div>\n\t\t\t\t<\/div>\n\t\t<div class=\"elementor-element elementor-element-3fd2e68 e-flex e-con-boxed e-con e-parent\" data-id=\"3fd2e68\" data-element_type=\"container\">\n\t\t\t\t\t<div class=\"e-con-inner\">\n\t\t\t\t<div class=\"elementor-element elementor-element-e2a7bec elementor-widget elementor-widget-heading\" data-id=\"e2a7bec\" data-element_type=\"widget\" data-widget_type=\"heading.default\">\n\t\t\t\t<div class=\"elementor-widget-container\">\n\t\t\t\t\t<h2 class=\"elementor-heading-title elementor-size-default\">Les envois et les retours<\/h2>\t\t\t\t<\/div>\n\t\t\t\t<\/div>\n\t\t\t\t<div class=\"elementor-element elementor-element-7067315 elementor-widget elementor-widget-text-editor\" data-id=\"7067315\" data-element_type=\"widget\" data-widget_type=\"text-editor.default\">\n\t\t\t\t<div class=\"elementor-widget-container\">\n\t\t\t\t\t\t\t\t\t<h2>1.D\u00e9lai de livraison<\/h2>\n<p>En r\u00e8gle g\u00e9n\u00e9rale, les colis sont exp\u00e9di\u00e9s le m\u00eame jour que la demande est re\u00e7ue. Mais nous vous promettons que c&#039;est dans les 24 heures suivant la r\u00e9ception du paiement (jours ouvrables).<\/p>\n<h2>2.La livraison de colis<\/h2>\n<p>Si le shopping sur notre site web et choisissez la livraison par la poste, normalement le courrier va vous envoyer un lien ou un sms afin que vous puissiez suivre votre commande en ligne. Si non, veuillez communiquer avec\u00a0<a href=\"mailto:info@cbdhomehub.com\">info@cbdhomehub.com<\/a>.<\/p>\n<h2>Ne pouvez pas trouver ce que vous cherchez?<\/h2>\n<p>N&#039;h\u00e9sitez pas \u00e0 prendre contact avec nous. Envoyez-nous un message et nous vous contacterons d\u00e8s que possible.<\/p>\n<p><!-- \/wp:fl-builder\/layout --><\/p>\t\t\t\t\t\t\t\t<\/div>\n\t\t\t\t<\/div>\n\t\t\t\t\t<\/div>\n\t\t\t\t<\/div>\t\t<\/div>","protected":false},"excerpt":{"rendered":"<p>PREGUNTAS FRECUENTES Env\u00edos y devoluciones 1.Plazos de entrega Como norma general, los paquetes se env\u00edan el mismo d\u00eda laborable que&hellip;<\/p>","protected":false},"author":44,"featured_media":0,"parent":0,"menu_order":0,"comment_status":"closed","ping_status":"closed","template":"","meta":{"footnotes":""},"class_list":["post-5810","page","type-page","status-publish","hentry"],"yoast_head":"<!-- This site is optimized with the Yoast SEO plugin v25.4 - https:\/\/yoast.com\/wordpress\/plugins\/seo\/ -->\n<title>Preguntas Frecuentes - CBD HOME<\/title>\n<meta name=\"description\" content=\"En CBD Home, creemos en brindar claridad y transparencia. Por eso hemos reunido una selecci\u00f3n de preguntas frecuentes del CBD.\" \/>\n<meta name=\"robots\" content=\"index, follow, max-snippet:-1, max-image-preview:large, max-video-preview:-1\" \/>\n<link rel=\"canonical\" href=\"https:\/\/cbdhomehub.com\/fr\/preguntas-frecuentes\/\" \/>\n<meta property=\"og:locale\" content=\"fr_FR\" \/>\n<meta property=\"og:type\" content=\"article\" \/>\n<meta property=\"og:title\" content=\"Preguntas Frecuentes - CBD HOME\" \/>\n<meta property=\"og:description\" content=\"En CBD Home, creemos en brindar claridad y transparencia. Por eso hemos reunido una selecci\u00f3n de preguntas frecuentes del CBD.\" \/>\n<meta property=\"og:url\" content=\"https:\/\/cbdhomehub.com\/fr\/preguntas-frecuentes\/\" \/>\n<meta property=\"og:site_name\" content=\"CBD HOME\" \/>\n<meta property=\"article:publisher\" content=\"https:\/\/www.facebook.com\/CBD-HOME-106393425109020\" \/>\n<meta property=\"article:modified_time\" content=\"2025-01-29T12:52:40+00:00\" \/>\n<meta name=\"twitter:card\" content=\"summary_large_image\" \/>\n<meta name=\"twitter:label1\" content=\"Dur\u00e9e de lecture estim\u00e9e\" \/>\n\t<meta name=\"twitter:data1\" content=\"4 minutes\" \/>\n<script type=\"application\/ld+json\" class=\"yoast-schema-graph\">{\"@context\":\"https:\/\/schema.org\",\"@graph\":[{\"@type\":\"WebPage\",\"@id\":\"https:\/\/cbdhomehub.com\/preguntas-frecuentes\/\",\"url\":\"https:\/\/cbdhomehub.com\/preguntas-frecuentes\/\",\"name\":\"Preguntas Frecuentes - CBD HOME\",\"isPartOf\":{\"@id\":\"https:\/\/cbdhomehub.com\/#website\"},\"datePublished\":\"2023-10-03T10:55:11+00:00\",\"dateModified\":\"2025-01-29T12:52:40+00:00\",\"description\":\"En CBD Home, creemos en brindar claridad y transparencia. Por eso hemos reunido una selecci\u00f3n de preguntas frecuentes del CBD.\",\"breadcrumb\":{\"@id\":\"https:\/\/cbdhomehub.com\/preguntas-frecuentes\/#breadcrumb\"},\"inLanguage\":\"fr-FR\",\"potentialAction\":[{\"@type\":\"ReadAction\",\"target\":[\"https:\/\/cbdhomehub.com\/preguntas-frecuentes\/\"]}]},{\"@type\":\"BreadcrumbList\",\"@id\":\"https:\/\/cbdhomehub.com\/preguntas-frecuentes\/#breadcrumb\",\"itemListElement\":[{\"@type\":\"ListItem\",\"position\":1,\"name\":\"Portada\",\"item\":\"https:\/\/cbdhomehub.com\/\"},{\"@type\":\"ListItem\",\"position\":2,\"name\":\"Preguntas frecuentes\"}]},{\"@type\":\"WebSite\",\"@id\":\"https:\/\/cbdhomehub.com\/#website\",\"url\":\"https:\/\/cbdhomehub.com\/\",\"name\":\"CBD HOME\",\"description\":\"Tienda de CBD N\u00ba 1 en Amazon\",\"publisher\":{\"@id\":\"https:\/\/cbdhomehub.com\/#organization\"},\"potentialAction\":[{\"@type\":\"SearchAction\",\"target\":{\"@type\":\"EntryPoint\",\"urlTemplate\":\"https:\/\/cbdhomehub.com\/?s={search_term_string}\"},\"query-input\":{\"@type\":\"PropertyValueSpecification\",\"valueRequired\":true,\"valueName\":\"search_term_string\"}}],\"inLanguage\":\"fr-FR\"},{\"@type\":\"Organization\",\"@id\":\"https:\/\/cbdhomehub.com\/#organization\",\"name\":\"CBD HOME\",\"url\":\"https:\/\/cbdhomehub.com\/\",\"logo\":{\"@type\":\"ImageObject\",\"inLanguage\":\"fr-FR\",\"@id\":\"https:\/\/cbdhomehub.com\/#\/schema\/logo\/image\/\",\"url\":\"https:\/\/cbdhomehub.comwp-content\/uploads\/2022\/05\/logo2HDnegroTM.png\",\"contentUrl\":\"https:\/\/cbdhomehub.comwp-content\/uploads\/2022\/05\/logo2HDnegroTM.png\",\"width\":4193,\"height\":646,\"caption\":\"CBD HOME\"},\"image\":{\"@id\":\"https:\/\/cbdhomehub.com\/#\/schema\/logo\/image\/\"},\"sameAs\":[\"https:\/\/www.facebook.com\/CBD-HOME-106393425109020\",\"https:\/\/www.instagram.com\/cbdhomelab\/\",\"https:\/\/www.linkedin.com\/company\/cbd-home\/about\/\"]}]}<\/script>\n<!-- \/ Yoast SEO plugin. -->","yoast_head_json":{"title":"Preguntas Frecuentes - CBD HOME","description":"En CBD Home, creemos en brindar claridad y transparencia. Por eso hemos reunido una selecci\u00f3n de preguntas frecuentes del CBD.","robots":{"index":"index","follow":"follow","max-snippet":"max-snippet:-1","max-image-preview":"max-image-preview:large","max-video-preview":"max-video-preview:-1"},"canonical":"https:\/\/cbdhomehub.com\/fr\/preguntas-frecuentes\/","og_locale":"fr_FR","og_type":"article","og_title":"Preguntas Frecuentes - CBD HOME","og_description":"En CBD Home, creemos en brindar claridad y transparencia. Por eso hemos reunido una selecci\u00f3n de preguntas frecuentes del CBD.","og_url":"https:\/\/cbdhomehub.com\/fr\/preguntas-frecuentes\/","og_site_name":"CBD HOME","article_publisher":"https:\/\/www.facebook.com\/CBD-HOME-106393425109020","article_modified_time":"2025-01-29T12:52:40+00:00","twitter_card":"summary_large_image","twitter_misc":{"Dur\u00e9e de lecture estim\u00e9e":"4 minutes"},"schema":{"@context":"https:\/\/schema.org","@graph":[{"@type":"WebPage","@id":"https:\/\/cbdhomehub.com\/preguntas-frecuentes\/","url":"https:\/\/cbdhomehub.com\/preguntas-frecuentes\/","name":"Preguntas Frecuentes - CBD HOME","isPartOf":{"@id":"https:\/\/cbdhomehub.com\/#website"},"datePublished":"2023-10-03T10:55:11+00:00","dateModified":"2025-01-29T12:52:40+00:00","description":"En CBD Home, creemos en brindar claridad y transparencia. Por eso hemos reunido una selecci\u00f3n de preguntas frecuentes del CBD.","breadcrumb":{"@id":"https:\/\/cbdhomehub.com\/preguntas-frecuentes\/#breadcrumb"},"inLanguage":"fr-FR","potentialAction":[{"@type":"ReadAction","target":["https:\/\/cbdhomehub.com\/preguntas-frecuentes\/"]}]},{"@type":"BreadcrumbList","@id":"https:\/\/cbdhomehub.com\/preguntas-frecuentes\/#breadcrumb","itemListElement":[{"@type":"ListItem","position":1,"name":"Portada","item":"https:\/\/cbdhomehub.com\/"},{"@type":"ListItem","position":2,"name":"Preguntas frecuentes"}]},{"@type":"WebSite","@id":"https:\/\/cbdhomehub.com\/#website","url":"https:\/\/cbdhomehub.com\/","name":"CBD HOME","description":"Tienda de CBD N\u00ba 1 en Amazon","publisher":{"@id":"https:\/\/cbdhomehub.com\/#organization"},"potentialAction":[{"@type":"SearchAction","target":{"@type":"EntryPoint","urlTemplate":"https:\/\/cbdhomehub.com\/?s={search_term_string}"},"query-input":{"@type":"PropertyValueSpecification","valueRequired":true,"valueName":"search_term_string"}}],"inLanguage":"fr-FR"},{"@type":"Organization","@id":"https:\/\/cbdhomehub.com\/#organization","name":"CBD HOME","url":"https:\/\/cbdhomehub.com\/","logo":{"@type":"ImageObject","inLanguage":"fr-FR","@id":"https:\/\/cbdhomehub.com\/#\/schema\/logo\/image\/","url":"https:\/\/cbdhomehub.comwp-content\/uploads\/2022\/05\/logo2HDnegroTM.png","contentUrl":"https:\/\/cbdhomehub.comwp-content\/uploads\/2022\/05\/logo2HDnegroTM.png","width":4193,"height":646,"caption":"CBD HOME"},"image":{"@id":"https:\/\/cbdhomehub.com\/#\/schema\/logo\/image\/"},"sameAs":["https:\/\/www.facebook.com\/CBD-HOME-106393425109020","https:\/\/www.instagram.com\/cbdhomelab\/","https:\/\/www.linkedin.com\/company\/cbd-home\/about\/"]}]}},"jetpack_sharing_enabled":true,"_links":{"self":[{"href":"https:\/\/cbdhomehub.com\/fr\/wp-json\/wp\/v2\/pages\/5810","targetHints":{"allow":["GET"]}}],"collection":[{"href":"https:\/\/cbdhomehub.com\/fr\/wp-json\/wp\/v2\/pages"}],"about":[{"href":"https:\/\/cbdhomehub.com\/fr\/wp-json\/wp\/v2\/types\/page"}],"author":[{"embeddable":true,"href":"https:\/\/cbdhomehub.com\/fr\/wp-json\/wp\/v2\/users\/44"}],"replies":[{"embeddable":true,"href":"https:\/\/cbdhomehub.com\/fr\/wp-json\/wp\/v2\/comments?post=5810"}],"version-history":[{"count":14,"href":"https:\/\/cbdhomehub.com\/fr\/wp-json\/wp\/v2\/pages\/5810\/revisions"}],"predecessor-version":[{"id":9368,"href":"https:\/\/cbdhomehub.com\/fr\/wp-json\/wp\/v2\/pages\/5810\/revisions\/9368"}],"wp:attachment":[{"href":"https:\/\/cbdhomehub.com\/fr\/wp-json\/wp\/v2\/media?parent=5810"}],"curies":[{"name":"wp","href":"https:\/\/api.w.org\/{rel}","templated":true}]}}