{"id":5670,"date":"2023-09-21T19:56:41","date_gmt":"2023-09-21T19:56:41","guid":{"rendered":"https:\/\/cbdhomehub.comterms-and-conditions\/"},"modified":"2023-09-22T08:42:00","modified_gmt":"2023-09-22T08:42:00","slug":"terminos-y-condiciones-afiliados","status":"publish","type":"page","link":"https:\/\/cbdhomehub.com\/fr\/terminos-y-condiciones-afiliados\/","title":{"rendered":"T\u00e9rminos y Condiciones Afiliados"},"content":{"rendered":"<h1>Condiciones de servicio del programa de afiliados CBD HOME<\/h1>\r\n<h2>Acuerdo<\/h2>\r\n<p>Al inscribirse como Afiliado en el Programa de Afiliados CBD HOME (\u00abPrograma\u00bb) usted acepta los siguientes t\u00e9rminos y condiciones (\u00abCondiciones de Servicio\u00bb).<\/p>\r\n<p>CBD HOME se reserva el derecho de actualizar y modificar las Condiciones de Servicio de vez en cuando sin previo aviso. Cualquier nueva caracter\u00edstica que aumente o mejore el Programa actual, incluyendo el lanzamiento de nuevas herramientas y recursos, estar\u00e1 sujeta a las Condiciones de Servicio. El uso continuado del Programa despu\u00e9s de dichos cambios constituir\u00e1 su consentimiento a los mismos.<\/p>\r\n<p>La infracci\u00f3n de cualquiera de los t\u00e9rminos que se indican a continuaci\u00f3n dar\u00e1 lugar a la cancelaci\u00f3n de su cuenta y a la p\u00e9rdida de cualquier pago de comisiones de afiliaci\u00f3n pendiente que se haya obtenido durante la infracci\u00f3n. Usted acepta utilizar el Programa de Afiliados bajo su propia responsabilidad.<\/p>\r\n<h2>Condiciones de la cuenta<\/h2>\r\n<ul>\r\n<li>Debe tener 18 a\u00f1os o m\u00e1s para formar parte de este Programa.<\/li>\r\n<li>Debe residir en Estados Unidos para ser afiliado.<\/li>\r\n<li>Debe ser una persona. Las cuentas registradas por \u00abbots\u00bb u otros m\u00e9todos automatizados no est\u00e1n permitidas.<\/li>\r\n<li>Debe proporcionar su nombre completo legal, una direcci\u00f3n de correo electr\u00f3nico v\u00e1lida y cualquier otra informaci\u00f3n solicitada para completar el proceso de registro.<\/li>\r\n<li>Su nombre de usuario s\u00f3lo puede ser utilizado por una persona; no se permite un \u00fanico nombre de usuario compartido por varias personas.<\/li>\r\n<li>Usted es responsable de mantener la seguridad de su cuenta y contrase\u00f1a. CBD HOME no puede responsabilizarse ni se responsabilizar\u00e1 de ninguna p\u00e9rdida o da\u00f1o derivado del incumplimiento por su parte de esta obligaci\u00f3n de seguridad.<\/li>\r\n<li>Usted es responsable de todo el Contenido publicado y de la actividad que tenga lugar bajo su cuenta.<\/li>\r\n<li>Una misma persona f\u00edsica o jur\u00eddica no podr\u00e1 mantener m\u00e1s de una cuenta.<\/li>\r\n<li>No podr\u00e1 utilizar el Programa de Afiliados para ning\u00fan fin ilegal o no autorizado. Usted no debe, en el uso del Servicio, violar ninguna ley en su jurisdicci\u00f3n (incluyendo pero no limitado a las leyes de derechos de autor).<\/li>\r\n<li>No podr\u00e1 utilizar el Programa de Afiliaci\u00f3n para ganar dinero con sus propias cuentas de productos CBD HOME.<\/li>\r\n<\/ul>\r\n<h2>Enlaces\/gr\u00e1ficos en su sitio web, en sus correos electr\u00f3nicos u otras comunicaciones<\/h2>\r\n<p>Una vez que se haya inscrito en el Programa de Afiliados, se le asignar\u00e1 un C\u00f3digo de Afiliado \u00fanico. Se le permite colocar enlaces, banners u otros gr\u00e1ficos que le proporcionemos con su C\u00f3digo de Afiliado en su sitio web, en sus correos electr\u00f3nicos o en otras comunicaciones. Le proporcionaremos directrices, estilos de enlace e ilustraciones gr\u00e1ficas que deber\u00e1 utilizar para enlazar con CBD HOME. Podremos cambiar el dise\u00f1o del material gr\u00e1fico en cualquier momento sin previo aviso, pero no cambiaremos las dimensiones de las im\u00e1genes sin el debido aviso.<\/p>\r\n<p>Con el fin de permitir un seguimiento preciso, la elaboraci\u00f3n de informes y la acumulaci\u00f3n de comisiones por recomendaci\u00f3n, le proporcionaremos formatos de enlace especiales que deber\u00e1 utilizar en todos los enlaces entre su sitio y el CBD HOME. Usted deber\u00e1 asegurarse de que cada uno de los enlaces entre su sitio y el CBD HOME utiliza adecuadamente dichos formatos especiales de enlace. Los enlaces al CBD HOME colocados en su sitio en virtud del presente Contrato y que utilicen adecuadamente dichos formatos especiales de enlace se denominar\u00e1n \u00abEnlaces Especiales\u00bb. Usted ganar\u00e1 comisiones por recomendaci\u00f3n \u00fanicamente con respecto a las ventas de un producto CBD HOME que se produzcan directamente a trav\u00e9s de los Enlaces Especiales; no seremos responsables ante usted con respecto a cualquier fallo por su parte o por parte de alguien a quien usted recomiende en el uso de los Enlaces Especiales o en la introducci\u00f3n incorrecta de su C\u00f3digo de Afiliado, incluso en la medida en que dicho fallo pueda dar lugar a cualquier reducci\u00f3n de los importes que de otro modo se le pagar\u00edan en virtud del presente Contrato.<\/p>\r\n<p>Los enlaces de afiliados deben apuntar a la p\u00e1gina del producto que se promociona.<\/p>\r\n<h2>Comisiones y pagos<\/h2>\r\n<p>Para que la venta de un producto sea elegible para ganar una comisi\u00f3n por recomendaci\u00f3n, el cliente debe hacer clic a trav\u00e9s de un enlace especial de su sitio, correo electr\u00f3nico u otras comunicaciones a https:\/\/cbdhomehub.com y completar un pedido de un producto durante esa sesi\u00f3n.<\/p>\r\n<p>S\u00f3lo pagaremos comisiones por los enlaces que sean rastreados e informados autom\u00e1ticamente por nuestros sistemas. No pagaremos comisiones si alguien dice que compr\u00f3 o si alguien dice que introdujo un c\u00f3digo de referencia si no fue rastreado por nuestro sistema. S\u00f3lo podemos pagar comisiones por negocios generados a trav\u00e9s de enlaces especiales formateados correctamente que hayan sido rastreados autom\u00e1ticamente por nuestros sistemas.<\/p>\r\n<p>Nos reservamos el derecho a descalificar las comisiones obtenidas a trav\u00e9s de m\u00e9todos de venta o marketing fraudulentos, ilegales o demasiado agresivos o cuestionables.<\/p>\r\n<p>Los pagos s\u00f3lo comienzan una vez que haya ganado m\u00e1s de 20\u20ac en ingresos de afiliados. Si tu cuenta de afiliado nunca cruza el umbral de los 20\u20ac, tus comisiones no ser\u00e1n realizadas ni pagadas. S\u00f3lo somos responsables de pagar las cuentas que han cruzado el umbral de 20\u20ac.<\/p>\r\n<h2>Identificarse como afiliado de CBD HOME<\/h2>\r\n<p>Usted no podr\u00e1 emitir ning\u00fan comunicado de prensa con respecto al presente Acuerdo o a su participaci\u00f3n en el Programa; tal acci\u00f3n podr\u00e1 dar lugar a su expulsi\u00f3n del Programa. Adem\u00e1s, no podr\u00e1 en modo alguno tergiversar o embellecer la relaci\u00f3n entre usted y nosotros, decir que desarrolla nuestros productos, decir que forma parte de CBD HOME o expresar o dar a entender cualquier relaci\u00f3n o afiliaci\u00f3n entre usted y nosotros o cualquier otra persona o entidad, salvo lo expresamente permitido por el presente Contrato (incluyendo expresar o dar a entender que apoyamos, patrocinamos, respaldamos o aportamos dinero a cualquier organizaci\u00f3n ben\u00e9fica u otra causa).<\/p>\r\n<p>Usted no puede comprar productos a trav\u00e9s de sus enlaces de afiliado para su propio uso. Dichas compras pueden dar lugar (a nuestra entera discreci\u00f3n) a la retenci\u00f3n de las comisiones de recomendaci\u00f3n y\/o a la rescisi\u00f3n del presente Acuerdo.<\/p>\r\n<h2>Calendario de pagos<\/h2>\r\n<p>Siempre y cuando tus ganancias actuales como afiliado sean superiores a 20\u20ac, se te pagar\u00e1 cada mes. Si no has ganado 20\u20ac desde tu \u00faltimo pago, te pagaremos el mes siguiente despu\u00e9s de que hayas cruzado el umbral.<\/p>\r\n<h2>Definici\u00f3n de cliente<\/h2>\r\n<p>Los clientes que compren productos a trav\u00e9s de este Programa ser\u00e1n considerados clientes nuestros. En consecuencia, todas nuestras normas, pol\u00edticas y procedimientos operativos relativos a los pedidos de los clientes, el servicio de atenci\u00f3n al cliente y la venta de productos se aplicar\u00e1n a dichos clientes. Podemos cambiar nuestras pol\u00edticas y procedimientos operativos en cualquier momento. Por ejemplo, determinaremos los precios que se cobrar\u00e1n por los productos vendidos bajo este Programa de acuerdo con nuestras propias pol\u00edticas de precios. Los precios y la disponibilidad de los productos pueden variar de vez en cuando. Dado que los cambios de precios pueden afectar a los Productos que usted haya incluido en su sitio Web, no debe mostrar los precios de los productos en su sitio Web. Haremos todos los esfuerzos comercialmente razonables para presentar informaci\u00f3n precisa, pero no podemos garantizar la disponibilidad o el precio de ning\u00fan producto en particular.<\/p>\r\n<h2>Sus responsabilidades<\/h2>\r\n<p>Usted ser\u00e1 el \u00fanico responsable del desarrollo, funcionamiento y mantenimiento de su sitio y de todos los materiales que aparezcan en \u00e9l. Por ejemplo, usted ser\u00e1 el \u00fanico responsable de:<\/p>\r\n<p>&#8211; El funcionamiento t\u00e9cnico de su sitio y de todos los equipos relacionados.<br \/>&#8211; Garantizar que la visualizaci\u00f3n de Enlaces especiales en su sitio no infrinja ning\u00fan acuerdo entre usted y terceros (incluyendo, sin limitaci\u00f3n, cualquier restricci\u00f3n o requisito que le imponga un tercero que aloje su sitio)<br \/>&#8211; La exactitud, veracidad y adecuaci\u00f3n de los materiales publicados en su sitio (incluidos, entre otros, todos los materiales relacionados con el Producto y cualquier informaci\u00f3n que incluya en los Enlaces especiales o asocie a ellos).<br \/>&#8211; Garantizar que los materiales publicados en su sitio no violan ni infringen los derechos de terceros (incluidos, por ejemplo, los derechos de autor, marcas comerciales, privacidad u otros derechos personales o de propiedad).<br \/>&#8211; Garantizar que los materiales publicados en su sitio no sean difamatorios ni ilegales por cualquier otro motivo.<br \/>&#8211; Garantizar que su sitio revela de forma precisa y adecuada, ya sea a trav\u00e9s de una pol\u00edtica de privacidad o de otro modo, c\u00f3mo recopila, utiliza, almacena y divulga los datos recogidos de los visitantes, incluyendo, en su caso, que terceros (incluidos los anunciantes) pueden servir contenidos y\/o anuncios y recopilar informaci\u00f3n directamente de los visitantes y pueden colocar o reconocer cookies en los navegadores de los visitantes.<\/p>\r\n<h2>Cumplimiento de la legislaci\u00f3n<\/h2>\r\n<p>Como condici\u00f3n para su participaci\u00f3n en el Programa, usted acepta que, mientras sea participante del Programa, cumplir\u00e1 con todas las leyes, ordenanzas, normas, reglamentos, \u00f3rdenes, licencias, permisos, sentencias, decisiones u otros requisitos de cualquier autoridad gubernamental que tenga jurisdicci\u00f3n sobre usted, tanto si dichas leyes, etc. est\u00e1n vigentes en la actualidad como si entran en vigor posteriormente durante el tiempo en que usted sea participante del Programa. Sin limitar la obligaci\u00f3n anterior, usted acepta que, como condici\u00f3n de su participaci\u00f3n en el Programa, cumplir\u00e1 con todas las leyes aplicables (federales, estatales o de otro tipo) que rigen el correo electr\u00f3nico de marketing, incluyendo, sin limitaci\u00f3n, la Ley CAN-SPAM de 2003 y todas las dem\u00e1s leyes anti-spam.<\/p>\r\n<h2>Duraci\u00f3n del Acuerdo y del Programa<\/h2>\r\n<p>La vigencia de este Acuerdo comenzar\u00e1 en el momento en que aceptemos su solicitud para el Programa y finalizar\u00e1 cuando cualquiera de las partes lo rescinda. Tanto usted como nosotros podremos rescindir el presente Acuerdo en cualquier momento, con o sin causa, mediante notificaci\u00f3n por escrito a la otra parte. A la terminaci\u00f3n del presente Contrato por cualquier motivo, usted dejar\u00e1 de utilizar inmediatamente y eliminar\u00e1 de su sitio web todos los enlaces a https:\/\/cbdhomehub.com, as\u00ed como todas nuestras marcas registradas, imagen comercial y logotipos, y todos los dem\u00e1s materiales facilitados por nosotros o en nuestro nombre en virtud del presente Contrato o en relaci\u00f3n con el Programa. CBD HOME se reserva el derecho de poner fin al Programa en cualquier momento. En el momento de la finalizaci\u00f3n del Programa, CBD HOME abonar\u00e1 las ganancias pendientes acumuladas por encima de 20\u20ac.<\/p>\r\n<h2>Terminaci\u00f3n<\/h2>\r\n<p>CBD HOME, a su entera discreci\u00f3n, tiene derecho a suspender o cancelar su cuenta y rechazar cualquier uso actual o futuro del Programa, o de cualquier otro servicio de CBD HOME, por cualquier motivo y en cualquier momento. Dicha rescisi\u00f3n del Servicio conllevar\u00e1 la desactivaci\u00f3n o eliminaci\u00f3n de su Cuenta o de su acceso a la misma, as\u00ed como el decomiso y la renuncia a todas las comisiones potenciales o pendientes de pago en su Cuenta si se han obtenido a trav\u00e9s de m\u00e9todos de venta o marketing fraudulentos, ilegales o excesivamente agresivos o cuestionables. CBD HOME se reserva el derecho a denegar el servicio a cualquier persona por cualquier motivo y en cualquier momento.<\/p>\r\n<h2>Relaci\u00f3n entre las partes<\/h2>\r\n<p>Usted y nosotros somos contratistas independientes, y nada en este Acuerdo crear\u00e1 ninguna relaci\u00f3n de asociaci\u00f3n, empresa conjunta, agencia, franquicia, representante de ventas o empleo entre las partes. Usted no tendr\u00e1 autoridad para hacer o aceptar ninguna oferta o representaci\u00f3n en nuestro nombre. Usted no har\u00e1 ninguna declaraci\u00f3n, ya sea en su sitio o de otra manera, que razonablemente contradiga cualquier cosa en esta Secci\u00f3n.<\/p>\r\n<h2>Limitaciones de responsabilidad<\/h2>\r\n<p>No seremos responsables de da\u00f1os indirectos, especiales o consecuentes (o cualquier p\u00e9rdida de ingresos, beneficios o datos) que surjan en relaci\u00f3n con este Acuerdo o el Programa, incluso si hemos sido advertidos de la posibilidad de tales da\u00f1os. Adem\u00e1s, nuestra responsabilidad total derivada del presente Contrato y del Programa no superar\u00e1 el total de las comisiones de recomendaci\u00f3n abonadas o pagaderas al usuario en virtud del presente Contrato.<\/p>\r\n<h2>Descargo de responsabilidad<\/h2>\r\n<p>No ofrecemos garant\u00edas expresas o impl\u00edcitas o representaciones con respecto al Programa o cualquier producto vendido a trav\u00e9s del Programa (incluyendo, sin limitaci\u00f3n, garant\u00edas de idoneidad, comerciabilidad, no infracci\u00f3n, o cualquier garant\u00eda impl\u00edcita derivada de un curso de rendimiento, trato o uso comercial). Adem\u00e1s, no garantizamos que el funcionamiento de CBD HOME sea ininterrumpido o est\u00e9 libre de errores, y no seremos responsables de las consecuencias de cualquier interrupci\u00f3n o error.<\/p>\r\n<h2>Investigaci\u00f3n independiente<\/h2>\r\n<p>USTED RECONOCE HABER LE\u00cdDO EL PRESENTE CONTRATO Y ACEPTA TODOS SUS T\u00c9RMINOS Y CONDICIONES. USTED ENTIENDE QUE NOSOTROS PODEMOS EN CUALQUIER MOMENTO (DIRECTA O INDIRECTAMENTE) SOLICITAR REFERENCIAS DE CLIENTES EN T\u00c9RMINOS QUE PUEDEN DIFERIR DE LOS CONTENIDOS EN ESTE ACUERDO U OPERAR SITIOS WEB QUE SON SIMILARES O COMPITEN CON SU SITIO WEB. USTED HA EVALUADO DE FORMA INDEPENDIENTE LA CONVENIENCIA DE PARTICIPAR EN EL PROGRAMA Y NO SE BASA EN NINGUNA REPRESENTACI\u00d3N, GARANT\u00cdA O DECLARACI\u00d3N DISTINTA DE LAS ESTABLECIDAS EN EL PRESENTE ACUERDO.<\/p>\r\n<h2>Arbitraje<\/h2>\r\n<p>Cualquier disputa relacionada de alguna manera con este Acuerdo (incluyendo cualquier incumplimiento real o supuesto del mismo), cualquier transacci\u00f3n o actividad bajo este Acuerdo o su relaci\u00f3n con nosotros o cualquiera de nuestras filiales se someter\u00e1 a arbitraje confidencial, excepto que, en la medida en que usted haya violado o amenazado con violar de alguna manera nuestros derechos de propiedad intelectual, podremos solicitar medidas cautelares u otras medidas apropiadas en cualquier tribunal estatal o federal (y usted acepta la jurisdicci\u00f3n no exclusiva y la competencia de dichos tribunales) o cualquier otro tribunal de jurisdicci\u00f3n competente. El arbitraje en virtud del presente acuerdo se llevar\u00e1 a cabo de conformidad con las normas vigentes en ese momento de la Asociaci\u00f3n Americana de Arbitraje. El laudo arbitral ser\u00e1 vinculante y podr\u00e1 presentarse como sentencia en cualquier tribunal de jurisdicci\u00f3n competente. En la medida en que lo permita la legislaci\u00f3n aplicable, ning\u00fan arbitraje en virtud del presente Acuerdo se unir\u00e1 a un arbitraje que implique a cualquier otra parte sujeta al presente Acuerdo, ya sea a trav\u00e9s de procedimientos de arbitraje colectivo o de otro tipo.<\/p>\r\n<h2>Varios<\/h2>\r\n<p>Este Acuerdo se regir\u00e1 por las leyes de Estados Unidos, sin referencia a las normas que rigen la elecci\u00f3n de las leyes. Usted no podr\u00e1 ceder el presente Acuerdo, por imperativo legal o de otro tipo, sin nuestro consentimiento previo por escrito. Sujeto a dicha restricci\u00f3n, este Acuerdo ser\u00e1 vinculante, redundar\u00e1 en beneficio de las partes y ser\u00e1 exigible frente a las partes y sus respectivos sucesores y cesionarios. El hecho de que no le exijamos el estricto cumplimiento de alguna de las disposiciones del presente Contrato no constituir\u00e1 una renuncia a nuestro derecho a exigir posteriormente el cumplimiento de dicha disposici\u00f3n o de cualquier otra disposici\u00f3n del presente Contrato.<\/p>\r\n<p>El hecho de que CBD HOME no ejerza o haga valer cualquier derecho o disposici\u00f3n de las Condiciones del servicio no constituir\u00e1 una renuncia a dicho derecho o disposici\u00f3n. Las Condiciones del servicio constituyen el acuerdo \u00edntegro entre usted y CBD HOME y rigen el uso que usted haga del Servicio, sustituyendo a cualquier acuerdo anterior entre usted y CBD HOME (incluidas, a t\u00edtulo meramente enunciativo y no limitativo, cualesquiera versiones anteriores de las Condiciones del servicio).<\/p>","protected":false},"excerpt":{"rendered":"","protected":false},"author":44,"featured_media":0,"parent":0,"menu_order":0,"comment_status":"closed","ping_status":"closed","template":"","meta":{"footnotes":""},"class_list":["post-5670","page","type-page","status-publish","hentry"],"yoast_head":"<!-- This site is optimized with the Yoast SEO plugin v25.4 - https:\/\/yoast.com\/wordpress\/plugins\/seo\/ -->\n<title>T\u00e9rminos y Condiciones Afiliados - CBD HOME<\/title>\n<meta name=\"robots\" content=\"index, follow, max-snippet:-1, max-image-preview:large, max-video-preview:-1\" \/>\n<link rel=\"canonical\" href=\"https:\/\/cbdhomehub.comterminos-y-condiciones-afiliados\/\" \/>\n<meta property=\"og:locale\" content=\"fr_FR\" \/>\n<meta property=\"og:type\" content=\"article\" \/>\n<meta property=\"og:title\" content=\"T\u00e9rminos y Condiciones Afiliados - CBD HOME\" \/>\n<meta property=\"og:url\" content=\"https:\/\/cbdhomehub.comterminos-y-condiciones-afiliados\/\" \/>\n<meta property=\"og:site_name\" content=\"CBD HOME\" \/>\n<meta property=\"article:publisher\" content=\"https:\/\/www.facebook.com\/CBD-HOME-106393425109020\" \/>\n<meta property=\"article:modified_time\" content=\"2023-09-22T08:42:00+00:00\" \/>\n<meta name=\"twitter:card\" content=\"summary_large_image\" \/>\n<meta name=\"twitter:label1\" content=\"Dur\u00e9e de lecture estim\u00e9e\" \/>\n\t<meta name=\"twitter:data1\" content=\"13 minutes\" \/>\n<script type=\"application\/ld+json\" class=\"yoast-schema-graph\">{\"@context\":\"https:\/\/schema.org\",\"@graph\":[{\"@type\":\"WebPage\",\"@id\":\"https:\/\/cbdhomehub.comterminos-y-condiciones-afiliados\/\",\"url\":\"https:\/\/cbdhomehub.comterminos-y-condiciones-afiliados\/\",\"name\":\"T\u00e9rminos y Condiciones Afiliados - CBD HOME\",\"isPartOf\":{\"@id\":\"https:\/\/cbdhomehub.com\/#website\"},\"datePublished\":\"2023-09-21T19:56:41+00:00\",\"dateModified\":\"2023-09-22T08:42:00+00:00\",\"breadcrumb\":{\"@id\":\"https:\/\/cbdhomehub.comterminos-y-condiciones-afiliados\/#breadcrumb\"},\"inLanguage\":\"fr-FR\",\"potentialAction\":[{\"@type\":\"ReadAction\",\"target\":[\"https:\/\/cbdhomehub.comterminos-y-condiciones-afiliados\/\"]}]},{\"@type\":\"BreadcrumbList\",\"@id\":\"https:\/\/cbdhomehub.comterminos-y-condiciones-afiliados\/#breadcrumb\",\"itemListElement\":[{\"@type\":\"ListItem\",\"position\":1,\"name\":\"Portada\",\"item\":\"https:\/\/cbdhomehub.com\/\"},{\"@type\":\"ListItem\",\"position\":2,\"name\":\"T\u00e9rminos y Condiciones Afiliados\"}]},{\"@type\":\"WebSite\",\"@id\":\"https:\/\/cbdhomehub.com\/#website\",\"url\":\"https:\/\/cbdhomehub.com\/\",\"name\":\"CBD HOME\",\"description\":\"Tienda de CBD N\u00ba 1 en Amazon\",\"publisher\":{\"@id\":\"https:\/\/cbdhomehub.com\/#organization\"},\"potentialAction\":[{\"@type\":\"SearchAction\",\"target\":{\"@type\":\"EntryPoint\",\"urlTemplate\":\"https:\/\/cbdhomehub.com\/?s={search_term_string}\"},\"query-input\":{\"@type\":\"PropertyValueSpecification\",\"valueRequired\":true,\"valueName\":\"search_term_string\"}}],\"inLanguage\":\"fr-FR\"},{\"@type\":\"Organization\",\"@id\":\"https:\/\/cbdhomehub.com\/#organization\",\"name\":\"CBD HOME\",\"url\":\"https:\/\/cbdhomehub.com\/\",\"logo\":{\"@type\":\"ImageObject\",\"inLanguage\":\"fr-FR\",\"@id\":\"https:\/\/cbdhomehub.com\/#\/schema\/logo\/image\/\",\"url\":\"https:\/\/cbdhomehub.comwp-content\/uploads\/2022\/05\/logo2HDnegroTM.png\",\"contentUrl\":\"https:\/\/cbdhomehub.comwp-content\/uploads\/2022\/05\/logo2HDnegroTM.png\",\"width\":4193,\"height\":646,\"caption\":\"CBD HOME\"},\"image\":{\"@id\":\"https:\/\/cbdhomehub.com\/#\/schema\/logo\/image\/\"},\"sameAs\":[\"https:\/\/www.facebook.com\/CBD-HOME-106393425109020\",\"https:\/\/www.instagram.com\/cbdhomelab\/\",\"https:\/\/www.linkedin.com\/company\/cbd-home\/about\/\"]}]}<\/script>\n<!-- \/ Yoast SEO plugin. -->","yoast_head_json":{"title":"T\u00e9rminos y Condiciones Afiliados - CBD HOME","robots":{"index":"index","follow":"follow","max-snippet":"max-snippet:-1","max-image-preview":"max-image-preview:large","max-video-preview":"max-video-preview:-1"},"canonical":"https:\/\/cbdhomehub.comterminos-y-condiciones-afiliados\/","og_locale":"fr_FR","og_type":"article","og_title":"T\u00e9rminos y Condiciones Afiliados - CBD HOME","og_url":"https:\/\/cbdhomehub.comterminos-y-condiciones-afiliados\/","og_site_name":"CBD HOME","article_publisher":"https:\/\/www.facebook.com\/CBD-HOME-106393425109020","article_modified_time":"2023-09-22T08:42:00+00:00","twitter_card":"summary_large_image","twitter_misc":{"Dur\u00e9e de lecture estim\u00e9e":"13 minutes"},"schema":{"@context":"https:\/\/schema.org","@graph":[{"@type":"WebPage","@id":"https:\/\/cbdhomehub.comterminos-y-condiciones-afiliados\/","url":"https:\/\/cbdhomehub.comterminos-y-condiciones-afiliados\/","name":"T\u00e9rminos y Condiciones Afiliados - CBD HOME","isPartOf":{"@id":"https:\/\/cbdhomehub.com\/#website"},"datePublished":"2023-09-21T19:56:41+00:00","dateModified":"2023-09-22T08:42:00+00:00","breadcrumb":{"@id":"https:\/\/cbdhomehub.comterminos-y-condiciones-afiliados\/#breadcrumb"},"inLanguage":"fr-FR","potentialAction":[{"@type":"ReadAction","target":["https:\/\/cbdhomehub.comterminos-y-condiciones-afiliados\/"]}]},{"@type":"BreadcrumbList","@id":"https:\/\/cbdhomehub.comterminos-y-condiciones-afiliados\/#breadcrumb","itemListElement":[{"@type":"ListItem","position":1,"name":"Portada","item":"https:\/\/cbdhomehub.com\/"},{"@type":"ListItem","position":2,"name":"T\u00e9rminos y Condiciones Afiliados"}]},{"@type":"WebSite","@id":"https:\/\/cbdhomehub.com\/#website","url":"https:\/\/cbdhomehub.com\/","name":"CBD HOME","description":"Tienda de CBD N\u00ba 1 en Amazon","publisher":{"@id":"https:\/\/cbdhomehub.com\/#organization"},"potentialAction":[{"@type":"SearchAction","target":{"@type":"EntryPoint","urlTemplate":"https:\/\/cbdhomehub.com\/?s={search_term_string}"},"query-input":{"@type":"PropertyValueSpecification","valueRequired":true,"valueName":"search_term_string"}}],"inLanguage":"fr-FR"},{"@type":"Organization","@id":"https:\/\/cbdhomehub.com\/#organization","name":"CBD HOME","url":"https:\/\/cbdhomehub.com\/","logo":{"@type":"ImageObject","inLanguage":"fr-FR","@id":"https:\/\/cbdhomehub.com\/#\/schema\/logo\/image\/","url":"https:\/\/cbdhomehub.comwp-content\/uploads\/2022\/05\/logo2HDnegroTM.png","contentUrl":"https:\/\/cbdhomehub.comwp-content\/uploads\/2022\/05\/logo2HDnegroTM.png","width":4193,"height":646,"caption":"CBD HOME"},"image":{"@id":"https:\/\/cbdhomehub.com\/#\/schema\/logo\/image\/"},"sameAs":["https:\/\/www.facebook.com\/CBD-HOME-106393425109020","https:\/\/www.instagram.com\/cbdhomelab\/","https:\/\/www.linkedin.com\/company\/cbd-home\/about\/"]}]}},"jetpack_sharing_enabled":true,"_links":{"self":[{"href":"https:\/\/cbdhomehub.com\/fr\/wp-json\/wp\/v2\/pages\/5670","targetHints":{"allow":["GET"]}}],"collection":[{"href":"https:\/\/cbdhomehub.com\/fr\/wp-json\/wp\/v2\/pages"}],"about":[{"href":"https:\/\/cbdhomehub.com\/fr\/wp-json\/wp\/v2\/types\/page"}],"author":[{"embeddable":true,"href":"https:\/\/cbdhomehub.com\/fr\/wp-json\/wp\/v2\/users\/44"}],"replies":[{"embeddable":true,"href":"https:\/\/cbdhomehub.com\/fr\/wp-json\/wp\/v2\/comments?post=5670"}],"version-history":[{"count":3,"href":"https:\/\/cbdhomehub.com\/fr\/wp-json\/wp\/v2\/pages\/5670\/revisions"}],"predecessor-version":[{"id":5675,"href":"https:\/\/cbdhomehub.com\/fr\/wp-json\/wp\/v2\/pages\/5670\/revisions\/5675"}],"wp:attachment":[{"href":"https:\/\/cbdhomehub.com\/fr\/wp-json\/wp\/v2\/media?parent=5670"}],"curies":[{"name":"wp","href":"https:\/\/api.w.org\/{rel}","templated":true}]}}