{"id":23,"date":"2022-11-03T17:10:22","date_gmt":"2022-11-03T17:10:22","guid":{"rendered":"https:\/\/factum-omibu.es\/cbdhome\/?page_id=23"},"modified":"2025-01-30T11:36:30","modified_gmt":"2025-01-30T11:36:30","slug":"terminos-y-condiciones","status":"publish","type":"page","link":"https:\/\/cbdhomehub.com\/fr\/terminos-y-condiciones\/","title":{"rendered":"Termes et Conditions"},"content":{"rendered":"<div data-elementor-type=\"wp-page\" data-elementor-id=\"23\" class=\"elementor elementor-23\" data-elementor-post-type=\"page\">\n\t\t\t\t<div class=\"elementor-element elementor-element-5b1469d9 e-flex e-con-boxed e-con e-parent\" data-id=\"5b1469d9\" data-element_type=\"container\">\n\t\t\t\t\t<div class=\"e-con-inner\">\n\t\t\t\t<div class=\"elementor-element elementor-element-552a147f elementor-widget elementor-widget-text-editor\" data-id=\"552a147f\" data-element_type=\"widget\" data-widget_type=\"text-editor.default\">\n\t\t\t\t<div class=\"elementor-widget-container\">\n\t\t\t\t\t\t\t\t\t<p><strong>DATOS DEL TITULAR DEL SITIO WEB<\/strong><\/p><p><strong>Sociedad Mercantil: <\/strong>CBD HOME S.L. (en adelante, (\u201c<strong>CBD HOME<\/strong>\u201d)<\/p><p><strong>Domicilio social:<\/strong>\u00a0Plaza del Campillo, n 7, 1, 18009 GRANADA.<\/p><p><strong>CIF:<\/strong>\u00a0B72553605<\/p><p><strong>E-mail:\u00a0<\/strong><a style=\"font-weight: inherit; font-style: inherit;\" href=\"mailto:info@cbdhomehub.com\">info@cbdhomehub.com<\/a><\/p><p><strong>OBJETO<\/strong><\/p><p>El objeto de los presentes T\u00e9rminos y Condiciones de compra es el suministro por parte de CBD HOME, S.L., CIF B72553605, de los productos ofrecidos en su tienda online, a cambio de una prestaci\u00f3n econ\u00f3mica.<\/p><p><strong>SERVICIO<\/strong><\/p><p>CBD HOME tiene como prioridad la satisfacci\u00f3n de sus clientes y lo quiere lograr a trav\u00e9s de un servicio excelente. Por tanto, garantiza la calidad de los productos entregados y la entrega de los mismos en los t\u00e9rminos citados m\u00e1s adelante.<\/p><p><strong>PRIVACIDAD<\/strong><\/p><p>Todos los datos facilitados por los clientes de CBD HOME ser\u00e1n tratados con extrema privacidad y no se facilitar\u00e1n a terceros, salvo cuando sea necesario para la entrega del pedido.<\/p><p>En cualquier momento el cliente podr\u00e1 ejercer sus derechos de acceso, rectificaci\u00f3n, cancelaci\u00f3n y oposici\u00f3n, dirigi\u00e9ndose por escrito a info@cbdhomehub.com, Plaza del Campillo, n 7, 1, 18009 GRANADA.<\/p><p>Nos reservamos el derecho de utilizar los datos comerciales de manera an\u00f3nima para estudiar los h\u00e1bitos y usos de compra.<\/p><p><strong>PRECIOS Y FORMAS DE PAGO<\/strong><\/p><p>Los productos se vender\u00e1n al precio que se indica en la p\u00e1gina web, siendo vigente el que se recoge en el momento de la confirmaci\u00f3n del pedido por parte del cliente.<\/p><p>Todos los precios incluyen el Impuesto sobre el Valor A\u00f1adido (IVA), en vigor.\u00a0 Los gastos de env\u00edo ser\u00e1n gratuitos en la pen\u00ednsula. Para env\u00edos fuera de la pen\u00ednsula, los gastos de env\u00edo aparecer\u00e1n en el desglose del precio antes de hacer el pago y variar\u00e1n en funci\u00f3n del n\u00famero de productos comprados y el lugar donde se efect\u00fae la entrega del producto.<\/p><p>Una vez el cliente haya efectuado el pago correspondiente al pedido se le enviar\u00e1 una confirmaci\u00f3n del pedido en forma de email.<\/p><p>Los pagos de los pedidos se pueden hacer con tarjeta de cr\u00e9dito o d\u00e9bito, a trav\u00e9s del sistema seguro REDSYS.<\/p><p><strong>DERECHO DE DESISTIMIENTO<\/strong><\/p><p>El Comprador dispone de un plazo de catorce (14) d\u00edas naturales desde la fecha de recepci\u00f3n del Producto para ejercer su derecho de desistimiento sin que suponga ning\u00fan coste.<\/p><p>Sin perjuicio de lo anterior, seg\u00fan lo establecido en el Art\u00edculo 103 de la Ley General para la Defensa de Consumidores y Usuarios, el Comprador no podr\u00e1 desistir del producto si el mismo est\u00e1 desprecintado, por razones de protecci\u00f3n de salud o de higiene. Es decir, el Usuario no podr\u00e1 ejercer su derecho de desistimiento si el Producto no se encuentra en su estado original, incluyendo el precintado del mismo, salvo devoluci\u00f3n del Producto porque el mismo se encuentre defectuoso.<\/p><p>Para el ejercicio del derecho de desistimiento, el Comprador deber\u00e1 cumplimentar el\u00a0Formulario de Desistimiento\u00a0y enviar el producto a devolver junto con las instrucciones, documentos y envoltorios. Los gastos de env\u00edo de la devoluci\u00f3n correr\u00e1n inicialmente a cargo del Comprador.<\/p><p>Una vez ejercitado correctamente el derecho de desistimiento y, en todo caso, en el plazo m\u00e1ximo de catorce (14) d\u00edas naturales desde la recepci\u00f3n del Producto en los almacenes, CBD HOME realizar\u00e1 el abono de la factura emitida originalmente y devolver\u00e1 al Comprador el importe \u00edntegro de la compra, excluyendo los gastos de env\u00edo, mediante el m\u00e9todo de pago seleccionado por el Comprador a la hora de realizar la Compra. Dicho reembolso se encontrar\u00e1 sujeto al derecho de CBD HOME a retener cantidades por los productos devueltos que presenten da\u00f1os.<\/p><p><span style=\"font-weight: inherit; font-style: inherit;\">A continuaci\u00f3n, facilitamos el modelo de formulario de desistimiento que deber\u00e1 ser rellenado y enviado a la direcci\u00f3n de correo electr\u00f3nico\u00a0<\/span>info@cbdhomehub.com, Tenga en cuenta que solo se debe cumplimentar y enviar el siguiente formulario si el Comprador desea desistir del contrato, y deber\u00e1 enviarse junto con el comprobante de compra del Producto.<\/p><ul><li><em style=\"font-weight: inherit;\">\u201cPor la presente le comunico que desisto de mi contrato de venta del siguiente bien\/de los siguientes bienes:<\/em><\/li><li><em style=\"font-weight: inherit;\">Pedido realizado el d\u00eda: \/ \/<\/em><\/li><li><em style=\"font-weight: inherit;\">Nombre y apellidos:<\/em><\/li><li><em style=\"font-weight: inherit;\">Email con el que realizaste la compra:<\/em><\/li><li><em style=\"font-weight: inherit;\">Domicilio:<\/em><\/li><li><em style=\"font-weight: inherit;\">Firma: (solo si el presente formulario se presenta en papel)<\/em><\/li><li><em style=\"font-weight: inherit;\">Fecha: \/ \/\u201d<\/em><\/li><\/ul><p><strong>ATENCI\u00d3N AL CLIENTE<\/strong><\/p><p><strong>Si deseas contactar con nuestro Servicio de Atenci\u00f3n al Cliente, puedes enviarnos un correo a\u00a0<\/strong><strong><u><a href=\"mailto:info@cbdhomehub.com\">info@cbdhomehub.com<\/a><\/u><\/strong><strong>\u00a0y le atenderemos lo m\u00e1s r\u00e1pido posible.<\/strong><\/p>\t\t\t\t\t\t\t\t<\/div>\n\t\t\t\t<\/div>\n\t\t\t\t\t<\/div>\n\t\t\t\t<\/div>\n\t\t\t\t<\/div>","protected":false},"excerpt":{"rendered":"<p>DATOS DEL TITULAR DEL SITIO WEB Sociedad Mercantil: CBD HOME S.L. (en adelante, (\u201cCBD HOME\u201d) Domicilio social:\u00a0Plaza del Campillo, n&hellip;<\/p>","protected":false},"author":44,"featured_media":0,"parent":0,"menu_order":0,"comment_status":"closed","ping_status":"closed","template":"","meta":{"footnotes":""},"class_list":["post-23","page","type-page","status-publish","hentry"],"yoast_head":"<!-- This site is optimized with the Yoast SEO plugin v25.4 - https:\/\/yoast.com\/wordpress\/plugins\/seo\/ -->\n<title>T\u00e9rminos y Condiciones - CBD HOME<\/title>\n<meta name=\"robots\" content=\"index, follow, max-snippet:-1, max-image-preview:large, max-video-preview:-1\" \/>\n<link rel=\"canonical\" href=\"https:\/\/cbdhomehub.com\/fr\/terminos-y-condiciones\/\" \/>\n<meta property=\"og:locale\" content=\"fr_FR\" \/>\n<meta property=\"og:type\" content=\"article\" \/>\n<meta property=\"og:title\" content=\"T\u00e9rminos y Condiciones - CBD HOME\" \/>\n<meta property=\"og:description\" content=\"DATOS DEL TITULAR DEL SITIO WEB Sociedad Mercantil: CBD HOME S.L. (en adelante, (\u201cCBD HOME\u201d) Domicilio social:\u00a0Plaza del Campillo, n&hellip;\" \/>\n<meta property=\"og:url\" content=\"https:\/\/cbdhomehub.com\/fr\/terminos-y-condiciones\/\" \/>\n<meta property=\"og:site_name\" content=\"CBD HOME\" \/>\n<meta property=\"article:publisher\" content=\"https:\/\/www.facebook.com\/CBD-HOME-106393425109020\" \/>\n<meta property=\"article:modified_time\" content=\"2025-01-30T11:36:30+00:00\" \/>\n<meta name=\"twitter:card\" content=\"summary_large_image\" \/>\n<meta name=\"twitter:label1\" content=\"Dur\u00e9e de lecture estim\u00e9e\" \/>\n\t<meta name=\"twitter:data1\" content=\"4 minutes\" \/>\n<script type=\"application\/ld+json\" class=\"yoast-schema-graph\">{\"@context\":\"https:\/\/schema.org\",\"@graph\":[{\"@type\":\"WebPage\",\"@id\":\"https:\/\/cbdhomehub.com\/terminos-y-condiciones\/\",\"url\":\"https:\/\/cbdhomehub.com\/terminos-y-condiciones\/\",\"name\":\"T\u00e9rminos y Condiciones - CBD HOME\",\"isPartOf\":{\"@id\":\"https:\/\/cbdhomehub.com\/#website\"},\"datePublished\":\"2022-11-03T17:10:22+00:00\",\"dateModified\":\"2025-01-30T11:36:30+00:00\",\"breadcrumb\":{\"@id\":\"https:\/\/cbdhomehub.com\/terminos-y-condiciones\/#breadcrumb\"},\"inLanguage\":\"fr-FR\",\"potentialAction\":[{\"@type\":\"ReadAction\",\"target\":[\"https:\/\/cbdhomehub.com\/terminos-y-condiciones\/\"]}]},{\"@type\":\"BreadcrumbList\",\"@id\":\"https:\/\/cbdhomehub.com\/terminos-y-condiciones\/#breadcrumb\",\"itemListElement\":[{\"@type\":\"ListItem\",\"position\":1,\"name\":\"Portada\",\"item\":\"https:\/\/cbdhomehub.com\/\"},{\"@type\":\"ListItem\",\"position\":2,\"name\":\"T\u00e9rminos y Condiciones\"}]},{\"@type\":\"WebSite\",\"@id\":\"https:\/\/cbdhomehub.com\/#website\",\"url\":\"https:\/\/cbdhomehub.com\/\",\"name\":\"CBD HOME\",\"description\":\"Tienda de CBD N\u00ba 1 en Amazon\",\"publisher\":{\"@id\":\"https:\/\/cbdhomehub.com\/#organization\"},\"potentialAction\":[{\"@type\":\"SearchAction\",\"target\":{\"@type\":\"EntryPoint\",\"urlTemplate\":\"https:\/\/cbdhomehub.com\/?s={search_term_string}\"},\"query-input\":{\"@type\":\"PropertyValueSpecification\",\"valueRequired\":true,\"valueName\":\"search_term_string\"}}],\"inLanguage\":\"fr-FR\"},{\"@type\":\"Organization\",\"@id\":\"https:\/\/cbdhomehub.com\/#organization\",\"name\":\"CBD HOME\",\"url\":\"https:\/\/cbdhomehub.com\/\",\"logo\":{\"@type\":\"ImageObject\",\"inLanguage\":\"fr-FR\",\"@id\":\"https:\/\/cbdhomehub.com\/#\/schema\/logo\/image\/\",\"url\":\"https:\/\/cbdhomehub.comwp-content\/uploads\/2022\/05\/logo2HDnegroTM.png\",\"contentUrl\":\"https:\/\/cbdhomehub.comwp-content\/uploads\/2022\/05\/logo2HDnegroTM.png\",\"width\":4193,\"height\":646,\"caption\":\"CBD HOME\"},\"image\":{\"@id\":\"https:\/\/cbdhomehub.com\/#\/schema\/logo\/image\/\"},\"sameAs\":[\"https:\/\/www.facebook.com\/CBD-HOME-106393425109020\",\"https:\/\/www.instagram.com\/cbdhomelab\/\",\"https:\/\/www.linkedin.com\/company\/cbd-home\/about\/\"]}]}<\/script>\n<!-- \/ Yoast SEO plugin. -->","yoast_head_json":{"title":"T\u00e9rminos y Condiciones - CBD HOME","robots":{"index":"index","follow":"follow","max-snippet":"max-snippet:-1","max-image-preview":"max-image-preview:large","max-video-preview":"max-video-preview:-1"},"canonical":"https:\/\/cbdhomehub.com\/fr\/terminos-y-condiciones\/","og_locale":"fr_FR","og_type":"article","og_title":"T\u00e9rminos y Condiciones - CBD HOME","og_description":"DATOS DEL TITULAR DEL SITIO WEB Sociedad Mercantil: CBD HOME S.L. (en adelante, (\u201cCBD HOME\u201d) Domicilio social:\u00a0Plaza del Campillo, n&hellip;","og_url":"https:\/\/cbdhomehub.com\/fr\/terminos-y-condiciones\/","og_site_name":"CBD HOME","article_publisher":"https:\/\/www.facebook.com\/CBD-HOME-106393425109020","article_modified_time":"2025-01-30T11:36:30+00:00","twitter_card":"summary_large_image","twitter_misc":{"Dur\u00e9e de lecture estim\u00e9e":"4 minutes"},"schema":{"@context":"https:\/\/schema.org","@graph":[{"@type":"WebPage","@id":"https:\/\/cbdhomehub.com\/terminos-y-condiciones\/","url":"https:\/\/cbdhomehub.com\/terminos-y-condiciones\/","name":"T\u00e9rminos y Condiciones - CBD HOME","isPartOf":{"@id":"https:\/\/cbdhomehub.com\/#website"},"datePublished":"2022-11-03T17:10:22+00:00","dateModified":"2025-01-30T11:36:30+00:00","breadcrumb":{"@id":"https:\/\/cbdhomehub.com\/terminos-y-condiciones\/#breadcrumb"},"inLanguage":"fr-FR","potentialAction":[{"@type":"ReadAction","target":["https:\/\/cbdhomehub.com\/terminos-y-condiciones\/"]}]},{"@type":"BreadcrumbList","@id":"https:\/\/cbdhomehub.com\/terminos-y-condiciones\/#breadcrumb","itemListElement":[{"@type":"ListItem","position":1,"name":"Portada","item":"https:\/\/cbdhomehub.com\/"},{"@type":"ListItem","position":2,"name":"T\u00e9rminos y Condiciones"}]},{"@type":"WebSite","@id":"https:\/\/cbdhomehub.com\/#website","url":"https:\/\/cbdhomehub.com\/","name":"CBD HOME","description":"Tienda de CBD N\u00ba 1 en Amazon","publisher":{"@id":"https:\/\/cbdhomehub.com\/#organization"},"potentialAction":[{"@type":"SearchAction","target":{"@type":"EntryPoint","urlTemplate":"https:\/\/cbdhomehub.com\/?s={search_term_string}"},"query-input":{"@type":"PropertyValueSpecification","valueRequired":true,"valueName":"search_term_string"}}],"inLanguage":"fr-FR"},{"@type":"Organization","@id":"https:\/\/cbdhomehub.com\/#organization","name":"CBD HOME","url":"https:\/\/cbdhomehub.com\/","logo":{"@type":"ImageObject","inLanguage":"fr-FR","@id":"https:\/\/cbdhomehub.com\/#\/schema\/logo\/image\/","url":"https:\/\/cbdhomehub.comwp-content\/uploads\/2022\/05\/logo2HDnegroTM.png","contentUrl":"https:\/\/cbdhomehub.comwp-content\/uploads\/2022\/05\/logo2HDnegroTM.png","width":4193,"height":646,"caption":"CBD HOME"},"image":{"@id":"https:\/\/cbdhomehub.com\/#\/schema\/logo\/image\/"},"sameAs":["https:\/\/www.facebook.com\/CBD-HOME-106393425109020","https:\/\/www.instagram.com\/cbdhomelab\/","https:\/\/www.linkedin.com\/company\/cbd-home\/about\/"]}]}},"jetpack_sharing_enabled":true,"_links":{"self":[{"href":"https:\/\/cbdhomehub.com\/fr\/wp-json\/wp\/v2\/pages\/23","targetHints":{"allow":["GET"]}}],"collection":[{"href":"https:\/\/cbdhomehub.com\/fr\/wp-json\/wp\/v2\/pages"}],"about":[{"href":"https:\/\/cbdhomehub.com\/fr\/wp-json\/wp\/v2\/types\/page"}],"author":[{"embeddable":true,"href":"https:\/\/cbdhomehub.com\/fr\/wp-json\/wp\/v2\/users\/44"}],"replies":[{"embeddable":true,"href":"https:\/\/cbdhomehub.com\/fr\/wp-json\/wp\/v2\/comments?post=23"}],"version-history":[{"count":5,"href":"https:\/\/cbdhomehub.com\/fr\/wp-json\/wp\/v2\/pages\/23\/revisions"}],"predecessor-version":[{"id":9447,"href":"https:\/\/cbdhomehub.com\/fr\/wp-json\/wp\/v2\/pages\/23\/revisions\/9447"}],"wp:attachment":[{"href":"https:\/\/cbdhomehub.com\/fr\/wp-json\/wp\/v2\/media?parent=23"}],"curies":[{"name":"wp","href":"https:\/\/api.w.org\/{rel}","templated":true}]}}