{"id":6862,"date":"2024-01-31T13:34:14","date_gmt":"2024-01-31T13:34:14","guid":{"rendered":"https:\/\/cbdhomehub.com?post_type=product&#038;p=6862"},"modified":"2025-06-25T15:04:30","modified_gmt":"2025-06-25T15:04:30","slug":"crema-de-masaje-forte-con-cbd-cbg","status":"publish","type":"product","link":"https:\/\/cbdhomehub.com\/en\/crema-de-masaje-forte-con-cbd-cbg\/","title":{"rendered":"Massage cream Forte with CBD + CBG"},"content":{"rendered":"<ul>\n<li style=\"text-align: left;\">Massage cream Forte with CBD + CBG<\/li>\n<li style=\"text-align: left;\">\u00c1rnica, Hip\u00e9rico, Cal\u00e9ndula, Aceite de \u00c1rbol de T\u00e9 y Extracto de Garra del Diablo<\/li>\n<li style=\"text-align: left;\">Cantidad de CBD: 6500mg<\/li>\n<li style=\"text-align: left;\">Tama\u00f1o: 100\u202fml.<\/li>\n<li style=\"text-align: left;\">Ingredientes naturales certificados por la Uni\u00f3n Europea.<\/li>\n<li style=\"text-align: left;\">100% ecol\u00f3gico.<\/li>\n<li style=\"text-align: left;\">Producido en Espa\u00f1a.<\/li>\n<li>EAN: <span data-sheets-root=\"1\">8437025296477<\/span><\/li>\n<\/ul>","protected":false},"excerpt":{"rendered":"<p><a class=\"compraAmazon fl-button\" role=\"button\" href=\"https:\/\/amzn.to\/4bG8gwR\" target=\"_blank\" rel=\"noopener\"> <span class=\"fl-button-text\"><i class=\"fl-button-icon fl-button-icon-before fab fa-amazon\" aria-hidden=\"true\"><\/i>\u00a0\u00a0Buy on Amazon<\/span> <\/a><\/p>\n<p>Esta Crema de Masaje Forte, en formato de 100 ml, con 6500 mg de CBD y CBG est\u00e1 formulada para ofrecer un alivio profundo y duradero en m\u00fasculos y articulaciones. El CBD y el CBG trabajan juntos para reducir el dolor y la inflamaci\u00f3n, mientras que ingredientes como \u00c1rnica, Hip\u00e9rico y Cal\u00e9ndula aportan propiedades calmantes y regeneradoras. El Aceite de \u00c1rbol de T\u00e9 y Miel nutren y protegen la piel, y el Extracto de Garra del Diablo y Romero ayudan a aliviar molestias musculares. La combinaci\u00f3n de efectos de fr\u00edo y calor potencia el alivio, siendo ideal para masajes despu\u00e9s de actividad f\u00edsica intensa o para tratar \u00e1reas de dolor localizado.<\/p>\n<p class=\"ingredientesDesc\"><a href=\"\/en\/analisis\/\">Consultar anal\u00edtica de producto<\/a><\/p>","protected":false},"featured_media":7902,"comment_status":"open","ping_status":"closed","template":"","meta":[],"product_brand":[],"product_cat":[76,138,24],"product_tag":[],"class_list":{"0":"post-6862","1":"product","2":"type-product","3":"status-publish","4":"has-post-thumbnail","6":"product_cat-deporte","7":"product_cat-dolor","8":"product_cat-todos-los-productos","10":"first","11":"instock","12":"taxable","13":"shipping-taxable","14":"purchasable","15":"product-type-simple","16":"layout-style-2","17":"col-md-4 col-sm-4 col-xs-6","18":"col-lg-3","19":"product-has-gallery","20":"product-style-addtocart"},"yoast_head":"<!-- This site is optimized with the Yoast SEO plugin v25.4 - https:\/\/yoast.com\/wordpress\/plugins\/seo\/ -->\n<title>Crema de masaje Forte con CBD + CBG - CBD HOME<\/title>\n<meta name=\"robots\" content=\"index, follow, max-snippet:-1, max-image-preview:large, max-video-preview:-1\" \/>\n<link rel=\"canonical\" href=\"https:\/\/cbdhomehub.com\/en\/crema-de-masaje-forte-con-cbd-cbg\/\" \/>\n<meta property=\"og:locale\" content=\"en_GB\" \/>\n<meta property=\"og:type\" content=\"article\" \/>\n<meta property=\"og:title\" content=\"Crema de masaje Forte con CBD + CBG - CBD HOME\" \/>\n<meta property=\"og:description\" content=\"\u00a0\u00a0Comprar en Amazon   Esta Crema de Masaje Forte, en formato de 100 ml, con 6500 mg de CBD y CBG est\u00e1 formulada para ofrecer un alivio profundo y duradero en m\u00fasculos y articulaciones. El CBD y el CBG trabajan juntos para reducir el dolor y la inflamaci\u00f3n, mientras que ingredientes como \u00c1rnica, Hip\u00e9rico y Cal\u00e9ndula aportan propiedades calmantes y regeneradoras. El Aceite de \u00c1rbol de T\u00e9 y Miel nutren y protegen la piel, y el Extracto de Garra del Diablo y Romero ayudan a aliviar molestias musculares. La combinaci\u00f3n de efectos de fr\u00edo y calor potencia el alivio, siendo ideal para masajes despu\u00e9s de actividad f\u00edsica intensa o para tratar \u00e1reas de dolor localizado. Consultar anal\u00edtica de producto\" \/>\n<meta property=\"og:url\" content=\"https:\/\/cbdhomehub.com\/en\/crema-de-masaje-forte-con-cbd-cbg\/\" \/>\n<meta property=\"og:site_name\" content=\"CBD HOME\" \/>\n<meta property=\"article:publisher\" content=\"https:\/\/www.facebook.com\/CBD-HOME-106393425109020\" \/>\n<meta property=\"article:modified_time\" content=\"2025-06-25T15:04:30+00:00\" \/>\n<meta property=\"og:image\" content=\"https:\/\/cbdhomehub.com\/wp-content\/uploads\/2023\/07\/B0CN5VD8XK.MAIN_.jpeg\" \/>\n\t<meta property=\"og:image:width\" content=\"1600\" \/>\n\t<meta property=\"og:image:height\" content=\"1600\" \/>\n\t<meta property=\"og:image:type\" content=\"image\/jpeg\" \/>\n<meta name=\"twitter:card\" content=\"summary_large_image\" \/>\n<meta name=\"twitter:label1\" content=\"Estimated reading time\" \/>\n\t<meta name=\"twitter:data1\" content=\"1 minute\" \/>\n<script type=\"application\/ld+json\" class=\"yoast-schema-graph\">{\"@context\":\"https:\/\/schema.org\",\"@graph\":[{\"@type\":\"WebPage\",\"@id\":\"https:\/\/cbdhomehub.com\/crema-de-masaje-forte-con-cbd-cbg\/\",\"url\":\"https:\/\/cbdhomehub.com\/crema-de-masaje-forte-con-cbd-cbg\/\",\"name\":\"Crema de masaje Forte con CBD + CBG - CBD HOME\",\"isPartOf\":{\"@id\":\"https:\/\/cbdhomehub.com\/#website\"},\"primaryImageOfPage\":{\"@id\":\"https:\/\/cbdhomehub.com\/crema-de-masaje-forte-con-cbd-cbg\/#primaryimage\"},\"image\":{\"@id\":\"https:\/\/cbdhomehub.com\/crema-de-masaje-forte-con-cbd-cbg\/#primaryimage\"},\"thumbnailUrl\":\"https:\/\/cbdhomehub.com\/wp-content\/uploads\/2023\/07\/B0CN5VD8XK.MAIN_.jpeg\",\"datePublished\":\"2024-01-31T13:34:14+00:00\",\"dateModified\":\"2025-06-25T15:04:30+00:00\",\"breadcrumb\":{\"@id\":\"https:\/\/cbdhomehub.com\/crema-de-masaje-forte-con-cbd-cbg\/#breadcrumb\"},\"inLanguage\":\"en-GB\",\"potentialAction\":[{\"@type\":\"ReadAction\",\"target\":[\"https:\/\/cbdhomehub.com\/crema-de-masaje-forte-con-cbd-cbg\/\"]}]},{\"@type\":\"ImageObject\",\"inLanguage\":\"en-GB\",\"@id\":\"https:\/\/cbdhomehub.com\/crema-de-masaje-forte-con-cbd-cbg\/#primaryimage\",\"url\":\"https:\/\/cbdhomehub.com\/wp-content\/uploads\/2023\/07\/B0CN5VD8XK.MAIN_.jpeg\",\"contentUrl\":\"https:\/\/cbdhomehub.com\/wp-content\/uploads\/2023\/07\/B0CN5VD8XK.MAIN_.jpeg\",\"width\":1600,\"height\":1600},{\"@type\":\"BreadcrumbList\",\"@id\":\"https:\/\/cbdhomehub.com\/crema-de-masaje-forte-con-cbd-cbg\/#breadcrumb\",\"itemListElement\":[{\"@type\":\"ListItem\",\"position\":1,\"name\":\"Portada\",\"item\":\"https:\/\/cbdhomehub.com\/\"},{\"@type\":\"ListItem\",\"position\":2,\"name\":\"Tienda\",\"item\":\"https:\/\/cbdhomehub.comtienda\/\"},{\"@type\":\"ListItem\",\"position\":3,\"name\":\"Crema de masaje Forte con CBD + CBG\"}]},{\"@type\":\"WebSite\",\"@id\":\"https:\/\/cbdhomehub.com\/#website\",\"url\":\"https:\/\/cbdhomehub.com\/\",\"name\":\"CBD HOME\",\"description\":\"Tienda de CBD N\u00ba 1 en Amazon\",\"publisher\":{\"@id\":\"https:\/\/cbdhomehub.com\/#organization\"},\"potentialAction\":[{\"@type\":\"SearchAction\",\"target\":{\"@type\":\"EntryPoint\",\"urlTemplate\":\"https:\/\/cbdhomehub.com\/?s={search_term_string}\"},\"query-input\":{\"@type\":\"PropertyValueSpecification\",\"valueRequired\":true,\"valueName\":\"search_term_string\"}}],\"inLanguage\":\"en-GB\"},{\"@type\":\"Organization\",\"@id\":\"https:\/\/cbdhomehub.com\/#organization\",\"name\":\"CBD HOME\",\"url\":\"https:\/\/cbdhomehub.com\/\",\"logo\":{\"@type\":\"ImageObject\",\"inLanguage\":\"en-GB\",\"@id\":\"https:\/\/cbdhomehub.com\/#\/schema\/logo\/image\/\",\"url\":\"https:\/\/cbdhomehub.comwp-content\/uploads\/2022\/05\/logo2HDnegroTM.png\",\"contentUrl\":\"https:\/\/cbdhomehub.comwp-content\/uploads\/2022\/05\/logo2HDnegroTM.png\",\"width\":4193,\"height\":646,\"caption\":\"CBD HOME\"},\"image\":{\"@id\":\"https:\/\/cbdhomehub.com\/#\/schema\/logo\/image\/\"},\"sameAs\":[\"https:\/\/www.facebook.com\/CBD-HOME-106393425109020\",\"https:\/\/www.instagram.com\/cbdhomelab\/\",\"https:\/\/www.linkedin.com\/company\/cbd-home\/about\/\"]}]}<\/script>\n<!-- \/ Yoast SEO plugin. -->","yoast_head_json":{"title":"Crema de masaje Forte con CBD + CBG - CBD HOME","robots":{"index":"index","follow":"follow","max-snippet":"max-snippet:-1","max-image-preview":"max-image-preview:large","max-video-preview":"max-video-preview:-1"},"canonical":"https:\/\/cbdhomehub.com\/en\/crema-de-masaje-forte-con-cbd-cbg\/","og_locale":"en_GB","og_type":"article","og_title":"Crema de masaje Forte con CBD + CBG - CBD HOME","og_description":"\u00a0\u00a0Comprar en Amazon   Esta Crema de Masaje Forte, en formato de 100 ml, con 6500 mg de CBD y CBG est\u00e1 formulada para ofrecer un alivio profundo y duradero en m\u00fasculos y articulaciones. El CBD y el CBG trabajan juntos para reducir el dolor y la inflamaci\u00f3n, mientras que ingredientes como \u00c1rnica, Hip\u00e9rico y Cal\u00e9ndula aportan propiedades calmantes y regeneradoras. El Aceite de \u00c1rbol de T\u00e9 y Miel nutren y protegen la piel, y el Extracto de Garra del Diablo y Romero ayudan a aliviar molestias musculares. La combinaci\u00f3n de efectos de fr\u00edo y calor potencia el alivio, siendo ideal para masajes despu\u00e9s de actividad f\u00edsica intensa o para tratar \u00e1reas de dolor localizado. Consultar anal\u00edtica de producto","og_url":"https:\/\/cbdhomehub.com\/en\/crema-de-masaje-forte-con-cbd-cbg\/","og_site_name":"CBD HOME","article_publisher":"https:\/\/www.facebook.com\/CBD-HOME-106393425109020","article_modified_time":"2025-06-25T15:04:30+00:00","og_image":[{"width":1600,"height":1600,"url":"https:\/\/cbdhomehub.com\/wp-content\/uploads\/2023\/07\/B0CN5VD8XK.MAIN_.jpeg","type":"image\/jpeg"}],"twitter_card":"summary_large_image","twitter_misc":{"Estimated reading time":"1 minute"},"schema":{"@context":"https:\/\/schema.org","@graph":[{"@type":"WebPage","@id":"https:\/\/cbdhomehub.com\/crema-de-masaje-forte-con-cbd-cbg\/","url":"https:\/\/cbdhomehub.com\/crema-de-masaje-forte-con-cbd-cbg\/","name":"Crema de masaje Forte con CBD + CBG - CBD HOME","isPartOf":{"@id":"https:\/\/cbdhomehub.com\/#website"},"primaryImageOfPage":{"@id":"https:\/\/cbdhomehub.com\/crema-de-masaje-forte-con-cbd-cbg\/#primaryimage"},"image":{"@id":"https:\/\/cbdhomehub.com\/crema-de-masaje-forte-con-cbd-cbg\/#primaryimage"},"thumbnailUrl":"https:\/\/cbdhomehub.com\/wp-content\/uploads\/2023\/07\/B0CN5VD8XK.MAIN_.jpeg","datePublished":"2024-01-31T13:34:14+00:00","dateModified":"2025-06-25T15:04:30+00:00","breadcrumb":{"@id":"https:\/\/cbdhomehub.com\/crema-de-masaje-forte-con-cbd-cbg\/#breadcrumb"},"inLanguage":"en-GB","potentialAction":[{"@type":"ReadAction","target":["https:\/\/cbdhomehub.com\/crema-de-masaje-forte-con-cbd-cbg\/"]}]},{"@type":"ImageObject","inLanguage":"en-GB","@id":"https:\/\/cbdhomehub.com\/crema-de-masaje-forte-con-cbd-cbg\/#primaryimage","url":"https:\/\/cbdhomehub.com\/wp-content\/uploads\/2023\/07\/B0CN5VD8XK.MAIN_.jpeg","contentUrl":"https:\/\/cbdhomehub.com\/wp-content\/uploads\/2023\/07\/B0CN5VD8XK.MAIN_.jpeg","width":1600,"height":1600},{"@type":"BreadcrumbList","@id":"https:\/\/cbdhomehub.com\/crema-de-masaje-forte-con-cbd-cbg\/#breadcrumb","itemListElement":[{"@type":"ListItem","position":1,"name":"Portada","item":"https:\/\/cbdhomehub.com\/"},{"@type":"ListItem","position":2,"name":"Tienda","item":"https:\/\/cbdhomehub.comtienda\/"},{"@type":"ListItem","position":3,"name":"Crema de masaje Forte con CBD + CBG"}]},{"@type":"WebSite","@id":"https:\/\/cbdhomehub.com\/#website","url":"https:\/\/cbdhomehub.com\/","name":"CBD HOME","description":"Tienda de CBD N\u00ba 1 en Amazon","publisher":{"@id":"https:\/\/cbdhomehub.com\/#organization"},"potentialAction":[{"@type":"SearchAction","target":{"@type":"EntryPoint","urlTemplate":"https:\/\/cbdhomehub.com\/?s={search_term_string}"},"query-input":{"@type":"PropertyValueSpecification","valueRequired":true,"valueName":"search_term_string"}}],"inLanguage":"en-GB"},{"@type":"Organization","@id":"https:\/\/cbdhomehub.com\/#organization","name":"CBD HOME","url":"https:\/\/cbdhomehub.com\/","logo":{"@type":"ImageObject","inLanguage":"en-GB","@id":"https:\/\/cbdhomehub.com\/#\/schema\/logo\/image\/","url":"https:\/\/cbdhomehub.comwp-content\/uploads\/2022\/05\/logo2HDnegroTM.png","contentUrl":"https:\/\/cbdhomehub.comwp-content\/uploads\/2022\/05\/logo2HDnegroTM.png","width":4193,"height":646,"caption":"CBD HOME"},"image":{"@id":"https:\/\/cbdhomehub.com\/#\/schema\/logo\/image\/"},"sameAs":["https:\/\/www.facebook.com\/CBD-HOME-106393425109020","https:\/\/www.instagram.com\/cbdhomelab\/","https:\/\/www.linkedin.com\/company\/cbd-home\/about\/"]}]}},"jetpack_sharing_enabled":true,"_links":{"self":[{"href":"https:\/\/cbdhomehub.com\/en\/wp-json\/wp\/v2\/product\/6862","targetHints":{"allow":["GET"]}}],"collection":[{"href":"https:\/\/cbdhomehub.com\/en\/wp-json\/wp\/v2\/product"}],"about":[{"href":"https:\/\/cbdhomehub.com\/en\/wp-json\/wp\/v2\/types\/product"}],"replies":[{"embeddable":true,"href":"https:\/\/cbdhomehub.com\/en\/wp-json\/wp\/v2\/comments?post=6862"}],"wp:featuredmedia":[{"embeddable":true,"href":"https:\/\/cbdhomehub.com\/en\/wp-json\/wp\/v2\/media\/7902"}],"wp:attachment":[{"href":"https:\/\/cbdhomehub.com\/en\/wp-json\/wp\/v2\/media?parent=6862"}],"wp:term":[{"taxonomy":"product_brand","embeddable":true,"href":"https:\/\/cbdhomehub.com\/en\/wp-json\/wp\/v2\/product_brand?post=6862"},{"taxonomy":"product_cat","embeddable":true,"href":"https:\/\/cbdhomehub.com\/en\/wp-json\/wp\/v2\/product_cat?post=6862"},{"taxonomy":"product_tag","embeddable":true,"href":"https:\/\/cbdhomehub.com\/en\/wp-json\/wp\/v2\/product_tag?post=6862"}],"curies":[{"name":"wp","href":"https:\/\/api.w.org\/{rel}","templated":true}]}}