{"id":12465,"date":"2026-03-03T11:23:35","date_gmt":"2026-03-03T10:23:35","guid":{"rendered":"https:\/\/cbdhomehub.com\/?post_type=product&#038;p=12465"},"modified":"2026-03-03T11:23:35","modified_gmt":"2026-03-03T10:23:35","slug":"aceite-de-rosa-mosqueta-con-semilla-de-canamo-y-escualeno","status":"publish","type":"product","link":"https:\/\/cbdhomehub.com\/en\/aceite-de-rosa-mosqueta-con-semilla-de-canamo-y-escualeno\/","title":{"rendered":"Aceite de Rosa Mosqueta con Semilla de C\u00e1\u00f1amo y Escualeno"},"content":{"rendered":"<ul>\n<li style=\"text-align: left;\">Rosa mosqueta, escualeno y Aceite de semilla de c\u00e1\u00f1amo<\/li>\n<li style=\"text-align: left;\">Base de aceite de coco ecol\u00f3gico.<\/li>\n<li style=\"text-align: left;\">Tama\u00f1o: 50\u202fml.<\/li>\n<li style=\"text-align: left;\">Ingredientes naturales certificados por la Uni\u00f3n Europea.<\/li>\n<li style=\"text-align: left;\">100% ecol\u00f3gico.<\/li>\n<li style=\"text-align: left;\">Frasco de cristal con pipeta dosificadora.<\/li>\n<li style=\"text-align: left;\">Producido en Espa\u00f1a.<\/li>\n<li>EAN: 8437025296569<\/li>\n<\/ul>","protected":false},"excerpt":{"rendered":"<p><a class=\"compraAmazon fl-button\" role=\"button\" href=\"https:\/\/www.amazon.es\/dp\/B0CSKSBT2W?&amp;linkCode=ll1&amp;tag=cbdhome0e-21&amp;linkId=6a266b9c7fc251f99516d5a029c27474&amp;language=es_ES&amp;ref_=as_li_ss_tl\" target=\"_blank\" rel=\"noopener\"> <span class=\"fl-button-text\"><i class=\"fl-button-icon fl-button-icon-before fab fa-amazon\" aria-hidden=\"true\"><\/i>\u00a0\u00a0Buy on Amazon<\/span> <\/a><\/p>\n<p>Este aceite con Aceite de semilla de c\u00e1\u00f1amo, en formato de 50 ml, con Rosa Mosqueta y Escualeno est\u00e1 formulado para nutrir y regenerar la piel, calmando rojeces y mejorando la elasticidad. El Escualeno hidrata profundamente, mientras que la Rosa Mosqueta ayuda a reducir las estr\u00edas del embarazo, dejando la piel suave, firme y luminosa.<\/p>","protected":false},"featured_media":12561,"comment_status":"open","ping_status":"closed","template":"","meta":[],"product_brand":[],"product_cat":[146],"product_tag":[],"class_list":{"0":"post-12465","1":"product","2":"type-product","3":"status-publish","4":"has-post-thumbnail","6":"product_cat-aceite-de-semilla-de-canamo","8":"first","9":"outofstock","10":"taxable","11":"shipping-taxable","12":"purchasable","13":"product-type-simple","14":"layout-style-2","15":"col-md-4 col-sm-4 col-xs-6","16":"col-lg-3","17":"product-has-gallery","18":"product-style-addtocart"},"yoast_head":"<!-- This site is optimized with the Yoast SEO plugin v25.4 - https:\/\/yoast.com\/wordpress\/plugins\/seo\/ -->\n<title>Aceite de Rosa Mosqueta con Semilla de C\u00e1\u00f1amo y Escualeno - CBD HOME<\/title>\n<meta name=\"description\" content=\"Soluci\u00f3n para una piel radiante y saludable, combinando los beneficios con las propiedades rejuvenecedoras de la rosa mosqueta\" \/>\n<meta name=\"robots\" content=\"index, follow, max-snippet:-1, max-image-preview:large, max-video-preview:-1\" \/>\n<link rel=\"canonical\" href=\"https:\/\/cbdhomehub.com\/en\/aceite-de-rosa-mosqueta-con-semilla-de-canamo-y-escualeno\/\" \/>\n<meta property=\"og:locale\" content=\"en_GB\" \/>\n<meta property=\"og:type\" content=\"article\" \/>\n<meta property=\"og:title\" content=\"Aceite de Rosa Mosqueta con Semilla de C\u00e1\u00f1amo y Escualeno - CBD HOME\" \/>\n<meta property=\"og:description\" content=\"Soluci\u00f3n para una piel radiante y saludable, combinando los beneficios con las propiedades rejuvenecedoras de la rosa mosqueta\" \/>\n<meta property=\"og:url\" content=\"https:\/\/cbdhomehub.com\/en\/aceite-de-rosa-mosqueta-con-semilla-de-canamo-y-escualeno\/\" \/>\n<meta property=\"og:site_name\" content=\"CBD HOME\" \/>\n<meta property=\"article:publisher\" content=\"https:\/\/www.facebook.com\/CBD-HOME-106393425109020\" \/>\n<meta property=\"og:image\" content=\"https:\/\/cbdhomehub.com\/wp-content\/uploads\/2026\/02\/B0CSKSBT2W.PT01-scaled.png\" \/>\n\t<meta property=\"og:image:width\" content=\"2560\" \/>\n\t<meta property=\"og:image:height\" content=\"2560\" \/>\n\t<meta property=\"og:image:type\" content=\"image\/png\" \/>\n<meta name=\"twitter:card\" content=\"summary_large_image\" \/>\n<meta name=\"twitter:label1\" content=\"Estimated reading time\" \/>\n\t<meta name=\"twitter:data1\" content=\"1 minute\" \/>\n<script type=\"application\/ld+json\" class=\"yoast-schema-graph\">{\"@context\":\"https:\/\/schema.org\",\"@graph\":[{\"@type\":\"WebPage\",\"@id\":\"https:\/\/cbdhomehub.com\/aceite-de-rosa-mosqueta-con-semilla-de-canamo-y-escualeno\/\",\"url\":\"https:\/\/cbdhomehub.com\/aceite-de-rosa-mosqueta-con-semilla-de-canamo-y-escualeno\/\",\"name\":\"Aceite de Rosa Mosqueta con Semilla de C\u00e1\u00f1amo y Escualeno - CBD HOME\",\"isPartOf\":{\"@id\":\"https:\/\/cbdhomehub.com\/#website\"},\"primaryImageOfPage\":{\"@id\":\"https:\/\/cbdhomehub.com\/aceite-de-rosa-mosqueta-con-semilla-de-canamo-y-escualeno\/#primaryimage\"},\"image\":{\"@id\":\"https:\/\/cbdhomehub.com\/aceite-de-rosa-mosqueta-con-semilla-de-canamo-y-escualeno\/#primaryimage\"},\"thumbnailUrl\":\"https:\/\/cbdhomehub.com\/wp-content\/uploads\/2026\/02\/B0CSKSBT2W.PT01-scaled.png\",\"datePublished\":\"2026-03-03T10:23:35+00:00\",\"description\":\"Soluci\u00f3n para una piel radiante y saludable, combinando los beneficios con las propiedades rejuvenecedoras de la rosa mosqueta\",\"breadcrumb\":{\"@id\":\"https:\/\/cbdhomehub.com\/aceite-de-rosa-mosqueta-con-semilla-de-canamo-y-escualeno\/#breadcrumb\"},\"inLanguage\":\"en-GB\",\"potentialAction\":[{\"@type\":\"ReadAction\",\"target\":[\"https:\/\/cbdhomehub.com\/aceite-de-rosa-mosqueta-con-semilla-de-canamo-y-escualeno\/\"]}]},{\"@type\":\"ImageObject\",\"inLanguage\":\"en-GB\",\"@id\":\"https:\/\/cbdhomehub.com\/aceite-de-rosa-mosqueta-con-semilla-de-canamo-y-escualeno\/#primaryimage\",\"url\":\"https:\/\/cbdhomehub.com\/wp-content\/uploads\/2026\/02\/B0CSKSBT2W.PT01-scaled.png\",\"contentUrl\":\"https:\/\/cbdhomehub.com\/wp-content\/uploads\/2026\/02\/B0CSKSBT2W.PT01-scaled.png\",\"width\":2560,\"height\":2560},{\"@type\":\"BreadcrumbList\",\"@id\":\"https:\/\/cbdhomehub.com\/aceite-de-rosa-mosqueta-con-semilla-de-canamo-y-escualeno\/#breadcrumb\",\"itemListElement\":[{\"@type\":\"ListItem\",\"position\":1,\"name\":\"Portada\",\"item\":\"https:\/\/cbdhomehub.com\/\"},{\"@type\":\"ListItem\",\"position\":2,\"name\":\"Tienda\",\"item\":\"https:\/\/cbdhomehub.comtienda\/\"},{\"@type\":\"ListItem\",\"position\":3,\"name\":\"Aceite de Rosa Mosqueta con Semilla de C\u00e1\u00f1amo y Escualeno\"}]},{\"@type\":\"WebSite\",\"@id\":\"https:\/\/cbdhomehub.com\/#website\",\"url\":\"https:\/\/cbdhomehub.com\/\",\"name\":\"CBD HOME\",\"description\":\"Tienda de CBD N\u00ba 1 en Amazon\",\"publisher\":{\"@id\":\"https:\/\/cbdhomehub.com\/#organization\"},\"potentialAction\":[{\"@type\":\"SearchAction\",\"target\":{\"@type\":\"EntryPoint\",\"urlTemplate\":\"https:\/\/cbdhomehub.com\/?s={search_term_string}\"},\"query-input\":{\"@type\":\"PropertyValueSpecification\",\"valueRequired\":true,\"valueName\":\"search_term_string\"}}],\"inLanguage\":\"en-GB\"},{\"@type\":\"Organization\",\"@id\":\"https:\/\/cbdhomehub.com\/#organization\",\"name\":\"CBD HOME\",\"url\":\"https:\/\/cbdhomehub.com\/\",\"logo\":{\"@type\":\"ImageObject\",\"inLanguage\":\"en-GB\",\"@id\":\"https:\/\/cbdhomehub.com\/#\/schema\/logo\/image\/\",\"url\":\"https:\/\/cbdhomehub.comwp-content\/uploads\/2022\/05\/logo2HDnegroTM.png\",\"contentUrl\":\"https:\/\/cbdhomehub.comwp-content\/uploads\/2022\/05\/logo2HDnegroTM.png\",\"width\":4193,\"height\":646,\"caption\":\"CBD HOME\"},\"image\":{\"@id\":\"https:\/\/cbdhomehub.com\/#\/schema\/logo\/image\/\"},\"sameAs\":[\"https:\/\/www.facebook.com\/CBD-HOME-106393425109020\",\"https:\/\/www.instagram.com\/cbdhomelab\/\",\"https:\/\/www.linkedin.com\/company\/cbd-home\/about\/\"]}]}<\/script>\n<!-- \/ Yoast SEO plugin. -->","yoast_head_json":{"title":"Aceite de Rosa Mosqueta con Semilla de C\u00e1\u00f1amo y Escualeno - CBD HOME","description":"Soluci\u00f3n para una piel radiante y saludable, combinando los beneficios con las propiedades rejuvenecedoras de la rosa mosqueta","robots":{"index":"index","follow":"follow","max-snippet":"max-snippet:-1","max-image-preview":"max-image-preview:large","max-video-preview":"max-video-preview:-1"},"canonical":"https:\/\/cbdhomehub.com\/en\/aceite-de-rosa-mosqueta-con-semilla-de-canamo-y-escualeno\/","og_locale":"en_GB","og_type":"article","og_title":"Aceite de Rosa Mosqueta con Semilla de C\u00e1\u00f1amo y Escualeno - CBD HOME","og_description":"Soluci\u00f3n para una piel radiante y saludable, combinando los beneficios con las propiedades rejuvenecedoras de la rosa mosqueta","og_url":"https:\/\/cbdhomehub.com\/en\/aceite-de-rosa-mosqueta-con-semilla-de-canamo-y-escualeno\/","og_site_name":"CBD HOME","article_publisher":"https:\/\/www.facebook.com\/CBD-HOME-106393425109020","og_image":[{"width":2560,"height":2560,"url":"https:\/\/cbdhomehub.com\/wp-content\/uploads\/2026\/02\/B0CSKSBT2W.PT01-scaled.png","type":"image\/png"}],"twitter_card":"summary_large_image","twitter_misc":{"Estimated reading time":"1 minute"},"schema":{"@context":"https:\/\/schema.org","@graph":[{"@type":"WebPage","@id":"https:\/\/cbdhomehub.com\/aceite-de-rosa-mosqueta-con-semilla-de-canamo-y-escualeno\/","url":"https:\/\/cbdhomehub.com\/aceite-de-rosa-mosqueta-con-semilla-de-canamo-y-escualeno\/","name":"Aceite de Rosa Mosqueta con Semilla de C\u00e1\u00f1amo y Escualeno - CBD HOME","isPartOf":{"@id":"https:\/\/cbdhomehub.com\/#website"},"primaryImageOfPage":{"@id":"https:\/\/cbdhomehub.com\/aceite-de-rosa-mosqueta-con-semilla-de-canamo-y-escualeno\/#primaryimage"},"image":{"@id":"https:\/\/cbdhomehub.com\/aceite-de-rosa-mosqueta-con-semilla-de-canamo-y-escualeno\/#primaryimage"},"thumbnailUrl":"https:\/\/cbdhomehub.com\/wp-content\/uploads\/2026\/02\/B0CSKSBT2W.PT01-scaled.png","datePublished":"2026-03-03T10:23:35+00:00","description":"Soluci\u00f3n para una piel radiante y saludable, combinando los beneficios con las propiedades rejuvenecedoras de la rosa mosqueta","breadcrumb":{"@id":"https:\/\/cbdhomehub.com\/aceite-de-rosa-mosqueta-con-semilla-de-canamo-y-escualeno\/#breadcrumb"},"inLanguage":"en-GB","potentialAction":[{"@type":"ReadAction","target":["https:\/\/cbdhomehub.com\/aceite-de-rosa-mosqueta-con-semilla-de-canamo-y-escualeno\/"]}]},{"@type":"ImageObject","inLanguage":"en-GB","@id":"https:\/\/cbdhomehub.com\/aceite-de-rosa-mosqueta-con-semilla-de-canamo-y-escualeno\/#primaryimage","url":"https:\/\/cbdhomehub.com\/wp-content\/uploads\/2026\/02\/B0CSKSBT2W.PT01-scaled.png","contentUrl":"https:\/\/cbdhomehub.com\/wp-content\/uploads\/2026\/02\/B0CSKSBT2W.PT01-scaled.png","width":2560,"height":2560},{"@type":"BreadcrumbList","@id":"https:\/\/cbdhomehub.com\/aceite-de-rosa-mosqueta-con-semilla-de-canamo-y-escualeno\/#breadcrumb","itemListElement":[{"@type":"ListItem","position":1,"name":"Portada","item":"https:\/\/cbdhomehub.com\/"},{"@type":"ListItem","position":2,"name":"Tienda","item":"https:\/\/cbdhomehub.comtienda\/"},{"@type":"ListItem","position":3,"name":"Aceite de Rosa Mosqueta con Semilla de C\u00e1\u00f1amo y Escualeno"}]},{"@type":"WebSite","@id":"https:\/\/cbdhomehub.com\/#website","url":"https:\/\/cbdhomehub.com\/","name":"CBD HOME","description":"Tienda de CBD N\u00ba 1 en Amazon","publisher":{"@id":"https:\/\/cbdhomehub.com\/#organization"},"potentialAction":[{"@type":"SearchAction","target":{"@type":"EntryPoint","urlTemplate":"https:\/\/cbdhomehub.com\/?s={search_term_string}"},"query-input":{"@type":"PropertyValueSpecification","valueRequired":true,"valueName":"search_term_string"}}],"inLanguage":"en-GB"},{"@type":"Organization","@id":"https:\/\/cbdhomehub.com\/#organization","name":"CBD HOME","url":"https:\/\/cbdhomehub.com\/","logo":{"@type":"ImageObject","inLanguage":"en-GB","@id":"https:\/\/cbdhomehub.com\/#\/schema\/logo\/image\/","url":"https:\/\/cbdhomehub.comwp-content\/uploads\/2022\/05\/logo2HDnegroTM.png","contentUrl":"https:\/\/cbdhomehub.comwp-content\/uploads\/2022\/05\/logo2HDnegroTM.png","width":4193,"height":646,"caption":"CBD HOME"},"image":{"@id":"https:\/\/cbdhomehub.com\/#\/schema\/logo\/image\/"},"sameAs":["https:\/\/www.facebook.com\/CBD-HOME-106393425109020","https:\/\/www.instagram.com\/cbdhomelab\/","https:\/\/www.linkedin.com\/company\/cbd-home\/about\/"]}]}},"jetpack_sharing_enabled":true,"_links":{"self":[{"href":"https:\/\/cbdhomehub.com\/en\/wp-json\/wp\/v2\/product\/12465","targetHints":{"allow":["GET"]}}],"collection":[{"href":"https:\/\/cbdhomehub.com\/en\/wp-json\/wp\/v2\/product"}],"about":[{"href":"https:\/\/cbdhomehub.com\/en\/wp-json\/wp\/v2\/types\/product"}],"replies":[{"embeddable":true,"href":"https:\/\/cbdhomehub.com\/en\/wp-json\/wp\/v2\/comments?post=12465"}],"wp:featuredmedia":[{"embeddable":true,"href":"https:\/\/cbdhomehub.com\/en\/wp-json\/wp\/v2\/media\/12561"}],"wp:attachment":[{"href":"https:\/\/cbdhomehub.com\/en\/wp-json\/wp\/v2\/media?parent=12465"}],"wp:term":[{"taxonomy":"product_brand","embeddable":true,"href":"https:\/\/cbdhomehub.com\/en\/wp-json\/wp\/v2\/product_brand?post=12465"},{"taxonomy":"product_cat","embeddable":true,"href":"https:\/\/cbdhomehub.com\/en\/wp-json\/wp\/v2\/product_cat?post=12465"},{"taxonomy":"product_tag","embeddable":true,"href":"https:\/\/cbdhomehub.com\/en\/wp-json\/wp\/v2\/product_tag?post=12465"}],"curies":[{"name":"wp","href":"https:\/\/api.w.org\/{rel}","templated":true}]}}