{"id":5810,"date":"2023-10-03T10:55:11","date_gmt":"2023-10-03T10:55:11","guid":{"rendered":"https:\/\/cbdhomehub.com?page_id=5810"},"modified":"2025-01-29T12:52:40","modified_gmt":"2025-01-29T12:52:40","slug":"preguntas-frecuentes","status":"publish","type":"page","link":"https:\/\/cbdhomehub.com\/en\/preguntas-frecuentes\/","title":{"rendered":"Frequently asked questions"},"content":{"rendered":"<div data-elementor-type=\"wp-page\" data-elementor-id=\"5810\" class=\"elementor elementor-5810\" data-elementor-post-type=\"page\">\n\t\t\t\t<div class=\"elementor-element elementor-element-1207c01b e-flex e-con-boxed e-con e-parent\" data-id=\"1207c01b\" data-element_type=\"container\">\n\t\t\t\t\t<div class=\"e-con-inner\">\n\t\t\t\t<div class=\"elementor-element elementor-element-e146fc2 elementor-widget elementor-widget-heading\" data-id=\"e146fc2\" data-element_type=\"widget\" data-widget_type=\"heading.default\">\n\t\t\t\t<div class=\"elementor-widget-container\">\n\t\t\t\t\t<h1 class=\"elementor-heading-title elementor-size-default\">PREGUNTAS FRECUENTES<\/h1>\t\t\t\t<\/div>\n\t\t\t\t<\/div>\n\t\t\t\t<div class=\"elementor-element elementor-element-50c3a8ed elementor-widget elementor-widget-text-editor\" data-id=\"50c3a8ed\" data-element_type=\"widget\" data-widget_type=\"text-editor.default\">\n\t\t\t\t<div class=\"elementor-widget-container\"><h2>SOBRE EL CBD<\/h2>\n<h2>1.\u00bfQu\u00e9 es el CBD y de d\u00f3nde proviene?<\/h2>\n<p>CBD is one of the many chemical compounds present in the Cannabis sativa plant.<b>\u00a0It is a non-psychotropic cannabinoid<\/b>\u00a0and unlike THC, CBD does not alter the perception or affect the cognitive ability.<\/p>\n<p>The plant Cannabis sativa, commonly known as hemp or marijuana, is a herbaceous plant of the family Cannabaceae.<\/p>\n<h2>2.Can CBD be addictive, cause allergies or harmful?<\/h2>\n<p>It is not addictive, all studies to date show that the addiction observed is the same in subjects who have consumed CBD than in those who had taken placebo. In terms of allergies, as all substance, is not without this possibility. The records of people who are allergic to CBD until the moment they are not significant and, proportionally, are minimal.<\/p>\n<h2>3.Does CBD can cause side effects?<\/h2>\n<p>The CBD can cause side effects, but these do not go beyond stomach pains and excessive tiredness, cease to suspend its consumption. You can also produce negative interactions with some medicines, or with any condition very specific in certain cases. If you believe that you can be in any of these situations, we recommend that you consult with your doctor.<\/p>\n<h2>4.Is it safe to consume CBD and in what amount or dose?<\/h2>\n<p>S\u00ed, es totalmente seguro. Los estudios \u00abin vitro\u00bb e \u00abin vivo\u00bb reportan una muy alta seguridad y nula toxicidad. No hay una dosis espec\u00edfica. Depende de diversos factores f\u00edsicos (edad, sexo, peso, altura, capacidad de asimilaci\u00f3n, etc.) y psicol\u00f3gicos (sugesti\u00f3n, ansiedad, estr\u00e9s, predisposici\u00f3n, etc.). La mejor manera de encontrar su dosis es comenzar con dosis bajas y aumentar gradualmente hasta encontrar los efectos deseados. A pesar de esto, <strong>in Spain it is only legal the sale of products intended for external use only and not for oral use.<\/strong><\/p>\n<h2>5.Is it legal to sell CBD in Europe?<\/h2>\n<p>Yes, it is legal in most european countries. Normally, the legislation allows the marketing CBD provided they are intended for external use and the label tells you to do so. All our products are labeled accordingly. The regulation will vary depending on the country of destination, where we can adapt internally on both the tag as the components of our products.<\/p>\n<h2>6.\u00bfC\u00f3mo es nuestro aceite?<\/h2>\n<p>Our oil CBD promotes relaxation, decreases anxiety, stress and relieves pain by its ability to anti-inflammatory and antioxidant. Hemp oil organic is combined with the Extra Virgin Olive Oil to enrich your property and improve its absorption capacity. The peel oil of lemon completes the formula to improve the organoleptic properties.<\/p>\n<h2>7.What is the scientific evidence behind the benefits of CBD?<\/h2>\n<p>In November 2017, the WHO issued a preliminary report on the CBD, which included the following conclusions:<\/p>\n<ul>\n<li>The CBD is not addictive.<\/li>\n<li>The CBD does not seem to have any abuse potential or dependence.<\/li>\n<li>The CBD has no effect on the ability of the user to drive a vehicle or perform tasks that require coordination.<\/li>\n<li>The CBD is non-toxic and do not have serious side effects.<\/li>\n<li>The CBD has therapeutic properties for a variety of medical conditions, including epilepsy, anxiety and depression.<\/li>\n<\/ul>\n<p>In summary, the WHO recognized the therapeutic value of CBD, and stated that there is no reason to ban it or classify it as a dangerous drug.<\/p>\n<h2>8.How should you store the CBD and for how long?<\/h2>\n<p>It is recommended to store their products of CBD in places where they won&#039;t be of direct light. Jars of oil of CBD are opaque to better protect the qualities of the CBD, even so it is recommended to cool places and dark.<\/p>\n<h2>9.Can you give positive on an analysis of narcotic drugs?<\/h2>\n<p>CBD HOME uses cannabidiol THC-free certified labs in the us and Europe, which makes it totally safe and suitable for any age, elite athletes, and other professional subjected to analysis drug<\/p><\/div>\n\t\t\t\t<\/div>\n\t\t\t\t\t<\/div>\n\t\t\t\t<\/div>\n\t\t<div class=\"elementor-element elementor-element-3fd2e68 e-flex e-con-boxed e-con e-parent\" data-id=\"3fd2e68\" data-element_type=\"container\">\n\t\t\t\t\t<div class=\"e-con-inner\">\n\t\t\t\t<div class=\"elementor-element elementor-element-e2a7bec elementor-widget elementor-widget-heading\" data-id=\"e2a7bec\" data-element_type=\"widget\" data-widget_type=\"heading.default\">\n\t\t\t\t<div class=\"elementor-widget-container\">\n\t\t\t\t\t<h2 class=\"elementor-heading-title elementor-size-default\">Shipments and returns<\/h2>\t\t\t\t<\/div>\n\t\t\t\t<\/div>\n\t\t\t\t<div class=\"elementor-element elementor-element-7067315 elementor-widget elementor-widget-text-editor\" data-id=\"7067315\" data-element_type=\"widget\" data-widget_type=\"text-editor.default\">\n\t\t\t\t<div class=\"elementor-widget-container\">\n\t\t\t\t\t\t\t\t\t<h2>1.Delivery time<\/h2>\n<p>As a general rule, packages are shipped the same business day that the request is received. But we promise that it is within 24 hours of the receipt of the payment (working days).<\/p>\n<h2>2.Parcel delivery<\/h2>\n<p>If shopping on our website and select the postal delivery, normally the courier will send you a link or sms so that you can follow your order on-line. If not, please contact with\u00a0<a href=\"mailto:info@cbdhomehub.com\">info@cbdhomehub.com<\/a>.<\/p>\n<h2>Can&#039;t find what you&#039;re looking for?<\/h2>\n<p>Do not hesitate to get in contact with us. Send us a message and we will contact you as soon as possible.<\/p>\n<p><!-- \/wp:fl-builder\/layout --><\/p>\t\t\t\t\t\t\t\t<\/div>\n\t\t\t\t<\/div>\n\t\t\t\t\t<\/div>\n\t\t\t\t<\/div>\t\t<\/div>","protected":false},"excerpt":{"rendered":"<p>PREGUNTAS FRECUENTES Env\u00edos y devoluciones 1.Plazos de entrega Como norma general, los paquetes se env\u00edan el mismo d\u00eda laborable que&hellip;<\/p>","protected":false},"author":44,"featured_media":0,"parent":0,"menu_order":0,"comment_status":"closed","ping_status":"closed","template":"","meta":{"footnotes":""},"class_list":["post-5810","page","type-page","status-publish","hentry"],"yoast_head":"<!-- This site is optimized with the Yoast SEO plugin v25.4 - https:\/\/yoast.com\/wordpress\/plugins\/seo\/ -->\n<title>Preguntas Frecuentes - CBD HOME<\/title>\n<meta name=\"description\" content=\"En CBD Home, creemos en brindar claridad y transparencia. Por eso hemos reunido una selecci\u00f3n de preguntas frecuentes del CBD.\" \/>\n<meta name=\"robots\" content=\"index, follow, max-snippet:-1, max-image-preview:large, max-video-preview:-1\" \/>\n<link rel=\"canonical\" href=\"https:\/\/cbdhomehub.com\/en\/preguntas-frecuentes\/\" \/>\n<meta property=\"og:locale\" content=\"en_GB\" \/>\n<meta property=\"og:type\" content=\"article\" \/>\n<meta property=\"og:title\" content=\"Preguntas Frecuentes - CBD HOME\" \/>\n<meta property=\"og:description\" content=\"En CBD Home, creemos en brindar claridad y transparencia. Por eso hemos reunido una selecci\u00f3n de preguntas frecuentes del CBD.\" \/>\n<meta property=\"og:url\" content=\"https:\/\/cbdhomehub.com\/en\/preguntas-frecuentes\/\" \/>\n<meta property=\"og:site_name\" content=\"CBD HOME\" \/>\n<meta property=\"article:publisher\" content=\"https:\/\/www.facebook.com\/CBD-HOME-106393425109020\" \/>\n<meta property=\"article:modified_time\" content=\"2025-01-29T12:52:40+00:00\" \/>\n<meta name=\"twitter:card\" content=\"summary_large_image\" \/>\n<meta name=\"twitter:label1\" content=\"Estimated reading time\" \/>\n\t<meta name=\"twitter:data1\" content=\"4 minutes\" \/>\n<script type=\"application\/ld+json\" class=\"yoast-schema-graph\">{\"@context\":\"https:\/\/schema.org\",\"@graph\":[{\"@type\":\"WebPage\",\"@id\":\"https:\/\/cbdhomehub.com\/preguntas-frecuentes\/\",\"url\":\"https:\/\/cbdhomehub.com\/preguntas-frecuentes\/\",\"name\":\"Preguntas Frecuentes - CBD HOME\",\"isPartOf\":{\"@id\":\"https:\/\/cbdhomehub.com\/#website\"},\"datePublished\":\"2023-10-03T10:55:11+00:00\",\"dateModified\":\"2025-01-29T12:52:40+00:00\",\"description\":\"En CBD Home, creemos en brindar claridad y transparencia. Por eso hemos reunido una selecci\u00f3n de preguntas frecuentes del CBD.\",\"breadcrumb\":{\"@id\":\"https:\/\/cbdhomehub.com\/preguntas-frecuentes\/#breadcrumb\"},\"inLanguage\":\"en-GB\",\"potentialAction\":[{\"@type\":\"ReadAction\",\"target\":[\"https:\/\/cbdhomehub.com\/preguntas-frecuentes\/\"]}]},{\"@type\":\"BreadcrumbList\",\"@id\":\"https:\/\/cbdhomehub.com\/preguntas-frecuentes\/#breadcrumb\",\"itemListElement\":[{\"@type\":\"ListItem\",\"position\":1,\"name\":\"Portada\",\"item\":\"https:\/\/cbdhomehub.com\/\"},{\"@type\":\"ListItem\",\"position\":2,\"name\":\"Preguntas frecuentes\"}]},{\"@type\":\"WebSite\",\"@id\":\"https:\/\/cbdhomehub.com\/#website\",\"url\":\"https:\/\/cbdhomehub.com\/\",\"name\":\"CBD HOME\",\"description\":\"Tienda de CBD N\u00ba 1 en Amazon\",\"publisher\":{\"@id\":\"https:\/\/cbdhomehub.com\/#organization\"},\"potentialAction\":[{\"@type\":\"SearchAction\",\"target\":{\"@type\":\"EntryPoint\",\"urlTemplate\":\"https:\/\/cbdhomehub.com\/?s={search_term_string}\"},\"query-input\":{\"@type\":\"PropertyValueSpecification\",\"valueRequired\":true,\"valueName\":\"search_term_string\"}}],\"inLanguage\":\"en-GB\"},{\"@type\":\"Organization\",\"@id\":\"https:\/\/cbdhomehub.com\/#organization\",\"name\":\"CBD HOME\",\"url\":\"https:\/\/cbdhomehub.com\/\",\"logo\":{\"@type\":\"ImageObject\",\"inLanguage\":\"en-GB\",\"@id\":\"https:\/\/cbdhomehub.com\/#\/schema\/logo\/image\/\",\"url\":\"https:\/\/cbdhomehub.comwp-content\/uploads\/2022\/05\/logo2HDnegroTM.png\",\"contentUrl\":\"https:\/\/cbdhomehub.comwp-content\/uploads\/2022\/05\/logo2HDnegroTM.png\",\"width\":4193,\"height\":646,\"caption\":\"CBD HOME\"},\"image\":{\"@id\":\"https:\/\/cbdhomehub.com\/#\/schema\/logo\/image\/\"},\"sameAs\":[\"https:\/\/www.facebook.com\/CBD-HOME-106393425109020\",\"https:\/\/www.instagram.com\/cbdhomelab\/\",\"https:\/\/www.linkedin.com\/company\/cbd-home\/about\/\"]}]}<\/script>\n<!-- \/ Yoast SEO plugin. -->","yoast_head_json":{"title":"Preguntas Frecuentes - CBD HOME","description":"En CBD Home, creemos en brindar claridad y transparencia. Por eso hemos reunido una selecci\u00f3n de preguntas frecuentes del CBD.","robots":{"index":"index","follow":"follow","max-snippet":"max-snippet:-1","max-image-preview":"max-image-preview:large","max-video-preview":"max-video-preview:-1"},"canonical":"https:\/\/cbdhomehub.com\/en\/preguntas-frecuentes\/","og_locale":"en_GB","og_type":"article","og_title":"Preguntas Frecuentes - CBD HOME","og_description":"En CBD Home, creemos en brindar claridad y transparencia. Por eso hemos reunido una selecci\u00f3n de preguntas frecuentes del CBD.","og_url":"https:\/\/cbdhomehub.com\/en\/preguntas-frecuentes\/","og_site_name":"CBD HOME","article_publisher":"https:\/\/www.facebook.com\/CBD-HOME-106393425109020","article_modified_time":"2025-01-29T12:52:40+00:00","twitter_card":"summary_large_image","twitter_misc":{"Estimated reading time":"4 minutes"},"schema":{"@context":"https:\/\/schema.org","@graph":[{"@type":"WebPage","@id":"https:\/\/cbdhomehub.com\/preguntas-frecuentes\/","url":"https:\/\/cbdhomehub.com\/preguntas-frecuentes\/","name":"Preguntas Frecuentes - CBD HOME","isPartOf":{"@id":"https:\/\/cbdhomehub.com\/#website"},"datePublished":"2023-10-03T10:55:11+00:00","dateModified":"2025-01-29T12:52:40+00:00","description":"En CBD Home, creemos en brindar claridad y transparencia. Por eso hemos reunido una selecci\u00f3n de preguntas frecuentes del CBD.","breadcrumb":{"@id":"https:\/\/cbdhomehub.com\/preguntas-frecuentes\/#breadcrumb"},"inLanguage":"en-GB","potentialAction":[{"@type":"ReadAction","target":["https:\/\/cbdhomehub.com\/preguntas-frecuentes\/"]}]},{"@type":"BreadcrumbList","@id":"https:\/\/cbdhomehub.com\/preguntas-frecuentes\/#breadcrumb","itemListElement":[{"@type":"ListItem","position":1,"name":"Portada","item":"https:\/\/cbdhomehub.com\/"},{"@type":"ListItem","position":2,"name":"Preguntas frecuentes"}]},{"@type":"WebSite","@id":"https:\/\/cbdhomehub.com\/#website","url":"https:\/\/cbdhomehub.com\/","name":"CBD HOME","description":"Tienda de CBD N\u00ba 1 en Amazon","publisher":{"@id":"https:\/\/cbdhomehub.com\/#organization"},"potentialAction":[{"@type":"SearchAction","target":{"@type":"EntryPoint","urlTemplate":"https:\/\/cbdhomehub.com\/?s={search_term_string}"},"query-input":{"@type":"PropertyValueSpecification","valueRequired":true,"valueName":"search_term_string"}}],"inLanguage":"en-GB"},{"@type":"Organization","@id":"https:\/\/cbdhomehub.com\/#organization","name":"CBD HOME","url":"https:\/\/cbdhomehub.com\/","logo":{"@type":"ImageObject","inLanguage":"en-GB","@id":"https:\/\/cbdhomehub.com\/#\/schema\/logo\/image\/","url":"https:\/\/cbdhomehub.comwp-content\/uploads\/2022\/05\/logo2HDnegroTM.png","contentUrl":"https:\/\/cbdhomehub.comwp-content\/uploads\/2022\/05\/logo2HDnegroTM.png","width":4193,"height":646,"caption":"CBD HOME"},"image":{"@id":"https:\/\/cbdhomehub.com\/#\/schema\/logo\/image\/"},"sameAs":["https:\/\/www.facebook.com\/CBD-HOME-106393425109020","https:\/\/www.instagram.com\/cbdhomelab\/","https:\/\/www.linkedin.com\/company\/cbd-home\/about\/"]}]}},"jetpack_sharing_enabled":true,"_links":{"self":[{"href":"https:\/\/cbdhomehub.com\/en\/wp-json\/wp\/v2\/pages\/5810","targetHints":{"allow":["GET"]}}],"collection":[{"href":"https:\/\/cbdhomehub.com\/en\/wp-json\/wp\/v2\/pages"}],"about":[{"href":"https:\/\/cbdhomehub.com\/en\/wp-json\/wp\/v2\/types\/page"}],"author":[{"embeddable":true,"href":"https:\/\/cbdhomehub.com\/en\/wp-json\/wp\/v2\/users\/44"}],"replies":[{"embeddable":true,"href":"https:\/\/cbdhomehub.com\/en\/wp-json\/wp\/v2\/comments?post=5810"}],"version-history":[{"count":14,"href":"https:\/\/cbdhomehub.com\/en\/wp-json\/wp\/v2\/pages\/5810\/revisions"}],"predecessor-version":[{"id":9368,"href":"https:\/\/cbdhomehub.com\/en\/wp-json\/wp\/v2\/pages\/5810\/revisions\/9368"}],"wp:attachment":[{"href":"https:\/\/cbdhomehub.com\/en\/wp-json\/wp\/v2\/media?parent=5810"}],"curies":[{"name":"wp","href":"https:\/\/api.w.org\/{rel}","templated":true}]}}